{"id":2179,"date":"2020-04-09T16:02:37","date_gmt":"2020-04-09T14:02:37","guid":{"rendered":"https:\/\/liuto-forte.de\/anne-kathrin-tietke\/"},"modified":"2023-05-25T21:25:18","modified_gmt":"2023-05-25T19:25:18","slug":"anne-kathrin-tietke","status":"publish","type":"page","link":"https:\/\/liuto-forte.de\/en\/welcome\/musicians-responses\/anne-kathrin-tietke\/","title":{"rendered":"Anne-Kathrin Tietke"},"content":{"rendered":"<p>[et_pb_section fb_built=&#8221;1&#8243; _builder_version=&#8221;4.16&#8243; global_colors_info=&#8221;{}&#8221;][et_pb_row _builder_version=&#8221;4.16&#8243; background_size=&#8221;initial&#8221; background_position=&#8221;top_left&#8221; background_repeat=&#8221;repeat&#8221; global_colors_info=&#8221;{}&#8221; column_structure=&#8221;1_4,3_4&#8243;][et_pb_column type=&#8221;1_4&#8243; _builder_version=&#8221;4.16&#8243; custom_padding=&#8221;|||&#8221; global_colors_info=&#8221;{}&#8221; custom_padding__hover=&#8221;|||&#8221;][et_pb_sidebar _builder_version=&#8221;4.21.0&#8243; _module_preset=&#8221;default&#8221; area=&#8221;et_pb_widget_area_17&#8243; hover_enabled=&#8221;0&#8243; sticky_enabled=&#8221;0&#8243;][\/et_pb_sidebar][\/et_pb_column][et_pb_column type=&#8221;3_4&#8243; _builder_version=&#8221;4.16&#8243; custom_padding=&#8221;|||&#8221; global_colors_info=&#8221;{}&#8221; custom_padding__hover=&#8221;|||&#8221;][et_pb_text admin_label=&#8221;Titel: Konstantin Bozhinov, Lautenist und Komponist, Kanada&#8221; _builder_version=&#8221;4.16&#8243; global_colors_info=&#8221;{}&#8221;]<\/p>\n<h1>Anne-Kathrin Tietke<\/h1>\n<p>Guitarist and lutenist, Germany<br \/>\n<strong>Liuti forti in d, g and Tiorba forte<\/strong><\/p>\n<p><strong>\u00a0<\/strong>As a guitarist you sometimes miss the tonal spectrum of the multi-stringed lutes. I was deeply fascinated by the range of the deepest bass up to the finest treble and wanted to work with this spectrum. It is absolutely in tune with the emotionality of any music as an image of our multifaceted human world of sensations and is very satisfying for the player &#8211; you don&#8217;t miss anything anymore and as a guitarist with a Liuto Forte you are in the sound heaven.<br \/>\n[\/et_pb_text][et_pb_image src=&#8221;https:\/\/liuto-forte.de\/wp-content\/uploads\/2019\/01\/image019.jpg&#8221; align_tablet=&#8221;center&#8221; align_last_edited=&#8221;on|desktop&#8221; _builder_version=&#8221;4.16&#8243; global_colors_info=&#8221;{}&#8221; align_phone=&#8221;center&#8221;][\/et_pb_image][\/et_pb_column][\/et_pb_row][\/et_pb_section]<\/p>\n","protected":false},"excerpt":{"rendered":"<p>Anne-Kathrin Tietke Guitarist and lutenist, Germany Liuti forti in d, g and Tiorba forte \u00a0As a guitarist you sometimes miss the tonal spectrum of the multi-stringed lutes. I was deeply fascinated by the range of the deepest bass up to the finest treble and wanted to work with this spectrum. It is absolutely in tune [&hellip;]<\/p>\n","protected":false},"author":1,"featured_media":0,"parent":2232,"menu_order":0,"comment_status":"closed","ping_status":"closed","template":"","meta":{"_et_pb_use_builder":"on","_et_pb_old_content":"<p>[et_pb_section bb_built=\"1\"][et_pb_row][et_pb_column type=\"1_4\"][et_pb_sidebar admin_label=\"Seitenleiste:\" _builder_version=\"3.19.6\" area=\"et_pb_widget_area_2\" show_border=\"off\" saved_tabs=\"all\" global_module=\"302\" \/][\/et_pb_column][et_pb_column type=\"3_4\"][et_pb_text admin_label=\"Titel: Konstantin Bozhinov, Lautenist und Komponist, Kanada\" _builder_version=\"3.19.6\"]<\/p><h1>Anne-Kathrin Tietke<\/h1><p>Gitarristin und Lautenistin, Deutschland<br \/>Liuti forti in d, g und Tiorba forte<\/p><p>Als Gitarrist vermisst man bisweilen das klangliche Spektrum der vielsaitigen Lauten. Ich war zutiefst fasziniert von der Spannweite der tiefsten B\u00e4sse bis hin zu den feinsten H\u00f6hen und wollte unbedingt mit diesem Spektrum arbeiten. Es kommt der Emotionalit\u00e4t einer jeden Musik als Abbild unserer facettenreichen menschlichen Empfindungswelt absolut entgegen und ist sehr befriedigend f\u00fcr den Spieler- man vermisst nichts mehr und ist als Gitarrist mit einem Liuto Forte im Klanghimmel.<\/p><p>[\/et_pb_text][et_pb_text _builder_version=\"3.19.6\"]<\/p><p>Heute fr\u00fch habe ich die Laute abgeholt. Wow, was f\u00fcr erstaunliche erste Eindr\u00fccke! Sie ist wundersch\u00f6n und ganz hervorragend verarbeitet. Aber ihr eigentliches Merkmal ist der Klang. Alles, was ich dar\u00fcber gelesen habe ist tats\u00e4chlich wahr und alles, worauf ich bei diesem Instrument hoffte, auch wirklich eingetroffen. Gro\u00dfartiger Sustain, Ton, Volumen, Farben, Projektion... alles ist da, die Spielbarkeit perfekt und sowohl f\u00fcr die rechte als auch die linke Hand sehr komfortabel. Genau so, wie ich es wollte!<\/p><p>Ich bin wirklich w\u00fctend wegen der negativen \u00c4usserungen von Spielern der historischen Laute, die ich in Lautenforen \u00fcber den Liuto Forte lesen mu\u00df. Offensichtlich haben diese Leute noch nie eines dieser erstaunlichen Instrumente ber\u00fchrt oder gesehen. Man kann den Liuto forte definitiv \u201eDie Laute f\u00fcr das 21. Jahrhundert\u201c nennen, da er ALLE Probleme der historischen Lauten l\u00f6st, absolut alle. Ich liebe auch die mechanischen Wirbel sehr. Noch nie habe ich eine Laute so einfach und m\u00fchelos stimmen k\u00f6nnen und bin sehr froh, mich daf\u00fcr entschieden zu haben. Auch der Pickup ist fantastisch. Ich habe schon eine Aufnahme damit gemacht und es klingt toll.<\/p><p>Insgesamt das perfekte Instrument f\u00fcr mich, genau das, was ich brauchte. Ich bin zu 100% zufrieden und kann sagen, dass jede einzelne Ihrer Behauptungen wahr ist. Mein armer alter Arciliuto in historischer Bauweise, den ich vor Monaten verkauft habe, ist mit diesem Instrument \u00fcberhaupt nicht zu vergleichen.<\/p><p>[\/et_pb_text][\/et_pb_column][\/et_pb_row][\/et_pb_section]<\/p>","_et_gb_content_width":"","_exactmetrics_skip_tracking":false,"_exactmetrics_sitenote_active":false,"_exactmetrics_sitenote_note":"","_exactmetrics_sitenote_category":0,"footnotes":""},"class_list":["post-2179","page","type-page","status-publish","hentry"],"_links":{"self":[{"href":"https:\/\/liuto-forte.de\/en\/wp-json\/wp\/v2\/pages\/2179","targetHints":{"allow":["GET"]}}],"collection":[{"href":"https:\/\/liuto-forte.de\/en\/wp-json\/wp\/v2\/pages"}],"about":[{"href":"https:\/\/liuto-forte.de\/en\/wp-json\/wp\/v2\/types\/page"}],"author":[{"embeddable":true,"href":"https:\/\/liuto-forte.de\/en\/wp-json\/wp\/v2\/users\/1"}],"replies":[{"embeddable":true,"href":"https:\/\/liuto-forte.de\/en\/wp-json\/wp\/v2\/comments?post=2179"}],"version-history":[{"count":2,"href":"https:\/\/liuto-forte.de\/en\/wp-json\/wp\/v2\/pages\/2179\/revisions"}],"predecessor-version":[{"id":5146,"href":"https:\/\/liuto-forte.de\/en\/wp-json\/wp\/v2\/pages\/2179\/revisions\/5146"}],"up":[{"embeddable":true,"href":"https:\/\/liuto-forte.de\/en\/wp-json\/wp\/v2\/pages\/2232"}],"wp:attachment":[{"href":"https:\/\/liuto-forte.de\/en\/wp-json\/wp\/v2\/media?parent=2179"}],"curies":[{"name":"wp","href":"https:\/\/api.w.org\/{rel}","templated":true}]}}