{"id":3211,"date":"2021-02-02T11:58:17","date_gmt":"2021-02-02T10:58:17","guid":{"rendered":"https:\/\/liuto-forte.de\/service\/"},"modified":"2021-12-21T22:15:42","modified_gmt":"2021-12-21T21:15:42","slug":"service","status":"publish","type":"page","link":"https:\/\/liuto-forte.de\/en\/service\/","title":{"rendered":"Service"},"content":{"rendered":"<p>[et_pb_section fb_built=&#8221;1&#8243; _builder_version=&#8221;3.22&#8243;][et_pb_row _builder_version=&#8221;4.8.2&#8243; background_size=&#8221;initial&#8221; background_position=&#8221;top_left&#8221; background_repeat=&#8221;repeat&#8221;][et_pb_column type=&#8221;4_4&#8243; _builder_version=&#8221;4.8.2&#8243; custom_padding=&#8221;|||&#8221; custom_padding__hover=&#8221;|||&#8221;][et_pb_text admin_label=&#8221;Titel: &#8221; _builder_version=&#8221;4.8.2&#8243;]<\/p>\n<h1>Service<\/h1>\n<p>[\/et_pb_text][et_pb_text _builder_version=&#8221;4.8.2&#8243;]<\/p>\n<p>Wir gew\u00e4hren auf jeden von uns ausgelieferten Liuto forte eine Garantiefrist von 6 Jahren.\u00a0<\/p>\n<p>Sollten Probleme mit Ihrem Instrument auftreten wenden Sie sich bitte zun\u00e4chst an uns. Wir informieren Sie dann dar\u00fcber, wie das Problem am einfachsten behoben werden kann und welcher Instrumentenbauer in Ihrer N\u00e4he daf\u00fcr in Frage k\u00e4me. Sofern es sich dabei um Garantieleistungen handelt, tragen wir \u2013 nach vorheriger Absprache und Vorlage einer Rechnung &#8211; daf\u00fcr die Kosten.<\/p>\n<p>[\/et_pb_text][\/et_pb_column][\/et_pb_row][\/et_pb_section]<\/p>\n","protected":false},"excerpt":{"rendered":"<p>ServiceWir gew\u00e4hren auf jeden von uns ausgelieferten Liuto forte eine Garantiefrist von 6 Jahren.\u00a0 Sollten Probleme mit Ihrem Instrument auftreten wenden Sie sich bitte zun\u00e4chst an uns. Wir informieren Sie dann dar\u00fcber, wie das Problem am einfachsten behoben werden kann und welcher Instrumentenbauer in Ihrer N\u00e4he daf\u00fcr in Frage k\u00e4me. Sofern es sich dabei um [&hellip;]<\/p>\n","protected":false},"author":1,"featured_media":0,"parent":0,"menu_order":0,"comment_status":"closed","ping_status":"closed","template":"","meta":{"_et_pb_use_builder":"on","_et_pb_old_content":"","_et_gb_content_width":"","_exactmetrics_skip_tracking":false,"_exactmetrics_sitenote_active":false,"_exactmetrics_sitenote_note":"","_exactmetrics_sitenote_category":0,"footnotes":""},"class_list":["post-3211","page","type-page","status-publish","hentry"],"_links":{"self":[{"href":"https:\/\/liuto-forte.de\/en\/wp-json\/wp\/v2\/pages\/3211","targetHints":{"allow":["GET"]}}],"collection":[{"href":"https:\/\/liuto-forte.de\/en\/wp-json\/wp\/v2\/pages"}],"about":[{"href":"https:\/\/liuto-forte.de\/en\/wp-json\/wp\/v2\/types\/page"}],"author":[{"embeddable":true,"href":"https:\/\/liuto-forte.de\/en\/wp-json\/wp\/v2\/users\/1"}],"replies":[{"embeddable":true,"href":"https:\/\/liuto-forte.de\/en\/wp-json\/wp\/v2\/comments?post=3211"}],"version-history":[{"count":5,"href":"https:\/\/liuto-forte.de\/en\/wp-json\/wp\/v2\/pages\/3211\/revisions"}],"predecessor-version":[{"id":3925,"href":"https:\/\/liuto-forte.de\/en\/wp-json\/wp\/v2\/pages\/3211\/revisions\/3925"}],"wp:attachment":[{"href":"https:\/\/liuto-forte.de\/en\/wp-json\/wp\/v2\/media?parent=3211"}],"curies":[{"name":"wp","href":"https:\/\/api.w.org\/{rel}","templated":true}]}}