{"id":4798,"date":"2023-03-23T09:30:07","date_gmt":"2023-03-23T08:30:07","guid":{"rendered":"https:\/\/liuto-forte.de\/?page_id=4798"},"modified":"2023-03-23T09:30:07","modified_gmt":"2023-03-23T08:30:07","slug":"susanne-schatz","status":"publish","type":"page","link":"https:\/\/liuto-forte.de\/en\/welcome\/musicians-responses\/susanne-schatz\/","title":{"rendered":"Susanne Schatz"},"content":{"rendered":"<p>[et_pb_section bb_built=&#8221;1&#8243;][et_pb_row][et_pb_column type=&#8221;1_4&#8243;][et_pb_sidebar admin_label=&#8221;Seitenleiste:&#8221; _builder_version=&#8221;3.19.6&#8243; area=&#8221;et_pb_widget_area_2&#8243; show_border=&#8221;off&#8221; saved_tabs=&#8221;all&#8221; global_module=&#8221;302&#8243; \/][\/et_pb_column][et_pb_column type=&#8221;3_4&#8243;][et_pb_text admin_label=&#8221;Titel: Konstantin Bozhinov, Lautenist und Komponist, Kanada&#8221; _builder_version=&#8221;3.19.11&#8243;]<\/p>\n<h1 class=\"p1\"><span class=\"s1\">Susanne Schatz<\/span><\/h1>\n<p class=\"p1\"><span class=\"s1\">Gitarristin, Deutschland<br \/><\/span><strong><span class=\"s1\">Liuto forte in e (Tenorlaute)<\/span><\/strong><\/p>\n<p class=\"p1\"><span class=\"s1\">Was als ein mit einiger Skepsis betrachtetes Ausprobieren eines Liuto forte in der Sangerh\u00e4user Musikschule vor fast drei Jahren begann, entwickelte sich inzwischen zu einer innigen Verbindung zwischen einer eingefleischten Gitarristin und einer Laute.<\/span><\/p>\n<p class=\"p1\"><span class=\"s1\">Der ausgewogene und volumin\u00f6se Klang dieses Instrumentes begeistert mich jeden Tag aufs Neue. Die Saiten spielen sich butterweich, aufgrund der geringeren Saitenspannung sind auch Barr\u00e9griffe kein Problem (besonders wenn man &#8211; wie ich &#8211; kleine H\u00e4nde hat). An die zus\u00e4tzlichen Saiten und das etwas breitere Griffbrett \u00a0musste ich mich anfangs erst gew\u00f6hnen, auch das Stimmen mit den klassischen Wirbeln verlangt Geduld und Fingerspitzengef\u00fchl.<\/span><\/p>\n<p class=\"p1\"><span class=\"s1\">Der Liuto forte ist meisterhaft gebaut und federleicht. Es macht viel Spa\u00df, sich musikalisch darauf zu entfalten und Neues auszuprobieren. Wer solch ein Instrument sein Eigen nennt, kann historische Musikst\u00fccke auf h\u00f6chstem Niveau spielen und ein ganz besonderes Klangerlebnis schaffen.<\/span><\/p>\n<p>[\/et_pb_text][et_pb_image _builder_version=&#8221;3.19.11&#8243; src=&#8221;https:\/\/liuto-forte.de\/wp-content\/uploads\/2019\/03\/Susanne_Schatz.jpg&#8221; \/][\/et_pb_column][\/et_pb_row][\/et_pb_section]<\/p>\n","protected":false},"excerpt":{"rendered":"<p><div class=\"et_pb_row et_pb_row_0 et_pb_row_empty\">\n\t\t\t\t\n\t\t\t\t\n\t\t\t\t\n\t\t\t\t\n\t\t\t\t\n\t\t\t<\/div> Susanne Schatz Gitarristin, DeutschlandLiuto forte in e (Tenorlaute) Was als ein mit einiger Skepsis betrachtetes Ausprobieren eines Liuto forte in der Sangerh\u00e4user Musikschule vor fast drei Jahren begann, entwickelte sich inzwischen zu einer innigen Verbindung zwischen einer eingefleischten Gitarristin und einer Laute. Der ausgewogene und volumin\u00f6se Klang dieses Instrumentes begeistert mich jeden Tag aufs [&hellip;]<\/p>\n","protected":false},"author":1,"featured_media":0,"parent":2232,"menu_order":0,"comment_status":"closed","ping_status":"closed","template":"","meta":{"_et_pb_use_builder":"on","_et_pb_old_content":"","_et_gb_content_width":"","_exactmetrics_skip_tracking":false,"_exactmetrics_sitenote_active":false,"_exactmetrics_sitenote_note":"","_exactmetrics_sitenote_category":0,"footnotes":""},"class_list":["post-4798","page","type-page","status-publish","hentry"],"_links":{"self":[{"href":"https:\/\/liuto-forte.de\/en\/wp-json\/wp\/v2\/pages\/4798","targetHints":{"allow":["GET"]}}],"collection":[{"href":"https:\/\/liuto-forte.de\/en\/wp-json\/wp\/v2\/pages"}],"about":[{"href":"https:\/\/liuto-forte.de\/en\/wp-json\/wp\/v2\/types\/page"}],"author":[{"embeddable":true,"href":"https:\/\/liuto-forte.de\/en\/wp-json\/wp\/v2\/users\/1"}],"replies":[{"embeddable":true,"href":"https:\/\/liuto-forte.de\/en\/wp-json\/wp\/v2\/comments?post=4798"}],"version-history":[{"count":1,"href":"https:\/\/liuto-forte.de\/en\/wp-json\/wp\/v2\/pages\/4798\/revisions"}],"predecessor-version":[{"id":4799,"href":"https:\/\/liuto-forte.de\/en\/wp-json\/wp\/v2\/pages\/4798\/revisions\/4799"}],"up":[{"embeddable":true,"href":"https:\/\/liuto-forte.de\/en\/wp-json\/wp\/v2\/pages\/2232"}],"wp:attachment":[{"href":"https:\/\/liuto-forte.de\/en\/wp-json\/wp\/v2\/media?parent=4798"}],"curies":[{"name":"wp","href":"https:\/\/api.w.org\/{rel}","templated":true}]}}