{"id":4807,"date":"2023-03-23T09:33:46","date_gmt":"2023-03-23T08:33:46","guid":{"rendered":"https:\/\/liuto-forte.de\/?page_id=4807"},"modified":"2023-03-23T09:33:46","modified_gmt":"2023-03-23T08:33:46","slug":"katharina-kaschny","status":"publish","type":"page","link":"https:\/\/liuto-forte.de\/en\/welcome\/musicians-responses\/katharina-kaschny\/","title":{"rendered":"Katharina Kaschny"},"content":{"rendered":"<p>[et_pb_section bb_built=&#8221;1&#8243;][et_pb_row _builder_version=&#8221;3.19.6&#8243;][et_pb_column type=&#8221;1_4&#8243;][et_pb_sidebar admin_label=&#8221;Seitenleiste:&#8221; _builder_version=&#8221;3.19.6&#8243; area=&#8221;et_pb_widget_area_2&#8243; show_border=&#8221;off&#8221; saved_tabs=&#8221;all&#8221; global_module=&#8221;302&#8243; \/][\/et_pb_column][et_pb_column type=&#8221;3_4&#8243;][et_pb_text admin_label=&#8221;Titel: Konstantin Bozhinov, Lautenist und Komponist, Kanada&#8221; _builder_version=&#8221;3.19.6&#8243;]<\/p>\n<h1>Katharina Kaschny<\/h1>\n<p>Gitarristin und Musikschulleiterin, Deutschland<br \/><strong>Arciliuto forte in g<\/strong><\/p>\n<p>Die Laute ist ein Traum. Ich habe schon einige Stunden des \u00dcbens und die erste Probe mit meiner S\u00e4ngerin hinter mir. Der Geiger darf noch warten. Bei einigen Liedern habe ich die Tonart ge\u00e4ndert &#8211; d.h. die bisherige Tonart an sich blieb fast gleich, aber durch die G-Stimmung und die 415 Hz muss ich mir gut spielbare Versionen einrichten.<\/p>\n<p>[\/et_pb_text][\/et_pb_column][\/et_pb_row][\/et_pb_section]<\/p>\n","protected":false},"excerpt":{"rendered":"<p>Katharina KaschnyGitarristin und Musikschulleiterin, DeutschlandArciliuto forte in gDie Laute ist ein Traum. Ich habe schon einige Stunden des \u00dcbens und die erste Probe mit meiner S\u00e4ngerin hinter mir. Der Geiger darf noch warten. Bei einigen Liedern habe ich die Tonart ge\u00e4ndert &#8211; d.h. die bisherige Tonart an sich blieb fast gleich, aber durch die G-Stimmung [&hellip;]<\/p>\n","protected":false},"author":1,"featured_media":0,"parent":2232,"menu_order":0,"comment_status":"closed","ping_status":"closed","template":"","meta":{"_et_pb_use_builder":"on","_et_pb_old_content":"","_et_gb_content_width":"","_exactmetrics_skip_tracking":false,"_exactmetrics_sitenote_active":false,"_exactmetrics_sitenote_note":"","_exactmetrics_sitenote_category":0,"footnotes":""},"class_list":["post-4807","page","type-page","status-publish","hentry"],"_links":{"self":[{"href":"https:\/\/liuto-forte.de\/en\/wp-json\/wp\/v2\/pages\/4807","targetHints":{"allow":["GET"]}}],"collection":[{"href":"https:\/\/liuto-forte.de\/en\/wp-json\/wp\/v2\/pages"}],"about":[{"href":"https:\/\/liuto-forte.de\/en\/wp-json\/wp\/v2\/types\/page"}],"author":[{"embeddable":true,"href":"https:\/\/liuto-forte.de\/en\/wp-json\/wp\/v2\/users\/1"}],"replies":[{"embeddable":true,"href":"https:\/\/liuto-forte.de\/en\/wp-json\/wp\/v2\/comments?post=4807"}],"version-history":[{"count":1,"href":"https:\/\/liuto-forte.de\/en\/wp-json\/wp\/v2\/pages\/4807\/revisions"}],"predecessor-version":[{"id":4808,"href":"https:\/\/liuto-forte.de\/en\/wp-json\/wp\/v2\/pages\/4807\/revisions\/4808"}],"up":[{"embeddable":true,"href":"https:\/\/liuto-forte.de\/en\/wp-json\/wp\/v2\/pages\/2232"}],"wp:attachment":[{"href":"https:\/\/liuto-forte.de\/en\/wp-json\/wp\/v2\/media?parent=4807"}],"curies":[{"name":"wp","href":"https:\/\/api.w.org\/{rel}","templated":true}]}}