{"id":4022,"date":"2022-12-13T14:09:09","date_gmt":"2022-12-13T13:09:09","guid":{"rendered":"https:\/\/liuto-forte.de\/?page_id=4022"},"modified":"2022-12-13T14:09:12","modified_gmt":"2022-12-13T13:09:12","slug":"impressum","status":"publish","type":"page","link":"https:\/\/liuto-forte.de\/fr\/impressum\/","title":{"rendered":"Impressum"},"content":{"rendered":"<p>[et_pb_section fb_built=\u00a0\u00bb1&Prime; _builder_version=\u00a0\u00bb4.16&Prime; global_colors_info=\u00a0\u00bb{}\u00a0\u00bb][et_pb_row column_structure=\u00a0\u00bb1_4,3_4&Prime; _builder_version=\u00a0\u00bb4.16&Prime; background_size=\u00a0\u00bbinitial\u00a0\u00bb background_position=\u00a0\u00bbtop_left\u00a0\u00bb background_repeat=\u00a0\u00bbrepeat\u00a0\u00bb global_colors_info=\u00a0\u00bb{}\u00a0\u00bb][et_pb_column type=\u00a0\u00bb1_4&Prime; _builder_version=\u00a0\u00bb4.16&Prime; custom_padding=\u00a0\u00bb|||\u00a0\u00bb global_colors_info=\u00a0\u00bb{}\u00a0\u00bb custom_padding__hover=\u00a0\u00bb|||\u00a0\u00bb][et_pb_image src=\u00a0\u00bbhttps:\/\/liuto-forte.de\/wp-content\/uploads\/2019\/02\/impressum.jpg\u00a0\u00bb align_tablet=\u00a0\u00bbcenter\u00a0\u00bb align_phone=\u00a0\u00bb\u00a0\u00bb align_last_edited=\u00a0\u00bbon|desktop\u00a0\u00bb _builder_version=\u00a0\u00bb4.16&Prime; global_colors_info=\u00a0\u00bb{}\u00a0\u00bb][\/et_pb_image][\/et_pb_column][et_pb_column type=\u00a0\u00bb3_4&Prime; _builder_version=\u00a0\u00bb4.16&Prime; custom_padding=\u00a0\u00bb|||\u00a0\u00bb global_colors_info=\u00a0\u00bb{}\u00a0\u00bb custom_padding__hover=\u00a0\u00bb|||\u00a0\u00bb][et_pb_text _builder_version=\u00a0\u00bb4.16&Prime; global_colors_info=\u00a0\u00bb{}\u00a0\u00bb]Angaben zum Betreiber dieser Web-Seite (Diensteanbieter nach \u00a7 5 TMG):<\/p>\n<h2>Liuto forte e.K.<\/h2>\n<p><b>Inhaber:<\/b><br \/>\nAndr\u00e9 Burguete<\/p>\n<p>W\u00e4gnerstrasse 18<br \/>\nD-01309 Dresden<\/p>\n<p>Tel.: 0049 (0)351 \u2013 274 999 07<br \/>\nE-Mail: <a href=\"mailto:mail@liuto-forte.com\">mail@liuto-forte.com<\/a><\/p>\n<p>Steuer-Nr: 203\/210\/04556<br \/>\nHandelsregister: HRA11588<br \/>\nEingetragen beim Amtsgericht Dresden<\/p>\n<h2>F\u00fcr den Inhalt der Website verantwortlich<\/h2>\n<p>Liuto forte e.K., W\u00e4gnerstrasse 18, D-01309 Dresden<\/p>\n<h2>ACHTUNG!<\/h2>\n<p>Der Betreiber dieser Seite beh\u00e4lt sich ausdr\u00fccklich rechtliche Schritte im Falle der unverlangten Zusendung von Werbung als E-Mails vor. (\u00a7 1004 BGB in Verbindung mit \u00a7 823 BGB unter dem Gesichtspunkt des Eingriffs in den eingerichteten und ausge\u00fcbten Gewerbebetrieb).<br \/>\nJeglicher Nutzung von im Rahmen der Impressumspflicht ver\u00f6ffentlichten Kontaktdaten durch Dritte zur \u00dcbersendung von nicht ausdr\u00fccklich angeforderter Werbung und Informationsmaterialien wird hiermit ausdr\u00fccklich widersprochen.<\/p>\n<h2>Hinweis f\u00fcr Abmahnversuche<\/h2>\n<p>Bitte keine Abmahnung ohne vorherige Kontaktaufnahme!<br \/>\nSollte der Inhalt oder die Aufmachung dieser Seiten fremde Rechte Dritter oder gesetzliche Bestimmungen verletzen, bitten wir um eine entsprechende Nachricht ohne Kostennote. Die Beseitigung einer m\u00f6glicherweise von diesen Seiten ausgehenden Schutzrecht-Verletzung durch Schutzrecht-Inhaber\/Innen selbst darf nicht ohne meine Zustimmung stattfinden.<br \/>\nWir garantieren, dass die zu Recht beanstandeten Passagen unverz\u00fcglich entfernt werden, ohne dass von Ihrer Seite die Einschaltung eines Rechtsbeistandes erforderlich ist. Dennoch von Ihnen ohne vorherige Kontaktaufnahme ausgel\u00f6ste Kosten werden vollumf\u00e4nglich zur\u00fcckgewiesen und gegebenenfalls Gegenklage wegen Verletzung vorgenannter Bestimmungen eingeleitet.<br \/>\nVielen Dank f\u00fcr Ihr Verst\u00e4ndnis.<\/p>\n<h2>Haftungsausschluss<\/h2>\n<p>Ich erkl\u00e4re, dass ich keinerlei Einfluss auf die Gestaltung und die Inhalte der auf meiner Homepage gelinkten Seiten habe und distanziere mich ausdr\u00fccklich von den Inhalten dieser gelinkten Seiten. Ich mache mir diese Inhalte nicht zu Eigen.<br \/>\nDiese Erkl\u00e4rung gilt f\u00fcr alle auf meiner Homepage eingetragenen Links.<\/p>\n<p>Die Informationen auf dieser Website werden st\u00e4ndig \u00fcberpr\u00fcft und aktualisiert. Dennoch k\u00f6nnen sich Daten inzwischen ge\u00e4ndert haben. Ich \u00fcbernehme keine Haftung oder Garantie f\u00fcr Aktualit\u00e4t, Richtigkeit und Vollst\u00e4ndigkeit der angebotenen Informationen. Gleiches gilt f\u00fcr alle anderen Websites, auf die mittels Hyperlink verwiesen wird.<\/p>\n<h2>EU-Plattform zur Online-Streitbeilegung<\/h2>\n<p>EU-Plattform zur Online-Streitbeilegung: Die Europ\u00e4ische Kommission stellt eine Plattform zur Online-Streitbeilegung bereit, die f\u00fcr Sie unter folgendem Link erreichbar ist: http:\/\/ec.europa.eu\/consumers\/odr. Verbraucher haben die M\u00f6glichkeit, ab 15. Februar 2016 diese Plattform f\u00fcr die au\u00dfergerichtliche Streitbeilegung \u00fcber vertragliche Verpflichtungen aus Online-Kaufvertr\u00e4gen oder Online-Dienstvertr\u00e4gen zu nutzen. Sie erreichen uns per E-Mail unter folgender Adresse: <a href=\"mailto:mail@liuto-forte.com\">mail@liuto-forte.com<\/a><\/p>\n<h2>Texte<\/h2>\n<p>Andr\u00e9 Burguete<\/p>\n<h2>Bilder<\/h2>\n<p><a href=\"http:\/\/www.taktlicht.de\" target=\"_blank\" rel=\"noopener\">Taktlicht <\/a>&#8211; Konzert- und Veranstaltungsfotografie<br \/>\nHerbert Boswank Fotostudio, Dresden<br \/>\nLiuto forte, Dresden<br \/>\nThomas Adel, Berlin<br \/>\nClaudia Schnitzer, Dresden<br \/>\n<a href=\"https:\/\/www.beach-inspector.com\/ch\/b\/cofete\" target=\"_blank\" rel=\"noopener\">www.beach-inspector.com<\/a><br \/>\nLothar Sprenger<br \/>\n<a href=\"https:\/\/www.hundmagazin.com\/es-gibt-auch-leute-die-einfach-keine-hunde-moegen\/\" target=\"_blank\" rel=\"noopener\">www.hundmagazin.com<\/a><\/p>\n<h2>\u00dcbersetzungen<\/h2>\n<p>Ruskin Watts, Andiol Burguete, Ulli Meyer-Beeck (EN)<br \/>\nClaude Reek (FR)<br \/>\nClaude Chauvel, Leandro Burguete, Andiol Burguete (FR)<br \/>\n\u00c9miko Bellocq (JP)<br \/>\nYuko Numaguchi (JP editor)<br \/>\nChristoph Rocher (FR)<br \/>\nTim Crawford (EN)<br \/>\nEric Bellocq\u00a0(FR)<br \/>\nSophie Liwszyc (FR)<\/p>\n<h2>Danksagung<\/h2>\n<p>An der Neugestaltung dieser Website waren viele Menschen mit Rat und Tat beteiligt, denen ich an dieser Stelle herzlich danken m\u00f6chte. Mein besonderer Dank gilt<span class=\"s1\">\u00a0Claudia Schnitzer und dem Webseitengestalter Michael Kaden. Claudias umfangreiche Unterst\u00fctzung bei den redaktionellen Arbeiten und Michaels Aufmerksamkeit, Geduld und Professionalit\u00e4t waren unabdingbare Voraussetzungen ihres Entstehens.<\/span><br \/>\n[\/et_pb_text][\/et_pb_column][\/et_pb_row][\/et_pb_section]<\/p>\n","protected":false},"excerpt":{"rendered":"<p>Angaben zum Betreiber dieser Web-Seite (Diensteanbieter nach \u00a7 5 TMG): Liuto forte e.K. Inhaber: Andr\u00e9 Burguete W\u00e4gnerstrasse 18 D-01309 Dresden Tel.: 0049 (0)351 \u2013 274 999 07 E-Mail: mail@liuto-forte.com Steuer-Nr: 203\/210\/04556 Handelsregister: HRA11588 Eingetragen beim Amtsgericht Dresden F\u00fcr den Inhalt der Website verantwortlich Liuto forte e.K., W\u00e4gnerstrasse 18, D-01309 Dresden ACHTUNG! Der Betreiber dieser Seite [&hellip;]<\/p>\n","protected":false},"author":1,"featured_media":0,"parent":0,"menu_order":0,"comment_status":"closed","ping_status":"closed","template":"","meta":{"_et_pb_use_builder":"on","_et_pb_old_content":"<p>[et_pb_section fb_built=\"1\" _builder_version=\"3.22\"][et_pb_row column_structure=\"1_4,3_4\" _builder_version=\"3.25\" background_size=\"initial\" background_position=\"top_left\" background_repeat=\"repeat\"][et_pb_column type=\"1_4\" _builder_version=\"3.25\" custom_padding=\"|||\" custom_padding__hover=\"|||\"][et_pb_image src=\"https:\/\/liuto-forte.de\/wp-content\/uploads\/2019\/02\/impressum.jpg\" align_tablet=\"center\" align_phone=\"\" align_last_edited=\"on|desktop\" _builder_version=\"3.23\"]<br \/>[\/et_pb_image][\/et_pb_column][et_pb_column type=\"3_4\" _builder_version=\"3.25\" custom_padding=\"|||\" custom_padding__hover=\"|||\"][et_pb_text _builder_version=\"4.8.2\"]<\/p><p>\u00a0Angaben zum Betreiber dieser Web-Seite (Diensteanbieter nach \u00a7 5 TMG):<\/p><h2>Liuto forte e.K.<\/h2><p><b>Inhaber:<\/b><br \/>Andr\u00e9 Burguete<\/p><p>W\u00e4gnerstrasse 18<br \/>D-01309 Dresden<\/p><p>Tel.: 0049 (0)351 \u2013 274 999 07<br \/>E-Mail: <a href=\"mailto:mail@liuto-forte.com\">mail@liuto-forte.com<\/a><\/p><p>Steuer-Nr: 203\/210\/04556<br \/>Handelsregister: HRA11588<br \/>Eingetragen beim Amtsgericht Dresden<\/p><h2>F\u00fcr den Inhalt der Website verantwortlich<\/h2><p>Liuto forte e.K., W\u00e4gnerstrasse 18, D-01309 Dresden<\/p><h2>ACHTUNG!<\/h2><p>Der Betreiber dieser Seite beh\u00e4lt sich ausdr\u00fccklich rechtliche Schritte im Falle der unverlangten Zusendung von Werbung als E-Mails vor. (\u00a7 1004 BGB in Verbindung mit \u00a7 823 BGB unter dem Gesichtspunkt des Eingriffs in den eingerichteten und ausge\u00fcbten Gewerbebetrieb).<br \/>Jeglicher Nutzung von im Rahmen der Impressumspflicht ver\u00f6ffentlichten Kontaktdaten durch Dritte zur \u00dcbersendung von nicht ausdr\u00fccklich angeforderter Werbung und Informationsmaterialien wird hiermit ausdr\u00fccklich widersprochen.<\/p><h2>Hinweis f\u00fcr Abmahnversuche<\/h2><p>Bitte keine Abmahnung ohne vorherige Kontaktaufnahme!<br \/>Sollte der Inhalt oder die Aufmachung dieser Seiten fremde Rechte Dritter oder gesetzliche Bestimmungen verletzen, bitten wir um eine entsprechende Nachricht ohne Kostennote. Die Beseitigung einer m\u00f6glicherweise von diesen Seiten ausgehenden Schutzrecht-Verletzung durch Schutzrecht-Inhaber\/Innen selbst darf nicht ohne meine Zustimmung stattfinden.<br \/>Wir garantieren, dass die zu Recht beanstandeten Passagen unverz\u00fcglich entfernt werden, ohne dass von Ihrer Seite die Einschaltung eines Rechtsbeistandes erforderlich ist. Dennoch von Ihnen ohne vorherige Kontaktaufnahme ausgel\u00f6ste Kosten werden vollumf\u00e4nglich zur\u00fcckgewiesen und gegebenenfalls Gegenklage wegen Verletzung vorgenannter Bestimmungen eingeleitet.<br \/>Vielen Dank f\u00fcr Ihr Verst\u00e4ndnis.<\/p><h2>Haftungsausschluss<\/h2><p>Ich erkl\u00e4re, dass ich keinerlei Einfluss auf die Gestaltung und die Inhalte der auf meiner Homepage gelinkten Seiten habe und distanziere mich ausdr\u00fccklich von den Inhalten dieser gelinkten Seiten. Ich mache mir diese Inhalte nicht zu Eigen.<br \/>Diese Erkl\u00e4rung gilt f\u00fcr alle auf meiner Homepage eingetragenen Links.<\/p><p>Die Informationen auf dieser Website werden st\u00e4ndig \u00fcberpr\u00fcft und aktualisiert. Dennoch k\u00f6nnen sich Daten inzwischen ge\u00e4ndert haben. Ich \u00fcbernehme keine Haftung oder Garantie f\u00fcr Aktualit\u00e4t, Richtigkeit und Vollst\u00e4ndigkeit der angebotenen Informationen. Gleiches gilt f\u00fcr alle anderen Websites, auf die mittels Hyperlink verwiesen wird.<\/p><h2>EU-Plattform zur Online-Streitbeilegung<\/h2><p>EU-Plattform zur Online-Streitbeilegung: Die Europ\u00e4ische Kommission stellt eine Plattform zur Online-Streitbeilegung bereit, die f\u00fcr Sie unter folgendem Link erreichbar ist: http:\/\/ec.europa.eu\/consumers\/odr. Verbraucher haben die M\u00f6glichkeit, ab 15. Februar 2016 diese Plattform f\u00fcr die au\u00dfergerichtliche Streitbeilegung \u00fcber vertragliche Verpflichtungen aus Online-Kaufvertr\u00e4gen oder Online-Dienstvertr\u00e4gen zu nutzen. Sie erreichen uns per E-Mail unter folgender Adresse: <a href=\"mailto:mail@liuto-forte.com\">mail@liuto-forte.com<\/a><\/p><h2>Texte<\/h2><p>Andr\u00e9 Burguete<\/p><h2>Bilder<\/h2><p><a href=\"http:\/\/www.taktlicht.de\" target=\"_blank\" rel=\"noopener\">Taktlicht <\/a>- Konzert- und Veranstaltungsfotografie<br \/>Herbert Boswank Fotostudio, Dresden<br \/>Liuto forte, Dresden<br \/>Thomas Adel, Berlin<br \/>Claudia Schnitzer, Dresden<br \/><a href=\"https:\/\/www.beach-inspector.com\/ch\/b\/cofete\" target=\"_blank\" rel=\"noopener\">www.beach-inspector.com<\/a><br \/>Lothar Sprenger<br \/><a href=\"https:\/\/www.hundmagazin.com\/es-gibt-auch-leute-die-einfach-keine-hunde-moegen\/\" target=\"_blank\" rel=\"noopener\">www.hundmagazin.com<\/a><\/p><h2>\u00dcbersetzungen<\/h2><p>Ruskin Watts, Andiol Burguete, Ulli Meyer-Beeck (EN)<br \/>Claude Reek (FR)<br \/>Claude Chauvel, Leandro Burguete, Andiol Burguete (FR)<br \/>\u00c9miko Bellocq (JP)<br \/>Yuko Numaguchi (JP editor)<br \/>Christoph Rocher (FR)<br \/>Tim Crawford (EN)<br \/>Eric Bellocq\u00a0(FR)<br \/>Sophie Liwszyc (FR)<\/p><h2>Danksagung<\/h2><p>An der Neugestaltung dieser Website waren viele Menschen mit Rat und Tat beteiligt, denen ich an dieser Stelle herzlich danken m\u00f6chte. Mein besonderer Dank gilt<span class=\"s1\">\u00a0Claudia Schnitzer und dem Webseitengestalter Michael Kaden. Claudias umfangreiche Unterst\u00fctzung bei den redaktionellen Arbeiten und Michaels Aufmerksamkeit, Geduld und Professionalit\u00e4t waren unabdingbare Voraussetzungen ihres Entstehens.<\/span><\/p><p>[\/et_pb_text][\/et_pb_column][\/et_pb_row][\/et_pb_section]<\/p>","_et_gb_content_width":"","_exactmetrics_skip_tracking":false,"_exactmetrics_sitenote_active":false,"_exactmetrics_sitenote_note":"","_exactmetrics_sitenote_category":0,"footnotes":""},"class_list":["post-4022","page","type-page","status-publish","hentry"],"_links":{"self":[{"href":"https:\/\/liuto-forte.de\/fr\/wp-json\/wp\/v2\/pages\/4022","targetHints":{"allow":["GET"]}}],"collection":[{"href":"https:\/\/liuto-forte.de\/fr\/wp-json\/wp\/v2\/pages"}],"about":[{"href":"https:\/\/liuto-forte.de\/fr\/wp-json\/wp\/v2\/types\/page"}],"author":[{"embeddable":true,"href":"https:\/\/liuto-forte.de\/fr\/wp-json\/wp\/v2\/users\/1"}],"replies":[{"embeddable":true,"href":"https:\/\/liuto-forte.de\/fr\/wp-json\/wp\/v2\/comments?post=4022"}],"version-history":[{"count":2,"href":"https:\/\/liuto-forte.de\/fr\/wp-json\/wp\/v2\/pages\/4022\/revisions"}],"predecessor-version":[{"id":4024,"href":"https:\/\/liuto-forte.de\/fr\/wp-json\/wp\/v2\/pages\/4022\/revisions\/4024"}],"wp:attachment":[{"href":"https:\/\/liuto-forte.de\/fr\/wp-json\/wp\/v2\/media?parent=4022"}],"curies":[{"name":"wp","href":"https:\/\/api.w.org\/{rel}","templated":true}]}}