{"id":4042,"date":"2022-12-14T16:29:43","date_gmt":"2022-12-14T15:29:43","guid":{"rendered":"https:\/\/liuto-forte.de\/?page_id=4042"},"modified":"2022-12-14T16:29:46","modified_gmt":"2022-12-14T15:29:46","slug":"service","status":"publish","type":"page","link":"https:\/\/liuto-forte.de\/fr\/service\/","title":{"rendered":"Service"},"content":{"rendered":"<p>[et_pb_section fb_built=\u00a0\u00bb1&Prime; _builder_version=\u00a0\u00bb4.16&Prime; global_colors_info=\u00a0\u00bb{}\u00a0\u00bb][et_pb_row _builder_version=\u00a0\u00bb4.16&Prime; background_size=\u00a0\u00bbinitial\u00a0\u00bb background_position=\u00a0\u00bbtop_left\u00a0\u00bb background_repeat=\u00a0\u00bbrepeat\u00a0\u00bb global_colors_info=\u00a0\u00bb{}\u00a0\u00bb][et_pb_column type=\u00a0\u00bb4_4&Prime; _builder_version=\u00a0\u00bb4.16&Prime; custom_padding=\u00a0\u00bb|||\u00a0\u00bb global_colors_info=\u00a0\u00bb{}\u00a0\u00bb custom_padding__hover=\u00a0\u00bb|||\u00a0\u00bb][et_pb_text admin_label=\u00a0\u00bbTitel: \u00a0\u00bb _builder_version=\u00a0\u00bb4.19.3&Prime; hover_enabled=\u00a0\u00bb0&Prime; global_colors_info=\u00a0\u00bb{}\u00a0\u00bb sticky_enabled=\u00a0\u00bb0&Prime;]<\/p>\n<h1>Garantie<\/h1>\n<p>[\/et_pb_text][et_pb_text _builder_version=\u00a0\u00bb4.19.3&Prime; hover_enabled=\u00a0\u00bb0&Prime; global_colors_info=\u00a0\u00bb{}\u00a0\u00bb sticky_enabled=\u00a0\u00bb0&Prime;]<\/p>\n<p>Nous octroyons pour chaque Liuto forte que nous fournissons une garantie de 6 ans.<\/p>\n<p>Si vous rencontrez des probl\u00e8mes avec votre instrument, veuillez d\u2019abord vous adresser \u00e0 nous. Nous vous informerons sur la mani\u00e8re dont le probl\u00e8me peut \u00eatre r\u00e9solu le plus facilement et vous dirons quel luthier pr\u00e8s de chez vous pourrait se charger de la r\u00e9paration. S\u2019il s\u2019agit de d\u00e9fauts couverts par la garantie, nous prenons les frais en charge \u2013 apr\u00e8s accord pr\u00e9alable et sur pr\u00e9sentation d\u2019une facture.<\/p>\n<p>[\/et_pb_text][\/et_pb_column][\/et_pb_row][\/et_pb_section]<\/p>\n","protected":false},"excerpt":{"rendered":"<p>GarantieNous octroyons pour chaque Liuto forte que nous fournissons une garantie de 6 ans. Si vous rencontrez des probl\u00e8mes avec votre instrument, veuillez d\u2019abord vous adresser \u00e0 nous. Nous vous informerons sur la mani\u00e8re dont le probl\u00e8me peut \u00eatre r\u00e9solu le plus facilement et vous dirons quel luthier pr\u00e8s de chez vous pourrait se charger [&hellip;]<\/p>\n","protected":false},"author":1,"featured_media":0,"parent":0,"menu_order":0,"comment_status":"closed","ping_status":"closed","template":"","meta":{"_et_pb_use_builder":"on","_et_pb_old_content":"<p>[et_pb_section fb_built=\"1\" _builder_version=\"3.22\"][et_pb_row _builder_version=\"4.8.2\" background_size=\"initial\" background_position=\"top_left\" background_repeat=\"repeat\"][et_pb_column type=\"4_4\" _builder_version=\"4.8.2\" custom_padding=\"|||\" custom_padding__hover=\"|||\"][et_pb_text admin_label=\"Titel: \" _builder_version=\"4.8.2\"]<\/p><h1>Service<\/h1><p>[\/et_pb_text][et_pb_text _builder_version=\"4.8.2\"]<\/p><p>Wir gew\u00e4hren auf jeden von uns ausgelieferten Liuto forte eine Garantiefrist von 6 Jahren.\u00a0<\/p><p>Sollten Probleme mit Ihrem Instrument auftreten wenden Sie sich bitte zun\u00e4chst an uns. Wir informieren Sie dann dar\u00fcber, wie das Problem am einfachsten behoben werden kann und welcher Instrumentenbauer in Ihrer N\u00e4he daf\u00fcr in Frage k\u00e4me. Sofern es sich dabei um Garantieleistungen handelt, tragen wir \u2013 nach vorheriger Absprache und Vorlage einer Rechnung - daf\u00fcr die Kosten.<\/p><p>[\/et_pb_text][\/et_pb_column][\/et_pb_row][\/et_pb_section]<\/p>","_et_gb_content_width":"","_exactmetrics_skip_tracking":false,"_exactmetrics_sitenote_active":false,"_exactmetrics_sitenote_note":"","_exactmetrics_sitenote_category":0,"footnotes":""},"class_list":["post-4042","page","type-page","status-publish","hentry"],"_links":{"self":[{"href":"https:\/\/liuto-forte.de\/fr\/wp-json\/wp\/v2\/pages\/4042","targetHints":{"allow":["GET"]}}],"collection":[{"href":"https:\/\/liuto-forte.de\/fr\/wp-json\/wp\/v2\/pages"}],"about":[{"href":"https:\/\/liuto-forte.de\/fr\/wp-json\/wp\/v2\/types\/page"}],"author":[{"embeddable":true,"href":"https:\/\/liuto-forte.de\/fr\/wp-json\/wp\/v2\/users\/1"}],"replies":[{"embeddable":true,"href":"https:\/\/liuto-forte.de\/fr\/wp-json\/wp\/v2\/comments?post=4042"}],"version-history":[{"count":2,"href":"https:\/\/liuto-forte.de\/fr\/wp-json\/wp\/v2\/pages\/4042\/revisions"}],"predecessor-version":[{"id":4045,"href":"https:\/\/liuto-forte.de\/fr\/wp-json\/wp\/v2\/pages\/4042\/revisions\/4045"}],"wp:attachment":[{"href":"https:\/\/liuto-forte.de\/fr\/wp-json\/wp\/v2\/media?parent=4042"}],"curies":[{"name":"wp","href":"https:\/\/api.w.org\/{rel}","templated":true}]}}