{"id":4047,"date":"2022-12-14T16:33:05","date_gmt":"2022-12-14T15:33:05","guid":{"rendered":"https:\/\/liuto-forte.de\/?page_id=4047"},"modified":"2023-06-13T09:55:14","modified_gmt":"2023-06-13T07:55:14","slug":"probespiel-vorfuehrungen-und-seminare","status":"publish","type":"page","link":"https:\/\/liuto-forte.de\/fr\/willkommen\/auswahl-kauf\/probespiel-vorfuehrungen-und-seminare\/","title":{"rendered":"Probespiel, Vorf\u00fchrungen und Seminare"},"content":{"rendered":"<p>[et_pb_section fb_built=\u00a0\u00bb1&Prime; _builder_version=\u00a0\u00bb4.16&Prime; global_colors_info=\u00a0\u00bb{}\u00a0\u00bb][et_pb_row _builder_version=\u00a0\u00bb4.16&Prime; background_size=\u00a0\u00bbinitial\u00a0\u00bb background_position=\u00a0\u00bbtop_left\u00a0\u00bb background_repeat=\u00a0\u00bbrepeat\u00a0\u00bb global_colors_info=\u00a0\u00bb{}\u00a0\u00bb][et_pb_column type=\u00a0\u00bb4_4&Prime; _builder_version=\u00a0\u00bb4.16&Prime; custom_padding=\u00a0\u00bb|||\u00a0\u00bb global_colors_info=\u00a0\u00bb{}\u00a0\u00bb custom_padding__hover=\u00a0\u00bb|||\u00a0\u00bb][et_pb_text admin_label=\u00a0\u00bbTitel: \u00a0\u00bb _builder_version=\u00a0\u00bb4.19.3&Prime; global_colors_info=\u00a0\u00bb{}\u00a0\u00bb]<\/p>\n<h1>Tests, repr\u00e9sentations et s\u00e9minaires<\/h1>\n<p>[\/et_pb_text][et_pb_text _builder_version=\u00a0\u00bb4.21.0&Prime; hover_enabled=\u00a0\u00bb0&Prime; global_colors_info=\u00a0\u00bb{}\u00a0\u00bb sticky_enabled=\u00a0\u00bb0&Prime;]<\/p>\n<p>Tous les mod\u00e8les du Liuto forte sont disponibles pour \u00eatre test\u00e9s dans nos locaux commerciaux, \u00e0 Dresde, o\u00f9 vous pouvez les essayer en toute tranquillit\u00e9 en prenant rendez-vous.<\/p>\n<p>On trouve des Liuti forti dans presque tous les l\u00e4nder d\u2019Allemagne, en France, en Angleterre, aux Pays-Bas, en Belgique, en Italie, en Autriche, en Suisse, en Finlande, en Su\u00e8de, en Lituanie, en Pologne, au Kazakhstan, en Isra\u00ebl, \u00e0 Hong Kong, au Japon, en Australie, en Nouvelle-Z\u00e9lande et aux Etats-Unis.<\/p>\n<p><strong>Sur demande, nous communiquons \u2013 dans la mesure du possible \u2013 des adresses de joueurs de Liuto forte \u00e0 proximit\u00e9 pr\u00e8s de chez vous :<\/strong><\/p>\n<p>[\/et_pb_text][et_pb_button button_url=\u00a0\u00bbmailto:mail@liuto-forte.com?subject=Anfrage%20Probespiel\u00a0\u00bb url_new_window=\u00a0\u00bbon\u00a0\u00bb button_text=\u00a0\u00bbEssayer les instruments (e-mail)\u00a0\u00bb button_alignment=\u00a0\u00bbcenter\u00a0\u00bb admin_label=\u00a0\u00bbButton Probespiel\u00a0\u00bb _builder_version=\u00a0\u00bb4.19.3&Prime; custom_button=\u00a0\u00bbon\u00a0\u00bb custom_css_main_element=\u00a0\u00bbwidth: 100%;\u00a0\u00bb global_colors_info=\u00a0\u00bb{}\u00a0\u00bb][\/et_pb_button][\/et_pb_column][\/et_pb_row][\/et_pb_section]<\/p>\n","protected":false},"excerpt":{"rendered":"<p>Tests, repr\u00e9sentations et s\u00e9minairesTous les mod\u00e8les du Liuto forte sont disponibles pour \u00eatre test\u00e9s dans nos locaux commerciaux, \u00e0 Dresde, o\u00f9 vous pouvez les essayer en toute tranquillit\u00e9 en prenant rendez-vous. On trouve des Liuti forti dans presque tous les l\u00e4nder d\u2019Allemagne, en France, en Angleterre, aux Pays-Bas, en Belgique, en Italie, en Autriche, en [&hellip;]<\/p>\n","protected":false},"author":1,"featured_media":0,"parent":4059,"menu_order":0,"comment_status":"closed","ping_status":"closed","template":"","meta":{"_et_pb_use_builder":"on","_et_pb_old_content":"<p>[et_pb_section fb_built=\"1\" _builder_version=\"3.22\"][et_pb_row _builder_version=\"3.25\" background_size=\"initial\" background_position=\"top_left\" background_repeat=\"repeat\"][et_pb_column type=\"4_4\" _builder_version=\"3.25\" custom_padding=\"|||\" custom_padding__hover=\"|||\"][et_pb_text admin_label=\"Titel: \" _builder_version=\"3.27.4\"]<\/p><h1>Probespiel, Vorf\u00fchrungen und Seminare<\/h1><p>[\/et_pb_text][et_pb_text _builder_version=\"4.8.2\"]<\/p><p>S\u00e4mtliche Modelle des Liuto forte stehen Ihnen in unseren Dresdener Gesch\u00e4ftsr\u00e4umen f\u00fcr ein Probespiel zur Verf\u00fcgung und k\u00f6nnen nach individueller Terminvereinbarung in Ruhe getestet werden.<\/p><p>Liuti forti befinden sich in fast allen deutschen Bundesl\u00e4ndern, in Frankreich, England, Holland, Belgien, Italien, \u00d6sterreich, der Schweiz, Finnland, Schweden, Litauen, Polen, Kasachstan, Israel, Hong Kong, Japan, Australien, Neuseeland, Kanada und den USA.<\/p><p><strong>Auf Wunsch stellen wir \u2013 sofern m\u00f6glich - auch Kontakte zu Liuto-forte-Spielern in Ihrer\u00a0<\/strong><strong>N\u00e4he her:<\/strong><\/p><p>[\/et_pb_text][et_pb_button button_url=\"mailto:mail@liuto-forte.com?subject=Anfrage%20Probespiel\" url_new_window=\"on\" button_text=\"Probespiel (E-Mail)\" button_alignment=\"center\" admin_label=\"Button Probespiel\" _builder_version=\"4.8.2\" custom_button=\"on\" custom_css_main_element=\"width: 100%;\"][\/et_pb_button][\/et_pb_column][\/et_pb_row][\/et_pb_section]<\/p>","_et_gb_content_width":"","_exactmetrics_skip_tracking":false,"_exactmetrics_sitenote_active":false,"_exactmetrics_sitenote_note":"","_exactmetrics_sitenote_category":0,"footnotes":""},"class_list":["post-4047","page","type-page","status-publish","hentry"],"_links":{"self":[{"href":"https:\/\/liuto-forte.de\/fr\/wp-json\/wp\/v2\/pages\/4047","targetHints":{"allow":["GET"]}}],"collection":[{"href":"https:\/\/liuto-forte.de\/fr\/wp-json\/wp\/v2\/pages"}],"about":[{"href":"https:\/\/liuto-forte.de\/fr\/wp-json\/wp\/v2\/types\/page"}],"author":[{"embeddable":true,"href":"https:\/\/liuto-forte.de\/fr\/wp-json\/wp\/v2\/users\/1"}],"replies":[{"embeddable":true,"href":"https:\/\/liuto-forte.de\/fr\/wp-json\/wp\/v2\/comments?post=4047"}],"version-history":[{"count":3,"href":"https:\/\/liuto-forte.de\/fr\/wp-json\/wp\/v2\/pages\/4047\/revisions"}],"predecessor-version":[{"id":5222,"href":"https:\/\/liuto-forte.de\/fr\/wp-json\/wp\/v2\/pages\/4047\/revisions\/5222"}],"up":[{"embeddable":true,"href":"https:\/\/liuto-forte.de\/fr\/wp-json\/wp\/v2\/pages\/4059"}],"wp:attachment":[{"href":"https:\/\/liuto-forte.de\/fr\/wp-json\/wp\/v2\/media?parent=4047"}],"curies":[{"name":"wp","href":"https:\/\/api.w.org\/{rel}","templated":true}]}}