{"id":4051,"date":"2022-12-14T16:35:35","date_gmt":"2022-12-14T15:35:35","guid":{"rendered":"https:\/\/liuto-forte.de\/?page_id=4051"},"modified":"2022-12-14T16:35:38","modified_gmt":"2022-12-14T15:35:38","slug":"rechtsschutz","status":"publish","type":"page","link":"https:\/\/liuto-forte.de\/fr\/willkommen\/auswahl-kauf\/rechtsschutz\/","title":{"rendered":"Rechtsschutz"},"content":{"rendered":"<p>[et_pb_section fb_built=\u00a0\u00bb1&Prime; _builder_version=\u00a0\u00bb4.16&Prime; global_colors_info=\u00a0\u00bb{}\u00a0\u00bb][et_pb_row _builder_version=\u00a0\u00bb4.16&Prime; background_size=\u00a0\u00bbinitial\u00a0\u00bb background_position=\u00a0\u00bbtop_left\u00a0\u00bb background_repeat=\u00a0\u00bbrepeat\u00a0\u00bb global_colors_info=\u00a0\u00bb{}\u00a0\u00bb][et_pb_column type=\u00a0\u00bb4_4&Prime; _builder_version=\u00a0\u00bb4.16&Prime; custom_padding=\u00a0\u00bb|||\u00a0\u00bb global_colors_info=\u00a0\u00bb{}\u00a0\u00bb custom_padding__hover=\u00a0\u00bb|||\u00a0\u00bb][et_pb_text admin_label=\u00a0\u00bbTitel: \u00a0\u00bb _builder_version=\u00a0\u00bb4.19.3&Prime; hover_enabled=\u00a0\u00bb0&Prime; global_colors_info=\u00a0\u00bb{}\u00a0\u00bb sticky_enabled=\u00a0\u00bb0&Prime;]<\/p>\n<h1>Protection juridique<\/h1>\n<p>[\/et_pb_text][et_pb_text _builder_version=\u00a0\u00bb4.19.3&Prime; hover_enabled=\u00a0\u00bb0&Prime; global_colors_info=\u00a0\u00bb{}\u00a0\u00bb sticky_enabled=\u00a0\u00bb0&Prime;]<\/p>\n<p>Les Liuti forti sont prot\u00e9g\u00e9s par des brevets ainsi que par des droits de marque et de titre. Le propri\u00e9taire des droits prot\u00e9g\u00e9s est la Liuto forte GmbH. Ses int\u00e9r\u00eats sont d\u00e9fendus par le cabinet des avocats Lippert, Stachow &amp; Partner \u00e0 Dresde.<\/p>\n<p>&nbsp;<\/p>\n<h2>La forteresse de K\u00f6nigstein<\/h2>\n<p>La forteresse de K\u00f6nigstein pr\u00e8s de Pirna, autrefois prison d\u2019\u00c9tat d\u2019Auguste le Fort, est aujourd\u2019hui une attraction touristique. Liuto forte y a r\u00e9serv\u00e9 l\u2019une de ses cellules les plus humides et les plus sombres pour les violeurs de brevet.<\/p>\n<p>[\/et_pb_text][et_pb_image src=\u00a0\u00bbhttps:\/\/liuto-forte.de\/wp-content\/uploads\/2019\/01\/koenigstein.jpg\u00a0\u00bb align_tablet=\u00a0\u00bbcenter\u00a0\u00bb align_phone=\u00a0\u00bb\u00a0\u00bb align_last_edited=\u00a0\u00bbon|desktop\u00a0\u00bb _builder_version=\u00a0\u00bb4.16&Prime; global_colors_info=\u00a0\u00bb{}\u00a0\u00bb][\/et_pb_image][\/et_pb_column][\/et_pb_row][\/et_pb_section]<\/p>\n","protected":false},"excerpt":{"rendered":"<p>Protection juridiqueLes Liuti forti sont prot\u00e9g\u00e9s par des brevets ainsi que par des droits de marque et de titre. Le propri\u00e9taire des droits prot\u00e9g\u00e9s est la Liuto forte GmbH. Ses int\u00e9r\u00eats sont d\u00e9fendus par le cabinet des avocats Lippert, Stachow &amp; Partner \u00e0 Dresde. &nbsp; La forteresse de K\u00f6nigstein La forteresse de K\u00f6nigstein pr\u00e8s de [&hellip;]<\/p>\n","protected":false},"author":1,"featured_media":0,"parent":4059,"menu_order":0,"comment_status":"closed","ping_status":"closed","template":"","meta":{"_et_pb_use_builder":"on","_et_pb_old_content":"<p>[et_pb_section fb_built=\"1\" _builder_version=\"3.22\"][et_pb_row _builder_version=\"3.25\" background_size=\"initial\" background_position=\"top_left\" background_repeat=\"repeat\"][et_pb_column type=\"4_4\" _builder_version=\"3.25\" custom_padding=\"|||\" custom_padding__hover=\"|||\"][et_pb_text admin_label=\"Titel: \" _builder_version=\"3.27.4\"]<\/p><h1>Rechtsschutz<\/h1><p>[\/et_pb_text][et_pb_text _builder_version=\"3.27.4\"]<\/p><p>Liuti forti sind durch Patente sowie Marken- und Titelrechte gesch\u00fctzt.<br \/><span style=\"font-size: 14px;\">Inhaber der Schutzrechte ist die Firma Liuto forte. Ihre Interessen werden durch die Dresdner Kanzlei der Anw\u00e4lte Lippert, Stachow & Partner vertreten.<\/span><\/p><p>\u00a0<\/p><h2>Festung K\u00f6nigstein<\/h2><p>Die Festung K\u00f6nigstein bei Pirna war das Staatsgef\u00e4ngnis Augusts des Starken und ist heute eine beliebte Touristenattraktion. Ein Teil der stillgelegten, dunklen und sehr feuchten Kasematten wurde von Liuto forte f\u00fcr Patentverletzer reserviert.<\/p><p>[\/et_pb_text][et_pb_image src=\"https:\/\/liuto-forte.de\/wp-content\/uploads\/2019\/01\/koenigstein.jpg\" align_tablet=\"center\" align_phone=\"\" align_last_edited=\"on|desktop\" _builder_version=\"3.23\"][\/et_pb_image][\/et_pb_column][\/et_pb_row][\/et_pb_section]<\/p>","_et_gb_content_width":"","_exactmetrics_skip_tracking":false,"_exactmetrics_sitenote_active":false,"_exactmetrics_sitenote_note":"","_exactmetrics_sitenote_category":0,"footnotes":""},"class_list":["post-4051","page","type-page","status-publish","hentry"],"_links":{"self":[{"href":"https:\/\/liuto-forte.de\/fr\/wp-json\/wp\/v2\/pages\/4051","targetHints":{"allow":["GET"]}}],"collection":[{"href":"https:\/\/liuto-forte.de\/fr\/wp-json\/wp\/v2\/pages"}],"about":[{"href":"https:\/\/liuto-forte.de\/fr\/wp-json\/wp\/v2\/types\/page"}],"author":[{"embeddable":true,"href":"https:\/\/liuto-forte.de\/fr\/wp-json\/wp\/v2\/users\/1"}],"replies":[{"embeddable":true,"href":"https:\/\/liuto-forte.de\/fr\/wp-json\/wp\/v2\/comments?post=4051"}],"version-history":[{"count":2,"href":"https:\/\/liuto-forte.de\/fr\/wp-json\/wp\/v2\/pages\/4051\/revisions"}],"predecessor-version":[{"id":4054,"href":"https:\/\/liuto-forte.de\/fr\/wp-json\/wp\/v2\/pages\/4051\/revisions\/4054"}],"up":[{"embeddable":true,"href":"https:\/\/liuto-forte.de\/fr\/wp-json\/wp\/v2\/pages\/4059"}],"wp:attachment":[{"href":"https:\/\/liuto-forte.de\/fr\/wp-json\/wp\/v2\/media?parent=4051"}],"curies":[{"name":"wp","href":"https:\/\/api.w.org\/{rel}","templated":true}]}}