{"id":4070,"date":"2022-12-15T11:19:24","date_gmt":"2022-12-15T10:19:24","guid":{"rendered":"https:\/\/liuto-forte.de\/?page_id=4070"},"modified":"2022-12-15T11:19:58","modified_gmt":"2022-12-15T10:19:58","slug":"bestellung-lieferfristen-versand","status":"publish","type":"page","link":"https:\/\/liuto-forte.de\/fr\/willkommen\/auswahl-kauf\/bestellung-lieferfristen-versand\/","title":{"rendered":"Bestellung, Lieferfristen, Versand"},"content":{"rendered":"<p>[et_pb_section fb_built=\u00a0\u00bb1&Prime; _builder_version=\u00a0\u00bb4.16&Prime; global_colors_info=\u00a0\u00bb{}\u00a0\u00bb][et_pb_row column_structure=\u00a0\u00bb1_4,3_4&Prime; _builder_version=\u00a0\u00bb4.16&Prime; background_size=\u00a0\u00bbinitial\u00a0\u00bb background_position=\u00a0\u00bbtop_left\u00a0\u00bb background_repeat=\u00a0\u00bbrepeat\u00a0\u00bb global_colors_info=\u00a0\u00bb{}\u00a0\u00bb][et_pb_column type=\u00a0\u00bb1_4&Prime; _builder_version=\u00a0\u00bb4.16&Prime; custom_padding=\u00a0\u00bb|||\u00a0\u00bb global_colors_info=\u00a0\u00bb{}\u00a0\u00bb custom_padding__hover=\u00a0\u00bb|||\u00a0\u00bb][et_pb_sidebar area=\u00a0\u00bbet_pb_widget_area_1&Prime; admin_label=\u00a0\u00bbSeitenleiste:\u00a0\u00bb _builder_version=\u00a0\u00bb4.16&Prime; header_line_height=\u00a0\u00bb1.7em\u00a0\u00bb body_font=\u00a0\u00bb||||||||\u00a0\u00bb body_line_height=\u00a0\u00bb1.3em\u00a0\u00bb max_width=\u00a0\u00bb100%\u00a0\u00bb custom_margin=\u00a0\u00bb||\u00a0\u00bb custom_padding=\u00a0\u00bb||\u00a0\u00bb saved_tabs=\u00a0\u00bball\u00a0\u00bb global_colors_info=\u00a0\u00bb{}\u00a0\u00bb][\/et_pb_sidebar][et_pb_image src=\u00a0\u00bbhttps:\/\/liuto-forte.de\/wp-content\/uploads\/2019\/02\/akt_4.jpg\u00a0\u00bb align_tablet=\u00a0\u00bbcenter\u00a0\u00bb align_phone=\u00a0\u00bb\u00a0\u00bb align_last_edited=\u00a0\u00bbon|desktop\u00a0\u00bb _builder_version=\u00a0\u00bb4.16&Prime; global_colors_info=\u00a0\u00bb{}\u00a0\u00bb][\/et_pb_image][\/et_pb_column][et_pb_column type=\u00a0\u00bb3_4&Prime; _builder_version=\u00a0\u00bb4.16&Prime; custom_padding=\u00a0\u00bb|||\u00a0\u00bb global_colors_info=\u00a0\u00bb{}\u00a0\u00bb custom_padding__hover=\u00a0\u00bb|||\u00a0\u00bb][et_pb_text admin_label=\u00a0\u00bbTitel: \u00a0\u00bb _builder_version=\u00a0\u00bb4.19.3&Prime; hover_enabled=\u00a0\u00bb0&Prime; global_colors_info=\u00a0\u00bb{}\u00a0\u00bb sticky_enabled=\u00a0\u00bb0&Prime;]<\/p>\n<h1>Commandes, d\u00e9lais de livraison, exp\u00e9dition<\/h1>\n<p>[\/et_pb_text][et_pb_text _builder_version=\u00a0\u00bb4.19.3&Prime; hover_enabled=\u00a0\u00bb0&Prime; global_colors_info=\u00a0\u00bb{}\u00a0\u00bb sticky_enabled=\u00a0\u00bb0&Prime;]<\/p>\n<p><strong>Les Liuti forti sont livr\u00e9s directement par le fabricant et ne sont pas en vente dans les magasins de musique. Si vous souhaitez commander un Liuto forte ou recevoir un conseil, envoyez-nous un e-mail.<\/strong><\/p>\n<p>D\u00e8s que vous avez choisi un instrument, nous vous envoyons un contrat de vente en double exemplaire, en vous demandant de nous renvoyer un exemplaire sign\u00e9.<\/p>\n<p>Par la signature du contrat, vous vous engagez \u00e0 verser un acompte correspondant \u00e0 un tiers du prix d\u2019achat. Pour un r\u00e8glement complet \u00e0 la commande, il sera consenti une r\u00e9duction d\u2019un montant de 5% du prix de vente net (sans \u00e9tui). Le montant restant est d\u00fb avant la livraison de votre instrument. Le contrat de vente contient aussi bien le d\u00e9lai de livraison de votre instrument que les d\u00e9tails techniques concernant la construction de l\u2019instrument et les garanties offertes. Le d\u00e9lai d\u2019attente apr\u00e8s commande est d\u2019environ un an, la garantie est de six ans.<\/p>\n<p>Si vous \u00eates domicili\u00e9 en Allemagne, notre banque accorde, en cas de solvabilit\u00e9 suffisante, un financement sans acompte pour une dur\u00e9e maximale de six ans \u00e0 un taux fixe annuel de 4,9%*.<\/p>\n<p>Jusqu\u2019au d\u00e9but de la construction de votre instrument, vous avez la possibilit\u00e9 de modifier tant les d\u00e9tails de votre commande que votre choix de mod\u00e8le. Les suppl\u00e9ments en cas de choix d\u2019un mod\u00e8le plus on\u00e9reux, ou r\u00e9ductions en cas de choix d\u2019un mod\u00e8le meilleur march\u00e9, font l\u2019objet d\u2019un contrat compl\u00e9mentaire.<\/p>\n<p>Une r\u00e9siliation du contrat n\u2019est accept\u00e9e qu\u2019en cas de force majeure (d\u00e9c\u00e8s, maladie, accident). Les paiements effectu\u00e9s jusque-l\u00e0 seront rembours\u00e9s int\u00e9gralement dans le d\u00e9lai d\u2019un an apr\u00e8s la r\u00e9siliation du contrat.<\/p>\n<p>Si vous souhaitez des conseils personnels pour vous aider \u00e0 choisir le mod\u00e8le qui vous convient le mieux, veuillez nous contacter :<\/p>\n<p>[\/et_pb_text][et_pb_button button_url=\u00a0\u00bbmailto:mail@liuto-forte.com?subject=Anfrage%20Bestellung\u00a0\u00bb url_new_window=\u00a0\u00bbon\u00a0\u00bb button_text=\u00a0\u00bbCommande (E-Mail)\u00a0\u00bb button_alignment=\u00a0\u00bbcenter\u00a0\u00bb admin_label=\u00a0\u00bbButton Bestellung\u00a0\u00bb _builder_version=\u00a0\u00bb4.19.3&Prime; custom_button=\u00a0\u00bbon\u00a0\u00bb hover_enabled=\u00a0\u00bb0&Prime; custom_css_main_element=\u00a0\u00bbwidth: 100%;\u00a0\u00bb global_colors_info=\u00a0\u00bb{}\u00a0\u00bb sticky_enabled=\u00a0\u00bb0&Prime;][\/et_pb_button][\/et_pb_column][\/et_pb_row][\/et_pb_section]<\/p>\n","protected":false},"excerpt":{"rendered":"<p>Commandes, d\u00e9lais de livraison, exp\u00e9ditionLes Liuti forti sont livr\u00e9s directement par le fabricant et ne sont pas en vente dans les magasins de musique. Si vous souhaitez commander un Liuto forte ou recevoir un conseil, envoyez-nous un e-mail. D\u00e8s que vous avez choisi un instrument, nous vous envoyons un contrat de vente en double exemplaire, [&hellip;]<\/p>\n","protected":false},"author":1,"featured_media":0,"parent":4059,"menu_order":0,"comment_status":"closed","ping_status":"closed","template":"","meta":{"_et_pb_use_builder":"on","_et_pb_old_content":"<p>[et_pb_section fb_built=\"1\" _builder_version=\"3.22\"][et_pb_row column_structure=\"1_4,3_4\" _builder_version=\"3.25\" background_size=\"initial\" background_position=\"top_left\" background_repeat=\"repeat\"][et_pb_column type=\"1_4\" _builder_version=\"3.25\" custom_padding=\"|||\" custom_padding__hover=\"|||\"][et_pb_sidebar area=\"et_pb_widget_area_1\" admin_label=\"Seitenleiste:\" _builder_version=\"4.4.1\" header_line_height=\"1.7em\" body_font=\"||||||||\" body_line_height=\"1.3em\" max_width=\"100%\" custom_margin=\"||\" custom_padding=\"||\" global_module=\"248\" saved_tabs=\"all\"][\/et_pb_sidebar][et_pb_image src=\"https:\/\/liuto-forte.de\/wp-content\/uploads\/2019\/02\/akt_4.jpg\" align_tablet=\"center\" align_phone=\"\" align_last_edited=\"on|desktop\" _builder_version=\"3.23\"][\/et_pb_image][\/et_pb_column][et_pb_column type=\"3_4\" _builder_version=\"3.25\" custom_padding=\"|||\" custom_padding__hover=\"|||\"][et_pb_text admin_label=\"Titel: \" _builder_version=\"3.27.4\"]<\/p><h1>Bestellung, Lieferfristen, Versand<\/h1><p>[\/et_pb_text][et_pb_text _builder_version=\"4.8.2\" hover_enabled=\"0\" sticky_enabled=\"0\"]<\/p><p><strong>Liuti forti werden direkt vom Hersteller ausgeliefert und sind nicht \u00fcber den Musikalienhandel zu beziehen. Wenn Sie einen Liuto forte bestellen m\u00f6chten oder eine Beratung w\u00fcnschen schreiben Sie uns eine Email. <\/strong><\/p><p>Sobald Sie sich f\u00fcr ein Instrument entschieden haben senden wir Ihnen einen Kaufvertrag in zweifacher Ausfertigung zu mit der Bitte um R\u00fccksendung eines unterzeichneten Exemplars.<\/p><p>Mit Unterzeichnung des Kaufvertrages verpflichten Sie sich zur \u00dcberweisung eines Drittels des Kaufpreises als Anzahlung. Bei Vorauszahlung des vollen Kaufpreises erhalten Sie 5% Nachlass auf den Nettopreis des Instrumentes (ohne Etui). Der Restbetrag wird vor Auslieferung Ihres Instrumentes f\u00e4llig. Im Kaufvertrag sind sowohl der Termin der Auslieferung Ihres Instrumentes als auch bautechnische Einzelheiten und Garantieleistungen unsererseits festgelegt. Die durchschnittliche Wartezeit nach Bestellung liegt bei etwa einem Jahr, die Garantie betr\u00e4gt sechs Jahre.<\/p><p>Sofern Sie einen eingetragenen Wohnsitz in Deutschland haben, besteht bei ausreichender Bonit\u00e4t die M\u00f6glichkeit einer anzahlungsfreien Finanzierung durch unsere Hausbank \u00fcber eine maximale Laufzeit von 6 Jahren zu einem Festzins von 4,9%\u00a0p.a.<\/p><p>Bis zum Baubeginn Ihres Instrumentes haben Sie die M\u00f6glichkeit sowohl Details Ihrer Bestellung als auch Ihren Modellwunsch zu \u00e4ndern. Zuzahlungen beim Wechsel zu einem teureren Modell bzw. Erstattungen beim Wechsel einem kosteng\u00fcnstigeren Instrument werden dabei in einem zus\u00e4tzlichen Vertrag geregelt.<\/p><p>Ein R\u00fccktritt vom Vertrag ist nur im Fall h\u00f6herer Gewalt m\u00f6glich (Tod, Krankheit, Unfall). Die bis dahin geleisteten Zahlungen werden in diesem Fall im Zeitraum von einem Jahr nach Vertragsr\u00fccktritt vollumf\u00e4nglich zur\u00fcckerstattet.<\/p><p>Wenn Sie bei der Auswahl des f\u00fcr Sie geeignetsten Modells eine pers\u00f6nliche Beratung w\u00fcnschen, kontaktieren Sie uns bitte:<\/p><p>[\/et_pb_text][et_pb_button button_url=\"mailto:mail@liuto-forte.com?subject=Anfrage%20Bestellung\" url_new_window=\"on\" button_text=\"Bestellung (E-Mail)\" button_alignment=\"center\" admin_label=\"Button Bestellung\" _builder_version=\"4.8.2\" custom_button=\"on\" custom_css_main_element=\"width: 100%;\"][\/et_pb_button][\/et_pb_column][\/et_pb_row][\/et_pb_section]<\/p>","_et_gb_content_width":"","_exactmetrics_skip_tracking":false,"_exactmetrics_sitenote_active":false,"_exactmetrics_sitenote_note":"","_exactmetrics_sitenote_category":0,"footnotes":""},"class_list":["post-4070","page","type-page","status-publish","hentry"],"_links":{"self":[{"href":"https:\/\/liuto-forte.de\/fr\/wp-json\/wp\/v2\/pages\/4070","targetHints":{"allow":["GET"]}}],"collection":[{"href":"https:\/\/liuto-forte.de\/fr\/wp-json\/wp\/v2\/pages"}],"about":[{"href":"https:\/\/liuto-forte.de\/fr\/wp-json\/wp\/v2\/types\/page"}],"author":[{"embeddable":true,"href":"https:\/\/liuto-forte.de\/fr\/wp-json\/wp\/v2\/users\/1"}],"replies":[{"embeddable":true,"href":"https:\/\/liuto-forte.de\/fr\/wp-json\/wp\/v2\/comments?post=4070"}],"version-history":[{"count":3,"href":"https:\/\/liuto-forte.de\/fr\/wp-json\/wp\/v2\/pages\/4070\/revisions"}],"predecessor-version":[{"id":4073,"href":"https:\/\/liuto-forte.de\/fr\/wp-json\/wp\/v2\/pages\/4070\/revisions\/4073"}],"up":[{"embeddable":true,"href":"https:\/\/liuto-forte.de\/fr\/wp-json\/wp\/v2\/pages\/4059"}],"wp:attachment":[{"href":"https:\/\/liuto-forte.de\/fr\/wp-json\/wp\/v2\/media?parent=4070"}],"curies":[{"name":"wp","href":"https:\/\/api.w.org\/{rel}","templated":true}]}}