{"id":4074,"date":"2022-12-15T11:25:58","date_gmt":"2022-12-15T10:25:58","guid":{"rendered":"https:\/\/liuto-forte.de\/?page_id=4074"},"modified":"2026-01-08T14:30:52","modified_gmt":"2026-01-08T13:30:52","slug":"preise","status":"publish","type":"page","link":"https:\/\/liuto-forte.de\/fr\/willkommen\/auswahl-kauf\/preise\/","title":{"rendered":"Preise"},"content":{"rendered":"<p>[et_pb_section fb_built=\u00a0\u00bb1&Prime; _builder_version=\u00a0\u00bb4.16&Prime; global_colors_info=\u00a0\u00bb{}\u00a0\u00bb][et_pb_row column_structure=\u00a0\u00bb1_4,3_4&Prime; _builder_version=\u00a0\u00bb4.16&Prime; background_size=\u00a0\u00bbinitial\u00a0\u00bb background_position=\u00a0\u00bbtop_left\u00a0\u00bb background_repeat=\u00a0\u00bbrepeat\u00a0\u00bb global_colors_info=\u00a0\u00bb{}\u00a0\u00bb][et_pb_column type=\u00a0\u00bb1_4&Prime; _builder_version=\u00a0\u00bb4.16&Prime; custom_padding=\u00a0\u00bb|||\u00a0\u00bb global_colors_info=\u00a0\u00bb{}\u00a0\u00bb custom_padding__hover=\u00a0\u00bb|||\u00a0\u00bb][et_pb_sidebar area=\u00a0\u00bbet_pb_widget_area_1&Prime; admin_label=\u00a0\u00bbSeitenleiste:\u00a0\u00bb _builder_version=\u00a0\u00bb4.16&Prime; saved_tabs=\u00a0\u00bball\u00a0\u00bb global_colors_info=\u00a0\u00bb{}\u00a0\u00bb][\/et_pb_sidebar][et_pb_image src=\u00a0\u00bbhttps:\/\/liuto-forte.de\/wp-content\/uploads\/2019\/03\/erstaunte-hunde.jpg\u00a0\u00bb align_tablet=\u00a0\u00bbcenter\u00a0\u00bb align_phone=\u00a0\u00bbcenter\u00a0\u00bb align_last_edited=\u00a0\u00bbon|desktop\u00a0\u00bb _builder_version=\u00a0\u00bb4.16&Prime; global_colors_info=\u00a0\u00bb{}\u00a0\u00bb][\/et_pb_image][\/et_pb_column][et_pb_column type=\u00a0\u00bb3_4&Prime; _builder_version=\u00a0\u00bb4.16&Prime; custom_padding=\u00a0\u00bb|||\u00a0\u00bb global_colors_info=\u00a0\u00bb{}\u00a0\u00bb custom_padding__hover=\u00a0\u00bb|||\u00a0\u00bb][et_pb_text admin_label=\u00a0\u00bbTitel: \u00a0\u00bb _builder_version=\u00a0\u00bb4.19.3&Prime; global_colors_info=\u00a0\u00bb{}\u00a0\u00bb]<\/p>\n<h1>Prix<\/h1>\n<p>[\/et_pb_text][et_pb_text _builder_version=\u00a0\u00bb4.21.0&Prime; global_colors_info=\u00a0\u00bb{}\u00a0\u00bb]<\/p>\n<h2>Si vous n\u2019\u00eates pas encore un client de Liuto forte\u2026<\/h2>\n<p><strong>\u2026vous devriez consid\u00e9rer l\u2019achat d\u2019un tel instrument \u00e9galement comme un bon investissement.<\/strong><\/p>\n<p>Les Liuti forti sont actuellement des instruments de tr\u00e8s haute valeur, qui \u00e0 travers de nombreux brevets et une marque d\u00e9pos\u00e9e ont un caract\u00e8re absolument unique leur conf\u00e9rant une importante valeur de revente. Le meilleur exemple de cela est la quasi non-existence d\u2019un march\u00e9 de l&rsquo;occasion.<\/p>\n<p>Les Liuti forti sont des pi\u00e8ces uniques, r\u00e9alis\u00e9es par des ma\u00eetres artisans au plus haut niveau de leur art. Bien que la fabrication d\u2019un luth soit plus complexe que celle d\u2019une guitare, nous basons nos prix sur les prix internationalement accept\u00e9s pour les guitares sortant des ateliers de luthiers, et octroyons de surcro\u00eet plusieurs ann\u00e9es de garantie.<\/p>\n<p>Pour de nombreux luthiers, apr\u00e8s avoir assembl\u00e9 la table et le corps, le travail sur le son est termin\u00e9. Lors de la construction d\u2019un Liuto forte, le travail ne fait alors au contraire que commencer. Il n\u2019est termin\u00e9 que lorsque nous avons obtenu un \u00e9quilibre parfait de tous les registres, et que chaque note a un son irr\u00e9prochable. Un grand ma\u00eetre de cet art pratiquement disparu qu\u2019est l\u2019harmonisation (ajustement ult\u00e9rieur du son de l\u2019instrument) \u00e9tait Benno Streu, de Fribourg-en-Brisgau. Les m\u00e9thodes qu\u2019il a exp\u00e9riment\u00e9es pendant des ann\u00e9es ont \u00e9t\u00e9 transmises int\u00e9gralement \u00e0 nos luthiers et sont mises en \u0153uvre dans chaque Liuto forte.<br \/>(Voir aussi <a href=\"https:\/\/liuto-forte.de\/fr\/team\/#Benno_Streu\">L\u2019\u00e9quipe\/Benno Streu)<\/a><\/p>\n<p>En consid\u00e9ration de l\u2019importance de ces travaux suppl\u00e9mentaires, nos prix restent tout \u00e0 fait modestes. Ils garantissent \u00e0 nos clients que nous respectons avec une grande fiabilit\u00e9 le niveau acoustique attendu pour chaque instrument command\u00e9. (Voir aussi <a href=\"https:\/\/liuto-forte.de\/fr\/musikerstimmen\/\">L\u2019avis des musiciens<\/a>)<\/p>\n<p><strong>Vous trouverez les prix de tous les Liuti forti dans la liste des prix actuelle :<\/strong><\/p>\n<p>[\/et_pb_text][et_pb_button button_url=\u00a0\u00bbhttps:\/\/liuto-forte.de\/wp-content\/uploads\/2021\/02\/Preisliste-FR_26.pdf\u00a0\u00bb url_new_window=\u00a0\u00bbon\u00a0\u00bb button_text=\u00a0\u00bbListe des prix 2026 (PDF)\u00a0\u00bb admin_label=\u00a0\u00bbTaste: Preisliste DE 18&Prime; _builder_version=\u00a0\u00bb4.27.5&Prime; hover_enabled=\u00a0\u00bb0&Prime; custom_css_main_element=\u00a0\u00bbwidth: 100%;||text-align: center;\u00a0\u00bb saved_tabs=\u00a0\u00bball\u00a0\u00bb global_colors_info=\u00a0\u00bb{}\u00a0\u00bb sticky_enabled=\u00a0\u00bb0&Prime;][\/et_pb_button][et_pb_text _builder_version=\u00a0\u00bb4.20.4&Prime; global_colors_info=\u00a0\u00bb{}\u00a0\u00bb]<\/p>\n<p>Pour toute commande, veuillez prendre contact avec nous \u00e0 l\u2019adresse suivante : <a href=\"mailto:mail@liuto-forte.com\" target=\"_blank\" rel=\"noopener\">mail@liuto-forte.com<\/a><\/p>\n<p>[\/et_pb_text][\/et_pb_column][\/et_pb_row][\/et_pb_section]<\/p>\n","protected":false},"excerpt":{"rendered":"<p>PrixSi vous n\u2019\u00eates pas encore un client de Liuto forte\u2026 \u2026vous devriez consid\u00e9rer l\u2019achat d\u2019un tel instrument \u00e9galement comme un bon investissement. Les Liuti forti sont actuellement des instruments de tr\u00e8s haute valeur, qui \u00e0 travers de nombreux brevets et une marque d\u00e9pos\u00e9e ont un caract\u00e8re absolument unique leur conf\u00e9rant une importante valeur de revente. [&hellip;]<\/p>\n","protected":false},"author":1,"featured_media":0,"parent":4059,"menu_order":0,"comment_status":"closed","ping_status":"closed","template":"","meta":{"_et_pb_use_builder":"on","_et_pb_old_content":"<p>[et_pb_section bb_built=\"1\"][et_pb_row][et_pb_column type=\"1_4\"][et_pb_sidebar admin_label=\"Seitenleiste:\" _builder_version=\"3.19.6\" area=\"et_pb_widget_area_1\" saved_tabs=\"all\" global_module=\"248\" \/][et_pb_image _builder_version=\"3.19.11\" src=\"https:\/\/liuto-forte.de\/wp-content\/uploads\/2019\/03\/erstaunte-hunde.jpg\" \/][\/et_pb_column][et_pb_column type=\"3_4\"][et_pb_text admin_label=\"Titel: \" _builder_version=\"3.19.11\"]<\/p><h1>Preise<\/h1><p>[\/et_pb_text][et_pb_text _builder_version=\"3.19.11\"]<\/p><h2>Falls Sie noch kein Liuto-forte-Kunde sind...<\/h2><p class=\"p1\"><span class=\"s1\"><b>\u2026sollten Sie den Kauf eines solchen Instrumentes auch als kluge Investition betrachten.<\/b><\/span><\/p><p class=\"p1\"><span class=\"s1\">Liuti forti sind hochwertige Musikinstrumente, die \u00fcber Patent- und Markenschutz, ein unbestrittenes Alleinstellungsmerkmal und damit hohen Wiederverkaufswert verf\u00fcgen. Bester Beweis f\u00fcr ihre Wertbest\u00e4ndigkeit ist das nahezu v\u00f6llige Fehlen eines second-hand-Marktes.<\/span><\/p><p class=\"p1\"><span class=\"s1\">Unsere Instrumente sind einzeln angefertigte Meisterinstrumente auf h\u00f6chstem klanglichen und handwerklichen Niveau. <\/span>Obwohl die Herstellung einer Laute aufw\u00e4ndiger ist als die einer Gitarre, orientieren sich unsere Preise an den international akzeptierten Preisen f\u00fcr Meistergitarren und schlie\u00dfen dar\u00fcber hinaus langj\u00e4hrige Garantieleistungen ein.<\/p><p class=\"p1\"><span class=\"s1\">F\u00fcr viele Zupfinstrumentenbauer ist nach dem Zusammenf\u00fcgen von Decke und Korpus die Arbeit am Klang abgeschlossen. Beim Bau von Liuti forti beginnt sie dort.\u00a0<\/span><span class=\"s1\">Sie endet erst, wenn eine perfekte Ausgewogenheit aller Register und die makellose Ansprache eines jeden einzelnen Tones erreicht ist.\u00a0<\/span><span class=\"s1\">Ein unbestrittener Meister dieser beinahe ausgestorbenen Kunst der nachtr\u00e4glichen Beeinflussung des Instrumentenklanges war Benno Streu in Freiburg. Die von ihm \u00fcber Jahre hinweg erprobten Methoden wurden vollst\u00e4ndig an unsere Instrumentenbauer weitergegeben und kommen bei jedem Liuto forte zur Anwendung.\u00a0<a href=\"https:\/\/liuto-forte.de\/team\/#Benno_Streu\"><span class=\"s2\">(Siehe auch Team\/Benno Streu)<\/span><\/a><\/span><\/p><p>Unsere Preise sind in Hinblick auf den Umfang dieser zus\u00e4tzlichen Aufwendungen noch immer zur\u00fcckhaltend kalkuliert. <span class=\"s1\">Sie garantieren unseren Kunden das zuverl\u00e4ssige Einhalten der von ihnen erwarteten akustischen Standards bei jedem bestellten Instrument.\u00a0<a href=\"https:\/\/liuto-forte.de\/musikerstimmen\/\"><span class=\"s2\">(Siehe auch Musikerstimmen)<\/span><\/a><\/span><\/p><p><strong>Die Preise aller Liuto forte-Modelle finden Sie hier in unserer aktuellen Preisliste:<\/strong><\/p><p>[\/et_pb_text][et_pb_button admin_label=\"Taste: Preisliste DE 18\" _builder_version=\"3.19.6\" saved_tabs=\"all\" button_text=\"Preisliste deutsch (PDF)\" button_url=\"https:\/\/liuto-forte.de\/wp-content\/uploads\/2021\/02\/Preisliste-DE-23_1.pdf\" url_new_window=\"on\" global_module=\"79\" \/][et_pb_text _builder_version=\"3.19.11\"]<\/p><p>Bitte nehmen Sie zur Bestellung Kontakt mit uns auf: <a href=\"mailto:mail@liuto-forte.com\">mail@liuto-forte.com<\/a><\/p><p>[\/et_pb_text][\/et_pb_column][\/et_pb_row][\/et_pb_section]<\/p>","_et_gb_content_width":"","_exactmetrics_skip_tracking":false,"_exactmetrics_sitenote_active":false,"_exactmetrics_sitenote_note":"","_exactmetrics_sitenote_category":0,"footnotes":""},"class_list":["post-4074","page","type-page","status-publish","hentry"],"_links":{"self":[{"href":"https:\/\/liuto-forte.de\/fr\/wp-json\/wp\/v2\/pages\/4074","targetHints":{"allow":["GET"]}}],"collection":[{"href":"https:\/\/liuto-forte.de\/fr\/wp-json\/wp\/v2\/pages"}],"about":[{"href":"https:\/\/liuto-forte.de\/fr\/wp-json\/wp\/v2\/types\/page"}],"author":[{"embeddable":true,"href":"https:\/\/liuto-forte.de\/fr\/wp-json\/wp\/v2\/users\/1"}],"replies":[{"embeddable":true,"href":"https:\/\/liuto-forte.de\/fr\/wp-json\/wp\/v2\/comments?post=4074"}],"version-history":[{"count":10,"href":"https:\/\/liuto-forte.de\/fr\/wp-json\/wp\/v2\/pages\/4074\/revisions"}],"predecessor-version":[{"id":5446,"href":"https:\/\/liuto-forte.de\/fr\/wp-json\/wp\/v2\/pages\/4074\/revisions\/5446"}],"up":[{"embeddable":true,"href":"https:\/\/liuto-forte.de\/fr\/wp-json\/wp\/v2\/pages\/4059"}],"wp:attachment":[{"href":"https:\/\/liuto-forte.de\/fr\/wp-json\/wp\/v2\/media?parent=4074"}],"curies":[{"name":"wp","href":"https:\/\/api.w.org\/{rel}","templated":true}]}}