{"id":4078,"date":"2022-12-15T11:31:14","date_gmt":"2022-12-15T10:31:14","guid":{"rendered":"https:\/\/liuto-forte.de\/?page_id=4078"},"modified":"2026-03-06T10:30:57","modified_gmt":"2026-03-06T09:30:57","slug":"occasionen","status":"publish","type":"page","link":"https:\/\/liuto-forte.de\/fr\/willkommen\/auswahl-kauf\/occasionen\/","title":{"rendered":"Occasionen"},"content":{"rendered":"<p>[et_pb_section fb_built=\u00a0\u00bb1&Prime; _builder_version=\u00a0\u00bb4.16&Prime; global_colors_info=\u00a0\u00bb{}\u00a0\u00bb][et_pb_row column_structure=\u00a0\u00bb1_4,3_4&Prime; _builder_version=\u00a0\u00bb4.16&Prime; background_size=\u00a0\u00bbinitial\u00a0\u00bb background_position=\u00a0\u00bbtop_left\u00a0\u00bb background_repeat=\u00a0\u00bbrepeat\u00a0\u00bb global_colors_info=\u00a0\u00bb{}\u00a0\u00bb][et_pb_column type=\u00a0\u00bb1_4&Prime; _builder_version=\u00a0\u00bb4.16&Prime; custom_padding=\u00a0\u00bb|||\u00a0\u00bb global_colors_info=\u00a0\u00bb{}\u00a0\u00bb custom_padding__hover=\u00a0\u00bb|||\u00a0\u00bb][et_pb_sidebar area=\u00a0\u00bbet_pb_widget_area_1&Prime; admin_label=\u00a0\u00bbSeitenleiste:\u00a0\u00bb _builder_version=\u00a0\u00bb4.16&Prime; header_line_height=\u00a0\u00bb1.7em\u00a0\u00bb body_font=\u00a0\u00bb||||||||\u00a0\u00bb body_line_height=\u00a0\u00bb1.3em\u00a0\u00bb max_width=\u00a0\u00bb100%\u00a0\u00bb custom_margin=\u00a0\u00bb||\u00a0\u00bb custom_padding=\u00a0\u00bb||\u00a0\u00bb saved_tabs=\u00a0\u00bball\u00a0\u00bb global_colors_info=\u00a0\u00bb{}\u00a0\u00bb][\/et_pb_sidebar][et_pb_image src=\u00a0\u00bbhttps:\/\/liuto-forte.de\/wp-content\/uploads\/2019\/01\/akt_8.jpg\u00a0\u00bb title_text=\u00a0\u00bbakt_8&Prime; _builder_version=\u00a0\u00bb4.27.5&Prime; _module_preset=\u00a0\u00bbdefault\u00a0\u00bb global_colors_info=\u00a0\u00bb{}\u00a0\u00bb][\/et_pb_image][\/et_pb_column][et_pb_column type=\u00a0\u00bb3_4&Prime; _builder_version=\u00a0\u00bb4.16&Prime; custom_padding=\u00a0\u00bb|||\u00a0\u00bb global_colors_info=\u00a0\u00bb{}\u00a0\u00bb custom_padding__hover=\u00a0\u00bb|||\u00a0\u00bb][et_pb_text admin_label=\u00a0\u00bbTitel: \u00a0\u00bb _builder_version=\u00a0\u00bb4.19.3&Prime; global_colors_info=\u00a0\u00bb{}\u00a0\u00bb]<\/p>\n<h1>Occasions<\/h1>\n<p>[\/et_pb_text][et_pb_text disabled_on=\u00a0\u00bbon|on|on\u00a0\u00bb _builder_version=\u00a0\u00bb4.27.5&Prime; global_colors_info=\u00a0\u00bb{}\u00a0\u00bb disabled=\u00a0\u00bbon\u00a0\u00bb]<\/p>\n<p>Malheureusement, aucun instrument n&rsquo;est actuellement en vente \u00e0 prix r\u00e9duit.<\/p>\n<p>[\/et_pb_text][et_pb_text disabled_on=\u00a0\u00bboff|off|off\u00a0\u00bb _builder_version=\u00a0\u00bb4.27.5&Prime; min_height=\u00a0\u00bb119px\u00a0\u00bb custom_padding=\u00a0\u00bb||50px|||\u00a0\u00bb locked=\u00a0\u00bboff\u00a0\u00bb global_colors_info=\u00a0\u00bb{}\u00a0\u00bb]<\/p>\n<p>Nous proposons actuellement \u00e0 des prix r\u00e9duits les instruments de d\u00e9monstration suivants, provenant du stock de la soci\u00e9t\u00e9 Liuto forte GmbH (<strong>les prix s\u2019entendent TVA comprise et \u00e9tui compris<\/strong>).<br \/>Si un de ces instruments vous int\u00e9resse ou que vous souhaitez de plus amples informations, <a href=\"mailto:mail@liuto-forte.com\">veuillez nous contacter<\/a> :<\/p>\n<p>[\/et_pb_text][et_pb_text disabled_on=\u00a0\u00bboff|off|off\u00a0\u00bb _builder_version=\u00a0\u00bb4.27.6&Prime; header_font_size=\u00a0\u00bb24px\u00a0\u00bb custom_padding=\u00a0\u00bb0px|||||\u00a0\u00bb hover_enabled=\u00a0\u00bb0&Prime; global_colors_info=\u00a0\u00bb{}\u00a0\u00bb theme_builder_area=\u00a0\u00bbpost_content\u00a0\u00bb sticky_enabled=\u00a0\u00bb0&Prime;]<\/p>\n<h2>Tiorba forte, ann\u00e9e de fabrication 2020<\/h2>\n<p class=\"p1\">corps en palissandre, <br \/>longueur des cordes 82\/120 cm, <br \/>comme neuf, aucune trace d&rsquo;utilisation, pour 75 % du prix neuf :<\/p>\n<p><strong>Prix: 5.685 \u20ac (\u00e9tui et TVA compris)<\/strong><\/p>\n<ul class=\"et_post_gallery clearfix\">\n\t\t\t\t\t<li class=\"et_gallery_item et_pb_gallery_image\">\n\t\t\t\t\t\t<a href=\"https:\/\/liuto-forte.de\/wp-content\/uploads\/2026\/03\/DSC_3988-scaled.jpg\" title=\"DSC_3988\">\n\t\t\t\t\t\t\t<span class=\"et_portfolio_image\">\n\t\t\t\t\t\t\t\t<img loading=\"lazy\" decoding=\"async\" width=\"400\" height=\"284\" src=\"https:\/\/liuto-forte.de\/wp-content\/uploads\/2026\/03\/DSC_3988-400x284.jpg\" class=\"attachment-et-pb-portfolio-image size-et-pb-portfolio-image\" alt=\"\" \/>\n\t\t\t\t\t\t\t\t<span class=\"et_overlay\"><\/span>\n\t\t\t\t\t\t\t<\/span>\n\t\t\t\t\t\t<\/a>\n\t\t\t\t\t\t\n\t\t\t\t\t<\/li><li class=\"et_gallery_item et_pb_gallery_image\">\n\t\t\t\t\t\t<a href=\"https:\/\/liuto-forte.de\/wp-content\/uploads\/2026\/03\/DSC_3990-scaled.jpg\" title=\"DSC_3990\">\n\t\t\t\t\t\t\t<span class=\"et_portfolio_image\">\n\t\t\t\t\t\t\t\t<img loading=\"lazy\" decoding=\"async\" width=\"400\" height=\"284\" src=\"https:\/\/liuto-forte.de\/wp-content\/uploads\/2026\/03\/DSC_3990-400x284.jpg\" class=\"attachment-et-pb-portfolio-image size-et-pb-portfolio-image\" alt=\"\" \/>\n\t\t\t\t\t\t\t\t<span class=\"et_overlay\"><\/span>\n\t\t\t\t\t\t\t<\/span>\n\t\t\t\t\t\t<\/a>\n\t\t\t\t\t\t\n\t\t\t\t\t<\/li><li class=\"et_gallery_item et_pb_gallery_image\">\n\t\t\t\t\t\t<a href=\"https:\/\/liuto-forte.de\/wp-content\/uploads\/2026\/03\/DSC_3994-scaled.jpg\" title=\"DSC_3994\">\n\t\t\t\t\t\t\t<span class=\"et_portfolio_image\">\n\t\t\t\t\t\t\t\t<img loading=\"lazy\" decoding=\"async\" width=\"400\" height=\"284\" src=\"https:\/\/liuto-forte.de\/wp-content\/uploads\/2026\/03\/DSC_3994-400x284.jpg\" class=\"attachment-et-pb-portfolio-image size-et-pb-portfolio-image\" alt=\"\" \/>\n\t\t\t\t\t\t\t\t<span class=\"et_overlay\"><\/span>\n\t\t\t\t\t\t\t<\/span>\n\t\t\t\t\t\t<\/a>\n\t\t\t\t\t\t\n\t\t\t\t\t<\/li><li class=\"et_gallery_item et_pb_gallery_image\">\n\t\t\t\t\t\t<a href=\"https:\/\/liuto-forte.de\/wp-content\/uploads\/2026\/03\/DSC_3998-scaled.jpg\" title=\"DSC_3998\">\n\t\t\t\t\t\t\t<span class=\"et_portfolio_image\">\n\t\t\t\t\t\t\t\t<img loading=\"lazy\" decoding=\"async\" width=\"400\" height=\"284\" src=\"https:\/\/liuto-forte.de\/wp-content\/uploads\/2026\/03\/DSC_3998-400x284.jpg\" class=\"attachment-et-pb-portfolio-image size-et-pb-portfolio-image\" alt=\"\" \/>\n\t\t\t\t\t\t\t\t<span class=\"et_overlay\"><\/span>\n\t\t\t\t\t\t\t<\/span>\n\t\t\t\t\t\t<\/a>\n\t\t\t\t\t\t\n\t\t\t\t\t<\/li><li class=\"et_gallery_item et_pb_gallery_image\">\n\t\t\t\t\t\t<a href=\"https:\/\/liuto-forte.de\/wp-content\/uploads\/2026\/03\/DSC_3999-scaled.jpg\" title=\"DSC_3999\">\n\t\t\t\t\t\t\t<span class=\"et_portfolio_image\">\n\t\t\t\t\t\t\t\t<img loading=\"lazy\" decoding=\"async\" width=\"400\" height=\"284\" src=\"https:\/\/liuto-forte.de\/wp-content\/uploads\/2026\/03\/DSC_3999-400x284.jpg\" class=\"attachment-et-pb-portfolio-image size-et-pb-portfolio-image\" alt=\"\" \/>\n\t\t\t\t\t\t\t\t<span class=\"et_overlay\"><\/span>\n\t\t\t\t\t\t\t<\/span>\n\t\t\t\t\t\t<\/a>\n\t\t\t\t\t\t\n\t\t\t\t\t<\/li>\n\t\t\t\t<\/ul>\n<p>[\/et_pb_text][et_pb_text disabled_on=\u00a0\u00bboff|off|off\u00a0\u00bb _builder_version=\u00a0\u00bb4.27.6&Prime; header_font_size=\u00a0\u00bb24px\u00a0\u00bb custom_padding=\u00a0\u00bb63px|||||\u00a0\u00bb hover_enabled=\u00a0\u00bb0&Prime; global_colors_info=\u00a0\u00bb{}\u00a0\u00bb theme_builder_area=\u00a0\u00bbpost_content\u00a0\u00bb sticky_enabled=\u00a0\u00bb0&Prime;]<\/p>\n<h2>Liuto forte en mi (accordage guitare ou luth t\u00e9nor),<br \/>ann\u00e9e de fabrication 2009<\/h2>\n<p>10 cordes, longueur des cordes 64 cm, <br \/>corps en palissandre, <br \/>l\u00e9g\u00e8res traces d&rsquo;utilisation, avec \u00e9tui<\/p>\n<p><strong>Prix: 3.900 \u20ac<\/strong><\/p>\n<ul class=\"et_post_gallery clearfix\">\n\t\t\t\t\t<li class=\"et_gallery_item et_pb_gallery_image\">\n\t\t\t\t\t\t<a href=\"https:\/\/liuto-forte.de\/wp-content\/uploads\/2026\/03\/Slice1.png\" title=\"Slice1\">\n\t\t\t\t\t\t\t<span class=\"et_portfolio_image\">\n\t\t\t\t\t\t\t\t<img loading=\"lazy\" decoding=\"async\" width=\"400\" height=\"284\" src=\"https:\/\/liuto-forte.de\/wp-content\/uploads\/2026\/03\/Slice1-400x284.png\" class=\"attachment-et-pb-portfolio-image size-et-pb-portfolio-image\" alt=\"\" \/>\n\t\t\t\t\t\t\t\t<span class=\"et_overlay\"><\/span>\n\t\t\t\t\t\t\t<\/span>\n\t\t\t\t\t\t<\/a>\n\t\t\t\t\t\t\n\t\t\t\t\t<\/li><li class=\"et_gallery_item et_pb_gallery_image\">\n\t\t\t\t\t\t<a href=\"https:\/\/liuto-forte.de\/wp-content\/uploads\/2026\/03\/Slice2.png\" title=\"Slice2\">\n\t\t\t\t\t\t\t<span class=\"et_portfolio_image\">\n\t\t\t\t\t\t\t\t<img loading=\"lazy\" decoding=\"async\" width=\"400\" height=\"284\" src=\"https:\/\/liuto-forte.de\/wp-content\/uploads\/2026\/03\/Slice2-400x284.png\" class=\"attachment-et-pb-portfolio-image size-et-pb-portfolio-image\" alt=\"\" \/>\n\t\t\t\t\t\t\t\t<span class=\"et_overlay\"><\/span>\n\t\t\t\t\t\t\t<\/span>\n\t\t\t\t\t\t<\/a>\n\t\t\t\t\t\t\n\t\t\t\t\t<\/li><li class=\"et_gallery_item et_pb_gallery_image\">\n\t\t\t\t\t\t<a href=\"https:\/\/liuto-forte.de\/wp-content\/uploads\/2026\/03\/Slice3.png\" title=\"Slice3\">\n\t\t\t\t\t\t\t<span class=\"et_portfolio_image\">\n\t\t\t\t\t\t\t\t<img loading=\"lazy\" decoding=\"async\" width=\"400\" height=\"284\" src=\"https:\/\/liuto-forte.de\/wp-content\/uploads\/2026\/03\/Slice3-400x284.png\" class=\"attachment-et-pb-portfolio-image size-et-pb-portfolio-image\" alt=\"\" \/>\n\t\t\t\t\t\t\t\t<span class=\"et_overlay\"><\/span>\n\t\t\t\t\t\t\t<\/span>\n\t\t\t\t\t\t<\/a>\n\t\t\t\t\t\t\n\t\t\t\t\t<\/li><li class=\"et_gallery_item et_pb_gallery_image\">\n\t\t\t\t\t\t<a href=\"https:\/\/liuto-forte.de\/wp-content\/uploads\/2026\/03\/Slice4.png\" title=\"Slice4\">\n\t\t\t\t\t\t\t<span class=\"et_portfolio_image\">\n\t\t\t\t\t\t\t\t<img loading=\"lazy\" decoding=\"async\" width=\"394\" height=\"284\" src=\"https:\/\/liuto-forte.de\/wp-content\/uploads\/2026\/03\/Slice4-394x284.png\" class=\"attachment-et-pb-portfolio-image size-et-pb-portfolio-image\" alt=\"\" \/>\n\t\t\t\t\t\t\t\t<span class=\"et_overlay\"><\/span>\n\t\t\t\t\t\t\t<\/span>\n\t\t\t\t\t\t<\/a>\n\t\t\t\t\t\t\n\t\t\t\t\t<\/li>\n\t\t\t\t<\/ul>\n<p>[\/et_pb_text][\/et_pb_column][\/et_pb_row][\/et_pb_section]<\/p>\n","protected":false},"excerpt":{"rendered":"<p>OccasionsMalheureusement, aucun instrument n&rsquo;est actuellement en vente \u00e0 prix r\u00e9duit.Nous proposons actuellement \u00e0 des prix r\u00e9duits les instruments de d\u00e9monstration suivants, provenant du stock de la soci\u00e9t\u00e9 Liuto forte GmbH (les prix s\u2019entendent TVA comprise et \u00e9tui compris).Si un de ces instruments vous int\u00e9resse ou que vous souhaitez de plus amples informations, veuillez nous contacter [&hellip;]<\/p>\n","protected":false},"author":1,"featured_media":0,"parent":4059,"menu_order":0,"comment_status":"closed","ping_status":"closed","template":"","meta":{"_et_pb_use_builder":"on","_et_pb_old_content":"<p>[et_pb_section fb_built=\"1\" _builder_version=\"3.22\"][et_pb_row column_structure=\"1_4,3_4\" _builder_version=\"3.25\" background_size=\"initial\" background_position=\"top_left\" background_repeat=\"repeat\"][et_pb_column type=\"1_4\" _builder_version=\"3.25\" custom_padding=\"|||\" custom_padding__hover=\"|||\"][et_pb_sidebar area=\"et_pb_widget_area_1\" admin_label=\"Seitenleiste:\" _builder_version=\"4.4.1\" header_line_height=\"1.7em\" body_font=\"||||||||\" body_line_height=\"1.3em\" max_width=\"100%\" custom_margin=\"||\" custom_padding=\"||\" global_module=\"248\" saved_tabs=\"all\"][\/et_pb_sidebar][\/et_pb_column][et_pb_column type=\"3_4\" _builder_version=\"3.25\" custom_padding=\"|||\" custom_padding__hover=\"|||\"][et_pb_text admin_label=\"Titel: \" _builder_version=\"3.27.4\"]<\/p><h1>Occasionen<\/h1><p>[\/et_pb_text][et_pb_text disabled_on=\"off|off|off\" _builder_version=\"3.27.4\" min_height=\"177px\"]<\/p><p><img class=\"alignleft size-full wp-image-3890\" src=\"https:\/\/liuto-forte.de\/wp-content\/uploads\/2019\/01\/akt_8.jpg\" alt=\"\" width=\"210\" height=\"158\" \/>Aus dem Bestand der Liuto forte GmbH sind derzeit folgende Demonstrationsinstrumente im Bestzustand zu reduzierten Preisen in Angebot <strong>(die Preise verstehen sich inklusive Etui und Mehrwertsteuer)<\/strong>. Bitte kontaktieren Sie uns, sofern Sie sich f\u00fcr eines dieser Instrumente interessieren oder n\u00e4here Informationen w\u00fcnschen:<\/p><p>\u00a0<\/p><p>[\/et_pb_text][et_pb_text disabled_on=\"off|off|off\" _builder_version=\"4.8.2\" custom_padding=\"0px|||||\" hover_enabled=\"0\" sticky_enabled=\"0\"]<\/p><ul><li><strong style=\"font-size: 14px;\">Bachlaute, Kopie des historischen Vorbildes,<\/strong><span style=\"font-size: 14px;\"> 16 Saiten, Korpusholz Bubinga, traditionelle Wirbel,<br \/><\/span><strong style=\"font-size: 14px;\">Preis inklusive 19% Mwst. und Etui: 6.300 \u20ac<\/strong><span style=\"font-size: 14px;\"> \u00a0(Neupreis 6.937 \u20ac) zuz\u00fcglich Versandkosten<\/span><div>(Preis f\u00fcr Kunden au\u00dferhalb der Europ\u00e4ischen Union 5.830 \u20ac zuz\u00fcglich Versandkosten)<\/div><p><a href=\"https:\/\/liuto-forte.de\/project\/liuto-forte-in-d-bachlaute-kopie-des-historischen-vorbildes\/\" target=\"_blank\" rel=\"noopener noreferrer\">Details<\/a><\/p><\/li><\/ul><p>[\/et_pb_text][et_pb_text disabled_on=\"on|on|on\" _builder_version=\"3.27.4\" disabled=\"on\"]<img class=\"alignleft size-full wp-image-3890\" src=\"https:\/\/liuto-forte.de\/wp-content\/uploads\/2019\/01\/akt_8.jpg\" alt=\"\" width=\"210\" height=\"158\" \/>Zur Zeit sind leider keine Instrumente zu reduzierten Preisen im Angebot.<\/p><p>\u00a0<br \/>[\/et_pb_text][\/et_pb_column][\/et_pb_row][\/et_pb_section]<\/p>","_et_gb_content_width":"","_exactmetrics_skip_tracking":false,"_exactmetrics_sitenote_active":false,"_exactmetrics_sitenote_note":"","_exactmetrics_sitenote_category":0,"footnotes":""},"class_list":["post-4078","page","type-page","status-publish","hentry"],"_links":{"self":[{"href":"https:\/\/liuto-forte.de\/fr\/wp-json\/wp\/v2\/pages\/4078","targetHints":{"allow":["GET"]}}],"collection":[{"href":"https:\/\/liuto-forte.de\/fr\/wp-json\/wp\/v2\/pages"}],"about":[{"href":"https:\/\/liuto-forte.de\/fr\/wp-json\/wp\/v2\/types\/page"}],"author":[{"embeddable":true,"href":"https:\/\/liuto-forte.de\/fr\/wp-json\/wp\/v2\/users\/1"}],"replies":[{"embeddable":true,"href":"https:\/\/liuto-forte.de\/fr\/wp-json\/wp\/v2\/comments?post=4078"}],"version-history":[{"count":9,"href":"https:\/\/liuto-forte.de\/fr\/wp-json\/wp\/v2\/pages\/4078\/revisions"}],"predecessor-version":[{"id":5530,"href":"https:\/\/liuto-forte.de\/fr\/wp-json\/wp\/v2\/pages\/4078\/revisions\/5530"}],"up":[{"embeddable":true,"href":"https:\/\/liuto-forte.de\/fr\/wp-json\/wp\/v2\/pages\/4059"}],"wp:attachment":[{"href":"https:\/\/liuto-forte.de\/fr\/wp-json\/wp\/v2\/media?parent=4078"}],"curies":[{"name":"wp","href":"https:\/\/api.w.org\/{rel}","templated":true}]}}