{"id":4087,"date":"2022-12-16T10:21:01","date_gmt":"2022-12-16T09:21:01","guid":{"rendered":"https:\/\/liuto-forte.de\/?page_id=4087"},"modified":"2024-07-24T11:47:08","modified_gmt":"2024-07-24T09:47:08","slug":"saiten-zubehor","status":"publish","type":"page","link":"https:\/\/liuto-forte.de\/fr\/willkommen\/saiten-zubehor\/","title":{"rendered":"Saiten &#038; Zubeh\u00f6r"},"content":{"rendered":"<p>[et_pb_section fb_built=\u00a0\u00bb1&Prime; _builder_version=\u00a0\u00bb4.16&Prime; background_image=\u00a0\u00bbhttps:\/\/liuto-forte.de\/wp-content\/uploads\/2019\/01\/hg_1-1.jpg\u00a0\u00bb global_colors_info=\u00a0\u00bb{}\u00a0\u00bb][et_pb_row _builder_version=\u00a0\u00bb4.16&Prime; background_size=\u00a0\u00bbinitial\u00a0\u00bb background_position=\u00a0\u00bbtop_left\u00a0\u00bb background_repeat=\u00a0\u00bbrepeat\u00a0\u00bb global_colors_info=\u00a0\u00bb{}\u00a0\u00bb][et_pb_column type=\u00a0\u00bb4_4&Prime; _builder_version=\u00a0\u00bb4.16&Prime; custom_padding=\u00a0\u00bb|||\u00a0\u00bb global_colors_info=\u00a0\u00bb{}\u00a0\u00bb custom_padding__hover=\u00a0\u00bb|||\u00a0\u00bb][et_pb_text admin_label=\u00a0\u00bbText: Liuto forte &#8211; Saiten\u00a0\u00bb _builder_version=\u00a0\u00bb4.19.5&Prime; header_text_color=\u00a0\u00bb#d0b17a\u00a0\u00bb background_layout=\u00a0\u00bbdark\u00a0\u00bb global_colors_info=\u00a0\u00bb{}\u00a0\u00bb]<\/p>\n<h1>Liuto forte \u2013 les cordes<\/h1>\n<p><img loading=\"lazy\" decoding=\"async\" class=\"wp-image-4089 alignright size-full\" src=\"https:\/\/liuto-forte.de\/wp-content\/uploads\/2019\/01\/detail_saiten.png\" alt=\"\" width=\"370\" height=\"370\" srcset=\"https:\/\/liuto-forte.de\/wp-content\/uploads\/2019\/01\/detail_saiten.png 1046w, https:\/\/liuto-forte.de\/wp-content\/uploads\/2019\/01\/detail_saiten-150x150.png 150w, https:\/\/liuto-forte.de\/wp-content\/uploads\/2019\/01\/detail_saiten-300x300.png 300w, https:\/\/liuto-forte.de\/wp-content\/uploads\/2019\/01\/detail_saiten-768x769.png 768w, https:\/\/liuto-forte.de\/wp-content\/uploads\/2019\/01\/detail_saiten-1024x1024.png 1024w\" sizes=\"(max-width: 370px) 100vw, 370px\" \/><\/p>\n<p>Pour un instrument de qualit\u00e9 moyenne, il suffirait d\u2019utiliser des cordes de qualit\u00e9 moyenne. En revanche, un instrument parfaitement \u00e9quilibr\u00e9 devra \u00eatre mont\u00e9 de cordes d\u2019un \u00e9quilibre parfait. C\u2019est pourquoi, d\u00e8s le d\u00e9but, nous avons apport\u00e9 \u00e0 la fabrication de jeux de cordes de haute qualit\u00e9 pour les Liuti forti le m\u00eame soin qu\u2019\u00e0 la facture des instruments. Les cordes pour Liuti forti sont fabriqu\u00e9es selon les donn\u00e9es pr\u00e9cises de ma\u00eetres cordiers professionnels. Elles sont faites sur mesure pour chaque mod\u00e8le particulier.<\/p>\n<p>A partir d\u2019un \u00e9ventail gradu\u00e9 avec la plus extr\u00eame finesse, nous sommes en mesure de respecter les plus petites variantes, non seulement en ce qui concerne les diff\u00e9rences d\u2019un instrument \u00e0 l\u2019autre, mais aussi de tenir compte des pr\u00e9f\u00e9rences particuli\u00e8res de l\u2019instrumentiste. Ceci est unique au monde parmi les facteurs d\u2019instruments \u00e0 cordes pinc\u00e9es.<\/p>\n<p>Les cordes pour Liuto forte ne se trouvent pas dans le commerce, le client doit les commander directement aupr\u00e8s de la firme qui les fabrique, \u00ab\u00a0Pyramid\u00a0\u00bb. Comme il s\u2019agit d\u2019une fabrication sp\u00e9ciale, il faut compter un d\u00e9lai d\u2019env. 2 semaines. Nous vous conseillons donc de faire une r\u00e9serve suffisante de cordes sur la touche, qui sont celles qui s\u2019usent le plus vite.<br \/>Chaque instrument une fois termin\u00e9 est accompagn\u00e9 d\u2019un document pr\u00e9cisant l\u2019encordement qui lui convient, toute modification ult\u00e9rieure \u00e9tant mise en m\u00e9moire. Nous sommes ainsi en mesure de r\u00e9pondre aux d\u00e9sirs individuels de modification apr\u00e8s livraison de l\u2019instrument.<\/p>\n<p><strong>Pyramid<\/strong><br \/>Postfach 6<br \/>Sudetenstra\u00dfe 41-43<br \/>D-91088 Bubenreuth\/Erlangen<\/p>\n<p>T\u00e9l. : +49 (0) 9131 \u2013 2 40 65 (Madame Sabine Holz)<br \/>Fax : +49 (0) 9131 \u2013 20 66 42<br \/>email: <span style=\"color: #d0b17a;\"><a href=\"mailto:s.holz@pyramid-saiten.de\" target=\"_blank\" rel=\"noopener\" style=\"color: #d0b17a;\">s.holz@pyramid-saiten.de<\/a><\/span> (Madame Sabine Holz)<\/p>\n<p>[\/et_pb_text][\/et_pb_column][\/et_pb_row][\/et_pb_section][et_pb_section fb_built=\u00a0\u00bb1&Prime; _builder_version=\u00a0\u00bb4.16&Prime; background_color=\u00a0\u00bb#f2ebeb\u00a0\u00bb global_colors_info=\u00a0\u00bb{}\u00a0\u00bb][et_pb_row column_structure=\u00a0\u00bb1_2,1_2&Prime; _builder_version=\u00a0\u00bb4.16&Prime; background_size=\u00a0\u00bbinitial\u00a0\u00bb background_position=\u00a0\u00bbtop_left\u00a0\u00bb background_repeat=\u00a0\u00bbrepeat\u00a0\u00bb global_colors_info=\u00a0\u00bb{}\u00a0\u00bb][et_pb_column type=\u00a0\u00bb1_2&Prime; _builder_version=\u00a0\u00bb4.16&Prime; custom_padding=\u00a0\u00bb|||\u00a0\u00bb global_colors_info=\u00a0\u00bb{}\u00a0\u00bb custom_padding__hover=\u00a0\u00bb|||\u00a0\u00bb][et_pb_image src=\u00a0\u00bbhttps:\/\/liuto-forte.de\/wp-content\/uploads\/2019\/01\/detail_koffer.png\u00a0\u00bb align_tablet=\u00a0\u00bbcenter\u00a0\u00bb align_phone=\u00a0\u00bbcenter\u00a0\u00bb align_last_edited=\u00a0\u00bbon|desktop\u00a0\u00bb _builder_version=\u00a0\u00bb4.16&Prime; global_colors_info=\u00a0\u00bb{}\u00a0\u00bb][\/et_pb_image][\/et_pb_column][et_pb_column type=\u00a0\u00bb1_2&Prime; _builder_version=\u00a0\u00bb4.16&Prime; custom_padding=\u00a0\u00bb|||\u00a0\u00bb global_colors_info=\u00a0\u00bb{}\u00a0\u00bb custom_padding__hover=\u00a0\u00bb|||\u00a0\u00bb][et_pb_text admin_label=\u00a0\u00bbText: Ma\u00dfgefertigte Etuis\u00a0\u00bb _builder_version=\u00a0\u00bb4.19.3&Prime; global_colors_info=\u00a0\u00bb{}\u00a0\u00bb]<\/p>\n<h2>Etuis sur mesure<\/h2>\n<p>Nos \u00e9tuis sont fournis par divers fabricants europ\u00e9ens et, comme nos instruments, sont de la plus haute qualit\u00e9 artisanale. Chaque mod\u00e8le est fabriqu\u00e9 sur mesure.<br \/>Nous remettons l\u2019\u00e9tui au client au prix du fabricant \u2013 moyennant un petit forfait pour les frais divers.<\/p>\n<p>[\/et_pb_text][\/et_pb_column][\/et_pb_row][\/et_pb_section][et_pb_section fb_built=\u00a0\u00bb1&Prime; _builder_version=\u00a0\u00bb4.16&Prime; background_image=\u00a0\u00bbhttps:\/\/liuto-forte.de\/wp-content\/uploads\/2019\/01\/hg_1-1.jpg\u00a0\u00bb global_colors_info=\u00a0\u00bb{}\u00a0\u00bb][et_pb_row column_structure=\u00a0\u00bb3_5,2_5&Prime; _builder_version=\u00a0\u00bb4.16&Prime; background_size=\u00a0\u00bbinitial\u00a0\u00bb background_position=\u00a0\u00bbtop_left\u00a0\u00bb background_repeat=\u00a0\u00bbrepeat\u00a0\u00bb global_colors_info=\u00a0\u00bb{}\u00a0\u00bb][et_pb_column type=\u00a0\u00bb3_5&Prime; _builder_version=\u00a0\u00bb4.16&Prime; custom_padding=\u00a0\u00bb|||\u00a0\u00bb global_colors_info=\u00a0\u00bb{}\u00a0\u00bb custom_padding__hover=\u00a0\u00bb|||\u00a0\u00bb][et_pb_text admin_label=\u00a0\u00bbText: Kapodaster\u00a0\u00bb _builder_version=\u00a0\u00bb4.19.5&Prime; header_text_color=\u00a0\u00bb#d0b17a\u00a0\u00bb background_layout=\u00a0\u00bbdark\u00a0\u00bb custom_padding=\u00a0\u00bb||1px|||\u00a0\u00bb global_colors_info=\u00a0\u00bb{}\u00a0\u00bb]<\/p>\n<h1>Capodastres<\/h1>\n<p>Nos capodastres, sp\u00e9cialement adapt\u00e9s pour les diff\u00e9rentes largeurs de manche des Liuti forti, sont produits par la firme Shubb. On peut les commander directement \u2013 en indiquant le mod\u00e8le de Liuto forte et la largeur du manche \u00e0 la deuxi\u00e8me frette (distance entre la corde sur la touche la plus aigu\u00eb et la plus grave, plus 6 mm) \u2013 \u00e0 l\u2019adresse suivante :<\/p>\n<p><strong>Gitarrenatelier Hermann Gr\u00e4fe<\/strong><br \/>Brauhausstr. 2, 97461 Hofheim\/Lendershausen<br \/>T\u00e9l\u00e9phone : +49 9523 &#8211; 848<br \/>email: <span style=\"color: #d0b17a;\"><a href=\"mailto:Hermann.Graefe@t-online.de\" target=\"_blank\" rel=\"noopener\" style=\"color: #d0b17a;\">Hermann.Graefe@t-online.de<\/a><\/span><\/p>\n<p>[\/et_pb_text][\/et_pb_column][et_pb_column type=\u00a0\u00bb2_5&Prime; _builder_version=\u00a0\u00bb4.16&Prime; custom_padding=\u00a0\u00bb|||\u00a0\u00bb global_colors_info=\u00a0\u00bb{}\u00a0\u00bb custom_padding__hover=\u00a0\u00bb|||\u00a0\u00bb][et_pb_image src=\u00a0\u00bbhttps:\/\/liuto-forte.de\/wp-content\/uploads\/2019\/01\/detail_kapo.png\u00a0\u00bb align=\u00a0\u00bbcenter\u00a0\u00bb align_tablet=\u00a0\u00bbcenter\u00a0\u00bb align_phone=\u00a0\u00bbcenter\u00a0\u00bb align_last_edited=\u00a0\u00bbon|desktop\u00a0\u00bb _builder_version=\u00a0\u00bb4.16&Prime; global_colors_info=\u00a0\u00bb{}\u00a0\u00bb][\/et_pb_image][\/et_pb_column][\/et_pb_row][\/et_pb_section][et_pb_section fb_built=\u00a0\u00bb1&Prime; _builder_version=\u00a0\u00bb4.16&Prime; background_color=\u00a0\u00bb#f2ebeb\u00a0\u00bb global_colors_info=\u00a0\u00bb{}\u00a0\u00bb][et_pb_row _builder_version=\u00a0\u00bb4.16&Prime; background_size=\u00a0\u00bbinitial\u00a0\u00bb background_position=\u00a0\u00bbtop_left\u00a0\u00bb background_repeat=\u00a0\u00bbrepeat\u00a0\u00bb global_colors_info=\u00a0\u00bb{}\u00a0\u00bb][et_pb_column type=\u00a0\u00bb4_4&Prime; _builder_version=\u00a0\u00bb4.16&Prime; custom_padding=\u00a0\u00bb|||\u00a0\u00bb global_colors_info=\u00a0\u00bb{}\u00a0\u00bb custom_padding__hover=\u00a0\u00bb|||\u00a0\u00bb][et_pb_text admin_label=\u00a0\u00bbText: St\u00fctzen\u00a0\u00bb _builder_version=\u00a0\u00bb4.19.5&Prime; global_colors_info=\u00a0\u00bb{}\u00a0\u00bb]<\/p>\n<h1>Supports de luth<\/h1>\n<p>Pour les liuti forti \u00e0 c\u00f4tes vernies, les supports de la marque Ergoplay tels ceux que connaissent les guitaristes peuvent \u00eatre utilis\u00e9s. \u00c9tant donn\u00e9 que les c\u00f4tes d\u2019un luth sont tr\u00e8s fines et moins r\u00e9sistantes aux cassures que les \u00e9clisses d\u2019une guitare, il faut placer ce support avec pr\u00e9cautions. Plus d\u2019informations sur le site ErgoPlay : www.tappert.de\/liuto-forte.html<\/p>\n<p><a href=\"http:\/\/www.tappert.de\/ergoplay.html\" target=\"_blank\" rel=\"noopener\">www.tappert.de<\/a><\/p>\n<p><a href=\"http:\/\/www.ergoplay.de\/\" target=\"_blank\" rel=\"noopener\">www.ergoplay.de<\/a><\/p>\n<p>[\/et_pb_text][\/et_pb_column][\/et_pb_row][\/et_pb_section][et_pb_section fb_built=\u00a0\u00bb1&Prime; _builder_version=\u00a0\u00bb4.16&Prime; background_image=\u00a0\u00bbhttps:\/\/liuto-forte.de\/wp-content\/uploads\/2019\/01\/hg_1-1.jpg\u00a0\u00bb global_colors_info=\u00a0\u00bb{}\u00a0\u00bb disabled_on=\u00a0\u00bbon|on|on\u00a0\u00bb disabled=\u00a0\u00bbon\u00a0\u00bb][et_pb_row column_structure=\u00a0\u00bb1_2,1_2&Prime; _builder_version=\u00a0\u00bb4.16&Prime; background_size=\u00a0\u00bbinitial\u00a0\u00bb background_position=\u00a0\u00bbtop_left\u00a0\u00bb background_repeat=\u00a0\u00bbrepeat\u00a0\u00bb global_colors_info=\u00a0\u00bb{}\u00a0\u00bb][et_pb_column type=\u00a0\u00bb1_2&Prime; _builder_version=\u00a0\u00bb4.16&Prime; custom_padding=\u00a0\u00bb|||\u00a0\u00bb global_colors_info=\u00a0\u00bb{}\u00a0\u00bb custom_padding__hover=\u00a0\u00bb|||\u00a0\u00bb][et_pb_text admin_label=\u00a0\u00bbText: Haltegurte\u00a0\u00bb _builder_version=\u00a0\u00bb4.19.5&Prime; header_text_color=\u00a0\u00bb#d0b17a\u00a0\u00bb background_layout=\u00a0\u00bbdark\u00a0\u00bb global_colors_info=\u00a0\u00bb{}\u00a0\u00bb]<\/p>\n<h1>Bandouli\u00e8res<\/h1>\n<p>Vous trouverez des bandouli\u00e8res adapt\u00e9es aux instruments et de tr\u00e8s belle qualit\u00e9 chez<\/p>\n<p><strong>Dieter Schossig<\/strong><br \/><strong>Historische Musikinstrumente<\/strong><br \/>Zupfinstrumentenmacher<br \/>Nibelungenstrasse 10 B<br \/>D-85098 Gro\u00dfmehring<\/p>\n<p><span style=\"color: #d0b17a;\"><a href=\"https:\/\/www.schossig-lautenbau.de\/zubehoer2.html\" target=\"_blank\" rel=\"noopener\" style=\"color: #d0b17a;\">www.schossig-lautenbau.de<\/a><\/span><\/p>\n<p>[\/et_pb_text][\/et_pb_column][et_pb_column type=\u00a0\u00bb1_2&Prime; _builder_version=\u00a0\u00bb4.16&Prime; custom_padding=\u00a0\u00bb|||\u00a0\u00bb global_colors_info=\u00a0\u00bb{}\u00a0\u00bb custom_padding__hover=\u00a0\u00bb|||\u00a0\u00bb][et_pb_image src=\u00a0\u00bbhttps:\/\/liuto-forte.de\/wp-content\/uploads\/2019\/02\/haltegurte.png\u00a0\u00bb align_tablet=\u00a0\u00bbcenter\u00a0\u00bb align_phone=\u00a0\u00bbcenter\u00a0\u00bb align_last_edited=\u00a0\u00bbon|desktop\u00a0\u00bb _builder_version=\u00a0\u00bb4.16&Prime; global_colors_info=\u00a0\u00bb{}\u00a0\u00bb][\/et_pb_image][\/et_pb_column][\/et_pb_row][\/et_pb_section]<\/p>\n","protected":false},"excerpt":{"rendered":"<p>Liuto forte \u2013 les cordes Pour un instrument de qualit\u00e9 moyenne, il suffirait d\u2019utiliser des cordes de qualit\u00e9 moyenne. En revanche, un instrument parfaitement \u00e9quilibr\u00e9 devra \u00eatre mont\u00e9 de cordes d\u2019un \u00e9quilibre parfait. C\u2019est pourquoi, d\u00e8s le d\u00e9but, nous avons apport\u00e9 \u00e0 la fabrication de jeux de cordes de haute qualit\u00e9 pour les Liuti forti [&hellip;]<\/p>\n","protected":false},"author":1,"featured_media":0,"parent":2982,"menu_order":0,"comment_status":"closed","ping_status":"closed","template":"","meta":{"_et_pb_use_builder":"on","_et_pb_old_content":"<p>[:de _i=\"0\" _address=\"0\" \/][et_pb_section fb_built=\"1\" _builder_version=\"3.19.6\" background_image=\"https:\/\/liuto-forte.de\/wp-content\/uploads\/2019\/01\/hg_1-1.jpg\"][et_pb_row _builder_version=\"3.0.48\" background_size=\"initial\" background_position=\"top_left\" background_repeat=\"repeat\"][et_pb_column type=\"4_4\" _builder_version=\"3.0.47\" parallax=\"off\" parallax_method=\"on\"][et_pb_text admin_label=\"Text: Liuto forte - Saiten\" _builder_version=\"3.19.11\" header_text_color=\"#d0b17a\" background_layout=\"dark\"]<\/p><h1>Liuto forte - Saiten<\/h1><p><img class=\"wp-image-4089 alignright size-full\" src=\"https:\/\/liuto-forte.de\/wp-content\/uploads\/2019\/01\/detail_saiten.png\" alt=\"\" width=\"370\" height=\"370\" \/>F\u00fcr durchschnittliche Instrumente m\u00f6gen durchschnittliche Saiten ausreichend sein. Ein perfekt ausgewogenes Instrument ben\u00f6tigt allerdings auch eine perfekt ausgewogene Besaitung. Aus diesem Grund haben wir der Entwicklung optimaler Saitenbez\u00fcge f\u00fcr Liuti forti von Anfang an die gleiche Aufmerksamkeit geschenkt wie der Entwicklung der Instrumente selbst. Liuto forte-Saiten werden nach pr\u00e4zisen Vorgaben von professionellen Saitenmachern hergestellt. Sie sind f\u00fcr jedes einzelne Modell ma\u00dfgeschneidert.<\/p><p>Aufgrund feinster Abstufungen sind wir imstande, kleinste Differenzierungen vorzunehmen und das pers\u00f6nliche Klangempfinden unserer Kunden zu ber\u00fccksichtigen. Diese Situation ist bei einem Hersteller von Zupfinstrumenten weltweit einmalig.<\/p><p>Liuto forte-Saiten sind nicht im Handel zu beziehen sondern werden von den Kunden per email direkt bei der Herstellerfirma \u201ePyramid\u201c bestellt. Da es sich um Sonderanfertigungen handelt, ist eine Wartezeit von ca. 2 Wochen einzuplanen. Wir empfehlen Ihnen daher, sich einen ausreichenden Vorrat derjenigen Griffbrettsaiten zuzulegen, die am st\u00e4rksten dem Verschlei\u00df unterliegen. Die Besaitung eines jeden Instrumentes wird von uns bei Auslieferung dokumentiert und jede sp\u00e4tere Ver\u00e4nderung durch den Kunden gespeichert. Dadurch sind wir in der Lage, gezielt auf nachtr\u00e4gliche, individuelle W\u00fcnsche der Spieler einzugehen.<\/p><p>Jeder Liuto forte-Kunde erh\u00e4lt bei Auslieferung seines Instrumentes einen kompletten Saitensatz sowie die Besaitungsliste in ausgedruckter und elektronischer Form zwecks Nachbestellung beim Hersteller:<\/p><p><strong>Pyramid<br \/><\/strong>Postfach 6<br \/>Sudetenstra\u00dfe 41-43<br \/>D-91088 Bubenreuth\/Erlangen<\/p><p>Tel.: +49 (0) 9131 - 2 40 65 (Frau Sabine Holz)<br \/>Fax: +49 (0) 9131 - 20 66 42<br \/>email: <a href=\"mailto:s.holz@pyramid-saiten.de\">s.holz@pyramid-saiten.de<\/a> (Frau Sabine Holz)<\/p><p>[\/et_pb_text][\/et_pb_column][\/et_pb_row][\/et_pb_section][et_pb_section fb_built=\"1\" _builder_version=\"3.19.6\" background_color=\"#f2ebeb\"][et_pb_row _builder_version=\"3.0.48\" background_size=\"initial\" background_position=\"top_left\" background_repeat=\"repeat\"][et_pb_column type=\"1_2\" _builder_version=\"3.0.47\" parallax=\"off\" parallax_method=\"on\"][et_pb_image src=\"https:\/\/liuto-forte.de\/wp-content\/uploads\/2019\/01\/detail_koffer.png\" _builder_version=\"3.19.11\"]<br \/>[\/et_pb_image][\/et_pb_column][et_pb_column type=\"1_2\" _builder_version=\"3.0.47\" parallax=\"off\" parallax_method=\"on\"][et_pb_text admin_label=\"Text: Ma\u00dfgefertigte Etuis\" _builder_version=\"3.19.6\"]<\/p><h2>Ma\u00dfgefertigte Etuis<\/h2><p>Wir beziehen unsere Etuis von verschiedenen europ\u00e4ischen Herstellern. Ebenso wie die Instrumente sind sie von h\u00f6chster handwerklicher Qualit\u00e4t und f\u00fcr jedes Modell ma\u00dfgefertigt.<\/p><p>Etuis werden \u2013 zuz\u00fcglich einer kleinen Unkostenpauschale \u2013 zum Herstellerpreis an unsere Kunden weitergegeben.<\/p><p>[\/et_pb_text][\/et_pb_column][\/et_pb_row][\/et_pb_section][et_pb_section fb_built=\"1\" _builder_version=\"3.19.6\" background_image=\"https:\/\/liuto-forte.de\/wp-content\/uploads\/2019\/01\/hg_1-1.jpg\"][et_pb_row _builder_version=\"3.0.48\" background_size=\"initial\" background_position=\"top_left\" background_repeat=\"repeat\"][et_pb_column type=\"3_5\" _builder_version=\"3.0.47\" parallax=\"off\" parallax_method=\"on\"][et_pb_text admin_label=\"Text: Kapodaster\" _builder_version=\"3.19.6\" header_text_color=\"#d0b17a\" background_layout=\"dark\"]<\/p><h1>Kapodaster<\/h1><p>Unsere Kapodaster sind speziell f\u00fcr die unterschiedlichen Halsbreiten von Liuti forti adaptierte Kapodaster der Firma Shubb. Sie k\u00f6nnen \u2013 unter Angabe des jeweiligen Liuto forte-Modells und der Halsbreite am 2.\u00a0Bund (Distanz zwischen h\u00f6chster und tiefster Griffbrrettsaite plus 6 mm) \u2013 direkt bestellt werden bei<\/p><p><strong>Gitarrenatelier Hermann Gr\u00e4fe<\/strong><br \/>Brauhausstr. 2<br \/>D-97461 Hofheim\/Lendershausen<br \/>Tel.: +49 (0) 9523 - 848<br \/>email: <a href=\"mailto:Hermann.Graefe@t-online.de\">Hermann.Graefe@t-online.de<\/a><\/p><p>[\/et_pb_text][\/et_pb_column][et_pb_column type=\"2_5\" _builder_version=\"3.0.47\" parallax=\"off\" parallax_method=\"on\"][et_pb_image src=\"https:\/\/liuto-forte.de\/wp-content\/uploads\/2019\/01\/detail_kapo.png\" align=\"center\" _builder_version=\"3.19.11\"]<br \/>[\/et_pb_image][\/et_pb_column][\/et_pb_row][\/et_pb_section][et_pb_section fb_built=\"1\" _builder_version=\"3.19.6\" background_color=\"#f2ebeb\"][et_pb_row _builder_version=\"3.0.48\" background_size=\"initial\" background_position=\"top_left\" background_repeat=\"repeat\"][et_pb_column type=\"4_4\" _builder_version=\"3.0.47\" parallax=\"off\" parallax_method=\"on\"][et_pb_text admin_label=\"Text: St\u00fctzen\" _builder_version=\"3.19.6\"]<\/p><h1>St\u00fctzen<\/h1><p>F\u00fcr Liuti forti mit lackierten Sp\u00e4nen sind auch St\u00fctzen der Marke Ergoplay anwendbar, wie sie Gitarristen kennen. Da die Sp\u00e4ne eines Lautenkorpus sehr d\u00fcnn und weniger bruchfest als die Zargen einer Gitarre sind, sollte die St\u00fctze behutsam angebracht werden. N\u00e4here Informationen zu ErgoPlay finden Sie unter: \u00a0\u00a0<\/p><p><a href=\"http:\/\/www.tappert.de\/liuto-forte.html\" target=\"_blank\" rel=\"noopener noreferrer\">www.tappert.de<\/a><\/p><p><a href=\"http:\/\/www.ergoplay.de\/ergoplay-modelle.php\" target=\"_blank\" rel=\"noopener noreferrer\">www.ergoplay.de<\/a><\/p><p>[\/et_pb_text][\/et_pb_column][\/et_pb_row][\/et_pb_section][et_pb_section fb_built=\"1\" _builder_version=\"3.19.6\" background_image=\"https:\/\/liuto-forte.de\/wp-content\/uploads\/2019\/01\/hg_1-1.jpg\"][et_pb_row _builder_version=\"3.0.48\" background_size=\"initial\" background_position=\"top_left\" background_repeat=\"repeat\"][et_pb_column type=\"1_2\" _builder_version=\"3.0.47\" parallax=\"off\" parallax_method=\"on\"][et_pb_text admin_label=\"Text: Haltegurte\" _builder_version=\"3.19.11\" header_text_color=\"#d0b17a\" background_layout=\"dark\"]<\/p><h1>Haltegurte<\/h1><p>Instrumentengerechte Haltegurte in geschmackvoller Ausf\u00fchrung erhalten Sie bei<\/p><p><strong>Dieter Schossig<\/strong><br \/><strong>Historische Musikinstrumente<\/strong><br \/>Zupfinstrumentenmacher<br \/>Nibelungenstrasse 10 B<br \/>D-85098 Gro\u00dfmehring<\/p><p><a href=\"https:\/\/www.schossig-lautenbau.de\/zubehoer2.html\" target=\"_blank\" rel=\"noopener noreferrer\">www.schossig-lautenbau.de<\/a><\/p><p>[\/et_pb_text][\/et_pb_column][et_pb_column type=\"1_2\" _builder_version=\"3.0.47\" parallax=\"off\" parallax_method=\"on\"][et_pb_image src=\"https:\/\/liuto-forte.de\/wp-content\/uploads\/2019\/02\/haltegurte.png\" _builder_version=\"3.19.11\"]<br \/>[\/et_pb_image][\/et_pb_column][\/et_pb_row][\/et_pb_section][: _i=\"6\" _address=\"6\" \/]<\/p>","_et_gb_content_width":"","_exactmetrics_skip_tracking":false,"_exactmetrics_sitenote_active":false,"_exactmetrics_sitenote_note":"","_exactmetrics_sitenote_category":0,"footnotes":""},"class_list":["post-4087","page","type-page","status-publish","hentry"],"_links":{"self":[{"href":"https:\/\/liuto-forte.de\/fr\/wp-json\/wp\/v2\/pages\/4087","targetHints":{"allow":["GET"]}}],"collection":[{"href":"https:\/\/liuto-forte.de\/fr\/wp-json\/wp\/v2\/pages"}],"about":[{"href":"https:\/\/liuto-forte.de\/fr\/wp-json\/wp\/v2\/types\/page"}],"author":[{"embeddable":true,"href":"https:\/\/liuto-forte.de\/fr\/wp-json\/wp\/v2\/users\/1"}],"replies":[{"embeddable":true,"href":"https:\/\/liuto-forte.de\/fr\/wp-json\/wp\/v2\/comments?post=4087"}],"version-history":[{"count":6,"href":"https:\/\/liuto-forte.de\/fr\/wp-json\/wp\/v2\/pages\/4087\/revisions"}],"predecessor-version":[{"id":5274,"href":"https:\/\/liuto-forte.de\/fr\/wp-json\/wp\/v2\/pages\/4087\/revisions\/5274"}],"up":[{"embeddable":true,"href":"https:\/\/liuto-forte.de\/fr\/wp-json\/wp\/v2\/pages\/2982"}],"wp:attachment":[{"href":"https:\/\/liuto-forte.de\/fr\/wp-json\/wp\/v2\/media?parent=4087"}],"curies":[{"name":"wp","href":"https:\/\/api.w.org\/{rel}","templated":true}]}}