{"id":4111,"date":"2023-02-08T11:43:22","date_gmt":"2023-02-08T10:43:22","guid":{"rendered":"https:\/\/liuto-forte.de\/?page_id=4111"},"modified":"2023-10-04T14:43:12","modified_gmt":"2023-10-04T12:43:12","slug":"kontakt","status":"publish","type":"page","link":"https:\/\/liuto-forte.de\/fr\/kontakt\/","title":{"rendered":"Kontakt"},"content":{"rendered":"<p>[et_pb_section fb_built=\u00a0\u00bb1&Prime; _builder_version=\u00a0\u00bb4.16&Prime; global_colors_info=\u00a0\u00bb{}\u00a0\u00bb][et_pb_row column_structure=\u00a0\u00bb1_4,3_4&Prime; _builder_version=\u00a0\u00bb4.16&Prime; background_size=\u00a0\u00bbinitial\u00a0\u00bb background_position=\u00a0\u00bbtop_left\u00a0\u00bb background_repeat=\u00a0\u00bbrepeat\u00a0\u00bb global_colors_info=\u00a0\u00bb{}\u00a0\u00bb][et_pb_column type=\u00a0\u00bb1_4&Prime; _builder_version=\u00a0\u00bb4.16&Prime; custom_padding=\u00a0\u00bb|||\u00a0\u00bb global_colors_info=\u00a0\u00bb{}\u00a0\u00bb custom_padding__hover=\u00a0\u00bb|||\u00a0\u00bb][et_pb_image src=\u00a0\u00bbhttps:\/\/liuto-forte.de\/wp-content\/uploads\/2020\/01\/search.jpg\u00a0\u00bb align_tablet=\u00a0\u00bbcenter\u00a0\u00bb align_phone=\u00a0\u00bb\u00a0\u00bb align_last_edited=\u00a0\u00bbon|desktop\u00a0\u00bb _builder_version=\u00a0\u00bb4.16&Prime; global_colors_info=\u00a0\u00bb{}\u00a0\u00bb][\/et_pb_image][\/et_pb_column][et_pb_column type=\u00a0\u00bb3_4&Prime; _builder_version=\u00a0\u00bb4.16&Prime; custom_padding=\u00a0\u00bb|||\u00a0\u00bb global_colors_info=\u00a0\u00bb{}\u00a0\u00bb custom_padding__hover=\u00a0\u00bb|||\u00a0\u00bb][et_pb_text admin_label=\u00a0\u00bbKontakt\u00a0\u00bb _builder_version=\u00a0\u00bb4.19.5&Prime; global_colors_info=\u00a0\u00bb{}\u00a0\u00bb]<\/p>\n<h1>Contact<\/h1>\n<p><strong>Liuto forte e.K.<\/strong><br \/>Propri\u00e9taire: Andr\u00e9 Burguete<\/p>\n<p>W\u00e4gnerstrasse 18<br \/>D-01309 Dresden<\/p>\n<p>Tel.: 0049 (0)351 &#8211; 274 999 07<br \/>E-Mail: <a href=\"mailto:mail@liuto-forte.com\">mail@liuto-forte.com<\/a><\/p>\n<p>[\/et_pb_text][\/et_pb_column][\/et_pb_row][\/et_pb_section]<\/p>\n","protected":false},"excerpt":{"rendered":"<p>Contact Liuto forte e.K.Propri\u00e9taire: Andr\u00e9 Burguete W\u00e4gnerstrasse 18D-01309 Dresden Tel.: 0049 (0)351 &#8211; 274 999 07E-Mail: mail@liuto-forte.com<\/p>\n","protected":false},"author":1,"featured_media":0,"parent":0,"menu_order":0,"comment_status":"closed","ping_status":"closed","template":"","meta":{"_et_pb_use_builder":"on","_et_pb_old_content":"<p>[et_pb_section fb_built=\"1\" _builder_version=\"3.22\"][et_pb_row _builder_version=\"3.25\" background_size=\"initial\" background_position=\"top_left\" background_repeat=\"repeat\" column_structure=\"1_4,3_4\"][et_pb_column type=\"1_4\" _builder_version=\"3.25\" custom_padding=\"|||\" custom_padding__hover=\"|||\"][et_pb_image src=\"https:\/\/liuto-forte.de\/wp-content\/uploads\/2020\/01\/search.jpg\" align_tablet=\"center\" align_last_edited=\"on|desktop\" _builder_version=\"3.23\"][\/et_pb_image][\/et_pb_column][et_pb_column type=\"3_4\" _builder_version=\"3.25\" custom_padding=\"|||\" custom_padding__hover=\"|||\"][et_pb_text admin_label=\"Kontakt\" _builder_version=\"3.27.4\"]<\/p><h1>Kontakt<\/h1><p><strong>Liuto forte<\/strong><br \/>Inhaber: Andr\u00e9 Burguete<\/p><p>W\u00e4gnerstrasse 18<br \/>D-01309 Dresden<\/p><p>Tel.: 0049 (0)351 - 274 999 07<br \/>E-Mail: <a href=\"mailto:mail@liuto-forte.com\">mail@liuto-forte.com<\/a><\/p><p>[\/et_pb_text][\/et_pb_column][\/et_pb_row][\/et_pb_section]<\/p>","_et_gb_content_width":"","_exactmetrics_skip_tracking":false,"_exactmetrics_sitenote_active":false,"_exactmetrics_sitenote_note":"","_exactmetrics_sitenote_category":0,"footnotes":""},"class_list":["post-4111","page","type-page","status-publish","hentry"],"_links":{"self":[{"href":"https:\/\/liuto-forte.de\/fr\/wp-json\/wp\/v2\/pages\/4111","targetHints":{"allow":["GET"]}}],"collection":[{"href":"https:\/\/liuto-forte.de\/fr\/wp-json\/wp\/v2\/pages"}],"about":[{"href":"https:\/\/liuto-forte.de\/fr\/wp-json\/wp\/v2\/types\/page"}],"author":[{"embeddable":true,"href":"https:\/\/liuto-forte.de\/fr\/wp-json\/wp\/v2\/users\/1"}],"replies":[{"embeddable":true,"href":"https:\/\/liuto-forte.de\/fr\/wp-json\/wp\/v2\/comments?post=4111"}],"version-history":[{"count":4,"href":"https:\/\/liuto-forte.de\/fr\/wp-json\/wp\/v2\/pages\/4111\/revisions"}],"predecessor-version":[{"id":5259,"href":"https:\/\/liuto-forte.de\/fr\/wp-json\/wp\/v2\/pages\/4111\/revisions\/5259"}],"wp:attachment":[{"href":"https:\/\/liuto-forte.de\/fr\/wp-json\/wp\/v2\/media?parent=4111"}],"curies":[{"name":"wp","href":"https:\/\/api.w.org\/{rel}","templated":true}]}}