{"id":4169,"date":"2023-02-09T12:49:34","date_gmt":"2023-02-09T11:49:34","guid":{"rendered":"https:\/\/liuto-forte.de\/?page_id=4169"},"modified":"2023-02-09T13:10:45","modified_gmt":"2023-02-09T12:10:45","slug":"musikerstimmen","status":"publish","type":"page","link":"https:\/\/liuto-forte.de\/fr\/willkommen\/musikerstimmen\/","title":{"rendered":"Musikerstimmen"},"content":{"rendered":"<p>[et_pb_section fb_built=\u00a0\u00bb1&Prime; _builder_version=\u00a0\u00bb4.16&Prime; global_colors_info=\u00a0\u00bb{}\u00a0\u00bb][et_pb_row column_structure=\u00a0\u00bb1_4,3_4&Prime; _builder_version=\u00a0\u00bb4.16&Prime; background_size=\u00a0\u00bbinitial\u00a0\u00bb background_position=\u00a0\u00bbtop_left\u00a0\u00bb background_repeat=\u00a0\u00bbrepeat\u00a0\u00bb global_colors_info=\u00a0\u00bb{}\u00a0\u00bb][et_pb_column type=\u00a0\u00bb1_4&Prime; _builder_version=\u00a0\u00bb4.16&Prime; custom_padding=\u00a0\u00bb|||\u00a0\u00bb global_colors_info=\u00a0\u00bb{}\u00a0\u00bb custom_padding__hover=\u00a0\u00bb|||\u00a0\u00bb][et_pb_sidebar area=\u00a0\u00bbet_pb_widget_area_2&Prime; admin_label=\u00a0\u00bbSeitenleiste:\u00a0\u00bb _builder_version=\u00a0\u00bb4.16&Prime; saved_tabs=\u00a0\u00bball\u00a0\u00bb global_colors_info=\u00a0\u00bb{}\u00a0\u00bb][\/et_pb_sidebar][\/et_pb_column][et_pb_column type=\u00a0\u00bb3_4&Prime; _builder_version=\u00a0\u00bb4.16&Prime; custom_padding=\u00a0\u00bb|||\u00a0\u00bb global_colors_info=\u00a0\u00bb{}\u00a0\u00bb custom_padding__hover=\u00a0\u00bb|||\u00a0\u00bb][et_pb_text admin_label=\u00a0\u00bbTitel: \u00a0\u00bb _builder_version=\u00a0\u00bb4.19.5&Prime; hover_enabled=\u00a0\u00bb0&Prime; global_colors_info=\u00a0\u00bb{}\u00a0\u00bb sticky_enabled=\u00a0\u00bb0&Prime;]<\/p>\n<h1>Liuto forte dans le monde<\/h1>\n<p>[\/et_pb_text][et_pb_code _builder_version=\u00a0\u00bb4.16&Prime; global_colors_info=\u00a0\u00bb{}\u00a0\u00bb]<iframe loading=\"lazy\" src=\"https:\/\/www.google.com\/maps\/d\/embed?mid=1FY_LowB2vABm7h8K77XqY7bv8KVjrAxl\" width=\"100%\" height=\"400\" data-mce-fragment=\"1\"><\/iframe>[\/et_pb_code][et_pb_text _builder_version=\u00a0\u00bb4.19.5&Prime; hover_enabled=\u00a0\u00bb0&Prime; global_colors_info=\u00a0\u00bb{}\u00a0\u00bb sticky_enabled=\u00a0\u00bb0&Prime;]<\/p>\n<p><span lang=\"fr-BE\">On trouve des Liuti forti dans presque tous les l\u00e4nder d\u2019Allemagne, en France, en Angleterre, aux Pays-Bas, en Belgique, en Italie, en Autriche, en Suisse, en Finlande, en Su\u00e8de, en Lituanie, en Pologne, au Kazakhstan, en Isra\u00ebl, \u00e0 Hong Kong, au Japon, en Australie, en Nouvelle-Z\u00e9lande et aux Etats-Unis.<\/span><\/p>\n<p><span lang=\"fr-BE\">Parmi les joueurs de Liuto forte se trouvent, \u00e0 part \u00e9gale, des professionnels et des amateurs du luth et de la guitare. Toutes les diff\u00e9rentes fa\u00e7on de jouer, du moyen-\u00e2ge jusqu\u2019\u00e0 l\u2019\u00e9poque contemporaine, sont repr\u00e9sent\u00e9es. Quelques luthistes importants indiquent dans leurs programmes qu\u2019ils jouent avec un Liuto forte. D\u2019autres pr\u00e9f\u00e8rent \u2013 consid\u00e9rant ainsi les puristes dans leur public \u2013 ne pas l\u2019\u00e9voquer.<\/span><\/p>\n<p>[\/et_pb_text][\/et_pb_column][\/et_pb_row][\/et_pb_section]<\/p>\n","protected":false},"excerpt":{"rendered":"<p>Liuto forte dans le mondeOn trouve des Liuti forti dans presque tous les l\u00e4nder d\u2019Allemagne, en France, en Angleterre, aux Pays-Bas, en Belgique, en Italie, en Autriche, en Suisse, en Finlande, en Su\u00e8de, en Lituanie, en Pologne, au Kazakhstan, en Isra\u00ebl, \u00e0 Hong Kong, au Japon, en Australie, en Nouvelle-Z\u00e9lande et aux Etats-Unis. Parmi les [&hellip;]<\/p>\n","protected":false},"author":1,"featured_media":0,"parent":2982,"menu_order":0,"comment_status":"closed","ping_status":"closed","template":"","meta":{"_et_pb_use_builder":"on","_et_pb_old_content":"<p>[et_pb_section fb_built=\"1\" _builder_version=\"3.22\"][et_pb_row column_structure=\"1_4,3_4\" _builder_version=\"3.25\" background_size=\"initial\" background_position=\"top_left\" background_repeat=\"repeat\"][et_pb_column type=\"1_4\" _builder_version=\"3.25\" custom_padding=\"|||\" custom_padding__hover=\"|||\"][et_pb_sidebar area=\"et_pb_widget_area_2\" admin_label=\"Seitenleiste:\" _builder_version=\"4.4.1\" hover_enabled=\"0\" global_module=\"302\" saved_tabs=\"all\"][\/et_pb_sidebar][\/et_pb_column][et_pb_column type=\"3_4\" _builder_version=\"3.25\" custom_padding=\"|||\" custom_padding__hover=\"|||\"][et_pb_text admin_label=\"Titel: \" _builder_version=\"3.27.4\"]<\/p><h1>Liuto forte worldwide<\/h1><p>[\/et_pb_text][et_pb_code _builder_version=\"3.19.6\"]<iframe src=\"https:\/\/www.google.com\/maps\/d\/embed?mid=1FY_LowB2vABm7h8K77XqY7bv8KVjrAxl\" width=\"100%\" height=\"400\" data-mce-fragment=\"1\"><\/iframe>[\/et_pb_code][et_pb_text _builder_version=\"3.27.4\"]<\/p><p>Liuti forti befinden sich in fast allen deutschen Bundesl\u00e4ndern, in Frankreich, England, Holland, Belgien, Italien, \u00d6sterreich, der Schweiz, Finnland, Schweden, Litauen, Polen, Kasachstan, Israel, Hong Kong, Japan, Australien, Neuseeland, Kanada und den USA.<\/p><p>[\/et_pb_text][et_pb_text _builder_version=\"3.27.4\"]<\/p><p>Unter den Liuto forte-Spielern finden sich gleicherma\u00dfen Berufsmusiker als auch Amateure der Lauten- und Gitarrenszene. Dabei sind s\u00e4mtliche Stilrichtungen und Spielweisen vom Mittelalter bis zur Gegenwart vertreten. Einige prominente Lautenisten verweisen in ihren Programmen darauf, da\u00df sie einen Liuto forte spielen. Andere ziehen es \u2013 mit R\u00fccksicht auf den puristischen Teil ihrer Anh\u00e4ngerschaft \u2013 vor, dies nicht zu erw\u00e4hnen.<\/p><p>[\/et_pb_text][\/et_pb_column][\/et_pb_row][\/et_pb_section]<\/p>","_et_gb_content_width":"","_exactmetrics_skip_tracking":false,"_exactmetrics_sitenote_active":false,"_exactmetrics_sitenote_note":"","_exactmetrics_sitenote_category":0,"footnotes":""},"class_list":["post-4169","page","type-page","status-publish","hentry"],"_links":{"self":[{"href":"https:\/\/liuto-forte.de\/fr\/wp-json\/wp\/v2\/pages\/4169","targetHints":{"allow":["GET"]}}],"collection":[{"href":"https:\/\/liuto-forte.de\/fr\/wp-json\/wp\/v2\/pages"}],"about":[{"href":"https:\/\/liuto-forte.de\/fr\/wp-json\/wp\/v2\/types\/page"}],"author":[{"embeddable":true,"href":"https:\/\/liuto-forte.de\/fr\/wp-json\/wp\/v2\/users\/1"}],"replies":[{"embeddable":true,"href":"https:\/\/liuto-forte.de\/fr\/wp-json\/wp\/v2\/comments?post=4169"}],"version-history":[{"count":3,"href":"https:\/\/liuto-forte.de\/fr\/wp-json\/wp\/v2\/pages\/4169\/revisions"}],"predecessor-version":[{"id":4173,"href":"https:\/\/liuto-forte.de\/fr\/wp-json\/wp\/v2\/pages\/4169\/revisions\/4173"}],"up":[{"embeddable":true,"href":"https:\/\/liuto-forte.de\/fr\/wp-json\/wp\/v2\/pages\/2982"}],"wp:attachment":[{"href":"https:\/\/liuto-forte.de\/fr\/wp-json\/wp\/v2\/media?parent=4169"}],"curies":[{"name":"wp","href":"https:\/\/api.w.org\/{rel}","templated":true}]}}