{"id":4174,"date":"2023-02-09T13:14:54","date_gmt":"2023-02-09T12:14:54","guid":{"rendered":"https:\/\/liuto-forte.de\/?page_id=4174"},"modified":"2023-02-09T13:14:54","modified_gmt":"2023-02-09T12:14:54","slug":"prix-europeen-de-linnovation-pour-les-instruments-de-musique-paris-1999","status":"publish","type":"page","link":"https:\/\/liuto-forte.de\/fr\/willkommen\/musikerstimmen\/prix-europeen-de-linnovation-pour-les-instruments-de-musique-paris-1999\/","title":{"rendered":"Prix Europ\u00e9en de l\u2019innovation pour les instruments de musique, Paris 1999"},"content":{"rendered":"<p>[et_pb_section fb_built=\u00a0\u00bb1&Prime; _builder_version=\u00a0\u00bb4.16&Prime; global_colors_info=\u00a0\u00bb{}\u00a0\u00bb][et_pb_row column_structure=\u00a0\u00bb1_4,3_4&Prime; _builder_version=\u00a0\u00bb4.16&Prime; background_size=\u00a0\u00bbinitial\u00a0\u00bb background_position=\u00a0\u00bbtop_left\u00a0\u00bb background_repeat=\u00a0\u00bbrepeat\u00a0\u00bb global_colors_info=\u00a0\u00bb{}\u00a0\u00bb][et_pb_column type=\u00a0\u00bb1_4&Prime; _builder_version=\u00a0\u00bb4.16&Prime; custom_padding=\u00a0\u00bb|||\u00a0\u00bb global_colors_info=\u00a0\u00bb{}\u00a0\u00bb custom_padding__hover=\u00a0\u00bb|||\u00a0\u00bb][et_pb_sidebar area=\u00a0\u00bbet_pb_widget_area_2&Prime; admin_label=\u00a0\u00bbSeitenleiste:\u00a0\u00bb _builder_version=\u00a0\u00bb4.16&Prime; saved_tabs=\u00a0\u00bball\u00a0\u00bb global_colors_info=\u00a0\u00bb{}\u00a0\u00bb][\/et_pb_sidebar][\/et_pb_column][et_pb_column type=\u00a0\u00bb3_4&Prime; _builder_version=\u00a0\u00bb4.16&Prime; custom_padding=\u00a0\u00bb|||\u00a0\u00bb global_colors_info=\u00a0\u00bb{}\u00a0\u00bb custom_padding__hover=\u00a0\u00bb|||\u00a0\u00bb][et_pb_text admin_label=\u00a0\u00bbTitel: Konstantin Bozhinov, Lautenist und Komponist, Kanada\u00a0\u00bb _builder_version=\u00a0\u00bb4.19.5&Prime; hover_enabled=\u00a0\u00bb0&Prime; global_colors_info=\u00a0\u00bb{}\u00a0\u00bb sticky_enabled=\u00a0\u00bb0&Prime;]<\/p>\n<h1>Prix Europ\u00e9en de l\u2019innovation pour les instruments de musique, Paris 1999<\/h1>\n<p><img loading=\"lazy\" decoding=\"async\" class=\"alignleft size-full wp-image-4176\" src=\"https:\/\/liuto-forte.de\/wp-content\/uploads\/2019\/01\/prixEvent1_378.jpg\" alt=\"\" width=\"378\" height=\"234\" srcset=\"https:\/\/liuto-forte.de\/wp-content\/uploads\/2019\/01\/prixEvent1_378.jpg 378w, https:\/\/liuto-forte.de\/wp-content\/uploads\/2019\/01\/prixEvent1_378-300x186.jpg 300w\" sizes=\"(max-width: 378px) 100vw, 378px\" \/><\/p>\n<p>Andr\u00e9 Burguete, Benno Streu et G\u00fcnter Mark ont obtenu en 1999 le \u00ab Prix Europ\u00e9en de l\u2019innovation pour les instruments de musique \u00bb de la Fondation Robert Schuman, Paris et de la Fondation europ\u00e9enne pour la musique, pour l\u2019invention du Liuto forte.<\/p>\n<p>\u00ab\u00a0&#8230;une des nouveaut\u00e9s de ce si\u00e8cle qui est \u00e0 prendre le plus au s\u00e9rieux. Un cadeau \u00e0 la musique.\u00a0\u00bb<br \/>(Le Monde, Paris 1999)<\/p>\n<p><a href=\"https:\/\/liuto-forte.de\/wp-content\/uploads\/2019\/01\/prix.pdf\" target=\"_blank\" rel=\"noopener noreferrer\">Invitation \u00e0 la remise de Prix Europ\u00e9en de l&rsquo;innovation (PDF)<\/a><\/p>\n<p>[\/et_pb_text][et_pb_gallery gallery_ids=\u00a0\u00bb430,431,432,433&Prime; show_title_and_caption=\u00a0\u00bboff\u00a0\u00bb show_pagination=\u00a0\u00bboff\u00a0\u00bb zoom_icon_color=\u00a0\u00bb#470a00&Prime; hover_overlay_color=\u00a0\u00bbrgba(174,145,142,0.9)\u00a0\u00bb hover_icon=\u00a0\u00bb&#x50;||divi||400&Prime; _builder_version=\u00a0\u00bb4.16&Prime; saved_tabs=\u00a0\u00bball\u00a0\u00bb global_colors_info=\u00a0\u00bb{}\u00a0\u00bb][\/et_pb_gallery][\/et_pb_column][\/et_pb_row][\/et_pb_section]<\/p>\n","protected":false},"excerpt":{"rendered":"<p>Prix Europ\u00e9en de l\u2019innovation pour les instruments de musique, Paris 1999 Andr\u00e9 Burguete, Benno Streu et G\u00fcnter Mark ont obtenu en 1999 le \u00ab Prix Europ\u00e9en de l\u2019innovation pour les instruments de musique \u00bb de la Fondation Robert Schuman, Paris et de la Fondation europ\u00e9enne pour la musique, pour l\u2019invention du Liuto forte. \u00ab\u00a0&#8230;une des [&hellip;]<\/p>\n","protected":false},"author":1,"featured_media":0,"parent":4169,"menu_order":0,"comment_status":"closed","ping_status":"closed","template":"","meta":{"_et_pb_use_builder":"on","_et_pb_old_content":"<p>[et_pb_section fb_built=\"1\" _builder_version=\"3.0.47\"][et_pb_row _builder_version=\"3.0.48\" background_size=\"initial\" background_position=\"top_left\" background_repeat=\"repeat\"][et_pb_column type=\"1_4\" _builder_version=\"3.0.47\" parallax=\"off\" parallax_method=\"on\"][et_pb_sidebar area=\"et_pb_widget_area_2\" show_border=\"off\" admin_label=\"Seitenleiste:\" _builder_version=\"3.19.6\" global_module=\"302\" saved_tabs=\"all\"][\/et_pb_sidebar][\/et_pb_column][et_pb_column type=\"3_4\" _builder_version=\"3.0.47\" parallax=\"off\" parallax_method=\"on\"][et_pb_text admin_label=\"Titel: Konstantin Bozhinov, Lautenist und Komponist, Kanada\" _builder_version=\"3.19.6\"]<\/p><h1>Prix Europ\u00e9en de l\u2019innovation pour les instruments de musique, Paris 1999<\/h1><p><img class=\"alignleft size-full wp-image-4176\" src=\"https:\/\/liuto-forte.de\/wp-content\/uploads\/2019\/01\/prixEvent1_378.jpg\" alt=\"\" width=\"378\" height=\"234\" \/>Andr\u00e9 Burguete, Benno Streu und G\u00fcnter Mark wurde 1999 von der Fondation Robert Schuman Paris und der Europ\u00e4ischen Kulturstiftung der \u201ePrix Europ\u00e9en de l\u2019innovation pour les instruments de musique\u201d f\u00fcr die Erfindung des Liuto forte verliehen.<\/p><p>\u201e...eine der ernstzunehmenden musikalischen Neuerungen dieses Jahrhunderts. Ein Geschenk an die Musik.\u201d <br \/>(<i>Le Monde, Paris 1999)<\/i><\/p><p><a href=\"https:\/\/liuto-forte.de\/wp-content\/uploads\/2019\/01\/prix.pdf\" target=\"_blank\" rel=\"noopener noreferrer\">Einladung zur Verleihung des Prix Europ\u00e9en de l'innovation als PDF<\/a><\/p><p>[\/et_pb_text][et_pb_gallery gallery_ids=\"430,431,432,433\" show_title_and_caption=\"off\" show_pagination=\"off\" zoom_icon_color=\"#470a00\" hover_overlay_color=\"rgba(174,145,142,0.9)\" hover_icon=\"%%47%%\" _builder_version=\"3.19.6\" saved_tabs=\"all\"][\/et_pb_gallery][\/et_pb_column][\/et_pb_row][\/et_pb_section]<\/p>","_et_gb_content_width":"","_exactmetrics_skip_tracking":false,"_exactmetrics_sitenote_active":false,"_exactmetrics_sitenote_note":"","_exactmetrics_sitenote_category":0,"footnotes":""},"class_list":["post-4174","page","type-page","status-publish","hentry"],"_links":{"self":[{"href":"https:\/\/liuto-forte.de\/fr\/wp-json\/wp\/v2\/pages\/4174","targetHints":{"allow":["GET"]}}],"collection":[{"href":"https:\/\/liuto-forte.de\/fr\/wp-json\/wp\/v2\/pages"}],"about":[{"href":"https:\/\/liuto-forte.de\/fr\/wp-json\/wp\/v2\/types\/page"}],"author":[{"embeddable":true,"href":"https:\/\/liuto-forte.de\/fr\/wp-json\/wp\/v2\/users\/1"}],"replies":[{"embeddable":true,"href":"https:\/\/liuto-forte.de\/fr\/wp-json\/wp\/v2\/comments?post=4174"}],"version-history":[{"count":3,"href":"https:\/\/liuto-forte.de\/fr\/wp-json\/wp\/v2\/pages\/4174\/revisions"}],"predecessor-version":[{"id":4182,"href":"https:\/\/liuto-forte.de\/fr\/wp-json\/wp\/v2\/pages\/4174\/revisions\/4182"}],"up":[{"embeddable":true,"href":"https:\/\/liuto-forte.de\/fr\/wp-json\/wp\/v2\/pages\/4169"}],"wp:attachment":[{"href":"https:\/\/liuto-forte.de\/fr\/wp-json\/wp\/v2\/media?parent=4174"}],"curies":[{"name":"wp","href":"https:\/\/api.w.org\/{rel}","templated":true}]}}