{"id":4183,"date":"2023-02-09T13:18:40","date_gmt":"2023-02-09T12:18:40","guid":{"rendered":"https:\/\/liuto-forte.de\/?page_id=4183"},"modified":"2023-02-09T13:18:57","modified_gmt":"2023-02-09T12:18:57","slug":"dr-konstantin-bozhinov","status":"publish","type":"page","link":"https:\/\/liuto-forte.de\/fr\/willkommen\/musikerstimmen\/dr-konstantin-bozhinov\/","title":{"rendered":"Dr. Konstantin Bozhinov"},"content":{"rendered":"<p>[et_pb_section fb_built=\u00a0\u00bb1&Prime; _builder_version=\u00a0\u00bb4.16&Prime; global_colors_info=\u00a0\u00bb{}\u00a0\u00bb][et_pb_row column_structure=\u00a0\u00bb1_4,3_4&Prime; _builder_version=\u00a0\u00bb4.16&Prime; background_size=\u00a0\u00bbinitial\u00a0\u00bb background_position=\u00a0\u00bbtop_left\u00a0\u00bb background_repeat=\u00a0\u00bbrepeat\u00a0\u00bb global_colors_info=\u00a0\u00bb{}\u00a0\u00bb][et_pb_column type=\u00a0\u00bb1_4&Prime; _builder_version=\u00a0\u00bb4.16&Prime; custom_padding=\u00a0\u00bb|||\u00a0\u00bb global_colors_info=\u00a0\u00bb{}\u00a0\u00bb custom_padding__hover=\u00a0\u00bb|||\u00a0\u00bb][et_pb_sidebar area=\u00a0\u00bbet_pb_widget_area_2&Prime; admin_label=\u00a0\u00bbSeitenleiste:\u00a0\u00bb _builder_version=\u00a0\u00bb4.16&Prime; saved_tabs=\u00a0\u00bball\u00a0\u00bb global_colors_info=\u00a0\u00bb{}\u00a0\u00bb][\/et_pb_sidebar][\/et_pb_column][et_pb_column type=\u00a0\u00bb3_4&Prime; _builder_version=\u00a0\u00bb4.16&Prime; custom_padding=\u00a0\u00bb|||\u00a0\u00bb global_colors_info=\u00a0\u00bb{}\u00a0\u00bb custom_padding__hover=\u00a0\u00bb|||\u00a0\u00bb][et_pb_text admin_label=\u00a0\u00bbTitel: Konstantin Bozhinov, Lautenist und Komponist, Kanada\u00a0\u00bb _builder_version=\u00a0\u00bb4.19.5&Prime; global_colors_info=\u00a0\u00bb{}\u00a0\u00bb]<\/p>\n<h1>Dr. Konstantin Bozhinov<\/h1>\n<p>Luthiste et compositeur, Canada<br \/><strong>Arciliuto forte en sol<\/strong><\/p>\n<p>Ce matin, je suis all\u00e9 chercher mon luth. Wow, quel effet imm\u00e9diat ! Il est magnifique et sa facture est excellente. Mais sa qualit\u00e9 principale, c\u2019est le son. Tout ce que j\u2019avais lu \u00e0 son propos est r\u00e9ellement vrai, et tout ce que j\u2019avais esp\u00e9r\u00e9 trouver est bien l\u00e0. Un sustain fantastique, le son, le volume, les couleurs, la projection\u2026 tout est l\u00e0, l\u2019instrument est parfait \u00e0 jouer, et tr\u00e8s confortable aussi bien pour la main droite que pour la main gauche. Juste comme je l\u2019avais souhait\u00e9 !<\/p>\n<p>Je suis vraiment f\u00e2ch\u00e9 des commentaires n\u00e9gatifs que je lis dans les forums de luth \u00e0 propos du Liuto forte de la part des adeptes du luth historique. Manifestement, aucune de ces personnes n\u2019a jamais touch\u00e9 ou vu un de ces instruments \u00e9tonnants. On peut vraiment appeler le Liuto forte le \u00ab\u00a0Luth pour le XXIe si\u00e8cle\u00a0\u00bb, car il r\u00e9sout TOUS les probl\u00e8mes des luths historiques, vraiment tous. J\u2019aime aussi beaucoup les chevilles m\u00e9caniques. Je n\u2019ai jamais pu accorder un luth aussi facilement, et je suis tr\u00e8s heureux d\u2019avoir opt\u00e9 pour cet instrument. Le capteur pi\u00e9zo est aussi fantastique. J\u2019ai d\u00e9j\u00e0 fait un enregistrement en l\u2019utilisant, et la sonorit\u00e9 est tr\u00e8s bonne.<\/p>\n<p>Dans l\u2019ensemble, c\u2019est pour moi l\u2019instrument parfait, juste ce qu\u2019il me faut. Je suis satisfait \u00e0 100 % et je peux affirmer que chacune de vos affirmations est exacte. Mon pauvre vieil archiluth de facture historique que j\u2019ai vendu il y a quelques mois n\u2019\u00e9tait en rien comparable \u00e0 cet instrument.<\/p>\n<p>[\/et_pb_text][et_pb_image src=\u00a0\u00bbhttps:\/\/liuto-forte.de\/wp-content\/uploads\/2019\/02\/Bozhinov.jpg\u00a0\u00bb align_tablet=\u00a0\u00bbcenter\u00a0\u00bb align_phone=\u00a0\u00bbcenter\u00a0\u00bb align_last_edited=\u00a0\u00bbon|desktop\u00a0\u00bb _builder_version=\u00a0\u00bb4.16&Prime; global_colors_info=\u00a0\u00bb{}\u00a0\u00bb][\/et_pb_image][\/et_pb_column][\/et_pb_row][\/et_pb_section]<\/p>\n","protected":false},"excerpt":{"rendered":"<p>Dr. Konstantin Bozhinov Luthiste et compositeur, CanadaArciliuto forte en sol Ce matin, je suis all\u00e9 chercher mon luth. Wow, quel effet imm\u00e9diat ! Il est magnifique et sa facture est excellente. Mais sa qualit\u00e9 principale, c\u2019est le son. Tout ce que j\u2019avais lu \u00e0 son propos est r\u00e9ellement vrai, et tout ce que j\u2019avais esp\u00e9r\u00e9 [&hellip;]<\/p>\n","protected":false},"author":1,"featured_media":0,"parent":4169,"menu_order":0,"comment_status":"closed","ping_status":"closed","template":"","meta":{"_et_pb_use_builder":"on","_et_pb_old_content":"<p>[et_pb_section bb_built=\"1\" _builder_version=\"3.0.47\"][et_pb_row _builder_version=\"3.0.48\" background_size=\"initial\" background_position=\"top_left\" background_repeat=\"repeat\"][et_pb_column type=\"1_4\"][et_pb_sidebar admin_label=\"Seitenleiste:\" area=\"et_pb_widget_area_2\" show_border=\"off\" _builder_version=\"3.19.6\" global_module=\"302\" saved_tabs=\"all\"]<\/p><p>[\/et_pb_sidebar][\/et_pb_column][et_pb_column type=\"3_4\"][et_pb_text admin_label=\"Titel: Konstantin Bozhinov, Lautenist und Komponist, Kanada\" _builder_version=\"3.19.11\"]<\/p><h1>Dr. Konstantin Bozhinov<\/h1><p>Lautenist und Komponist, Kanada<br \/><strong>Arciliuto forte in g<\/strong><\/p><p>Heute fr\u00fch habe ich die Laute abgeholt. Wow, was f\u00fcr erstaunliche erste Eindr\u00fccke! Sie ist wundersch\u00f6n und ganz hervorragend verarbeitet. Aber ihr eigentliches Merkmal ist der Klang. Alles, was ich dar\u00fcber gelesen habe ist tats\u00e4chlich wahr und alles, worauf ich bei diesem Instrument hoffte, auch wirklich eingetroffen. Gro\u00dfartiger Sustain, Ton, Volumen, Farben, Projektion... alles ist da, die Spielbarkeit perfekt und sowohl f\u00fcr die rechte als auch die linke Hand sehr komfortabel. Genau so, wie ich es wollte!<\/p><p>Ich bin wirklich w\u00fctend wegen der negativen \u00c4usserungen von Spielern der historischen Laute, die ich in Lautenforen \u00fcber den Liuto Forte lesen mu\u00df. Offensichtlich haben diese Leute noch nie eines dieser erstaunlichen Instrumente ber\u00fchrt oder gesehen. Man kann den Liuto forte definitiv \u201eDie Laute f\u00fcr das 21. Jahrhundert\u201c nennen, da er ALLE Probleme der historischen Lauten l\u00f6st, absolut alle. Ich liebe auch die mechanischen Wirbel sehr. Noch nie habe ich eine Laute so einfach und m\u00fchelos stimmen k\u00f6nnen und bin sehr froh, mich daf\u00fcr entschieden zu haben. Auch der Pickup ist fantastisch. Ich habe schon eine Aufnahme damit gemacht und es klingt toll.<\/p><p>Insgesamt das perfekte Instrument f\u00fcr mich, genau das, was ich brauchte. Ich bin zu 100% zufrieden und kann sagen, dass jede einzelne Ihrer Behauptungen wahr ist. Mein armer alter Arciliuto in historischer Bauweise, den ich vor Monaten verkauft habe, ist mit diesem Instrument \u00fcberhaupt nicht zu vergleichen.<\/p><p>[\/et_pb_text][et_pb_image _builder_version=\"3.19.11\" src=\"https:\/\/liuto-forte.de\/wp-content\/uploads\/2019\/02\/Bozhinov.jpg\" \/][\/et_pb_column][\/et_pb_row][\/et_pb_section]<\/p>","_et_gb_content_width":"","_exactmetrics_skip_tracking":false,"_exactmetrics_sitenote_active":false,"_exactmetrics_sitenote_note":"","_exactmetrics_sitenote_category":0,"footnotes":""},"class_list":["post-4183","page","type-page","status-publish","hentry"],"_links":{"self":[{"href":"https:\/\/liuto-forte.de\/fr\/wp-json\/wp\/v2\/pages\/4183","targetHints":{"allow":["GET"]}}],"collection":[{"href":"https:\/\/liuto-forte.de\/fr\/wp-json\/wp\/v2\/pages"}],"about":[{"href":"https:\/\/liuto-forte.de\/fr\/wp-json\/wp\/v2\/types\/page"}],"author":[{"embeddable":true,"href":"https:\/\/liuto-forte.de\/fr\/wp-json\/wp\/v2\/users\/1"}],"replies":[{"embeddable":true,"href":"https:\/\/liuto-forte.de\/fr\/wp-json\/wp\/v2\/comments?post=4183"}],"version-history":[{"count":4,"href":"https:\/\/liuto-forte.de\/fr\/wp-json\/wp\/v2\/pages\/4183\/revisions"}],"predecessor-version":[{"id":4188,"href":"https:\/\/liuto-forte.de\/fr\/wp-json\/wp\/v2\/pages\/4183\/revisions\/4188"}],"up":[{"embeddable":true,"href":"https:\/\/liuto-forte.de\/fr\/wp-json\/wp\/v2\/pages\/4169"}],"wp:attachment":[{"href":"https:\/\/liuto-forte.de\/fr\/wp-json\/wp\/v2\/media?parent=4183"}],"curies":[{"name":"wp","href":"https:\/\/api.w.org\/{rel}","templated":true}]}}