{"id":4208,"date":"2023-02-09T14:16:45","date_gmt":"2023-02-09T13:16:45","guid":{"rendered":"https:\/\/liuto-forte.de\/?page_id=4208"},"modified":"2023-02-09T14:16:45","modified_gmt":"2023-02-09T13:16:45","slug":"don-king","status":"publish","type":"page","link":"https:\/\/liuto-forte.de\/fr\/willkommen\/musikerstimmen\/don-king\/","title":{"rendered":"Don King"},"content":{"rendered":"<p>[et_pb_section fb_built=\u00a0\u00bb1&Prime; _builder_version=\u00a0\u00bb4.16&Prime; global_colors_info=\u00a0\u00bb{}\u00a0\u00bb][et_pb_row column_structure=\u00a0\u00bb1_4,3_4&Prime; _builder_version=\u00a0\u00bb4.16&Prime; background_size=\u00a0\u00bbinitial\u00a0\u00bb background_position=\u00a0\u00bbtop_left\u00a0\u00bb background_repeat=\u00a0\u00bbrepeat\u00a0\u00bb global_colors_info=\u00a0\u00bb{}\u00a0\u00bb][et_pb_column type=\u00a0\u00bb1_4&Prime; _builder_version=\u00a0\u00bb4.16&Prime; custom_padding=\u00a0\u00bb|||\u00a0\u00bb global_colors_info=\u00a0\u00bb{}\u00a0\u00bb custom_padding__hover=\u00a0\u00bb|||\u00a0\u00bb][et_pb_sidebar area=\u00a0\u00bbet_pb_widget_area_2&Prime; admin_label=\u00a0\u00bbSeitenleiste:\u00a0\u00bb _builder_version=\u00a0\u00bb4.16&Prime; saved_tabs=\u00a0\u00bball\u00a0\u00bb global_colors_info=\u00a0\u00bb{}\u00a0\u00bb][\/et_pb_sidebar][\/et_pb_column][et_pb_column type=\u00a0\u00bb3_4&Prime; _builder_version=\u00a0\u00bb4.16&Prime; custom_padding=\u00a0\u00bb|||\u00a0\u00bb global_colors_info=\u00a0\u00bb{}\u00a0\u00bb custom_padding__hover=\u00a0\u00bb|||\u00a0\u00bb][et_pb_text admin_label=\u00a0\u00bbTitel: Konstantin Bozhinov, Lautenist und Komponist, Kanada\u00a0\u00bb _builder_version=\u00a0\u00bb4.19.5&Prime; hover_enabled=\u00a0\u00bb0&Prime; global_colors_info=\u00a0\u00bb{}\u00a0\u00bb sticky_enabled=\u00a0\u00bb0&Prime;]<\/p>\n<h1>Don King<\/h1>\n<p>Luthiste, Nouvelle-Z\u00e9lande<br \/><strong>Liuto forte en sol<\/strong><\/p>\n<p>Le Liuto forte est vraiment un instrument grandiose et magique \u2013 aussi bon que ce que j\u2019avais esp\u00e9r\u00e9, et meilleur encore. Je l\u2019appr\u00e9cie tellement que je ne le l\u00e2che presque plus depuis que je l\u2019ai re\u00e7u. Ce qui me pla\u00eet, surtout, c\u2019est sa belle sonorit\u00e9 ainsi que son sustain et sa r\u00e9sonance. Comme il r\u00e9agit au toucher le plus l\u00e9ger comme \u00e0 l\u2019attaque la plus forte, il offre une large palette de nuances. Vous avez r\u00e9alis\u00e9 l\u00e0 un chef-d\u2019\u0153uvre.<\/p>\n<p>Le luth est magnifiquement construit par Michael (Haaser), et j\u2019aime beaucoup ces chevilles m\u00e9caniques. Un r\u00eave apr\u00e8s toutes les difficult\u00e9s li\u00e9es aux chevilles traditionnelles du luth historique.<\/p>\n<p>J\u2019ai essay\u00e9 tous les styles de musique, de la musique pour luth de la Renaissance jusqu\u2019\u00e0 mes propres arrangements de musique baroque, Bach, Haendel, Haydn, les classiques, les romantiques et des pi\u00e8ces modernes, dont certaines de ma plume. L\u2019instrument convient merveilleusement pour le tout. Vous avez raison, le Liuto forte a vraiment sa sonorit\u00e9 propre.<\/p>\n<p>Je viens juste d\u2019en jouer pour quelques-uns de mes \u00e9l\u00e8ves de guitare, et tous ont dit : \u00ab\u00a0WOW, c\u2019est beau \u2013 le son se maintient. On dirait que tu joues dans une cath\u00e9drale\u00a0\u00bb. Je me r\u00e9jouis de jouer sur mon Liuto forte pour quelques concerts cette ann\u00e9e.<\/p>\n<p>La r\u00e9action du public est toujours tr\u00e8s positive. M\u00eame Hopkinson Smith (lors de notre s\u00e9minaire) a trouv\u00e9 la sonorit\u00e9 tr\u00e8s belle. Pour les adeptes du luth traditionnel \u00e0 ch\u0153urs de cordes qui ont consacr\u00e9 une grande partie de leur vie \u00e0 cet instrument, il ne semble toutefois pas facile d\u2019accepter qu\u2019il puisse y avoir des am\u00e9liorations innovantes ni d\u2019admettre que la sonorit\u00e9 du Liuto forte leur pla\u00eet.<\/p>\n<p>[\/et_pb_text][et_pb_image src=\u00a0\u00bbhttps:\/\/liuto-forte.de\/wp-content\/uploads\/2019\/02\/Don-King.jpg\u00a0\u00bb align_tablet=\u00a0\u00bbcenter\u00a0\u00bb align_phone=\u00a0\u00bbcenter\u00a0\u00bb align_last_edited=\u00a0\u00bbon|desktop\u00a0\u00bb _builder_version=\u00a0\u00bb4.16&Prime; global_colors_info=\u00a0\u00bb{}\u00a0\u00bb][\/et_pb_image][\/et_pb_column][\/et_pb_row][\/et_pb_section]<\/p>\n","protected":false},"excerpt":{"rendered":"<p>Don King Luthiste, Nouvelle-Z\u00e9landeLiuto forte en sol Le Liuto forte est vraiment un instrument grandiose et magique \u2013 aussi bon que ce que j\u2019avais esp\u00e9r\u00e9, et meilleur encore. Je l\u2019appr\u00e9cie tellement que je ne le l\u00e2che presque plus depuis que je l\u2019ai re\u00e7u. Ce qui me pla\u00eet, surtout, c\u2019est sa belle sonorit\u00e9 ainsi que son [&hellip;]<\/p>\n","protected":false},"author":1,"featured_media":0,"parent":4169,"menu_order":0,"comment_status":"closed","ping_status":"closed","template":"","meta":{"_et_pb_use_builder":"on","_et_pb_old_content":"<p>[et_pb_section bb_built=\"1\" _builder_version=\"3.0.47\"][et_pb_row _builder_version=\"3.0.48\" background_size=\"initial\" background_position=\"top_left\" background_repeat=\"repeat\"][et_pb_column type=\"1_4\"][et_pb_sidebar admin_label=\"Seitenleiste:\" area=\"et_pb_widget_area_2\" show_border=\"off\" _builder_version=\"3.19.6\" global_module=\"302\" saved_tabs=\"all\"]<\/p><p>[\/et_pb_sidebar][\/et_pb_column][et_pb_column type=\"3_4\"][et_pb_text admin_label=\"Titel: Konstantin Bozhinov, Lautenist und Komponist, Kanada\" _builder_version=\"3.19.6\"]<\/p><h1>Don King<\/h1><p>Lautenist, Neuseeland<br \/><strong>Liuto forte in g<\/strong><\/p><p>Der Liuto forte ist wirklich ein gro\u00dfartiges und magisches Instrument - so gut, wie ich es mir erhofft hatte und noch mehr. Ich genie\u00dfe es so sehr, dass ich es seit seiner Ankunft kaum mehr weggelegt habe. Was mir besonders gef\u00e4llt sind sein sch\u00f6ner Ton sowie der Sustain und die Resonanz. Da er sowohl auf die leichteste Ber\u00fchrung wie auch auf den st\u00e4rksten Anschlag reagiert, bietet er eine gro\u00dfe Bandbreite dynamischer Abstufungen. Sie haben ein Meisterwerk geschaffen.<\/p><p>Die Laute ist wundersch\u00f6n von Michael (Haaser) gefertigt und ich liebe diese mechanischen Wirbel. Sie sind ein Traum nach all den M\u00fchen mit den traditionellen Wirbeln einer historischen Laute.<\/p><p>Ich habe gerade alle Arten von Musik durchgespielt, von der Lautenmusik der Renaissance bis hin zu meinen Arrangements von Barockmusik, Bach, H\u00e4ndel, Haydn, die Klassiker, die Romantiker und moderne St\u00fccke, darunter auch einige eigene. Und es ist wunderbar f\u00fcr alle. Sie haben Recht, der Liuto forte hat einen ganz eigenen Klang.<\/p><p>Gerade habe ich f\u00fcr ein paar meiner Gitarrensch\u00fcler gespielt und sie alle sagen: \"WOW, das ist sch\u00f6n - der Sound geht einfach weiter und weiter. Es klingt, als w\u00fcrdest du in einer Kathedrale spielen\". Ich freue mich darauf, meinen Liuto forte bei einigen Konzerten im Laufe dieses Jahres zu spielen.<\/p><p>Die Reaktion des Publikums auf das Instrument ist immer sehr positiv. Sogar Hopkinson Smith (in unserem Seminar) fand den Klang sehr sch\u00f6n. F\u00fcr Spieler der traditionellen ch\u00f6rigen Laute, die einen gro\u00dfen Teil ihres Lebens in dieses Instrument investiert haben, scheint es jedoch nicht einfach, die M\u00f6glichkeit innovativer Verbesserungen zu akzeptieren oder zuzugeben, obwohl ihnen der Klang des Liuto forte gef\u00e4llt.<\/p><p>[\/et_pb_text][et_pb_image _builder_version=\"3.19.6\" src=\"https:\/\/liuto-forte.de\/wp-content\/uploads\/2019\/02\/Don-King.jpg\" \/][\/et_pb_column][\/et_pb_row][\/et_pb_section]<\/p>","_et_gb_content_width":"","_exactmetrics_skip_tracking":false,"_exactmetrics_sitenote_active":false,"_exactmetrics_sitenote_note":"","_exactmetrics_sitenote_category":0,"footnotes":""},"class_list":["post-4208","page","type-page","status-publish","hentry"],"_links":{"self":[{"href":"https:\/\/liuto-forte.de\/fr\/wp-json\/wp\/v2\/pages\/4208","targetHints":{"allow":["GET"]}}],"collection":[{"href":"https:\/\/liuto-forte.de\/fr\/wp-json\/wp\/v2\/pages"}],"about":[{"href":"https:\/\/liuto-forte.de\/fr\/wp-json\/wp\/v2\/types\/page"}],"author":[{"embeddable":true,"href":"https:\/\/liuto-forte.de\/fr\/wp-json\/wp\/v2\/users\/1"}],"replies":[{"embeddable":true,"href":"https:\/\/liuto-forte.de\/fr\/wp-json\/wp\/v2\/comments?post=4208"}],"version-history":[{"count":3,"href":"https:\/\/liuto-forte.de\/fr\/wp-json\/wp\/v2\/pages\/4208\/revisions"}],"predecessor-version":[{"id":4212,"href":"https:\/\/liuto-forte.de\/fr\/wp-json\/wp\/v2\/pages\/4208\/revisions\/4212"}],"up":[{"embeddable":true,"href":"https:\/\/liuto-forte.de\/fr\/wp-json\/wp\/v2\/pages\/4169"}],"wp:attachment":[{"href":"https:\/\/liuto-forte.de\/fr\/wp-json\/wp\/v2\/media?parent=4208"}],"curies":[{"name":"wp","href":"https:\/\/api.w.org\/{rel}","templated":true}]}}