{"id":4213,"date":"2023-02-09T14:18:59","date_gmt":"2023-02-09T13:18:59","guid":{"rendered":"https:\/\/liuto-forte.de\/?page_id=4213"},"modified":"2023-02-09T14:19:38","modified_gmt":"2023-02-09T13:19:38","slug":"frank-scheuerle","status":"publish","type":"page","link":"https:\/\/liuto-forte.de\/fr\/willkommen\/musikerstimmen\/frank-scheuerle\/","title":{"rendered":"Frank Scheuerle"},"content":{"rendered":"<p>[et_pb_section fb_built=\u00a0\u00bb1&Prime; _builder_version=\u00a0\u00bb4.16&Prime; global_colors_info=\u00a0\u00bb{}\u00a0\u00bb][et_pb_row column_structure=\u00a0\u00bb1_4,3_4&Prime; _builder_version=\u00a0\u00bb4.16&Prime; background_size=\u00a0\u00bbinitial\u00a0\u00bb background_position=\u00a0\u00bbtop_left\u00a0\u00bb background_repeat=\u00a0\u00bbrepeat\u00a0\u00bb global_colors_info=\u00a0\u00bb{}\u00a0\u00bb][et_pb_column type=\u00a0\u00bb1_4&Prime; _builder_version=\u00a0\u00bb4.16&Prime; custom_padding=\u00a0\u00bb|||\u00a0\u00bb global_colors_info=\u00a0\u00bb{}\u00a0\u00bb custom_padding__hover=\u00a0\u00bb|||\u00a0\u00bb][et_pb_sidebar area=\u00a0\u00bbet_pb_widget_area_2&Prime; admin_label=\u00a0\u00bbSeitenleiste:\u00a0\u00bb _builder_version=\u00a0\u00bb4.16&Prime; saved_tabs=\u00a0\u00bball\u00a0\u00bb global_colors_info=\u00a0\u00bb{}\u00a0\u00bb][\/et_pb_sidebar][\/et_pb_column][et_pb_column type=\u00a0\u00bb3_4&Prime; _builder_version=\u00a0\u00bb4.16&Prime; custom_padding=\u00a0\u00bb|||\u00a0\u00bb global_colors_info=\u00a0\u00bb{}\u00a0\u00bb custom_padding__hover=\u00a0\u00bb|||\u00a0\u00bb][et_pb_text admin_label=\u00a0\u00bbTitel: Konstantin Bozhinov, Lautenist und Komponist, Kanada\u00a0\u00bb _builder_version=\u00a0\u00bb4.19.5&Prime; hover_enabled=\u00a0\u00bb0&Prime; global_colors_info=\u00a0\u00bb{}\u00a0\u00bb sticky_enabled=\u00a0\u00bb0&Prime;]<\/p>\n<h1>Frank Scheuerle<\/h1>\n<p>Guitariste et mandoliniste, Allemagne<br \/><strong>Liuto forte en sol (luth alto), Liuto forte en mi, Luth \u00e0 manche col de cygne en mi<\/strong><\/p>\n<p>Quand j\u2019ai command\u00e9 le luth alto, je n\u2019avais aucune id\u00e9e des cons\u00e9quences qu\u2019entra\u00eenerait cet instrument sur mon activit\u00e9 musicale. Les mots me manquent, tout simplement ! Il \u00e9veille en moi un sentiment de bonheur intarissable et est comme une fontaine de jouvence !<\/p>\n<p>\u00c0 tel point que je vais aussi me pr\u00e9senter pour un poste int\u00e9ressant d\u2019enseignant en Suisse, afin d\u2019avoir plus de temps pour m\u2019exercer sur ce luth. J\u2019\u00e9prouve le besoin imp\u00e9rieux d\u2019en faire autant que possible avec cet instrument et de me pr\u00e9parer \u00e0 un nouvel enregistrement de CD.<\/p>\n<p>[\/et_pb_text][et_pb_image src=\u00a0\u00bbhttps:\/\/liuto-forte.de\/wp-content\/uploads\/2019\/03\/Frank-Scheuerle.jpg\u00a0\u00bb align_tablet=\u00a0\u00bbcenter\u00a0\u00bb align_phone=\u00a0\u00bbcenter\u00a0\u00bb align_last_edited=\u00a0\u00bbon|desktop\u00a0\u00bb _builder_version=\u00a0\u00bb4.16&Prime; global_colors_info=\u00a0\u00bb{}\u00a0\u00bb][\/et_pb_image][\/et_pb_column][\/et_pb_row][\/et_pb_section]<\/p>\n","protected":false},"excerpt":{"rendered":"<p>Frank Scheuerle Guitariste et mandoliniste, AllemagneLiuto forte en sol (luth alto), Liuto forte en mi, Luth \u00e0 manche col de cygne en mi Quand j\u2019ai command\u00e9 le luth alto, je n\u2019avais aucune id\u00e9e des cons\u00e9quences qu\u2019entra\u00eenerait cet instrument sur mon activit\u00e9 musicale. Les mots me manquent, tout simplement ! Il \u00e9veille en moi un sentiment [&hellip;]<\/p>\n","protected":false},"author":1,"featured_media":0,"parent":4169,"menu_order":0,"comment_status":"closed","ping_status":"closed","template":"","meta":{"_et_pb_use_builder":"on","_et_pb_old_content":"<p>[et_pb_section bb_built=\"1\" _builder_version=\"3.0.47\"][et_pb_row _builder_version=\"3.19.6\" background_size=\"initial\" background_position=\"top_left\" background_repeat=\"repeat\"][et_pb_column type=\"1_4\"][et_pb_sidebar admin_label=\"Seitenleiste:\" area=\"et_pb_widget_area_2\" show_border=\"off\" _builder_version=\"3.19.6\" global_module=\"302\" saved_tabs=\"all\"]<\/p><p>[\/et_pb_sidebar][\/et_pb_column][et_pb_column type=\"3_4\"][et_pb_text admin_label=\"Titel: Konstantin Bozhinov, Lautenist und Komponist, Kanada\" _builder_version=\"3.19.6\"]<\/p><h1>Frank Scheuerle<\/h1><p>Gitarrist und Mandolinist, Deutschland<br \/><strong>Liuto forte in g (Altlaute), Liuto forte in e, Schwanenhalslaute in e<\/strong><\/p><p>Als ich die Altlaute bestellte habe ich noch nicht geahnt, was f\u00fcr Konsequenzen dieses Instrument f\u00fcr mein weiteres Musizieren haben w\u00fcrde. Mir fehlen schlicht die Worte! Es l\u00f6st bei mir einen nicht versiegenden Strom von Gl\u00fccksgef\u00fchlen aus und ist wie ein Jungbrunnen f\u00fcr mich!<\/p><p>Das f\u00fchrt so weit, dass ich mich nicht um eine zus\u00e4tzliche attraktive Lehrerstelle in der Schweiz bewerben werde, damit mir mehr Zeit zum \u00dcben auf dieser Laute bleibt. Ich habe das dringende Bed\u00fcrfnis, so viel wie m\u00f6glich mit diesem Instrument zu machen und auch noch mal eine CD-Aufnahme anzuvisieren.<\/p><p>[\/et_pb_text][et_pb_image _builder_version=\"3.19.11\" src=\"https:\/\/liuto-forte.de\/wp-content\/uploads\/2019\/03\/Frank-Scheuerle.jpg\" \/][\/et_pb_column][\/et_pb_row][\/et_pb_section]<\/p>","_et_gb_content_width":"","_exactmetrics_skip_tracking":false,"_exactmetrics_sitenote_active":false,"_exactmetrics_sitenote_note":"","_exactmetrics_sitenote_category":0,"footnotes":""},"class_list":["post-4213","page","type-page","status-publish","hentry"],"_links":{"self":[{"href":"https:\/\/liuto-forte.de\/fr\/wp-json\/wp\/v2\/pages\/4213","targetHints":{"allow":["GET"]}}],"collection":[{"href":"https:\/\/liuto-forte.de\/fr\/wp-json\/wp\/v2\/pages"}],"about":[{"href":"https:\/\/liuto-forte.de\/fr\/wp-json\/wp\/v2\/types\/page"}],"author":[{"embeddable":true,"href":"https:\/\/liuto-forte.de\/fr\/wp-json\/wp\/v2\/users\/1"}],"replies":[{"embeddable":true,"href":"https:\/\/liuto-forte.de\/fr\/wp-json\/wp\/v2\/comments?post=4213"}],"version-history":[{"count":3,"href":"https:\/\/liuto-forte.de\/fr\/wp-json\/wp\/v2\/pages\/4213\/revisions"}],"predecessor-version":[{"id":4217,"href":"https:\/\/liuto-forte.de\/fr\/wp-json\/wp\/v2\/pages\/4213\/revisions\/4217"}],"up":[{"embeddable":true,"href":"https:\/\/liuto-forte.de\/fr\/wp-json\/wp\/v2\/pages\/4169"}],"wp:attachment":[{"href":"https:\/\/liuto-forte.de\/fr\/wp-json\/wp\/v2\/media?parent=4213"}],"curies":[{"name":"wp","href":"https:\/\/api.w.org\/{rel}","templated":true}]}}