{"id":4218,"date":"2023-02-09T14:21:50","date_gmt":"2023-02-09T13:21:50","guid":{"rendered":"https:\/\/liuto-forte.de\/?page_id=4218"},"modified":"2023-06-13T09:36:28","modified_gmt":"2023-06-13T07:36:28","slug":"reinhold-hubner","status":"publish","type":"page","link":"https:\/\/liuto-forte.de\/fr\/willkommen\/musikerstimmen\/reinhold-hubner\/","title":{"rendered":"Reinhold Hubner"},"content":{"rendered":"<p>[et_pb_section fb_built=\u00a0\u00bb1&Prime; _builder_version=\u00a0\u00bb4.16&Prime; global_colors_info=\u00a0\u00bb{}\u00a0\u00bb][et_pb_row column_structure=\u00a0\u00bb1_4,3_4&Prime; _builder_version=\u00a0\u00bb4.16&Prime; background_size=\u00a0\u00bbinitial\u00a0\u00bb background_position=\u00a0\u00bbtop_left\u00a0\u00bb background_repeat=\u00a0\u00bbrepeat\u00a0\u00bb global_colors_info=\u00a0\u00bb{}\u00a0\u00bb][et_pb_column type=\u00a0\u00bb1_4&Prime; _builder_version=\u00a0\u00bb4.16&Prime; custom_padding=\u00a0\u00bb|||\u00a0\u00bb global_colors_info=\u00a0\u00bb{}\u00a0\u00bb custom_padding__hover=\u00a0\u00bb|||\u00a0\u00bb][et_pb_sidebar area=\u00a0\u00bbet_pb_widget_area_2&Prime; admin_label=\u00a0\u00bbSeitenleiste:\u00a0\u00bb _builder_version=\u00a0\u00bb4.16&Prime; saved_tabs=\u00a0\u00bball\u00a0\u00bb global_colors_info=\u00a0\u00bb{}\u00a0\u00bb][\/et_pb_sidebar][\/et_pb_column][et_pb_column type=\u00a0\u00bb3_4&Prime; _builder_version=\u00a0\u00bb4.16&Prime; custom_padding=\u00a0\u00bb|||\u00a0\u00bb global_colors_info=\u00a0\u00bb{}\u00a0\u00bb custom_padding__hover=\u00a0\u00bb|||\u00a0\u00bb][et_pb_text admin_label=\u00a0\u00bbTitel: Konstantin Bozhinov, Lautenist und Komponist, Kanada\u00a0\u00bb _builder_version=\u00a0\u00bb4.21.0&Prime; hover_enabled=\u00a0\u00bb0&Prime; global_colors_info=\u00a0\u00bb{}\u00a0\u00bb sticky_enabled=\u00a0\u00bb0&Prime;]<\/p>\n<h1>Reinhold Hubner<\/h1>\n<p>Guitariste, Allemagne<br \/><strong>Liuto forte en r\u00e9 mineur (luth \u00e0 manche col de cygne)<\/strong><\/p>\n<p>Je souhaite vraiment vous remercier, ainsi que Monsieur Haaser, pour ce merveilleux instrument.<\/p>\n<p>Chaque jour, je d\u00e9couvre de nouvelles sonorit\u00e9s, et je commence peu \u00e0 peu \u00e0 faire corps avec mon Liuto forte. Le chemin est encore long et \u2013 comme si souvent dans la musique \u2013 potentiellement infini. J\u2019ai peine \u00e0 quitter mon instrument. Les pi\u00e8ces que vous m\u2019avez envoy\u00e9es pour m\u2019exercer sont tr\u00e8s belles et faciles \u00e0 jouer. Je dois encore m\u2019habituer au registre des basses, et surtout am\u00e9liorer ma technique d\u2019amortissement.<\/p>\n<p>Je n\u2019ai pas pu m\u2019emp\u00eacher d\u2019arranger la Chaconne de la 2e Partita avec Fronimo. Toutes les notes couvrent naturellement tout l\u2019espace sonore du Liuto.\u00a0 La nettet\u00e9 de cet instrument est vraiment incroyable. Les m\u00e9lodies de la voix m\u00e9diane de \u00ab\u00a0t\u00e9nor\u00a0\u00bb sont tr\u00e8s faciles \u00e0 mettre en valeur, on les entend parfaitement dans l\u2019harmonie globale. Jouer dans les positions \u00e0 la place des cordes \u00e0 vide\u00a0est tout \u00e0 fait possible, et l\u2019intonation de l\u2019instrument est parfaite.<\/p>\n<p>Tous mes amis qui ont entendu du Liuto forte sont touch\u00e9s par sa sonorit\u00e9 subtile, raffin\u00e9e et chaude.<\/p>\n<p>Derni\u00e8rement, un ami m\u2019a demand\u00e9 ce que ce \u00ab\u00a0nouveau luth\u00a0\u00bb avait de si sp\u00e9cial. Je lui ai r\u00e9pondu : \u00ab\u00a0Pour les violons, les Stradivari et Guarneri sont la mesure de toutes choses. Aujourd\u2019hui, on peut aussi les reproduire (new Strad). Le Liuto forte, lui, EST le Stradivarius parmi les luths. On n\u2019a jamais connu une telle qualit\u00e9.\u00a0\u00bb<\/p>\n<p>Aujourd\u2019hui, quand je prends ma guitare en mains, je la d\u00e9pose relativement vite. Cela m\u2019irrite de n\u2019avoir que six cordes, et de surcro\u00eet dont la sonorit\u00e9 est faible bien qu\u2019elles soient tellement tendues. Je me demande m\u00eame si je ne vais pas revendre ma guitare.<\/p>\n<p>[\/et_pb_text][\/et_pb_column][\/et_pb_row][\/et_pb_section]<\/p>\n","protected":false},"excerpt":{"rendered":"<p>Reinhold Hubner Guitariste, AllemagneLiuto forte en r\u00e9 mineur (luth \u00e0 manche col de cygne) Je souhaite vraiment vous remercier, ainsi que Monsieur Haaser, pour ce merveilleux instrument. Chaque jour, je d\u00e9couvre de nouvelles sonorit\u00e9s, et je commence peu \u00e0 peu \u00e0 faire corps avec mon Liuto forte. Le chemin est encore long et \u2013 comme [&hellip;]<\/p>\n","protected":false},"author":1,"featured_media":0,"parent":4169,"menu_order":0,"comment_status":"closed","ping_status":"closed","template":"","meta":{"_et_pb_use_builder":"on","_et_pb_old_content":"<p>[et_pb_section bb_built=\"1\"][et_pb_row][et_pb_column type=\"1_4\"][et_pb_sidebar admin_label=\"Seitenleiste:\" _builder_version=\"3.19.6\" area=\"et_pb_widget_area_2\" show_border=\"off\" saved_tabs=\"all\" global_module=\"302\" \/][\/et_pb_column][et_pb_column type=\"3_4\"][et_pb_text admin_label=\"Titel: Konstantin Bozhinov, Lautenist und Komponist, Kanada\" _builder_version=\"3.19.11\"]<\/p><h1>Reinhold Hubner<\/h1><p>Gitarrist, Deutschland<br \/><strong>Liuto forte in d (Schwanenhals)<\/strong><\/p><p>Ich m\u00f6chte mich bei Ihnen und Herrn Haaser ganz herzlich f\u00fcr dieses wunderbare Instrument bedanken.<\/p><p>T\u00e4glich entdecke ich neue Kl\u00e4nge und wachse mit meinem Liuto forte allm\u00e4hlich zusammen. Der Weg ist noch lange und - wie in der Musik so h\u00e4ufig - potentiell unendlich. Es f\u00e4llt mir schwer, das Instrument aus der Hand zu legen. Die \u00dcbungsst\u00fccke, die Sie mir mitgeschickt haben, sind sehr sch\u00f6n und gut zu spielen. An das gro\u00dfe Register der B\u00e4sse muss ich mich erst noch gew\u00f6hnen und besonders die D\u00e4mpftechnik noch verfeinern.<\/p><p>Da ich es nicht lassen konnte, habe ich schon einmal die Ciaconna aus der 2. Partita mit Fronimo bearbeitet. Naturgem\u00e4\u00df liegen die T\u00f6nen alle Tonraum des Liuto. Die Trennsch\u00e4rfe dieses Instrumentes ist wirklich unglaublich. Melodiebewegung in der mittleren \u201eTenor\u201c Stimme lassen sich fast spielend leicht herausarbeiten und sind glasklar in der Gesamtharmonie zu h\u00f6ren. Lagenspiel als Option gegen leere Saiten ist problemlos m\u00f6glich und das Instrument intoniert makellos.<\/p><p>Alle meine Freunde, die den Liuto forte geh\u00f6rt haben, sind ber\u00fchrt von dem subtilen, feinen und warmen Klang.<\/p><p>K\u00fcrzlich fragte mich ein Freund, was denn nun das Besondere sei an dieser \u201eNeuen Laute\u201c. Ich antwortete ihm sinngem\u00e4\u00df: \"Bei Geigen sind Stradivari und Guarneri das Ma\u00df aller Dinge. Mittlerweile kann man diese Instrumente auch nachbauen (New Strad). Liuto forte dagegen IST Stradivari unter den Lauteninstrumenten. Diese Qualit\u00e4t gab es zuvor noch nicht einmal ansatzweise.\"<\/p><p>Mittlerweile ist es so, dass ich meine Gitarre in die Hand nehme und relativ schnell wieder weglege. Es irritiert mich, nur sechs Saiten zu haben, deren Klangergebnis obendrein eher schwach ist, obwohl sie so straff gespannt sind. Ich habe tats\u00e4chlich schon dar\u00fcber nachgedacht meine Gitarre zu verkaufen.<\/p><p>[\/et_pb_text][\/et_pb_column][\/et_pb_row][\/et_pb_section]<\/p>","_et_gb_content_width":"","_exactmetrics_skip_tracking":false,"_exactmetrics_sitenote_active":false,"_exactmetrics_sitenote_note":"","_exactmetrics_sitenote_category":0,"footnotes":""},"class_list":["post-4218","page","type-page","status-publish","hentry"],"_links":{"self":[{"href":"https:\/\/liuto-forte.de\/fr\/wp-json\/wp\/v2\/pages\/4218","targetHints":{"allow":["GET"]}}],"collection":[{"href":"https:\/\/liuto-forte.de\/fr\/wp-json\/wp\/v2\/pages"}],"about":[{"href":"https:\/\/liuto-forte.de\/fr\/wp-json\/wp\/v2\/types\/page"}],"author":[{"embeddable":true,"href":"https:\/\/liuto-forte.de\/fr\/wp-json\/wp\/v2\/users\/1"}],"replies":[{"embeddable":true,"href":"https:\/\/liuto-forte.de\/fr\/wp-json\/wp\/v2\/comments?post=4218"}],"version-history":[{"count":4,"href":"https:\/\/liuto-forte.de\/fr\/wp-json\/wp\/v2\/pages\/4218\/revisions"}],"predecessor-version":[{"id":5213,"href":"https:\/\/liuto-forte.de\/fr\/wp-json\/wp\/v2\/pages\/4218\/revisions\/5213"}],"up":[{"embeddable":true,"href":"https:\/\/liuto-forte.de\/fr\/wp-json\/wp\/v2\/pages\/4169"}],"wp:attachment":[{"href":"https:\/\/liuto-forte.de\/fr\/wp-json\/wp\/v2\/media?parent=4218"}],"curies":[{"name":"wp","href":"https:\/\/api.w.org\/{rel}","templated":true}]}}