{"id":4222,"date":"2023-02-09T14:24:39","date_gmt":"2023-02-09T13:24:39","guid":{"rendered":"https:\/\/liuto-forte.de\/?page_id=4222"},"modified":"2023-06-13T09:37:31","modified_gmt":"2023-06-13T07:37:31","slug":"karin-schlayer","status":"publish","type":"page","link":"https:\/\/liuto-forte.de\/fr\/willkommen\/musikerstimmen\/karin-schlayer\/","title":{"rendered":"Karin Schlayer"},"content":{"rendered":"<p>[et_pb_section fb_built=\u00a0\u00bb1&Prime; _builder_version=\u00a0\u00bb4.16&Prime; global_colors_info=\u00a0\u00bb{}\u00a0\u00bb][et_pb_row column_structure=\u00a0\u00bb1_4,3_4&Prime; _builder_version=\u00a0\u00bb4.16&Prime; background_size=\u00a0\u00bbinitial\u00a0\u00bb background_position=\u00a0\u00bbtop_left\u00a0\u00bb background_repeat=\u00a0\u00bbrepeat\u00a0\u00bb global_colors_info=\u00a0\u00bb{}\u00a0\u00bb][et_pb_column type=\u00a0\u00bb1_4&Prime; _builder_version=\u00a0\u00bb4.16&Prime; custom_padding=\u00a0\u00bb|||\u00a0\u00bb global_colors_info=\u00a0\u00bb{}\u00a0\u00bb custom_padding__hover=\u00a0\u00bb|||\u00a0\u00bb][et_pb_sidebar area=\u00a0\u00bbet_pb_widget_area_2&Prime; admin_label=\u00a0\u00bbSeitenleiste:\u00a0\u00bb _builder_version=\u00a0\u00bb4.16&Prime; saved_tabs=\u00a0\u00bball\u00a0\u00bb global_colors_info=\u00a0\u00bb{}\u00a0\u00bb][\/et_pb_sidebar][\/et_pb_column][et_pb_column type=\u00a0\u00bb3_4&Prime; _builder_version=\u00a0\u00bb4.16&Prime; custom_padding=\u00a0\u00bb|||\u00a0\u00bb global_colors_info=\u00a0\u00bb{}\u00a0\u00bb custom_padding__hover=\u00a0\u00bb|||\u00a0\u00bb][et_pb_text admin_label=\u00a0\u00bbTitel: Konstantin Bozhinov, Lautenist und Komponist, Kanada\u00a0\u00bb _builder_version=\u00a0\u00bb4.21.0&Prime; hover_enabled=\u00a0\u00bb0&Prime; global_colors_info=\u00a0\u00bb{}\u00a0\u00bb sticky_enabled=\u00a0\u00bb0&Prime;]<\/p>\n<h1>Karin Schlayer<\/h1>\n<p>Guitariste, Allemagne<br \/><strong>Liuto forte en mi<\/strong><\/p>\n<p>Derni\u00e8rement, j\u2019avais emport\u00e9 le luth pour notre stage de P\u00e2ques en Hesse \u2013 je continue \u00e0 \u00eatre tr\u00e8s occup\u00e9e par la sonorit\u00e9 et la posture, et je suis toujours en recherche. J\u2019y ai rencontr\u00e9 avec Frank (Scheuerle) et son Liuto forte en sol pendant toute une heure un professeur de guitare, et ses id\u00e9es sur la production du son ont \u00e9t\u00e9 tr\u00e8s utiles. Les autres participants et formateurs \u00e9taient tr\u00e8s curieux de voir nos nouveaux instruments, et nous les avons pr\u00e9sent\u00e9s en soir\u00e9e dans le cadre d\u2019un petit concert. Tous \u00e9taient enthousiasm\u00e9s !<\/p>\n<p>M\u00eame en mettant de c\u00f4t\u00e9 le fait que les participants sont \u00ab de par leur pr\u00e9sence \u00bb d\u2019embl\u00e9e positifs, les r\u00e9actions ont vraiment \u00e9t\u00e9 positives. On nous a dit que l\u2019ambiance \u00e9tait chatoyante, combien le son \u00e9tait amplifi\u00e9 et restait pr\u00e9sent m\u00eame apr\u00e8s \u00eatre assourdi, et que l\u2019on restait sous le charme. J\u2019avais eu moi-m\u00eame une tr\u00e8s bonne impression, et l\u2019enregistrement y correspondait tout \u00e0 fait. Un participant a voulu l\u2019entendre pour comparer et voir s\u2019il faisait ressortir l\u2019ambiance du live, et a confirm\u00e9. Je suis tr\u00e8s heureuse de mon instrument et contente de l\u2019avoir achet\u00e9.<\/p>\n<p>[\/et_pb_text][et_pb_image src=\u00a0\u00bbhttps:\/\/liuto-forte.de\/wp-content\/uploads\/2019\/03\/Frank-Scheuerle.jpg\u00a0\u00bb align_tablet=\u00a0\u00bbcenter\u00a0\u00bb align_phone=\u00a0\u00bbcenter\u00a0\u00bb align_last_edited=\u00a0\u00bbon|desktop\u00a0\u00bb _builder_version=\u00a0\u00bb4.16&Prime; global_colors_info=\u00a0\u00bb{}\u00a0\u00bb][\/et_pb_image][\/et_pb_column][\/et_pb_row][\/et_pb_section]<\/p>\n","protected":false},"excerpt":{"rendered":"<p>Karin Schlayer Guitariste, AllemagneLiuto forte en mi Derni\u00e8rement, j\u2019avais emport\u00e9 le luth pour notre stage de P\u00e2ques en Hesse \u2013 je continue \u00e0 \u00eatre tr\u00e8s occup\u00e9e par la sonorit\u00e9 et la posture, et je suis toujours en recherche. J\u2019y ai rencontr\u00e9 avec Frank (Scheuerle) et son Liuto forte en sol pendant toute une heure un [&hellip;]<\/p>\n","protected":false},"author":1,"featured_media":0,"parent":4169,"menu_order":0,"comment_status":"closed","ping_status":"closed","template":"","meta":{"_et_pb_use_builder":"on","_et_pb_old_content":"<p>[et_pb_section bb_built=\"1\" _builder_version=\"3.0.47\"][et_pb_row _builder_version=\"3.0.48\" background_size=\"initial\" background_position=\"top_left\" background_repeat=\"repeat\"][et_pb_column type=\"1_4\"][et_pb_sidebar admin_label=\"Seitenleiste:\" area=\"et_pb_widget_area_2\" show_border=\"off\" _builder_version=\"3.19.6\" global_module=\"302\" saved_tabs=\"all\"]<\/p><p>[\/et_pb_sidebar][\/et_pb_column][et_pb_column type=\"3_4\"][et_pb_text admin_label=\"Titel: Konstantin Bozhinov, Lautenist und Komponist, Kanada\" _builder_version=\"3.19.6\"]<\/p><h1>Karin Schlayer<\/h1><p>Gitarristin, Deutschland<br \/><strong>Liuto forte in e<\/strong><\/p><p>Zuletzt hatte ich die Laute beim Osterlehrgang in Hessen dabei - ich bin immer noch sehr mit Tonbildung und entsprechender Haltung besch\u00e4ftigt und auf der Suche. Ich habe mich dort mit Frank (Scheuerle) und seinem Liuto forte in g f\u00fcr eine separate Stunde mit einem Gitarrendozenten getroffen, und seine Ideen zur Tonbildung waren sehr hilfreich. Die anderen Teilnehmer und Dozenten waren sehr neugierig auf unsere neuen Instrumente, und wir haben sie im Rahmen eines kleinen Vorspiels am Abend vorgestellt. Alle waren total begeistert!<\/p><p>Auch wenn man mal abzieht, dass die Teilnehmer schon mal \u201ekraft ihres Amtes\u201c positiv gestimmt sind - so war es durchweg \u00e4u\u00dferst positiv. Es kamen R\u00fcckmeldungen, dass es wie ein Flirren in der Luft lag, wie verst\u00e4rkt klang und nach Abd\u00e4mpfen der Klang trotzdem noch im Raum stand und man sich seinem Zauber nicht entziehen konnte. Ich empfand es auch als sehr sch\u00f6n, und die Aufnahme entsprach genau diesem Gef\u00fchl. Ein Teilnehmer wollte sie h\u00f6ren, um zu vergleichen, ob sie diese Livestimmung r\u00fcberbringen kann und best\u00e4tigte es dann. Ich bin sehr gl\u00fccklich mit meinem Instrument und froh, dass ich mich zum Kauf entschlossen habe.<\/p><p>[\/et_pb_text][et_pb_image _builder_version=\"3.19.11\" src=\"https:\/\/liuto-forte.de\/wp-content\/uploads\/2019\/03\/Frank-Scheuerle.jpg\" \/][\/et_pb_column][\/et_pb_row][\/et_pb_section]<\/p>","_et_gb_content_width":"","_exactmetrics_skip_tracking":false,"_exactmetrics_sitenote_active":false,"_exactmetrics_sitenote_note":"","_exactmetrics_sitenote_category":0,"footnotes":""},"class_list":["post-4222","page","type-page","status-publish","hentry"],"_links":{"self":[{"href":"https:\/\/liuto-forte.de\/fr\/wp-json\/wp\/v2\/pages\/4222","targetHints":{"allow":["GET"]}}],"collection":[{"href":"https:\/\/liuto-forte.de\/fr\/wp-json\/wp\/v2\/pages"}],"about":[{"href":"https:\/\/liuto-forte.de\/fr\/wp-json\/wp\/v2\/types\/page"}],"author":[{"embeddable":true,"href":"https:\/\/liuto-forte.de\/fr\/wp-json\/wp\/v2\/users\/1"}],"replies":[{"embeddable":true,"href":"https:\/\/liuto-forte.de\/fr\/wp-json\/wp\/v2\/comments?post=4222"}],"version-history":[{"count":4,"href":"https:\/\/liuto-forte.de\/fr\/wp-json\/wp\/v2\/pages\/4222\/revisions"}],"predecessor-version":[{"id":5214,"href":"https:\/\/liuto-forte.de\/fr\/wp-json\/wp\/v2\/pages\/4222\/revisions\/5214"}],"up":[{"embeddable":true,"href":"https:\/\/liuto-forte.de\/fr\/wp-json\/wp\/v2\/pages\/4169"}],"wp:attachment":[{"href":"https:\/\/liuto-forte.de\/fr\/wp-json\/wp\/v2\/media?parent=4222"}],"curies":[{"name":"wp","href":"https:\/\/api.w.org\/{rel}","templated":true}]}}