{"id":4227,"date":"2023-02-09T14:35:41","date_gmt":"2023-02-09T13:35:41","guid":{"rendered":"https:\/\/liuto-forte.de\/?page_id=4227"},"modified":"2023-02-09T14:35:41","modified_gmt":"2023-02-09T13:35:41","slug":"dr-douglas-james","status":"publish","type":"page","link":"https:\/\/liuto-forte.de\/fr\/willkommen\/musikerstimmen\/dr-douglas-james\/","title":{"rendered":"Dr. Douglas James"},"content":{"rendered":"<p>[et_pb_section fb_built=\u00a0\u00bb1&Prime; _builder_version=\u00a0\u00bb4.16&Prime; global_colors_info=\u00a0\u00bb{}\u00a0\u00bb][et_pb_row column_structure=\u00a0\u00bb1_4,3_4&Prime; _builder_version=\u00a0\u00bb4.16&Prime; background_size=\u00a0\u00bbinitial\u00a0\u00bb background_position=\u00a0\u00bbtop_left\u00a0\u00bb background_repeat=\u00a0\u00bbrepeat\u00a0\u00bb global_colors_info=\u00a0\u00bb{}\u00a0\u00bb][et_pb_column type=\u00a0\u00bb1_4&Prime; _builder_version=\u00a0\u00bb4.16&Prime; custom_padding=\u00a0\u00bb|||\u00a0\u00bb global_colors_info=\u00a0\u00bb{}\u00a0\u00bb custom_padding__hover=\u00a0\u00bb|||\u00a0\u00bb][et_pb_sidebar area=\u00a0\u00bbet_pb_widget_area_2&Prime; admin_label=\u00a0\u00bbSeitenleiste:\u00a0\u00bb _builder_version=\u00a0\u00bb4.16&Prime; saved_tabs=\u00a0\u00bball\u00a0\u00bb global_colors_info=\u00a0\u00bb{}\u00a0\u00bb][\/et_pb_sidebar][\/et_pb_column][et_pb_column type=\u00a0\u00bb3_4&Prime; _builder_version=\u00a0\u00bb4.16&Prime; custom_padding=\u00a0\u00bb|||\u00a0\u00bb global_colors_info=\u00a0\u00bb{}\u00a0\u00bb custom_padding__hover=\u00a0\u00bb|||\u00a0\u00bb][et_pb_text admin_label=\u00a0\u00bbTitel: Konstantin Bozhinov, Lautenist und Komponist, Kanada\u00a0\u00bb _builder_version=\u00a0\u00bb4.19.5&Prime; hover_enabled=\u00a0\u00bb0&Prime; global_colors_info=\u00a0\u00bb{}\u00a0\u00bb sticky_enabled=\u00a0\u00bb0&Prime;]<\/p>\n<h1>Dr. Douglas James<\/h1>\n<p>Professeur de guitare, Directeur du Appalachian GuitarFest, Hayes School of Music, Appalachian State University NC, USA<br \/><strong>Arciliuto forte en sol<\/strong><\/p>\n<p>Mon Arciliuto forte en sol est un instrument fabuleux ! Remarquablement \u00e9quilibr\u00e9 dans son volume, et clair dans tous les registres. Il poss\u00e8de un son limpide mais chaud, est mont\u00e9 de cordes simples et les guitaristes classiques le jouent sans probl\u00e8me avec les ongles. L\u2019instrument s\u2019utilise dans des domaines tr\u00e8s divers, car il fonctionne aussi bien comme l\u2019archiluth typique qu\u2019en r\u00e9 mineur en changeant trois cordes seulement. Le travail est d\u2019excellente qualit\u00e9, et gr\u00e2ce aux chevilles m\u00e9caniques, tant jouer qu\u2019accorder son Liuto forte est un v\u00e9ritable plaisir !<\/p>\n<p>[\/et_pb_text][et_pb_image src=\u00a0\u00bbhttps:\/\/liuto-forte.de\/wp-content\/uploads\/2019\/02\/Douglas-James2-e1550052063945.jpg\u00a0\u00bb align_tablet=\u00a0\u00bbcenter\u00a0\u00bb align_phone=\u00a0\u00bbcenter\u00a0\u00bb align_last_edited=\u00a0\u00bbon|desktop\u00a0\u00bb _builder_version=\u00a0\u00bb4.16&Prime; global_colors_info=\u00a0\u00bb{}\u00a0\u00bb][\/et_pb_image][\/et_pb_column][\/et_pb_row][\/et_pb_section]<\/p>\n","protected":false},"excerpt":{"rendered":"<p>Dr. Douglas James Professeur de guitare, Directeur du Appalachian GuitarFest, Hayes School of Music, Appalachian State University NC, USAArciliuto forte en sol Mon Arciliuto forte en sol est un instrument fabuleux ! Remarquablement \u00e9quilibr\u00e9 dans son volume, et clair dans tous les registres. Il poss\u00e8de un son limpide mais chaud, est mont\u00e9 de cordes simples [&hellip;]<\/p>\n","protected":false},"author":1,"featured_media":0,"parent":4169,"menu_order":0,"comment_status":"closed","ping_status":"closed","template":"","meta":{"_et_pb_use_builder":"on","_et_pb_old_content":"<p>[et_pb_section bb_built=\"1\"][et_pb_row][et_pb_column type=\"1_4\"][et_pb_sidebar admin_label=\"Seitenleiste:\" _builder_version=\"3.19.6\" area=\"et_pb_widget_area_2\" show_border=\"off\" saved_tabs=\"all\" global_module=\"302\" \/][\/et_pb_column][et_pb_column type=\"3_4\"][et_pb_text admin_label=\"Titel: Konstantin Bozhinov, Lautenist und Komponist, Kanada\" _builder_version=\"3.19.6\"]<\/p><h1>Dr. Douglas James<\/h1><p>Professor of Guitar, Director of <em>Appalachian GuitarFest, <\/em>Hayes School of Music, Appalachian State University NC, USA<br \/><strong>Arciliuto forte in g<\/strong><\/p><p>Mein Arciliuto forte in g ist ein ganz fabelhaftes Instrument! Bemerkenswert ausgewogen in Volumen und Klarheit \u00fcber den gesamten Tonbereich. Er hat einen sehr klaren, jedoch warmen Lautenklang, ist mit Einzelsaiten bezogen und f\u00fcr einen klassischen Gitarristen problemlos mit N\u00e4geln zu spielen. Das Instrument ist extrem vielseitig einsetzbar und funktioniert sowohl in der typischen Arciliuto \u2013 Stimmung als auch in d-Moll-Stimmung, wof\u00fcr man nur drei Saiten wechseln muss. Die Verarbeitungsqualit\u00e4t ist auf h\u00f6chstem Niveau, und dank der mechanischen Wirbel wird sowohl das Spielen als auch das Stimmen des Liuto forte zum absoluten Vergn\u00fcgen!<\/p><p>[\/et_pb_text][et_pb_image _builder_version=\"3.19.11\" src=\"https:\/\/liuto-forte.de\/wp-content\/uploads\/2019\/02\/Douglas-James2-e1550052063945.jpg\" \/][\/et_pb_column][\/et_pb_row][\/et_pb_section]<\/p>","_et_gb_content_width":"","_exactmetrics_skip_tracking":false,"_exactmetrics_sitenote_active":false,"_exactmetrics_sitenote_note":"","_exactmetrics_sitenote_category":0,"footnotes":""},"class_list":["post-4227","page","type-page","status-publish","hentry"],"_links":{"self":[{"href":"https:\/\/liuto-forte.de\/fr\/wp-json\/wp\/v2\/pages\/4227","targetHints":{"allow":["GET"]}}],"collection":[{"href":"https:\/\/liuto-forte.de\/fr\/wp-json\/wp\/v2\/pages"}],"about":[{"href":"https:\/\/liuto-forte.de\/fr\/wp-json\/wp\/v2\/types\/page"}],"author":[{"embeddable":true,"href":"https:\/\/liuto-forte.de\/fr\/wp-json\/wp\/v2\/users\/1"}],"replies":[{"embeddable":true,"href":"https:\/\/liuto-forte.de\/fr\/wp-json\/wp\/v2\/comments?post=4227"}],"version-history":[{"count":3,"href":"https:\/\/liuto-forte.de\/fr\/wp-json\/wp\/v2\/pages\/4227\/revisions"}],"predecessor-version":[{"id":4231,"href":"https:\/\/liuto-forte.de\/fr\/wp-json\/wp\/v2\/pages\/4227\/revisions\/4231"}],"up":[{"embeddable":true,"href":"https:\/\/liuto-forte.de\/fr\/wp-json\/wp\/v2\/pages\/4169"}],"wp:attachment":[{"href":"https:\/\/liuto-forte.de\/fr\/wp-json\/wp\/v2\/media?parent=4227"}],"curies":[{"name":"wp","href":"https:\/\/api.w.org\/{rel}","templated":true}]}}