{"id":4241,"date":"2023-02-09T14:40:26","date_gmt":"2023-02-09T13:40:26","guid":{"rendered":"https:\/\/liuto-forte.de\/?page_id=4241"},"modified":"2023-02-09T14:40:27","modified_gmt":"2023-02-09T13:40:27","slug":"anne-kathrin-tietke","status":"publish","type":"page","link":"https:\/\/liuto-forte.de\/fr\/willkommen\/musikerstimmen\/anne-kathrin-tietke\/","title":{"rendered":"Anne-Kathrin Tietke"},"content":{"rendered":"<p>[et_pb_section fb_built=\u00a0\u00bb1&Prime; _builder_version=\u00a0\u00bb4.16&Prime; global_colors_info=\u00a0\u00bb{}\u00a0\u00bb][et_pb_row column_structure=\u00a0\u00bb1_4,3_4&Prime; _builder_version=\u00a0\u00bb4.16&Prime; background_size=\u00a0\u00bbinitial\u00a0\u00bb background_position=\u00a0\u00bbtop_left\u00a0\u00bb background_repeat=\u00a0\u00bbrepeat\u00a0\u00bb global_colors_info=\u00a0\u00bb{}\u00a0\u00bb][et_pb_column type=\u00a0\u00bb1_4&Prime; _builder_version=\u00a0\u00bb4.16&Prime; custom_padding=\u00a0\u00bb|||\u00a0\u00bb global_colors_info=\u00a0\u00bb{}\u00a0\u00bb custom_padding__hover=\u00a0\u00bb|||\u00a0\u00bb][et_pb_sidebar area=\u00a0\u00bbet_pb_widget_area_2&Prime; admin_label=\u00a0\u00bbSeitenleiste:\u00a0\u00bb _builder_version=\u00a0\u00bb4.16&Prime; saved_tabs=\u00a0\u00bball\u00a0\u00bb global_colors_info=\u00a0\u00bb{}\u00a0\u00bb][\/et_pb_sidebar][\/et_pb_column][et_pb_column type=\u00a0\u00bb3_4&Prime; _builder_version=\u00a0\u00bb4.16&Prime; custom_padding=\u00a0\u00bb|||\u00a0\u00bb global_colors_info=\u00a0\u00bb{}\u00a0\u00bb custom_padding__hover=\u00a0\u00bb|||\u00a0\u00bb][et_pb_text admin_label=\u00a0\u00bbTitel: Konstantin Bozhinov, Lautenist und Komponist, Kanada\u00a0\u00bb _builder_version=\u00a0\u00bb4.19.5&Prime; hover_enabled=\u00a0\u00bb0&Prime; global_colors_info=\u00a0\u00bb{}\u00a0\u00bb sticky_enabled=\u00a0\u00bb0&Prime;]<\/p>\n<h1>Anne-Kathrin Tietke<\/h1>\n<p>Guitariste et luthiste, Allemagne<br \/><strong>Liuti forti en r\u00e9 mineur, en sol et Tiorba forte<\/strong><\/p>\n<p>En tant que guitariste, on ressent parfois le manque du spectre sonore propre aux luths, qui sont polyvalents. J\u2019\u00e9tais profond\u00e9ment fascin\u00e9e par l\u2019\u00e9tendue des basses profondes jusqu\u2019aux aigus les plus subtils, et je voulais absolument les d\u00e9couvrir. Cette \u00e9tendue r\u00e9pond vraiment \u00e0 l\u2019\u00e9motivit\u00e9 de toute musique, qui est l\u2019image de notre propre univers \u00e9motionnel aux multiples facettes, et elle est tr\u00e8s satisfaisante pour l\u2019ex\u00e9cutant \u2013 on a l\u2019impression que plus rien ne manque et, en tant que guitariste, on est vraiment au septi\u00e8me ciel de la musique avec un Liuto Forte.<\/p>\n<p>[\/et_pb_text][et_pb_image src=\u00a0\u00bbhttps:\/\/liuto-forte.de\/wp-content\/uploads\/2019\/01\/image019.jpg\u00a0\u00bb align_tablet=\u00a0\u00bbcenter\u00a0\u00bb align_phone=\u00a0\u00bbcenter\u00a0\u00bb align_last_edited=\u00a0\u00bbon|desktop\u00a0\u00bb _builder_version=\u00a0\u00bb4.16&Prime; global_colors_info=\u00a0\u00bb{}\u00a0\u00bb][\/et_pb_image][\/et_pb_column][\/et_pb_row][\/et_pb_section]<\/p>\n","protected":false},"excerpt":{"rendered":"<p>Anne-Kathrin Tietke Guitariste et luthiste, AllemagneLiuti forti en r\u00e9 mineur, en sol et Tiorba forte En tant que guitariste, on ressent parfois le manque du spectre sonore propre aux luths, qui sont polyvalents. J\u2019\u00e9tais profond\u00e9ment fascin\u00e9e par l\u2019\u00e9tendue des basses profondes jusqu\u2019aux aigus les plus subtils, et je voulais absolument les d\u00e9couvrir. Cette \u00e9tendue r\u00e9pond [&hellip;]<\/p>\n","protected":false},"author":1,"featured_media":0,"parent":4169,"menu_order":0,"comment_status":"closed","ping_status":"closed","template":"","meta":{"_et_pb_use_builder":"on","_et_pb_old_content":"<p>[et_pb_section bb_built=\"1\"][et_pb_row][et_pb_column type=\"1_4\"][et_pb_sidebar admin_label=\"Seitenleiste:\" _builder_version=\"3.19.6\" area=\"et_pb_widget_area_2\" show_border=\"off\" saved_tabs=\"all\" global_module=\"302\" \/][\/et_pb_column][et_pb_column type=\"3_4\"][et_pb_text admin_label=\"Titel: Konstantin Bozhinov, Lautenist und Komponist, Kanada\" _builder_version=\"3.19.6\"]<\/p><h1>Anne-Kathrin Tietke<\/h1><p>Gitarristin und Lautenistin, Deutschland <br \/><strong>Liuti forti in d, g und Tiorba forte<\/strong><\/p><p>Als Gitarrist vermisst man bisweilen das klangliche Spektrum der vielsaitigen Lauten. Ich war zutiefst fasziniert von der Spannweite der tiefsten B\u00e4sse bis hin zu den feinsten H\u00f6hen und wollte unbedingt mit diesem Spektrum arbeiten. Es kommt der Emotionalit\u00e4t einer jeden Musik als Abbild unserer facettenreichen menschlichen Empfindungswelt absolut entgegen und ist sehr befriedigend f\u00fcr den Spieler- man vermisst nichts mehr und ist als Gitarrist mit einem Liuto Forte im Klanghimmel.<\/p><p>[\/et_pb_text][et_pb_image _builder_version=\"3.19.6\" src=\"https:\/\/liuto-forte.de\/wp-content\/uploads\/2019\/01\/image019.jpg\" \/][\/et_pb_column][\/et_pb_row][\/et_pb_section]<\/p>","_et_gb_content_width":"","_exactmetrics_skip_tracking":false,"_exactmetrics_sitenote_active":false,"_exactmetrics_sitenote_note":"","_exactmetrics_sitenote_category":0,"footnotes":""},"class_list":["post-4241","page","type-page","status-publish","hentry"],"_links":{"self":[{"href":"https:\/\/liuto-forte.de\/fr\/wp-json\/wp\/v2\/pages\/4241","targetHints":{"allow":["GET"]}}],"collection":[{"href":"https:\/\/liuto-forte.de\/fr\/wp-json\/wp\/v2\/pages"}],"about":[{"href":"https:\/\/liuto-forte.de\/fr\/wp-json\/wp\/v2\/types\/page"}],"author":[{"embeddable":true,"href":"https:\/\/liuto-forte.de\/fr\/wp-json\/wp\/v2\/users\/1"}],"replies":[{"embeddable":true,"href":"https:\/\/liuto-forte.de\/fr\/wp-json\/wp\/v2\/comments?post=4241"}],"version-history":[{"count":3,"href":"https:\/\/liuto-forte.de\/fr\/wp-json\/wp\/v2\/pages\/4241\/revisions"}],"predecessor-version":[{"id":4245,"href":"https:\/\/liuto-forte.de\/fr\/wp-json\/wp\/v2\/pages\/4241\/revisions\/4245"}],"up":[{"embeddable":true,"href":"https:\/\/liuto-forte.de\/fr\/wp-json\/wp\/v2\/pages\/4169"}],"wp:attachment":[{"href":"https:\/\/liuto-forte.de\/fr\/wp-json\/wp\/v2\/media?parent=4241"}],"curies":[{"name":"wp","href":"https:\/\/api.w.org\/{rel}","templated":true}]}}