{"id":4246,"date":"2023-02-09T14:42:43","date_gmt":"2023-02-09T13:42:43","guid":{"rendered":"https:\/\/liuto-forte.de\/?page_id=4246"},"modified":"2023-02-09T14:44:32","modified_gmt":"2023-02-09T13:44:32","slug":"susanne-schatz","status":"publish","type":"page","link":"https:\/\/liuto-forte.de\/fr\/willkommen\/musikerstimmen\/susanne-schatz\/","title":{"rendered":"Susanne Schatz"},"content":{"rendered":"<p>[et_pb_section fb_built=\u00a0\u00bb1&Prime; _builder_version=\u00a0\u00bb4.16&Prime; global_colors_info=\u00a0\u00bb{}\u00a0\u00bb][et_pb_row column_structure=\u00a0\u00bb1_4,3_4&Prime; _builder_version=\u00a0\u00bb4.16&Prime; background_size=\u00a0\u00bbinitial\u00a0\u00bb background_position=\u00a0\u00bbtop_left\u00a0\u00bb background_repeat=\u00a0\u00bbrepeat\u00a0\u00bb global_colors_info=\u00a0\u00bb{}\u00a0\u00bb][et_pb_column type=\u00a0\u00bb1_4&Prime; _builder_version=\u00a0\u00bb4.16&Prime; custom_padding=\u00a0\u00bb|||\u00a0\u00bb global_colors_info=\u00a0\u00bb{}\u00a0\u00bb custom_padding__hover=\u00a0\u00bb|||\u00a0\u00bb][et_pb_sidebar area=\u00a0\u00bbet_pb_widget_area_2&Prime; admin_label=\u00a0\u00bbSeitenleiste:\u00a0\u00bb _builder_version=\u00a0\u00bb4.16&Prime; saved_tabs=\u00a0\u00bball\u00a0\u00bb global_colors_info=\u00a0\u00bb{}\u00a0\u00bb][\/et_pb_sidebar][\/et_pb_column][et_pb_column type=\u00a0\u00bb3_4&Prime; _builder_version=\u00a0\u00bb4.16&Prime; custom_padding=\u00a0\u00bb|||\u00a0\u00bb global_colors_info=\u00a0\u00bb{}\u00a0\u00bb custom_padding__hover=\u00a0\u00bb|||\u00a0\u00bb][et_pb_text admin_label=\u00a0\u00bbTitel: Konstantin Bozhinov, Lautenist und Komponist, Kanada\u00a0\u00bb _builder_version=\u00a0\u00bb4.19.5&Prime; hover_enabled=\u00a0\u00bb0&Prime; global_colors_info=\u00a0\u00bb{}\u00a0\u00bb sticky_enabled=\u00a0\u00bb0&Prime;]<\/p>\n<h1 class=\"p1\"><span class=\"s1\">Susanne Schatz<\/span><\/h1>\n<p>Guitariste, Allemagne<br \/><strong>Liuto forte en mi (luth t\u00e9nor)<\/strong><\/p>\n<p>Ce qui a commenc\u00e9 il y a presque trois ans par un essai sceptique du Liuto forte \u00e0 l\u2019\u00e9cole de musique de Sangerhausen s\u2019est dans l\u2019intervalle m\u00fb en un lien tr\u00e8s \u00e9troit entre une inconditionnelle de la guitare et un luth.<\/p>\n<p>Le son \u00e9quilibr\u00e9 et ample de cet instrument ne cesse de me ravir. Les cordes sont tr\u00e8s douces \u00e0 jouer, et les barr\u00e9s un jeu d\u2019enfant en raison de la faible tension des cordes (surtout quand on a, comme moi, de petites mains). J\u2019ai au d\u00e9but d\u00fb m\u2019habituer aux cordes suppl\u00e9mentaires et \u00e0 la touche \u00e0 un peu plus large, et apprendre l\u2019accord avec les chevilles classiques, qui exige de la patience et du doigt\u00e9.<\/p>\n<p>Le Liuto forte est magistralement construit, et tr\u00e8s l\u00e9ger. C\u2019est tr\u00e8s gai d\u2019y d\u00e9velopper sa musicalit\u00e9 et d\u2019y essayer du neuf. Celui qui poss\u00e8de un tel instrument peut jouer des pi\u00e8ces historiques de mani\u00e8re magistrale, et produire des sonorit\u00e9s tout \u00e0 fait exquises.<\/p>\n<p>[\/et_pb_text][et_pb_image src=\u00a0\u00bbhttps:\/\/liuto-forte.de\/wp-content\/uploads\/2019\/03\/Susanne_Schatz.jpg\u00a0\u00bb align_tablet=\u00a0\u00bbcenter\u00a0\u00bb align_phone=\u00a0\u00bbcenter\u00a0\u00bb align_last_edited=\u00a0\u00bbon|desktop\u00a0\u00bb _builder_version=\u00a0\u00bb4.16&Prime; global_colors_info=\u00a0\u00bb{}\u00a0\u00bb][\/et_pb_image][\/et_pb_column][\/et_pb_row][\/et_pb_section]<\/p>\n","protected":false},"excerpt":{"rendered":"<p>Susanne Schatz Guitariste, AllemagneLiuto forte en mi (luth t\u00e9nor) Ce qui a commenc\u00e9 il y a presque trois ans par un essai sceptique du Liuto forte \u00e0 l\u2019\u00e9cole de musique de Sangerhausen s\u2019est dans l\u2019intervalle m\u00fb en un lien tr\u00e8s \u00e9troit entre une inconditionnelle de la guitare et un luth. Le son \u00e9quilibr\u00e9 et ample [&hellip;]<\/p>\n","protected":false},"author":1,"featured_media":0,"parent":4169,"menu_order":0,"comment_status":"closed","ping_status":"closed","template":"","meta":{"_et_pb_use_builder":"on","_et_pb_old_content":"<p>[et_pb_section bb_built=\"1\"][et_pb_row][et_pb_column type=\"1_4\"][et_pb_sidebar admin_label=\"Seitenleiste:\" _builder_version=\"3.19.6\" area=\"et_pb_widget_area_2\" show_border=\"off\" saved_tabs=\"all\" global_module=\"302\" \/][\/et_pb_column][et_pb_column type=\"3_4\"][et_pb_text admin_label=\"Titel: Konstantin Bozhinov, Lautenist und Komponist, Kanada\" _builder_version=\"3.19.11\"]<\/p><h1 class=\"p1\"><span class=\"s1\">Susanne Schatz<\/span><\/h1><p class=\"p1\"><span class=\"s1\">Gitarristin, Deutschland<br \/><\/span><strong><span class=\"s1\">Liuto forte in e (Tenorlaute)<\/span><\/strong><\/p><p class=\"p1\"><span class=\"s1\">Was als ein mit einiger Skepsis betrachtetes Ausprobieren eines Liuto forte in der Sangerh\u00e4user Musikschule vor fast drei Jahren begann, entwickelte sich inzwischen zu einer innigen Verbindung zwischen einer eingefleischten Gitarristin und einer Laute.<\/span><\/p><p class=\"p1\"><span class=\"s1\">Der ausgewogene und volumin\u00f6se Klang dieses Instrumentes begeistert mich jeden Tag aufs Neue. Die Saiten spielen sich butterweich, aufgrund der geringeren Saitenspannung sind auch Barr\u00e9griffe kein Problem (besonders wenn man - wie ich - kleine H\u00e4nde hat). An die zus\u00e4tzlichen Saiten und das etwas breitere Griffbrett \u00a0musste ich mich anfangs erst gew\u00f6hnen, auch das Stimmen mit den klassischen Wirbeln verlangt Geduld und Fingerspitzengef\u00fchl.<\/span><\/p><p class=\"p1\"><span class=\"s1\">Der Liuto forte ist meisterhaft gebaut und federleicht. Es macht viel Spa\u00df, sich musikalisch darauf zu entfalten und Neues auszuprobieren. Wer solch ein Instrument sein Eigen nennt, kann historische Musikst\u00fccke auf h\u00f6chstem Niveau spielen und ein ganz besonderes Klangerlebnis schaffen.<\/span><\/p><p>[\/et_pb_text][et_pb_image _builder_version=\"3.19.11\" src=\"https:\/\/liuto-forte.de\/wp-content\/uploads\/2019\/03\/Susanne_Schatz.jpg\" \/][\/et_pb_column][\/et_pb_row][\/et_pb_section]<\/p>","_et_gb_content_width":"","_exactmetrics_skip_tracking":false,"_exactmetrics_sitenote_active":false,"_exactmetrics_sitenote_note":"","_exactmetrics_sitenote_category":0,"footnotes":""},"class_list":["post-4246","page","type-page","status-publish","hentry"],"_links":{"self":[{"href":"https:\/\/liuto-forte.de\/fr\/wp-json\/wp\/v2\/pages\/4246","targetHints":{"allow":["GET"]}}],"collection":[{"href":"https:\/\/liuto-forte.de\/fr\/wp-json\/wp\/v2\/pages"}],"about":[{"href":"https:\/\/liuto-forte.de\/fr\/wp-json\/wp\/v2\/types\/page"}],"author":[{"embeddable":true,"href":"https:\/\/liuto-forte.de\/fr\/wp-json\/wp\/v2\/users\/1"}],"replies":[{"embeddable":true,"href":"https:\/\/liuto-forte.de\/fr\/wp-json\/wp\/v2\/comments?post=4246"}],"version-history":[{"count":3,"href":"https:\/\/liuto-forte.de\/fr\/wp-json\/wp\/v2\/pages\/4246\/revisions"}],"predecessor-version":[{"id":4250,"href":"https:\/\/liuto-forte.de\/fr\/wp-json\/wp\/v2\/pages\/4246\/revisions\/4250"}],"up":[{"embeddable":true,"href":"https:\/\/liuto-forte.de\/fr\/wp-json\/wp\/v2\/pages\/4169"}],"wp:attachment":[{"href":"https:\/\/liuto-forte.de\/fr\/wp-json\/wp\/v2\/media?parent=4246"}],"curies":[{"name":"wp","href":"https:\/\/api.w.org\/{rel}","templated":true}]}}