{"id":4255,"date":"2023-02-09T14:47:15","date_gmt":"2023-02-09T13:47:15","guid":{"rendered":"https:\/\/liuto-forte.de\/?page_id=4255"},"modified":"2023-02-09T14:47:15","modified_gmt":"2023-02-09T13:47:15","slug":"dorothee-von-heydebrand-und-der-lasa","status":"publish","type":"page","link":"https:\/\/liuto-forte.de\/fr\/willkommen\/musikerstimmen\/dorothee-von-heydebrand-und-der-lasa\/","title":{"rendered":"Dorothee von Heydebrand und der Lasa"},"content":{"rendered":"<p>[et_pb_section fb_built=\u00a0\u00bb1&Prime; _builder_version=\u00a0\u00bb4.16&Prime; global_colors_info=\u00a0\u00bb{}\u00a0\u00bb][et_pb_row column_structure=\u00a0\u00bb1_4,3_4&Prime; _builder_version=\u00a0\u00bb4.16&Prime; background_size=\u00a0\u00bbinitial\u00a0\u00bb background_position=\u00a0\u00bbtop_left\u00a0\u00bb background_repeat=\u00a0\u00bbrepeat\u00a0\u00bb global_colors_info=\u00a0\u00bb{}\u00a0\u00bb][et_pb_column type=\u00a0\u00bb1_4&Prime; _builder_version=\u00a0\u00bb4.16&Prime; custom_padding=\u00a0\u00bb|||\u00a0\u00bb global_colors_info=\u00a0\u00bb{}\u00a0\u00bb custom_padding__hover=\u00a0\u00bb|||\u00a0\u00bb][et_pb_sidebar area=\u00a0\u00bbet_pb_widget_area_2&Prime; admin_label=\u00a0\u00bbSeitenleiste:\u00a0\u00bb _builder_version=\u00a0\u00bb4.16&Prime; saved_tabs=\u00a0\u00bball\u00a0\u00bb global_colors_info=\u00a0\u00bb{}\u00a0\u00bb][\/et_pb_sidebar][\/et_pb_column][et_pb_column type=\u00a0\u00bb3_4&Prime; _builder_version=\u00a0\u00bb4.16&Prime; custom_padding=\u00a0\u00bb|||\u00a0\u00bb global_colors_info=\u00a0\u00bb{}\u00a0\u00bb custom_padding__hover=\u00a0\u00bb|||\u00a0\u00bb][et_pb_text admin_label=\u00a0\u00bbDorothee von Heydebrand und der Lasa\u00a0\u00bb _builder_version=\u00a0\u00bb4.19.5&Prime; hover_enabled=\u00a0\u00bb0&Prime; global_colors_info=\u00a0\u00bb{}\u00a0\u00bb sticky_enabled=\u00a0\u00bb0&Prime;]<\/p>\n<h1 class=\"p1\"><span class=\"s1\">Dorothee von Heydebrand und der Lasa<\/span><\/h1>\n<p>Guitariste, Allemagne <br \/><strong>Liuto forte en mi<\/strong><\/p>\n<p>Cela fait exactement 10 ans que je poss\u00e8de un Liuto forte en mi \u00e0 9 cordes. Je continue aujourd\u2019hui encore \u00e0 le consid\u00e9rer comme un cadeau pr\u00e9cieux. D\u00e8s le d\u00e9part, j\u2019ai \u00e9t\u00e9 envo\u00fbt\u00e9e par le charme de sa sonorit\u00e9 douce, apaisante et pourtant incroyablement puissante. Au fil du temps, je me suis enhardie et habitu\u00e9e, et j\u2019ai exp\u00e9riment\u00e9 la scordatura des cordes de basses, notamment chez S.L. Weiss, et avec le capodastre sur la 3e frette, pour les \u0153uvres de Dowland. Le Liuto forte r\u00e9agit avec sensibilit\u00e9 et rapidement aux musiques et aux styles musicaux les plus divers, et \u00ab\u00a0sait\u00a0\u00bb manifestement par lui-m\u00eame quels timbres l\u2019ex\u00e9cutant souhaite. Et cela sans aucun effort. Moins on utilise de force, plus le son est libre et fascinant. La nettet\u00e9 des accords dans la basse continue est vraiment un plus dans le jeu d\u2019ensemble.<\/p>\n<p>Je ne peux que recommander aux guitaristes d\u2019oser faire le pas et d\u2019essayer cet instrument. Il offre tellement de possibilit\u00e9s nouvelles qui, \u00e0 leur tour, influencent la mani\u00e8re de jouer de sa guitare. En tant que guitariste, je ne voudrais plus me passer de mon Liuto !<\/p>\n<p>[\/et_pb_text][et_pb_image src=\u00a0\u00bbhttps:\/\/liuto-forte.de\/wp-content\/uploads\/2019\/02\/Dorothee-von-Heydebrand.jpg\u00a0\u00bb align_tablet=\u00a0\u00bbcenter\u00a0\u00bb align_phone=\u00a0\u00bbcenter\u00a0\u00bb align_last_edited=\u00a0\u00bbon|desktop\u00a0\u00bb _builder_version=\u00a0\u00bb4.16&Prime; global_colors_info=\u00a0\u00bb{}\u00a0\u00bb][\/et_pb_image][\/et_pb_column][\/et_pb_row][\/et_pb_section][et_pb_section fb_built=\u00a0\u00bb1&Prime; _builder_version=\u00a0\u00bb4.19.5&Prime; _module_preset=\u00a0\u00bbdefault\u00a0\u00bb global_colors_info=\u00a0\u00bb{}\u00a0\u00bb][et_pb_row _builder_version=\u00a0\u00bb4.19.5&Prime; _module_preset=\u00a0\u00bbdefault\u00a0\u00bb global_colors_info=\u00a0\u00bb{}\u00a0\u00bb][et_pb_column type=\u00a0\u00bb4_4&Prime; _builder_version=\u00a0\u00bb4.19.5&Prime; _module_preset=\u00a0\u00bbdefault\u00a0\u00bb global_colors_info=\u00a0\u00bb{}\u00a0\u00bb][:de _i=\u00a0\u00bb0&Prime; _address=\u00a0\u00bb1.0.0.0&Prime; theme_builder_area=\u00a0\u00bbpost_content\u00a0\u00bb \/][: _i=\u00a0\u00bb1&Prime; _address=\u00a0\u00bb1.0.0.1&Prime; theme_builder_area=\u00a0\u00bbpost_content\u00a0\u00bb \/][\/et_pb_column][\/et_pb_row][\/et_pb_section]<\/p>\n","protected":false},"excerpt":{"rendered":"<p>Dorothee von Heydebrand und der Lasa Guitariste, Allemagne Liuto forte en mi Cela fait exactement 10 ans que je poss\u00e8de un Liuto forte en mi \u00e0 9 cordes. Je continue aujourd\u2019hui encore \u00e0 le consid\u00e9rer comme un cadeau pr\u00e9cieux. D\u00e8s le d\u00e9part, j\u2019ai \u00e9t\u00e9 envo\u00fbt\u00e9e par le charme de sa sonorit\u00e9 douce, apaisante et pourtant [&hellip;]<\/p>\n","protected":false},"author":1,"featured_media":0,"parent":4169,"menu_order":0,"comment_status":"closed","ping_status":"closed","template":"","meta":{"_et_pb_use_builder":"on","_et_pb_old_content":"<p>[et_pb_section fb_built=\"1\" _builder_version=\"4.16\" global_colors_info=\"{}\"][et_pb_row _builder_version=\"4.16\" background_size=\"initial\" background_position=\"top_left\" background_repeat=\"repeat\" global_colors_info=\"{}\" column_structure=\"1_4,3_4\"][et_pb_column type=\"1_4\" _builder_version=\"4.16\" custom_padding=\"|||\" global_colors_info=\"{}\" custom_padding__hover=\"|||\"][et_pb_sidebar area=\"et_pb_widget_area_2\" admin_label=\"Seitenleiste:\" _builder_version=\"4.4.1\" global_module=\"302\" saved_tabs=\"all\" global_colors_info=\"{}\"][\/et_pb_sidebar][\/et_pb_column][et_pb_column type=\"3_4\" _builder_version=\"4.16\" custom_padding=\"|||\" global_colors_info=\"{}\" custom_padding__hover=\"|||\"][et_pb_text admin_label=\"Dorothee von Heydebrand und der Lasa\" _builder_version=\"4.16\" global_colors_info=\"{}\"]<\/p><h1 class=\"p1\"><span class=\"s1\">Dorothee von Heydebrand und der Lasa<\/span><\/h1><p class=\"p1\"><span class=\"s1\">Gitarristin, Deutschland\u00a0<br \/><strong>Liuto forte in e<\/strong><\/span><\/p><p class=\"p1\"><span class=\"s1\">Nun sind es genau 10 Jahre, dass ich den 9-saitigen Liuto forte in e mein eigen nennen kann. Immer noch betrachte ich dieses Instrument als kostbares Geschenk. Von Anfang an war ich dem Klangzauber des zarten, entspannenden und dennoch unglaublich volumin\u00f6sen\u00a0 Tones erlegen, den diese Laute entfaltet. Im Laufe der Jahre gewann ich Mut und Routine, experimentierte mit Scordatura der Basssaiten u. a. bei S.L. Weiss und mit dem Kapo auf dem 3. Bund, bei Werken von Dowland. Der Liuto forte reagiert sensibel und schnell auf verschiedenartige Musik und Musikzeitalter und \u201ewei\u00df\u201c anscheinend von alleine,\u00a0 welche Klangfarben vom Spieler gew\u00fcnscht werden. Dies ganz ohne Aufwand. Je weniger Kraft man einsetzt, umso faszinierender und freier entfaltet sich der Klang. Die Trennsch\u00e4rfe der Akkorde\u00a0 beim Continuospiel erweist sich als gro\u00dfes Plus beim kammermusikalischen\u00a0 Musizieren.<\/span><\/p><p class=\"p1\"><span class=\"s1\">Ich kann Gitarristen nur empfehlen, den Schritt zu diesem Instrument zu wagen. Es er\u00f6ffnet so viele neue M\u00f6glichkeiten, die wiederum das Spiel auf der Gitarre beeinflussen. Als Gitarristin m\u00f6chte ich meinen Liuto nicht mehr missen!\u00a0<\/span><\/p><p>[\/et_pb_text][et_pb_image src=\"https:\/\/liuto-forte.de\/wp-content\/uploads\/2019\/02\/Dorothee-von-Heydebrand.jpg\" align_tablet=\"center\" align_last_edited=\"on|desktop\" _builder_version=\"4.16\" global_colors_info=\"{}\" align_phone=\"center\"][\/et_pb_image][\/et_pb_column][\/et_pb_row][\/et_pb_section][et_pb_section fb_built=\"1\" theme_builder_area=\"post_content\" _builder_version=\"4.19.5\" _module_preset=\"default\"][et_pb_row _builder_version=\"4.19.5\" _module_preset=\"default\" theme_builder_area=\"post_content\"][et_pb_column _builder_version=\"4.19.5\" _module_preset=\"default\" theme_builder_area=\"post_content\"][:de _i=\"0\" _address=\"0\" theme_builder_area=\"post_content\" \/][: _i=\"2\" _address=\"2\" theme_builder_area=\"post_content\" \/][\/et_pb_column][\/et_pb_row][\/et_pb_section]<\/p>","_et_gb_content_width":"","_exactmetrics_skip_tracking":false,"_exactmetrics_sitenote_active":false,"_exactmetrics_sitenote_note":"","_exactmetrics_sitenote_category":0,"footnotes":""},"class_list":["post-4255","page","type-page","status-publish","hentry"],"_links":{"self":[{"href":"https:\/\/liuto-forte.de\/fr\/wp-json\/wp\/v2\/pages\/4255","targetHints":{"allow":["GET"]}}],"collection":[{"href":"https:\/\/liuto-forte.de\/fr\/wp-json\/wp\/v2\/pages"}],"about":[{"href":"https:\/\/liuto-forte.de\/fr\/wp-json\/wp\/v2\/types\/page"}],"author":[{"embeddable":true,"href":"https:\/\/liuto-forte.de\/fr\/wp-json\/wp\/v2\/users\/1"}],"replies":[{"embeddable":true,"href":"https:\/\/liuto-forte.de\/fr\/wp-json\/wp\/v2\/comments?post=4255"}],"version-history":[{"count":3,"href":"https:\/\/liuto-forte.de\/fr\/wp-json\/wp\/v2\/pages\/4255\/revisions"}],"predecessor-version":[{"id":4258,"href":"https:\/\/liuto-forte.de\/fr\/wp-json\/wp\/v2\/pages\/4255\/revisions\/4258"}],"up":[{"embeddable":true,"href":"https:\/\/liuto-forte.de\/fr\/wp-json\/wp\/v2\/pages\/4169"}],"wp:attachment":[{"href":"https:\/\/liuto-forte.de\/fr\/wp-json\/wp\/v2\/media?parent=4255"}],"curies":[{"name":"wp","href":"https:\/\/api.w.org\/{rel}","templated":true}]}}