{"id":4259,"date":"2023-02-09T14:49:01","date_gmt":"2023-02-09T13:49:01","guid":{"rendered":"https:\/\/liuto-forte.de\/?page_id=4259"},"modified":"2023-02-09T14:49:01","modified_gmt":"2023-02-09T13:49:01","slug":"oded-melchner","status":"publish","type":"page","link":"https:\/\/liuto-forte.de\/fr\/willkommen\/musikerstimmen\/oded-melchner\/","title":{"rendered":"Oded Melchner"},"content":{"rendered":"<p>[et_pb_section fb_built=\u00a0\u00bb1&Prime; _builder_version=\u00a0\u00bb4.16&Prime; global_colors_info=\u00a0\u00bb{}\u00a0\u00bb][et_pb_row column_structure=\u00a0\u00bb1_4,3_4&Prime; _builder_version=\u00a0\u00bb4.16&Prime; background_size=\u00a0\u00bbinitial\u00a0\u00bb background_position=\u00a0\u00bbtop_left\u00a0\u00bb background_repeat=\u00a0\u00bbrepeat\u00a0\u00bb global_colors_info=\u00a0\u00bb{}\u00a0\u00bb][et_pb_column type=\u00a0\u00bb1_4&Prime; _builder_version=\u00a0\u00bb4.16&Prime; custom_padding=\u00a0\u00bb|||\u00a0\u00bb global_colors_info=\u00a0\u00bb{}\u00a0\u00bb custom_padding__hover=\u00a0\u00bb|||\u00a0\u00bb][et_pb_sidebar area=\u00a0\u00bbet_pb_widget_area_2&Prime; admin_label=\u00a0\u00bbSeitenleiste:\u00a0\u00bb _builder_version=\u00a0\u00bb4.16&Prime; saved_tabs=\u00a0\u00bball\u00a0\u00bb global_colors_info=\u00a0\u00bb{}\u00a0\u00bb][\/et_pb_sidebar][\/et_pb_column][et_pb_column type=\u00a0\u00bb3_4&Prime; _builder_version=\u00a0\u00bb4.16&Prime; custom_padding=\u00a0\u00bb|||\u00a0\u00bb global_colors_info=\u00a0\u00bb{}\u00a0\u00bb custom_padding__hover=\u00a0\u00bb|||\u00a0\u00bb][et_pb_text admin_label=\u00a0\u00bbTitel: Konstantin Bozhinov, Lautenist und Komponist, Kanada\u00a0\u00bb _builder_version=\u00a0\u00bb4.19.5&Prime; hover_enabled=\u00a0\u00bb0&Prime; global_colors_info=\u00a0\u00bb{}\u00a0\u00bb sticky_enabled=\u00a0\u00bb0&Prime;]<\/p>\n<h1>Oded Melchner<\/h1>\n<p>Guitariste, Isra\u00ebl<br \/><strong>Liuto forte en r\u00e9 mineur<\/strong><\/p>\n<p>Je suis rentr\u00e9 hier mais n\u2019ai pas encore trouv\u00e9 le temps de vous \u00e9crire. Je vous remercie une nouvelle fois de tout coeur pour votre accueil chaleureux et pour le service VIP dont j\u2019ai b\u00e9n\u00e9fici\u00e9 depuis ma premi\u00e8re commande, y compris tous vos e-mails instructifs et vos explications d\u00e9taill\u00e9es sur la tenue de l\u2019instrument. J\u2019\u00e9crirai de nombreux articles positifs sur le Liuto Forte sur Internet et j\u2019esp\u00e8re que vous aurez \u00e0 l\u2019avenir encore plus de clients de mon pays.<\/p>\n<p>J\u2019appr\u00e9cie vraiment l\u2019instrument, et maintenant mon but principal dans la vie est de publier dans les 6 mois une belle vid\u00e9o sur YouTube\u2026<\/p>\n<p>Je pense que l\u2019achat de cet instrument est l\u2019une des meilleures d\u00e9cisions que j\u2019ai jamais prises. C\u2019est tellement agr\u00e9able de jouer de la musique \u00e9crite \u00e0 l\u2019origine pour cet instrument, au contraire de la guitare classique, avec laquelle nous sommes habitu\u00e9s \u00e0 jouer le plus souvent des arrangements de pi\u00e8ces \u00e9crites pour d\u2019autres instruments.<\/p>\n<p>[\/et_pb_text][et_pb_image src=\u00a0\u00bbhttps:\/\/liuto-forte.de\/wp-content\/uploads\/2019\/01\/image010.jpg\u00a0\u00bb align_tablet=\u00a0\u00bbcenter\u00a0\u00bb align_phone=\u00a0\u00bbcenter\u00a0\u00bb align_last_edited=\u00a0\u00bbon|desktop\u00a0\u00bb _builder_version=\u00a0\u00bb4.16&Prime; global_colors_info=\u00a0\u00bb{}\u00a0\u00bb][\/et_pb_image][\/et_pb_column][\/et_pb_row][\/et_pb_section]<\/p>\n","protected":false},"excerpt":{"rendered":"<p>Oded Melchner Guitariste, Isra\u00eblLiuto forte en r\u00e9 mineur Je suis rentr\u00e9 hier mais n\u2019ai pas encore trouv\u00e9 le temps de vous \u00e9crire. Je vous remercie une nouvelle fois de tout coeur pour votre accueil chaleureux et pour le service VIP dont j\u2019ai b\u00e9n\u00e9fici\u00e9 depuis ma premi\u00e8re commande, y compris tous vos e-mails instructifs et vos [&hellip;]<\/p>\n","protected":false},"author":1,"featured_media":0,"parent":4169,"menu_order":0,"comment_status":"closed","ping_status":"closed","template":"","meta":{"_et_pb_use_builder":"on","_et_pb_old_content":"<p>[et_pb_section bb_built=\"1\"][et_pb_row][et_pb_column type=\"1_4\"][et_pb_sidebar admin_label=\"Seitenleiste:\" _builder_version=\"3.19.6\" area=\"et_pb_widget_area_2\" show_border=\"off\" saved_tabs=\"all\" global_module=\"302\" \/][\/et_pb_column][et_pb_column type=\"3_4\"][et_pb_text admin_label=\"Titel: Konstantin Bozhinov, Lautenist und Komponist, Kanada\" _builder_version=\"3.19.6\"]<\/p><h1>Oded Melchner<\/h1><p>Gitarrist, Israel<br \/><strong>Liuto forte in d<\/strong><\/p><p>Ich bin gestern nach Hause gekommen, hatte aber bis jetzt noch keine Zeit gefunden, Ihnen zu schreiben. Ich m\u00f6chte Ihnen nochmals von ganzem Herzen f\u00fcr Ihre herzliche Gastfreundschaft und f\u00fcr den VIP-Service danken, den ich seit meiner ersten Bestellung des Instruments erhalten habe, einschlie\u00dflich aller Ihrer informativen e-Mails mit n\u00fctzlichen Informationen und Ihren ausf\u00fchrlichen Erkl\u00e4rungen \u00fcber Haltepositionen etc. Ich werde gro\u00dfartige Rezensionen \u00fcber Liuto Forte im Internet schreiben und hoffe, dass es in Zukunft noch mehr Kunden aus meinem Land geben wird.<\/p><p>Ich genie\u00dfe das Instrument sehr, und es ist jetzt mein wichtigstes Ziel im Leben, in den n\u00e4chsten 6 Monaten ein sch\u00f6nes Video auf youtube zu ver\u00f6ffentlichen.....<\/p><p>Ich denke, dass der Kauf dieses Instruments eine der besten Entscheidungen war, die ich je getroffen habe. Es f\u00fchlt sich so gut an, Musik zu spielen, die urspr\u00fcnglich f\u00fcr das Instrument geschrieben wurde, im Gegensatz zur klassischen Gitarre, wo wir daran gew\u00f6hnt sind, den gr\u00f6\u00dften Teil unseres Lebens Arrangements von St\u00fccken f\u00fcr andere Instrumenten zu spielen.<\/p><p>[\/et_pb_text][et_pb_image _builder_version=\"3.19.6\" src=\"https:\/\/liuto-forte.de\/wp-content\/uploads\/2019\/01\/image010.jpg\" \/][\/et_pb_column][\/et_pb_row][\/et_pb_section]<\/p>","_et_gb_content_width":"","_exactmetrics_skip_tracking":false,"_exactmetrics_sitenote_active":false,"_exactmetrics_sitenote_note":"","_exactmetrics_sitenote_category":0,"footnotes":""},"class_list":["post-4259","page","type-page","status-publish","hentry"],"_links":{"self":[{"href":"https:\/\/liuto-forte.de\/fr\/wp-json\/wp\/v2\/pages\/4259","targetHints":{"allow":["GET"]}}],"collection":[{"href":"https:\/\/liuto-forte.de\/fr\/wp-json\/wp\/v2\/pages"}],"about":[{"href":"https:\/\/liuto-forte.de\/fr\/wp-json\/wp\/v2\/types\/page"}],"author":[{"embeddable":true,"href":"https:\/\/liuto-forte.de\/fr\/wp-json\/wp\/v2\/users\/1"}],"replies":[{"embeddable":true,"href":"https:\/\/liuto-forte.de\/fr\/wp-json\/wp\/v2\/comments?post=4259"}],"version-history":[{"count":3,"href":"https:\/\/liuto-forte.de\/fr\/wp-json\/wp\/v2\/pages\/4259\/revisions"}],"predecessor-version":[{"id":4263,"href":"https:\/\/liuto-forte.de\/fr\/wp-json\/wp\/v2\/pages\/4259\/revisions\/4263"}],"up":[{"embeddable":true,"href":"https:\/\/liuto-forte.de\/fr\/wp-json\/wp\/v2\/pages\/4169"}],"wp:attachment":[{"href":"https:\/\/liuto-forte.de\/fr\/wp-json\/wp\/v2\/media?parent=4259"}],"curies":[{"name":"wp","href":"https:\/\/api.w.org\/{rel}","templated":true}]}}