{"id":4276,"date":"2023-02-09T14:55:20","date_gmt":"2023-02-09T13:55:20","guid":{"rendered":"https:\/\/liuto-forte.de\/?page_id=4276"},"modified":"2023-02-09T14:55:20","modified_gmt":"2023-02-09T13:55:20","slug":"christian-berndt","status":"publish","type":"page","link":"https:\/\/liuto-forte.de\/fr\/willkommen\/musikerstimmen\/christian-berndt\/","title":{"rendered":"Christian Berndt"},"content":{"rendered":"<p>[et_pb_section fb_built=\u00a0\u00bb1&Prime; _builder_version=\u00a0\u00bb4.16&Prime; global_colors_info=\u00a0\u00bb{}\u00a0\u00bb][et_pb_row column_structure=\u00a0\u00bb1_4,3_4&Prime; _builder_version=\u00a0\u00bb4.16&Prime; background_size=\u00a0\u00bbinitial\u00a0\u00bb background_position=\u00a0\u00bbtop_left\u00a0\u00bb background_repeat=\u00a0\u00bbrepeat\u00a0\u00bb global_colors_info=\u00a0\u00bb{}\u00a0\u00bb][et_pb_column type=\u00a0\u00bb1_4&Prime; _builder_version=\u00a0\u00bb4.16&Prime; custom_padding=\u00a0\u00bb|||\u00a0\u00bb global_colors_info=\u00a0\u00bb{}\u00a0\u00bb custom_padding__hover=\u00a0\u00bb|||\u00a0\u00bb][et_pb_sidebar area=\u00a0\u00bbet_pb_widget_area_2&Prime; admin_label=\u00a0\u00bbSeitenleiste:\u00a0\u00bb _builder_version=\u00a0\u00bb4.16&Prime; saved_tabs=\u00a0\u00bball\u00a0\u00bb global_colors_info=\u00a0\u00bb{}\u00a0\u00bb][\/et_pb_sidebar][\/et_pb_column][et_pb_column type=\u00a0\u00bb3_4&Prime; _builder_version=\u00a0\u00bb4.16&Prime; custom_padding=\u00a0\u00bb|||\u00a0\u00bb global_colors_info=\u00a0\u00bb{}\u00a0\u00bb custom_padding__hover=\u00a0\u00bb|||\u00a0\u00bb][et_pb_text admin_label=\u00a0\u00bbTitel: Konstantin Bozhinov, Lautenist und Komponist, Kanada\u00a0\u00bb _builder_version=\u00a0\u00bb4.19.5&Prime; hover_enabled=\u00a0\u00bb0&Prime; global_colors_info=\u00a0\u00bb{}\u00a0\u00bb sticky_enabled=\u00a0\u00bb0&Prime;]<\/p>\n<h1>Christian Berndt<\/h1>\n<p>Guitariste, Allemagne<br \/><strong>Liuto forte en sol<\/strong><\/p>\n<p>Je souhaite vous informer que, apr\u00e8s une p\u00e9riode intense de \u00ab\u00a0recherche\u00a0\u00bb, je suis tr\u00e8s heureux de mon nouveau Liuto forte. C\u2019est vraiment un instrument fantastique, sur lequel je me sens tr\u00e8s bien. La facilit\u00e9 de jeu, la richesse de timbres, la pr\u00e9sence extraordinaire \u2013 il est toujours source d\u2019inspiration !<\/p>\n<p>Je me suis produit hier pour la premi\u00e8re fois avec mon nouveau luth (musique de chambre dans une chapelle), et il a vraiment ravi tant les autres ex\u00e9cutants que le public. Un tout grand merci pour ce merveilleux instrument !<\/p>\n<p>[\/et_pb_text][\/et_pb_column][\/et_pb_row][\/et_pb_section][et_pb_section fb_built=\u00a0\u00bb1&Prime; _builder_version=\u00a0\u00bb4.19.5&Prime; _module_preset=\u00a0\u00bbdefault\u00a0\u00bb global_colors_info=\u00a0\u00bb{}\u00a0\u00bb][et_pb_row _builder_version=\u00a0\u00bb4.19.5&Prime; _module_preset=\u00a0\u00bbdefault\u00a0\u00bb global_colors_info=\u00a0\u00bb{}\u00a0\u00bb][et_pb_column type=\u00a0\u00bb4_4&Prime; _builder_version=\u00a0\u00bb4.19.5&Prime; _module_preset=\u00a0\u00bbdefault\u00a0\u00bb global_colors_info=\u00a0\u00bb{}\u00a0\u00bb][:de _i=\u00a0\u00bb0&Prime; _address=\u00a0\u00bb1.0.0.0&Prime; theme_builder_area=\u00a0\u00bbpost_content\u00a0\u00bb \/][: _i=\u00a0\u00bb1&Prime; _address=\u00a0\u00bb1.0.0.1&Prime; theme_builder_area=\u00a0\u00bbpost_content\u00a0\u00bb \/][\/et_pb_column][\/et_pb_row][\/et_pb_section]<\/p>\n","protected":false},"excerpt":{"rendered":"<p>Christian Berndt Guitariste, AllemagneLiuto forte en sol Je souhaite vous informer que, apr\u00e8s une p\u00e9riode intense de \u00ab\u00a0recherche\u00a0\u00bb, je suis tr\u00e8s heureux de mon nouveau Liuto forte. C\u2019est vraiment un instrument fantastique, sur lequel je me sens tr\u00e8s bien. La facilit\u00e9 de jeu, la richesse de timbres, la pr\u00e9sence extraordinaire \u2013 il est toujours source [&hellip;]<\/p>\n","protected":false},"author":1,"featured_media":0,"parent":4169,"menu_order":0,"comment_status":"closed","ping_status":"closed","template":"","meta":{"_et_pb_use_builder":"on","_et_pb_old_content":"<p>[et_pb_section fb_built=\"1\" _builder_version=\"4.16\" global_colors_info=\"{}\"][et_pb_row _builder_version=\"4.16\" background_size=\"initial\" background_position=\"top_left\" background_repeat=\"repeat\" global_colors_info=\"{}\" column_structure=\"1_4,3_4\"][et_pb_column type=\"1_4\" _builder_version=\"4.16\" custom_padding=\"|||\" global_colors_info=\"{}\" custom_padding__hover=\"|||\"][et_pb_sidebar area=\"et_pb_widget_area_2\" admin_label=\"Seitenleiste:\" _builder_version=\"4.4.1\" global_module=\"302\" saved_tabs=\"all\" global_colors_info=\"{}\"][\/et_pb_sidebar][\/et_pb_column][et_pb_column type=\"3_4\" _builder_version=\"4.16\" custom_padding=\"|||\" global_colors_info=\"{}\" custom_padding__hover=\"|||\"][et_pb_text admin_label=\"Titel: Konstantin Bozhinov, Lautenist und Komponist, Kanada\" _builder_version=\"4.16\" global_colors_info=\"{}\"]<\/p><h1>Christian Berndt<\/h1><p>Gitarrist, Deutschland<br \/><strong>Liuto forte in g<\/strong><\/p><p>Ich m\u00f6chte Ihnen nur kurz mitteilen, da\u00df ich nach einer intensiven Zeit des \"Erforschens\" sehr gl\u00fccklich mit meinem neuen Liuto forte bin. Es ist ein wirklich fantastisches Instrument auf dem ich mich sehr wohl f\u00fchle. Die leichte Spielbarkeit, der Klangreichtum, die ausgezeichnete Pr\u00e4senz \u2013 es ist immer wieder eine tolle Inspiration!<\/p><p>Ich hatte gestern meinen ersten Auftritt mit der neuen Laute (Kammermusik in einer Kapelle) und sie hat sowohl die Mitspieler wie auch das Publikum sehr begeistert. Einen gro\u00dfen Dank f\u00fcr dieses wunderbare Instrument!<\/p><p>[\/et_pb_text][\/et_pb_column][\/et_pb_row][\/et_pb_section][et_pb_section fb_built=\"1\" theme_builder_area=\"post_content\" _builder_version=\"4.19.5\" _module_preset=\"default\"][et_pb_row _builder_version=\"4.19.5\" _module_preset=\"default\" theme_builder_area=\"post_content\"][et_pb_column _builder_version=\"4.19.5\" _module_preset=\"default\" theme_builder_area=\"post_content\"][:de _i=\"0\" _address=\"0\" theme_builder_area=\"post_content\" \/][: _i=\"2\" _address=\"2\" theme_builder_area=\"post_content\" \/][\/et_pb_column][\/et_pb_row][\/et_pb_section]<\/p>","_et_gb_content_width":"","_exactmetrics_skip_tracking":false,"_exactmetrics_sitenote_active":false,"_exactmetrics_sitenote_note":"","_exactmetrics_sitenote_category":0,"footnotes":""},"class_list":["post-4276","page","type-page","status-publish","hentry"],"_links":{"self":[{"href":"https:\/\/liuto-forte.de\/fr\/wp-json\/wp\/v2\/pages\/4276","targetHints":{"allow":["GET"]}}],"collection":[{"href":"https:\/\/liuto-forte.de\/fr\/wp-json\/wp\/v2\/pages"}],"about":[{"href":"https:\/\/liuto-forte.de\/fr\/wp-json\/wp\/v2\/types\/page"}],"author":[{"embeddable":true,"href":"https:\/\/liuto-forte.de\/fr\/wp-json\/wp\/v2\/users\/1"}],"replies":[{"embeddable":true,"href":"https:\/\/liuto-forte.de\/fr\/wp-json\/wp\/v2\/comments?post=4276"}],"version-history":[{"count":3,"href":"https:\/\/liuto-forte.de\/fr\/wp-json\/wp\/v2\/pages\/4276\/revisions"}],"predecessor-version":[{"id":4279,"href":"https:\/\/liuto-forte.de\/fr\/wp-json\/wp\/v2\/pages\/4276\/revisions\/4279"}],"up":[{"embeddable":true,"href":"https:\/\/liuto-forte.de\/fr\/wp-json\/wp\/v2\/pages\/4169"}],"wp:attachment":[{"href":"https:\/\/liuto-forte.de\/fr\/wp-json\/wp\/v2\/media?parent=4276"}],"curies":[{"name":"wp","href":"https:\/\/api.w.org\/{rel}","templated":true}]}}