{"id":4280,"date":"2023-02-09T14:56:55","date_gmt":"2023-02-09T13:56:55","guid":{"rendered":"https:\/\/liuto-forte.de\/?page_id=4280"},"modified":"2023-02-09T14:56:56","modified_gmt":"2023-02-09T13:56:56","slug":"dr-martin-lieblein","status":"publish","type":"page","link":"https:\/\/liuto-forte.de\/fr\/willkommen\/musikerstimmen\/dr-martin-lieblein\/","title":{"rendered":"Dr. Martin Lieblein"},"content":{"rendered":"<p>[et_pb_section fb_built=\u00a0\u00bb1&Prime; _builder_version=\u00a0\u00bb4.16&Prime; global_colors_info=\u00a0\u00bb{}\u00a0\u00bb][et_pb_row column_structure=\u00a0\u00bb1_4,3_4&Prime; _builder_version=\u00a0\u00bb4.16&Prime; background_size=\u00a0\u00bbinitial\u00a0\u00bb background_position=\u00a0\u00bbtop_left\u00a0\u00bb background_repeat=\u00a0\u00bbrepeat\u00a0\u00bb global_colors_info=\u00a0\u00bb{}\u00a0\u00bb][et_pb_column type=\u00a0\u00bb1_4&Prime; _builder_version=\u00a0\u00bb4.16&Prime; custom_padding=\u00a0\u00bb|||\u00a0\u00bb global_colors_info=\u00a0\u00bb{}\u00a0\u00bb custom_padding__hover=\u00a0\u00bb|||\u00a0\u00bb][et_pb_sidebar area=\u00a0\u00bbet_pb_widget_area_2&Prime; admin_label=\u00a0\u00bbSeitenleiste:\u00a0\u00bb _builder_version=\u00a0\u00bb4.16&Prime; saved_tabs=\u00a0\u00bball\u00a0\u00bb global_colors_info=\u00a0\u00bb{}\u00a0\u00bb]&nbsp;<br \/>\n[\/et_pb_sidebar][\/et_pb_column][et_pb_column type=\u00a0\u00bb3_4&Prime; _builder_version=\u00a0\u00bb4.16&Prime; custom_padding=\u00a0\u00bb|||\u00a0\u00bb global_colors_info=\u00a0\u00bb{}\u00a0\u00bb custom_padding__hover=\u00a0\u00bb|||\u00a0\u00bb][et_pb_text admin_label=\u00a0\u00bbTitel: Konstantin Bozhinov, Lautenist und Komponist, Kanada\u00a0\u00bb _builder_version=\u00a0\u00bb4.19.5&Prime; hover_enabled=\u00a0\u00bb0&Prime; global_colors_info=\u00a0\u00bb{}\u00a0\u00bb sticky_enabled=\u00a0\u00bb0&Prime;]<\/p>\n<h1>Dr. Martin Lieblein<\/h1>\n<p>Guitariste, Pays-Bas<br \/><strong>Liuto forte en mi<\/strong><\/p>\n<p>Je suis ravi du son de cet instrument. Il d\u00e9passe de loin mes attentes ! L\u2019accordage est facile et je suis finalement content de ne pas avoir de cordes doubles. Je n\u2019ai pas grand-chose de neuf \u00e0 apprendre par rapport \u00e0 la guitare. J\u2019apprends lentement \u00e0 me servir d\u2019une tablature, j\u2019ai command\u00e9 l\u2019\u00e9dition compl\u00e8te de Dowland ainsi qu\u2019un capodastre.<\/p>\n<p>Meilleures salutations, et encore une fois merci pour vos conseils d\u00e9taill\u00e9s !<\/p>\n<p>[\/et_pb_text][\/et_pb_column][\/et_pb_row][\/et_pb_section]<\/p>\n","protected":false},"excerpt":{"rendered":"<p>&nbsp; Dr. Martin Lieblein Guitariste, Pays-BasLiuto forte en mi Je suis ravi du son de cet instrument. Il d\u00e9passe de loin mes attentes ! L\u2019accordage est facile et je suis finalement content de ne pas avoir de cordes doubles. Je n\u2019ai pas grand-chose de neuf \u00e0 apprendre par rapport \u00e0 la guitare. J\u2019apprends lentement \u00e0 [&hellip;]<\/p>\n","protected":false},"author":1,"featured_media":0,"parent":4169,"menu_order":0,"comment_status":"closed","ping_status":"closed","template":"","meta":{"_et_pb_use_builder":"on","_et_pb_old_content":"<p>[et_pb_section bb_built=\"1\" _builder_version=\"3.0.47\"][et_pb_row _builder_version=\"3.0.48\" background_size=\"initial\" background_position=\"top_left\" background_repeat=\"repeat\"][et_pb_column type=\"1_4\"][et_pb_sidebar admin_label=\"Seitenleiste:\" area=\"et_pb_widget_area_2\" show_border=\"off\" _builder_version=\"3.19.6\" global_module=\"302\" saved_tabs=\"all\"]<\/p><p>\u00a0<\/p><p>[\/et_pb_sidebar][\/et_pb_column][et_pb_column type=\"3_4\"][et_pb_text admin_label=\"Titel: Konstantin Bozhinov, Lautenist und Komponist, Kanada\" _builder_version=\"3.19.6\"]<\/p><h1>Dr. Martin Lieblein<\/h1><p>Gitarrist, Niederlande<br \/><strong>Liuto forte in e<\/strong><\/p><p>Ich bin begeistert vom Klang dieses Instrumentes. Es hat meine Erwartungen bei weitem \u00fcbertroffen! Das Stimmen geht einfach, und ich bin jetzt doch froh, keine Doppelsaiten zu haben. Muss eigentlich nicht viel umlernen im Vergleich zur Gitarre. Taste mich langsam an die Tabulatur ran und habe jetzt die Dowland Gesamtausgabe bestellt und den Kapodaster.\u00a0<\/p><p>Mit freundlichen Gr\u00fc\u00dfen und nochmals Dank f\u00fcr Ihre ausf\u00fchrliche Beratung!<\/p><p>[\/et_pb_text][\/et_pb_column][\/et_pb_row][\/et_pb_section]<\/p>","_et_gb_content_width":"","_exactmetrics_skip_tracking":false,"_exactmetrics_sitenote_active":false,"_exactmetrics_sitenote_note":"","_exactmetrics_sitenote_category":0,"footnotes":""},"class_list":["post-4280","page","type-page","status-publish","hentry"],"_links":{"self":[{"href":"https:\/\/liuto-forte.de\/fr\/wp-json\/wp\/v2\/pages\/4280","targetHints":{"allow":["GET"]}}],"collection":[{"href":"https:\/\/liuto-forte.de\/fr\/wp-json\/wp\/v2\/pages"}],"about":[{"href":"https:\/\/liuto-forte.de\/fr\/wp-json\/wp\/v2\/types\/page"}],"author":[{"embeddable":true,"href":"https:\/\/liuto-forte.de\/fr\/wp-json\/wp\/v2\/users\/1"}],"replies":[{"embeddable":true,"href":"https:\/\/liuto-forte.de\/fr\/wp-json\/wp\/v2\/comments?post=4280"}],"version-history":[{"count":3,"href":"https:\/\/liuto-forte.de\/fr\/wp-json\/wp\/v2\/pages\/4280\/revisions"}],"predecessor-version":[{"id":4283,"href":"https:\/\/liuto-forte.de\/fr\/wp-json\/wp\/v2\/pages\/4280\/revisions\/4283"}],"up":[{"embeddable":true,"href":"https:\/\/liuto-forte.de\/fr\/wp-json\/wp\/v2\/pages\/4169"}],"wp:attachment":[{"href":"https:\/\/liuto-forte.de\/fr\/wp-json\/wp\/v2\/media?parent=4280"}],"curies":[{"name":"wp","href":"https:\/\/api.w.org\/{rel}","templated":true}]}}