{"id":4288,"date":"2023-02-09T14:59:07","date_gmt":"2023-02-09T13:59:07","guid":{"rendered":"https:\/\/liuto-forte.de\/?page_id=4288"},"modified":"2023-02-09T14:59:07","modified_gmt":"2023-02-09T13:59:07","slug":"david-stelzmuller","status":"publish","type":"page","link":"https:\/\/liuto-forte.de\/fr\/willkommen\/musikerstimmen\/david-stelzmuller\/","title":{"rendered":"David Stelzm\u00fcller"},"content":{"rendered":"<p>[et_pb_section fb_built=\u00a0\u00bb1&Prime; _builder_version=\u00a0\u00bb4.16&Prime; global_colors_info=\u00a0\u00bb{}\u00a0\u00bb][et_pb_row column_structure=\u00a0\u00bb1_4,3_4&Prime; _builder_version=\u00a0\u00bb4.16&Prime; background_size=\u00a0\u00bbinitial\u00a0\u00bb background_position=\u00a0\u00bbtop_left\u00a0\u00bb background_repeat=\u00a0\u00bbrepeat\u00a0\u00bb global_colors_info=\u00a0\u00bb{}\u00a0\u00bb][et_pb_column type=\u00a0\u00bb1_4&Prime; _builder_version=\u00a0\u00bb4.16&Prime; custom_padding=\u00a0\u00bb|||\u00a0\u00bb global_colors_info=\u00a0\u00bb{}\u00a0\u00bb custom_padding__hover=\u00a0\u00bb|||\u00a0\u00bb][et_pb_sidebar area=\u00a0\u00bbet_pb_widget_area_2&Prime; admin_label=\u00a0\u00bbSeitenleiste:\u00a0\u00bb _builder_version=\u00a0\u00bb4.16&Prime; saved_tabs=\u00a0\u00bball\u00a0\u00bb global_colors_info=\u00a0\u00bb{}\u00a0\u00bb][\/et_pb_sidebar][\/et_pb_column][et_pb_column type=\u00a0\u00bb3_4&Prime; _builder_version=\u00a0\u00bb4.16&Prime; custom_padding=\u00a0\u00bb|||\u00a0\u00bb global_colors_info=\u00a0\u00bb{}\u00a0\u00bb custom_padding__hover=\u00a0\u00bb|||\u00a0\u00bb][et_pb_text admin_label=\u00a0\u00bbTitel: Konstantin Bozhinov, Lautenist und Komponist, Kanada\u00a0\u00bb _builder_version=\u00a0\u00bb4.19.5&Prime; hover_enabled=\u00a0\u00bb0&Prime; global_colors_info=\u00a0\u00bb{}\u00a0\u00bb sticky_enabled=\u00a0\u00bb0&Prime;]<\/p>\n<h1>David Stelzm\u00fcller<\/h1>\n<p>Guitariste, Autriche<br \/><strong>Liuto forte en r\u00e9 mineur<\/strong><\/p>\n<p>Le Liuto forte est arriv\u00e9 hier chez moi sans encombres. C\u2019est ma deuxi\u00e8me tentative de vous d\u00e9crire combien je suis enthousiasm\u00e9 par l\u2019instrument. Si, avec mon ancien luth, mon oreille devait presque chercher le son, aujourd\u2019hui, c\u2019est comme si m\u00eame le son le plus t\u00e9nu p\u00e9n\u00e9trait le corps et l\u2019esprit et se r\u00e9pandait jusqu\u2019aux moindres recoins de ma chambre. C\u2019est tout simplement fantastique !<\/p>\n<p>[\/et_pb_text][et_pb_image src=\u00a0\u00bbhttps:\/\/liuto-forte.de\/wp-content\/uploads\/2019\/01\/David-stelzmu\u0308ller1.jpg\u00a0\u00bb align_tablet=\u00a0\u00bbcenter\u00a0\u00bb align_phone=\u00a0\u00bbcenter\u00a0\u00bb align_last_edited=\u00a0\u00bbon|desktop\u00a0\u00bb _builder_version=\u00a0\u00bb4.16&Prime; global_colors_info=\u00a0\u00bb{}\u00a0\u00bb][\/et_pb_image][\/et_pb_column][\/et_pb_row][\/et_pb_section][et_pb_section fb_built=\u00a0\u00bb1&Prime; _builder_version=\u00a0\u00bb4.19.5&Prime; _module_preset=\u00a0\u00bbdefault\u00a0\u00bb global_colors_info=\u00a0\u00bb{}\u00a0\u00bb][et_pb_row _builder_version=\u00a0\u00bb4.19.5&Prime; _module_preset=\u00a0\u00bbdefault\u00a0\u00bb global_colors_info=\u00a0\u00bb{}\u00a0\u00bb][et_pb_column type=\u00a0\u00bb4_4&Prime; _builder_version=\u00a0\u00bb4.19.5&Prime; _module_preset=\u00a0\u00bbdefault\u00a0\u00bb global_colors_info=\u00a0\u00bb{}\u00a0\u00bb][:de _i=\u00a0\u00bb0&Prime; _address=\u00a0\u00bb1.0.0.0&Prime; theme_builder_area=\u00a0\u00bbpost_content\u00a0\u00bb \/][: _i=\u00a0\u00bb1&Prime; _address=\u00a0\u00bb1.0.0.1&Prime; theme_builder_area=\u00a0\u00bbpost_content\u00a0\u00bb \/][\/et_pb_column][\/et_pb_row][\/et_pb_section]<\/p>\n","protected":false},"excerpt":{"rendered":"<p>David Stelzm\u00fcller Guitariste, AutricheLiuto forte en r\u00e9 mineur Le Liuto forte est arriv\u00e9 hier chez moi sans encombres. C\u2019est ma deuxi\u00e8me tentative de vous d\u00e9crire combien je suis enthousiasm\u00e9 par l\u2019instrument. Si, avec mon ancien luth, mon oreille devait presque chercher le son, aujourd\u2019hui, c\u2019est comme si m\u00eame le son le plus t\u00e9nu p\u00e9n\u00e9trait le [&hellip;]<\/p>\n","protected":false},"author":1,"featured_media":0,"parent":4169,"menu_order":0,"comment_status":"closed","ping_status":"closed","template":"","meta":{"_et_pb_use_builder":"on","_et_pb_old_content":"<p>[et_pb_section fb_built=\"1\" _builder_version=\"4.16\" global_colors_info=\"{}\"][et_pb_row _builder_version=\"4.16\" background_size=\"initial\" background_position=\"top_left\" background_repeat=\"repeat\" global_colors_info=\"{}\" column_structure=\"1_4,3_4\"][et_pb_column type=\"1_4\" _builder_version=\"4.16\" custom_padding=\"|||\" global_colors_info=\"{}\" custom_padding__hover=\"|||\"][et_pb_sidebar area=\"et_pb_widget_area_2\" admin_label=\"Seitenleiste:\" _builder_version=\"4.4.1\" global_module=\"302\" saved_tabs=\"all\" global_colors_info=\"{}\"][\/et_pb_sidebar][\/et_pb_column][et_pb_column type=\"3_4\" _builder_version=\"4.16\" custom_padding=\"|||\" global_colors_info=\"{}\" custom_padding__hover=\"|||\"][et_pb_text admin_label=\"Titel: Konstantin Bozhinov, Lautenist und Komponist, Kanada\" _builder_version=\"4.16\" global_colors_info=\"{}\"]<\/p><h1>David Stelzm\u00fcller<\/h1><p>Gitarrist, \u00d6sterreich<br \/><strong>Liuto forte in d<\/strong><\/p><p>Der Liuto forte ist\u00a0gestern wohlbehalten bei mir angekommen. Dies ist mein zweiter Versuch Ihnen zu schildern wie begeistert ich von dem Instrument bin. Musste das Ohr bei meinen alten Lauten fast schon dem Klang hinterher suchen, ist es jetzt, als w\u00fcrde der leiseste Ton K\u00f6rper und Geist durchdringen und sich noch bis in den letzten Winkel meines Zimmers ausbreiten. Es ist einfach fantastisch!<\/p><p>[\/et_pb_text][et_pb_image src=\"https:\/\/liuto-forte.de\/wp-content\/uploads\/2019\/01\/David-stelzmu\u0308ller1.jpg\" align_tablet=\"center\" align_last_edited=\"on|desktop\" _builder_version=\"4.16\" global_colors_info=\"{}\" align_phone=\"center\"]<\/p><p>[\/et_pb_image][\/et_pb_column][\/et_pb_row][\/et_pb_section][et_pb_section fb_built=\"1\" theme_builder_area=\"post_content\" _builder_version=\"4.19.5\" _module_preset=\"default\"][et_pb_row _builder_version=\"4.19.5\" _module_preset=\"default\" theme_builder_area=\"post_content\"][et_pb_column _builder_version=\"4.19.5\" _module_preset=\"default\" theme_builder_area=\"post_content\"][:de _i=\"0\" _address=\"0\" theme_builder_area=\"post_content\" \/][: _i=\"2\" _address=\"2\" theme_builder_area=\"post_content\" \/][\/et_pb_column][\/et_pb_row][\/et_pb_section]<\/p>","_et_gb_content_width":"","_exactmetrics_skip_tracking":false,"_exactmetrics_sitenote_active":false,"_exactmetrics_sitenote_note":"","_exactmetrics_sitenote_category":0,"footnotes":""},"class_list":["post-4288","page","type-page","status-publish","hentry"],"_links":{"self":[{"href":"https:\/\/liuto-forte.de\/fr\/wp-json\/wp\/v2\/pages\/4288","targetHints":{"allow":["GET"]}}],"collection":[{"href":"https:\/\/liuto-forte.de\/fr\/wp-json\/wp\/v2\/pages"}],"about":[{"href":"https:\/\/liuto-forte.de\/fr\/wp-json\/wp\/v2\/types\/page"}],"author":[{"embeddable":true,"href":"https:\/\/liuto-forte.de\/fr\/wp-json\/wp\/v2\/users\/1"}],"replies":[{"embeddable":true,"href":"https:\/\/liuto-forte.de\/fr\/wp-json\/wp\/v2\/comments?post=4288"}],"version-history":[{"count":3,"href":"https:\/\/liuto-forte.de\/fr\/wp-json\/wp\/v2\/pages\/4288\/revisions"}],"predecessor-version":[{"id":4291,"href":"https:\/\/liuto-forte.de\/fr\/wp-json\/wp\/v2\/pages\/4288\/revisions\/4291"}],"up":[{"embeddable":true,"href":"https:\/\/liuto-forte.de\/fr\/wp-json\/wp\/v2\/pages\/4169"}],"wp:attachment":[{"href":"https:\/\/liuto-forte.de\/fr\/wp-json\/wp\/v2\/media?parent=4288"}],"curies":[{"name":"wp","href":"https:\/\/api.w.org\/{rel}","templated":true}]}}