{"id":4299,"date":"2023-02-09T15:02:55","date_gmt":"2023-02-09T14:02:55","guid":{"rendered":"https:\/\/liuto-forte.de\/?page_id=4299"},"modified":"2023-02-09T15:02:55","modified_gmt":"2023-02-09T14:02:55","slug":"werner-paul-peck","status":"publish","type":"page","link":"https:\/\/liuto-forte.de\/fr\/willkommen\/musikerstimmen\/werner-paul-peck\/","title":{"rendered":"Werner Paul Peck"},"content":{"rendered":"<p>[et_pb_section fb_built=\u00a0\u00bb1&Prime; _builder_version=\u00a0\u00bb4.16&Prime; global_colors_info=\u00a0\u00bb{}\u00a0\u00bb][et_pb_row column_structure=\u00a0\u00bb1_4,3_4&Prime; _builder_version=\u00a0\u00bb4.16&Prime; background_size=\u00a0\u00bbinitial\u00a0\u00bb background_position=\u00a0\u00bbtop_left\u00a0\u00bb background_repeat=\u00a0\u00bbrepeat\u00a0\u00bb global_colors_info=\u00a0\u00bb{}\u00a0\u00bb][et_pb_column type=\u00a0\u00bb1_4&Prime; _builder_version=\u00a0\u00bb4.16&Prime; custom_padding=\u00a0\u00bb|||\u00a0\u00bb global_colors_info=\u00a0\u00bb{}\u00a0\u00bb custom_padding__hover=\u00a0\u00bb|||\u00a0\u00bb][et_pb_sidebar area=\u00a0\u00bbet_pb_widget_area_2&Prime; admin_label=\u00a0\u00bbSeitenleiste:\u00a0\u00bb _builder_version=\u00a0\u00bb4.16&Prime; saved_tabs=\u00a0\u00bball\u00a0\u00bb global_colors_info=\u00a0\u00bb{}\u00a0\u00bb][\/et_pb_sidebar][\/et_pb_column][et_pb_column type=\u00a0\u00bb3_4&Prime; _builder_version=\u00a0\u00bb4.16&Prime; custom_padding=\u00a0\u00bb|||\u00a0\u00bb global_colors_info=\u00a0\u00bb{}\u00a0\u00bb custom_padding__hover=\u00a0\u00bb|||\u00a0\u00bb][et_pb_text admin_label=\u00a0\u00bbTitel: Konstantin Bozhinov, Lautenist und Komponist, Kanada\u00a0\u00bb _builder_version=\u00a0\u00bb4.19.5&Prime; hover_enabled=\u00a0\u00bb0&Prime; global_colors_info=\u00a0\u00bb{}\u00a0\u00bb sticky_enabled=\u00a0\u00bb0&Prime;]<\/p>\n<h1>Werner Paul Peck<\/h1>\n<p>Guitariste, Autriche<br \/><strong>Liuto forte en mi (manche col de cygne)<\/strong><\/p>\n<p>Encore une fois merci pour votre chaleureux accueil. J\u2019ai beaucoup appr\u00e9ci\u00e9 le temps que j\u2019ai pass\u00e9 chez vous. Et j\u2019ai aussi appris beaucoup en peu de temps, si bien que j\u2019aurai encore beaucoup de mati\u00e8re \u00e0 approfondir. Je passe beaucoup de temps \u00e0 jouer du luth et j\u2019ai d\u00e9j\u00e0 fait quelques progr\u00e8s. C\u2019est un instrument merveilleux, vous avez vraiment d\u00e9velopp\u00e9 une id\u00e9e excellente.<\/p>\n<p>Je suis vraiment satisfait de cette d\u00e9couverte et de la voie prise. Le Liuto forte produit un son magique, merveilleux, qui fascine tous ceux qui l\u2019entendent.<\/p>\n<p>Le soir, je me r\u00e9jouis d\u00e9j\u00e0 d\u2019\u00eatre le lendemain pour pouvoir continuer. Chaque fois que je prends l\u2019instrument en main, tout va un peu mieux. C\u2019est une v\u00e9ritable histoire d\u2019amour qui commence !<\/p>\n<p>[\/et_pb_text][\/et_pb_column][\/et_pb_row][\/et_pb_section][et_pb_section fb_built=\u00a0\u00bb1&Prime; _builder_version=\u00a0\u00bb4.19.5&Prime; _module_preset=\u00a0\u00bbdefault\u00a0\u00bb global_colors_info=\u00a0\u00bb{}\u00a0\u00bb][et_pb_row _builder_version=\u00a0\u00bb4.19.5&Prime; _module_preset=\u00a0\u00bbdefault\u00a0\u00bb global_colors_info=\u00a0\u00bb{}\u00a0\u00bb][et_pb_column type=\u00a0\u00bb4_4&Prime; _builder_version=\u00a0\u00bb4.19.5&Prime; _module_preset=\u00a0\u00bbdefault\u00a0\u00bb global_colors_info=\u00a0\u00bb{}\u00a0\u00bb][:de _i=\u00a0\u00bb0&Prime; _address=\u00a0\u00bb1.0.0.0&Prime; theme_builder_area=\u00a0\u00bbpost_content\u00a0\u00bb \/][: _i=\u00a0\u00bb1&Prime; _address=\u00a0\u00bb1.0.0.1&Prime; theme_builder_area=\u00a0\u00bbpost_content\u00a0\u00bb \/][\/et_pb_column][\/et_pb_row][\/et_pb_section]<\/p>\n","protected":false},"excerpt":{"rendered":"<p>Werner Paul Peck Guitariste, AutricheLiuto forte en mi (manche col de cygne) Encore une fois merci pour votre chaleureux accueil. J\u2019ai beaucoup appr\u00e9ci\u00e9 le temps que j\u2019ai pass\u00e9 chez vous. Et j\u2019ai aussi appris beaucoup en peu de temps, si bien que j\u2019aurai encore beaucoup de mati\u00e8re \u00e0 approfondir. Je passe beaucoup de temps \u00e0 [&hellip;]<\/p>\n","protected":false},"author":1,"featured_media":0,"parent":4169,"menu_order":0,"comment_status":"closed","ping_status":"closed","template":"","meta":{"_et_pb_use_builder":"on","_et_pb_old_content":"<p>[et_pb_section fb_built=\"1\" _builder_version=\"4.16\" global_colors_info=\"{}\"][et_pb_row _builder_version=\"4.16\" background_size=\"initial\" background_position=\"top_left\" background_repeat=\"repeat\" global_colors_info=\"{}\" column_structure=\"1_4,3_4\"][et_pb_column type=\"1_4\" _builder_version=\"4.16\" custom_padding=\"|||\" global_colors_info=\"{}\" custom_padding__hover=\"|||\"][et_pb_sidebar area=\"et_pb_widget_area_2\" admin_label=\"Seitenleiste:\" _builder_version=\"4.4.1\" global_module=\"302\" saved_tabs=\"all\" global_colors_info=\"{}\"][\/et_pb_sidebar][\/et_pb_column][et_pb_column type=\"3_4\" _builder_version=\"4.16\" custom_padding=\"|||\" global_colors_info=\"{}\" custom_padding__hover=\"|||\"][et_pb_text admin_label=\"Titel: Konstantin Bozhinov, Lautenist und Komponist, Kanada\" _builder_version=\"4.16\" global_colors_info=\"{}\"]<\/p><h1>Werner Paul Peck<\/h1><p>Gitarrist, \u00d6sterreich<br \/><strong>Liuto forte in e (Schwanenhals)<\/strong><\/p><p class=\"p1\"><span class=\"s1\">Ich m\u00f6chte mich nochmals f\u00fcr das herzliche Willkommen bedanken. Die Zeit bei Ihnen hat mir gro\u00dfe Freude bereitet. Und gelernt habe ich in dieser kurzen Zeit auch Einiges, damit arbeite ich noch lange.\u00a0Ich verbringe viel Zeit mit der Laute, und es zeigen sich schon kleine Fortschritte. Es ist ein so wunderbares Instrument, Sie haben hier eine ganz herausragende Idee verwirklicht. \u00a0\u00a0\u00a0\u00a0\u00a0\u00a0\u00a0\u00a0\u00a0\u00a0\u00a0<\/span><\/p><p class=\"p2\"><span class=\"s1\">Ich bin mit dieser Geschichte und den Weg, den sie nimmt, wirklich zufrieden. Der Liuto forte produziert einen wunderbaren, magischen Klang, der alle in den Bann zieht, die ihn h\u00f6ren.<\/span><\/p><p class=\"p1\"><span class=\"s1\">Abends freue ich mich schon auf den n\u00e4chsten Morgen, um weitermachen zu k\u00f6nnen. Jedes Mal, wenn ich dieses Instrument in die Hand nehme, geht es ein St\u00fcck besser. Da entwickelt sich eine Liebesgeschichte!<\/span><\/p><p>[\/et_pb_text][\/et_pb_column][\/et_pb_row][\/et_pb_section][et_pb_section fb_built=\"1\" theme_builder_area=\"post_content\" _builder_version=\"4.19.5\" _module_preset=\"default\"][et_pb_row _builder_version=\"4.19.5\" _module_preset=\"default\" theme_builder_area=\"post_content\"][et_pb_column _builder_version=\"4.19.5\" _module_preset=\"default\" theme_builder_area=\"post_content\"][:de _i=\"0\" _address=\"0\" theme_builder_area=\"post_content\" \/][: _i=\"2\" _address=\"2\" theme_builder_area=\"post_content\" \/][\/et_pb_column][\/et_pb_row][\/et_pb_section]<\/p>","_et_gb_content_width":"","_exactmetrics_skip_tracking":false,"_exactmetrics_sitenote_active":false,"_exactmetrics_sitenote_note":"","_exactmetrics_sitenote_category":0,"footnotes":""},"class_list":["post-4299","page","type-page","status-publish","hentry"],"_links":{"self":[{"href":"https:\/\/liuto-forte.de\/fr\/wp-json\/wp\/v2\/pages\/4299","targetHints":{"allow":["GET"]}}],"collection":[{"href":"https:\/\/liuto-forte.de\/fr\/wp-json\/wp\/v2\/pages"}],"about":[{"href":"https:\/\/liuto-forte.de\/fr\/wp-json\/wp\/v2\/types\/page"}],"author":[{"embeddable":true,"href":"https:\/\/liuto-forte.de\/fr\/wp-json\/wp\/v2\/users\/1"}],"replies":[{"embeddable":true,"href":"https:\/\/liuto-forte.de\/fr\/wp-json\/wp\/v2\/comments?post=4299"}],"version-history":[{"count":3,"href":"https:\/\/liuto-forte.de\/fr\/wp-json\/wp\/v2\/pages\/4299\/revisions"}],"predecessor-version":[{"id":4302,"href":"https:\/\/liuto-forte.de\/fr\/wp-json\/wp\/v2\/pages\/4299\/revisions\/4302"}],"up":[{"embeddable":true,"href":"https:\/\/liuto-forte.de\/fr\/wp-json\/wp\/v2\/pages\/4169"}],"wp:attachment":[{"href":"https:\/\/liuto-forte.de\/fr\/wp-json\/wp\/v2\/media?parent=4299"}],"curies":[{"name":"wp","href":"https:\/\/api.w.org\/{rel}","templated":true}]}}