{"id":4308,"date":"2023-02-09T15:06:34","date_gmt":"2023-02-09T14:06:34","guid":{"rendered":"https:\/\/liuto-forte.de\/?page_id=4308"},"modified":"2023-02-09T15:06:34","modified_gmt":"2023-02-09T14:06:34","slug":"saulius-lipcius","status":"publish","type":"page","link":"https:\/\/liuto-forte.de\/fr\/willkommen\/musikerstimmen\/saulius-lipcius\/","title":{"rendered":"Saulius Lipcius"},"content":{"rendered":"<p>[et_pb_section fb_built=\u00a0\u00bb1&Prime; _builder_version=\u00a0\u00bb4.16&Prime; global_colors_info=\u00a0\u00bb{}\u00a0\u00bb][et_pb_row column_structure=\u00a0\u00bb1_4,3_4&Prime; _builder_version=\u00a0\u00bb4.16&Prime; background_size=\u00a0\u00bbinitial\u00a0\u00bb background_position=\u00a0\u00bbtop_left\u00a0\u00bb background_repeat=\u00a0\u00bbrepeat\u00a0\u00bb global_colors_info=\u00a0\u00bb{}\u00a0\u00bb][et_pb_column type=\u00a0\u00bb1_4&Prime; _builder_version=\u00a0\u00bb4.16&Prime; custom_padding=\u00a0\u00bb|||\u00a0\u00bb global_colors_info=\u00a0\u00bb{}\u00a0\u00bb custom_padding__hover=\u00a0\u00bb|||\u00a0\u00bb][et_pb_sidebar area=\u00a0\u00bbet_pb_widget_area_2&Prime; admin_label=\u00a0\u00bbSeitenleiste:\u00a0\u00bb _builder_version=\u00a0\u00bb4.16&Prime; saved_tabs=\u00a0\u00bball\u00a0\u00bb global_colors_info=\u00a0\u00bb{}\u00a0\u00bb][\/et_pb_sidebar][\/et_pb_column][et_pb_column type=\u00a0\u00bb3_4&Prime; _builder_version=\u00a0\u00bb4.16&Prime; custom_padding=\u00a0\u00bb|||\u00a0\u00bb global_colors_info=\u00a0\u00bb{}\u00a0\u00bb custom_padding__hover=\u00a0\u00bb|||\u00a0\u00bb][et_pb_text admin_label=\u00a0\u00bbTitel: Konstantin Bozhinov, Lautenist und Komponist, Kanada\u00a0\u00bb _builder_version=\u00a0\u00bb4.19.5&Prime; hover_enabled=\u00a0\u00bb0&Prime; global_colors_info=\u00a0\u00bb{}\u00a0\u00bb sticky_enabled=\u00a0\u00bb0&Prime;]<\/p>\n<h1>Saulius Lipcius<\/h1>\n<p>Guitariste, Lituanie<br \/><strong>Liuto forte en mi (manche col de cygne)<\/strong><\/p>\n<p>En Lituanie, vos instruments sont de plus en plus connus et \u2013 j\u2019ai du plaisir \u00e0 le dire \u2013 admir\u00e9s par de nombreuses personnes qui \u00e9mettent maintes louanges apr\u00e8s avoir vu et entendu le Liuto forte. Je vais vous envoyer quelques photos d\u2019un tr\u00e8s beau concert de compositeurs lithuaniens contemporains (tous d\u2019anciens \u00e9l\u00e8ves du compositeur Juzeli\u016bnas) qui a eu lieu la semaine derni\u00e8re, \u00ab\u00a0100 minutes avec le professeur\u00a0\u00bb. J\u2019esp\u00e8re qu\u2019elles vous plairont.<\/p>\n<p>Je vous envoie une photo d\u2019un concert donn\u00e9 aujourd\u2019hui dans la Grande Salle de la Philharmonie Nationale de Vilnius. Il entre dans le cadre de notre tourn\u00e9e pour le 10e anniversaire. J\u2019ai jou\u00e9 du Liuto forte dans une partie du programme \u2013 avec notre fantastique violoniste Vilhelmas Cepinskis, nous avons jou\u00e9 \u00ab\u00a0L\u2019Hiver\u00a0\u00bb de Vivaldi. La t\u00e9l\u00e9vision nationale a enregistr\u00e9 le concert, qui sera bient\u00f4t retransmis.<\/p>\n<p>[\/et_pb_text][et_pb_image src=\u00a0\u00bbhttps:\/\/liuto-forte.de\/wp-content\/uploads\/2019\/01\/image012-1.jpg\u00a0\u00bb align_tablet=\u00a0\u00bbcenter\u00a0\u00bb align_phone=\u00a0\u00bbcenter\u00a0\u00bb align_last_edited=\u00a0\u00bbon|desktop\u00a0\u00bb _builder_version=\u00a0\u00bb4.16&Prime; global_colors_info=\u00a0\u00bb{}\u00a0\u00bb][\/et_pb_image][et_pb_image src=\u00a0\u00bbhttps:\/\/liuto-forte.de\/wp-content\/uploads\/2019\/02\/image015.jpg\u00a0\u00bb align_tablet=\u00a0\u00bbcenter\u00a0\u00bb align_phone=\u00a0\u00bbcenter\u00a0\u00bb align_last_edited=\u00a0\u00bbon|desktop\u00a0\u00bb _builder_version=\u00a0\u00bb4.16&Prime; global_colors_info=\u00a0\u00bb{}\u00a0\u00bb][\/et_pb_image][\/et_pb_column][\/et_pb_row][\/et_pb_section]<\/p>\n","protected":false},"excerpt":{"rendered":"<p>Saulius Lipcius Guitariste, LituanieLiuto forte en mi (manche col de cygne) En Lituanie, vos instruments sont de plus en plus connus et \u2013 j\u2019ai du plaisir \u00e0 le dire \u2013 admir\u00e9s par de nombreuses personnes qui \u00e9mettent maintes louanges apr\u00e8s avoir vu et entendu le Liuto forte. Je vais vous envoyer quelques photos d\u2019un tr\u00e8s [&hellip;]<\/p>\n","protected":false},"author":1,"featured_media":0,"parent":4169,"menu_order":0,"comment_status":"closed","ping_status":"closed","template":"","meta":{"_et_pb_use_builder":"on","_et_pb_old_content":"<p>[et_pb_section bb_built=\"1\"][et_pb_row][et_pb_column type=\"1_4\"][et_pb_sidebar admin_label=\"Seitenleiste:\" _builder_version=\"3.19.6\" area=\"et_pb_widget_area_2\" show_border=\"off\" saved_tabs=\"all\" global_module=\"302\" \/][\/et_pb_column][et_pb_column type=\"3_4\"][et_pb_text admin_label=\"Titel: Konstantin Bozhinov, Lautenist und Komponist, Kanada\" _builder_version=\"3.19.6\"]<\/p><h1>Saulius Lipcius<\/h1><p>Gitarrist, Litauen<br \/><strong>Liuto forte in e (Schwanenhals)<\/strong><\/p><p>In Litauen werden Ihre Instrumente jetzt immer bekannter und - was ich gerne sage - bewundert von vielen Menschen, die kommen und viele sch\u00f6ne Worte sagen, nachdem sie den Liuto forte gesehen und geh\u00f6rt haben. Ich werde ein paar Fotos vom einem sehr sch\u00f6nen Konzert zeitgen\u00f6ssischer litauischer Komponisten (alle ehemaligen Studenten des Komponisten Juzeli\u016bnas) vom vergangenen Wochenende mit dem Titel \"100 Minuten mit dem Lehrer\" beif\u00fcgen. Ich hoffe, es gef\u00e4llt Ihnen.<\/p><p>Ich schicke Ihnen ein Bild von dem Konzert, das heute in der Gro\u00dfen Halle der Nationalen Philharmonie in Vilnius stattfand. Es ist das mittlere Konzert unserer Tour zum 10-j\u00e4hrigen Jubil\u00e4um. Ich spielte den Liuto forte in einem Teile des Konzertes - zusammen mit unserem wunderbaren Geiger Vilhelmas Cepinskis spielten wir Vivaldi - \"Der Winter\". Das nationale Fernsehen hat dieses Konzert auch aufgezeichnet, so dass es bald ausgestrahlt werden sollte.<\/p><p>[\/et_pb_text][et_pb_image _builder_version=\"3.19.6\" src=\"https:\/\/liuto-forte.de\/wp-content\/uploads\/2019\/01\/image012-1.jpg\" \/][et_pb_image _builder_version=\"3.19.11\" src=\"https:\/\/liuto-forte.de\/wp-content\/uploads\/2019\/02\/image015.jpg\" \/][\/et_pb_column][\/et_pb_row][\/et_pb_section]<\/p>","_et_gb_content_width":"","_exactmetrics_skip_tracking":false,"_exactmetrics_sitenote_active":false,"_exactmetrics_sitenote_note":"","_exactmetrics_sitenote_category":0,"footnotes":""},"class_list":["post-4308","page","type-page","status-publish","hentry"],"_links":{"self":[{"href":"https:\/\/liuto-forte.de\/fr\/wp-json\/wp\/v2\/pages\/4308","targetHints":{"allow":["GET"]}}],"collection":[{"href":"https:\/\/liuto-forte.de\/fr\/wp-json\/wp\/v2\/pages"}],"about":[{"href":"https:\/\/liuto-forte.de\/fr\/wp-json\/wp\/v2\/types\/page"}],"author":[{"embeddable":true,"href":"https:\/\/liuto-forte.de\/fr\/wp-json\/wp\/v2\/users\/1"}],"replies":[{"embeddable":true,"href":"https:\/\/liuto-forte.de\/fr\/wp-json\/wp\/v2\/comments?post=4308"}],"version-history":[{"count":3,"href":"https:\/\/liuto-forte.de\/fr\/wp-json\/wp\/v2\/pages\/4308\/revisions"}],"predecessor-version":[{"id":4314,"href":"https:\/\/liuto-forte.de\/fr\/wp-json\/wp\/v2\/pages\/4308\/revisions\/4314"}],"up":[{"embeddable":true,"href":"https:\/\/liuto-forte.de\/fr\/wp-json\/wp\/v2\/pages\/4169"}],"wp:attachment":[{"href":"https:\/\/liuto-forte.de\/fr\/wp-json\/wp\/v2\/media?parent=4308"}],"curies":[{"name":"wp","href":"https:\/\/api.w.org\/{rel}","templated":true}]}}