{"id":4315,"date":"2023-02-09T15:08:35","date_gmt":"2023-02-09T14:08:35","guid":{"rendered":"https:\/\/liuto-forte.de\/?page_id=4315"},"modified":"2023-02-09T15:08:35","modified_gmt":"2023-02-09T14:08:35","slug":"georg-forstreiter","status":"publish","type":"page","link":"https:\/\/liuto-forte.de\/fr\/willkommen\/musikerstimmen\/georg-forstreiter\/","title":{"rendered":"Georg Forstreiter"},"content":{"rendered":"<p>[et_pb_section fb_built=\u00a0\u00bb1&Prime; _builder_version=\u00a0\u00bb4.16&Prime; global_colors_info=\u00a0\u00bb{}\u00a0\u00bb][et_pb_row column_structure=\u00a0\u00bb1_4,3_4&Prime; _builder_version=\u00a0\u00bb4.16&Prime; background_size=\u00a0\u00bbinitial\u00a0\u00bb background_position=\u00a0\u00bbtop_left\u00a0\u00bb background_repeat=\u00a0\u00bbrepeat\u00a0\u00bb global_colors_info=\u00a0\u00bb{}\u00a0\u00bb][et_pb_column type=\u00a0\u00bb1_4&Prime; _builder_version=\u00a0\u00bb4.16&Prime; custom_padding=\u00a0\u00bb|||\u00a0\u00bb global_colors_info=\u00a0\u00bb{}\u00a0\u00bb custom_padding__hover=\u00a0\u00bb|||\u00a0\u00bb][et_pb_sidebar area=\u00a0\u00bbet_pb_widget_area_2&Prime; admin_label=\u00a0\u00bbSeitenleiste:\u00a0\u00bb _builder_version=\u00a0\u00bb4.16&Prime; saved_tabs=\u00a0\u00bball\u00a0\u00bb global_colors_info=\u00a0\u00bb{}\u00a0\u00bb][\/et_pb_sidebar][\/et_pb_column][et_pb_column type=\u00a0\u00bb3_4&Prime; _builder_version=\u00a0\u00bb4.16&Prime; custom_padding=\u00a0\u00bb|||\u00a0\u00bb global_colors_info=\u00a0\u00bb{}\u00a0\u00bb custom_padding__hover=\u00a0\u00bb|||\u00a0\u00bb][et_pb_text admin_label=\u00a0\u00bbTitel: Konstantin Bozhinov, Lautenist und Komponist, Kanada\u00a0\u00bb _builder_version=\u00a0\u00bb4.19.5&Prime; hover_enabled=\u00a0\u00bb0&Prime; global_colors_info=\u00a0\u00bb{}\u00a0\u00bb sticky_enabled=\u00a0\u00bb0&Prime;]<\/p>\n<h1>Georg Forstreiter<\/h1>\n<p>Luthiste, Autriche<br \/><strong>Arciliuto forte en sol<\/strong><\/p>\n<p>La beaut\u00e9 de cette sonorit\u00e9 planante est pour moi un miracle que je ne peux que louer.<\/p>\n<p>Lorsque je joue dans les positions aigu\u00ebs sur la touche, je suis sans cesse \u00e9tonn\u00e9 de l\u2019intonation et du son, jamais je ne me sens \u00ab\u00a0abandonn\u00e9\u00a0\u00e0 mon sort \u00bb. Un instrument merveilleux, magique, avec lequel il est facile de raconter des histoires musicales\u00a0!<\/p>\n<p>[\/et_pb_text][et_pb_image src=\u00a0\u00bbhttps:\/\/liuto-forte.de\/wp-content\/uploads\/2019\/02\/Georg-Forstreiter.jpg\u00a0\u00bb align_tablet=\u00a0\u00bbcenter\u00a0\u00bb align_phone=\u00a0\u00bbcenter\u00a0\u00bb align_last_edited=\u00a0\u00bbon|desktop\u00a0\u00bb _builder_version=\u00a0\u00bb4.16&Prime; global_colors_info=\u00a0\u00bb{}\u00a0\u00bb][\/et_pb_image][\/et_pb_column][\/et_pb_row][\/et_pb_section]<\/p>\n","protected":false},"excerpt":{"rendered":"<p>Georg Forstreiter Luthiste, AutricheArciliuto forte en sol La beaut\u00e9 de cette sonorit\u00e9 planante est pour moi un miracle que je ne peux que louer. Lorsque je joue dans les positions aigu\u00ebs sur la touche, je suis sans cesse \u00e9tonn\u00e9 de l\u2019intonation et du son, jamais je ne me sens \u00ab\u00a0abandonn\u00e9\u00a0\u00e0 mon sort \u00bb. Un instrument [&hellip;]<\/p>\n","protected":false},"author":1,"featured_media":0,"parent":4169,"menu_order":0,"comment_status":"closed","ping_status":"closed","template":"","meta":{"_et_pb_use_builder":"on","_et_pb_old_content":"<p>[et_pb_section bb_built=\"1\"][et_pb_row][et_pb_column type=\"1_4\"][et_pb_sidebar admin_label=\"Seitenleiste:\" _builder_version=\"3.19.6\" area=\"et_pb_widget_area_2\" show_border=\"off\" saved_tabs=\"all\" global_module=\"302\" \/][\/et_pb_column][et_pb_column type=\"3_4\"][et_pb_text admin_label=\"Titel: Konstantin Bozhinov, Lautenist und Komponist, Kanada\" _builder_version=\"3.19.11\"]<\/p><h1>Georg Forstreiter<\/h1><p><strong>Lautenist, \u00d6sterreich<\/strong><br \/>Arciliuto forte in g<\/p><p class=\"p1\"><span class=\"s1\">Die Sch\u00f6nheit dieses schwebenden Klanges m\u00f6chte ich als Wunder beschreiben und auch loben.<\/span><\/p><p class=\"p1\"><span class=\"s1\">Bewege ich mich auf dem Griffbrett in h\u00f6heren Lagen bin ich als Spieler immer wieder \u00fcber Intonation und Klang erstaunt und f\u00fchle mich nie \u201eim Stich gelassen\u201c. Ein wunderbares, magisches Instrument mit dem es leicht f\u00e4llt, musikalisch Geschichten zu erz\u00e4hlen!<\/span><\/p><p>[\/et_pb_text][et_pb_image _builder_version=\"3.19.11\" src=\"https:\/\/liuto-forte.de\/wp-content\/uploads\/2019\/02\/Georg-Forstreiter.jpg\" \/][\/et_pb_column][\/et_pb_row][\/et_pb_section]<\/p>","_et_gb_content_width":"","_exactmetrics_skip_tracking":false,"_exactmetrics_sitenote_active":false,"_exactmetrics_sitenote_note":"","_exactmetrics_sitenote_category":0,"footnotes":""},"class_list":["post-4315","page","type-page","status-publish","hentry"],"_links":{"self":[{"href":"https:\/\/liuto-forte.de\/fr\/wp-json\/wp\/v2\/pages\/4315","targetHints":{"allow":["GET"]}}],"collection":[{"href":"https:\/\/liuto-forte.de\/fr\/wp-json\/wp\/v2\/pages"}],"about":[{"href":"https:\/\/liuto-forte.de\/fr\/wp-json\/wp\/v2\/types\/page"}],"author":[{"embeddable":true,"href":"https:\/\/liuto-forte.de\/fr\/wp-json\/wp\/v2\/users\/1"}],"replies":[{"embeddable":true,"href":"https:\/\/liuto-forte.de\/fr\/wp-json\/wp\/v2\/comments?post=4315"}],"version-history":[{"count":3,"href":"https:\/\/liuto-forte.de\/fr\/wp-json\/wp\/v2\/pages\/4315\/revisions"}],"predecessor-version":[{"id":4318,"href":"https:\/\/liuto-forte.de\/fr\/wp-json\/wp\/v2\/pages\/4315\/revisions\/4318"}],"up":[{"embeddable":true,"href":"https:\/\/liuto-forte.de\/fr\/wp-json\/wp\/v2\/pages\/4169"}],"wp:attachment":[{"href":"https:\/\/liuto-forte.de\/fr\/wp-json\/wp\/v2\/media?parent=4315"}],"curies":[{"name":"wp","href":"https:\/\/api.w.org\/{rel}","templated":true}]}}