{"id":4324,"date":"2023-02-09T15:12:05","date_gmt":"2023-02-09T14:12:05","guid":{"rendered":"https:\/\/liuto-forte.de\/?page_id=4324"},"modified":"2023-06-13T09:38:50","modified_gmt":"2023-06-13T07:38:50","slug":"johannnes-tappert","status":"publish","type":"page","link":"https:\/\/liuto-forte.de\/fr\/willkommen\/musikerstimmen\/johannnes-tappert\/","title":{"rendered":"Johannnes Tappert"},"content":{"rendered":"<p>[et_pb_section fb_built=\u00a0\u00bb1&Prime; _builder_version=\u00a0\u00bb4.16&Prime; global_colors_info=\u00a0\u00bb{}\u00a0\u00bb][et_pb_row column_structure=\u00a0\u00bb1_4,3_4&Prime; _builder_version=\u00a0\u00bb4.16&Prime; background_size=\u00a0\u00bbinitial\u00a0\u00bb background_position=\u00a0\u00bbtop_left\u00a0\u00bb background_repeat=\u00a0\u00bbrepeat\u00a0\u00bb global_colors_info=\u00a0\u00bb{}\u00a0\u00bb][et_pb_column type=\u00a0\u00bb1_4&Prime; _builder_version=\u00a0\u00bb4.16&Prime; custom_padding=\u00a0\u00bb|||\u00a0\u00bb global_colors_info=\u00a0\u00bb{}\u00a0\u00bb custom_padding__hover=\u00a0\u00bb|||\u00a0\u00bb][et_pb_sidebar area=\u00a0\u00bbet_pb_widget_area_2&Prime; admin_label=\u00a0\u00bbSeitenleiste:\u00a0\u00bb _builder_version=\u00a0\u00bb4.16&Prime; saved_tabs=\u00a0\u00bball\u00a0\u00bb global_colors_info=\u00a0\u00bb{}\u00a0\u00bb]&nbsp;<br \/>\n[\/et_pb_sidebar][\/et_pb_column][et_pb_column type=\u00a0\u00bb3_4&Prime; _builder_version=\u00a0\u00bb4.16&Prime; custom_padding=\u00a0\u00bb|||\u00a0\u00bb global_colors_info=\u00a0\u00bb{}\u00a0\u00bb custom_padding__hover=\u00a0\u00bb|||\u00a0\u00bb][et_pb_text admin_label=\u00a0\u00bbTitel: Konstantin Bozhinov, Lautenist und Komponist, Kanada\u00a0\u00bb _builder_version=\u00a0\u00bb4.21.0&Prime; hover_enabled=\u00a0\u00bb0&Prime; global_colors_info=\u00a0\u00bb{}\u00a0\u00bb sticky_enabled=\u00a0\u00bb0&Prime;]<\/p>\n<h1>Johannes Tappert<\/h1>\n<p>Guitariste, Allemagne<br \/><strong>Arciliuto forte en sol, Liuto forte en mi<\/strong><\/p>\n<p>Je souhaite ici prendre parti pour le Liuto forte : apr\u00e8s plusieurs ann\u00e9es d\u2019exp\u00e9rience avec ce nouvel instrument, je peux confirmer tout ce qui est \u00e0 lire sur \u00ab liuto-forte.com \u00bb au sujet du luth historique, la guitare romantique, la guitare classique Torres et les Liuti forti nouvellement d\u00e9velopp\u00e9s. Se consacrer au Liuto forte est passionnant et j\u2019ai fr\u00e9quemment pu profiter des nouvelles possibilit\u00e9s qu\u2019offre cet instrument.<\/p>\n<p>Actuellement, je poss\u00e8de un Liuto forte standard \u00e0 huit cordes et un Arciliuto en sol \u00e0 treize cordes. La d\u00e9couverte de tout ce qu\u2019on peut faire avec un tel instrument vaut son pesant d\u2019or : Dowland et autres compositeurs de la Renaissance, un continuo baroque suffisamment sonore, des concertos (p. ex. de Johann Ludwig Krebs) avec orchestre sans difficult\u00e9s \u00e0 se faire entendre et tout en restant d\u00e9contract\u00e9 &#8211; tout cela procure beaucoup de plaisir.<\/p>\n<p>[\/et_pb_text][et_pb_image src=\u00a0\u00bbhttps:\/\/liuto-forte.de\/wp-content\/uploads\/2019\/01\/image022.jpg\u00a0\u00bb align_tablet=\u00a0\u00bbcenter\u00a0\u00bb align_phone=\u00a0\u00bbcenter\u00a0\u00bb align_last_edited=\u00a0\u00bbon|desktop\u00a0\u00bb _builder_version=\u00a0\u00bb4.16&Prime; global_colors_info=\u00a0\u00bb{}\u00a0\u00bb]&nbsp;<br \/>\n[\/et_pb_image][\/et_pb_column][\/et_pb_row][\/et_pb_section]<\/p>\n","protected":false},"excerpt":{"rendered":"<p>&nbsp; Johannes Tappert Guitariste, AllemagneArciliuto forte en sol, Liuto forte en mi Je souhaite ici prendre parti pour le Liuto forte : apr\u00e8s plusieurs ann\u00e9es d\u2019exp\u00e9rience avec ce nouvel instrument, je peux confirmer tout ce qui est \u00e0 lire sur \u00ab liuto-forte.com \u00bb au sujet du luth historique, la guitare romantique, la guitare classique Torres [&hellip;]<\/p>\n","protected":false},"author":1,"featured_media":0,"parent":4169,"menu_order":0,"comment_status":"closed","ping_status":"closed","template":"","meta":{"_et_pb_use_builder":"on","_et_pb_old_content":"<p>[et_pb_section bb_built=\"1\" _builder_version=\"3.0.47\"][et_pb_row _builder_version=\"3.0.48\" background_size=\"initial\" background_position=\"top_left\" background_repeat=\"repeat\"][et_pb_column type=\"1_4\"][et_pb_sidebar admin_label=\"Seitenleiste:\" area=\"et_pb_widget_area_2\" show_border=\"off\" _builder_version=\"3.19.11\" global_module=\"302\" saved_tabs=\"all\"]<\/p><p>\u00a0<\/p><p>[\/et_pb_sidebar][\/et_pb_column][et_pb_column type=\"3_4\"][et_pb_text admin_label=\"Titel: Konstantin Bozhinov, Lautenist und Komponist, Kanada\" _builder_version=\"3.19.11\"]<\/p><h1>Johannes Tappert<\/h1><p>Gitarrist, Deutschland<br \/><strong>Arciliuto forte in g, Liuto forte in e<\/strong><\/p><p>An diese Stelle m\u00f6chte ich f\u00fcr den Liuto forte eine Lanze brechen: Alles, was auf der Website \"www.liuto-forte.com\" \u00fcber historische Laute, Biedermeiergitarre, klassische (Torres-) Gitarre und den neuentwickelten Liuto forte zu lesen ist kann ich nach jetzt schon mehrj\u00e4hriger Erfahrung mit diesem neuen Instrument best\u00e4tigen. Es macht Spa\u00df, sich mit dem Liuto forte auseinander zu setzen, und ich habe die neuen M\u00f6glichkeiten, die mir dieses Lauteninstrument bietet, schon oft gut nutzen k\u00f6nnen.<\/p><p>Zur Zeit verf\u00fcge ich \u00fcber einen achtsaitigen Standard-Liuto forte und einen dreizehnsaitigen Arciliuto in g. Die Erfahrung, was man alles mit so einem Instrument machen kann ist Gold wert: Dowland und andere Renaissancekomponisten, barockes Continuo laut genug und trotzdem ganz locker, Konzerte (z. B. von Johann Ludwig Krebs) mit Orchester ohne Durchsetzungsprobleme spielen zu k\u00f6nnen \u2013 das macht viel, viel Spa\u00df.<\/p><p>[\/et_pb_text][et_pb_image src=\"https:\/\/liuto-forte.de\/wp-content\/uploads\/2019\/01\/image022.jpg\" _builder_version=\"3.19.6\"]<\/p><p>\u00a0<\/p><p>[\/et_pb_image][\/et_pb_column][\/et_pb_row][\/et_pb_section]<\/p>","_et_gb_content_width":"","_exactmetrics_skip_tracking":false,"_exactmetrics_sitenote_active":false,"_exactmetrics_sitenote_note":"","_exactmetrics_sitenote_category":0,"footnotes":""},"class_list":["post-4324","page","type-page","status-publish","hentry"],"_links":{"self":[{"href":"https:\/\/liuto-forte.de\/fr\/wp-json\/wp\/v2\/pages\/4324","targetHints":{"allow":["GET"]}}],"collection":[{"href":"https:\/\/liuto-forte.de\/fr\/wp-json\/wp\/v2\/pages"}],"about":[{"href":"https:\/\/liuto-forte.de\/fr\/wp-json\/wp\/v2\/types\/page"}],"author":[{"embeddable":true,"href":"https:\/\/liuto-forte.de\/fr\/wp-json\/wp\/v2\/users\/1"}],"replies":[{"embeddable":true,"href":"https:\/\/liuto-forte.de\/fr\/wp-json\/wp\/v2\/comments?post=4324"}],"version-history":[{"count":4,"href":"https:\/\/liuto-forte.de\/fr\/wp-json\/wp\/v2\/pages\/4324\/revisions"}],"predecessor-version":[{"id":5215,"href":"https:\/\/liuto-forte.de\/fr\/wp-json\/wp\/v2\/pages\/4324\/revisions\/5215"}],"up":[{"embeddable":true,"href":"https:\/\/liuto-forte.de\/fr\/wp-json\/wp\/v2\/pages\/4169"}],"wp:attachment":[{"href":"https:\/\/liuto-forte.de\/fr\/wp-json\/wp\/v2\/media?parent=4324"}],"curies":[{"name":"wp","href":"https:\/\/api.w.org\/{rel}","templated":true}]}}