{"id":4361,"date":"2023-02-09T16:45:59","date_gmt":"2023-02-09T15:45:59","guid":{"rendered":"https:\/\/liuto-forte.de\/?page_id=4361"},"modified":"2023-02-21T11:10:30","modified_gmt":"2023-02-21T10:10:30","slug":"liuto-forte-die-laute-des-21-jahrhunderts","status":"publish","type":"page","link":"https:\/\/liuto-forte.de\/fr\/willkommen\/laute-und-gitarre-ein-dilemma\/liuto-forte-die-laute-des-21-jahrhunderts\/","title":{"rendered":"Liuto forte\u00a0\u2013 die Laute des 21. Jahrhunderts"},"content":{"rendered":"<p>[et_pb_section fb_built=\u00a0\u00bb1&Prime; _builder_version=\u00a0\u00bb4.16&Prime; global_colors_info=\u00a0\u00bb{}\u00a0\u00bb][et_pb_row column_structure=\u00a0\u00bb1_4,3_4&Prime; _builder_version=\u00a0\u00bb4.16&Prime; background_size=\u00a0\u00bbinitial\u00a0\u00bb background_position=\u00a0\u00bbtop_left\u00a0\u00bb background_repeat=\u00a0\u00bbrepeat\u00a0\u00bb global_colors_info=\u00a0\u00bb{}\u00a0\u00bb][et_pb_column type=\u00a0\u00bb1_4&Prime; _builder_version=\u00a0\u00bb4.16&Prime; custom_padding=\u00a0\u00bb|||\u00a0\u00bb global_colors_info=\u00a0\u00bb{}\u00a0\u00bb custom_padding__hover=\u00a0\u00bb|||\u00a0\u00bb][et_pb_sidebar area=\u00a0\u00bbet_pb_widget_area_3&Prime; admin_label=\u00a0\u00bbSeitenleiste: \u00dcber den LF\u00a0\u00bb _builder_version=\u00a0\u00bb4.19.5&Prime; body_line_height=\u00a0\u00bb1.5em\u00a0\u00bb max_width=\u00a0\u00bb100%\u00a0\u00bb custom_css_after=\u00a0\u00bbfont-weight: bold;\u00a0\u00bb saved_tabs=\u00a0\u00bball\u00a0\u00bb global_colors_info=\u00a0\u00bb{}\u00a0\u00bb][\/et_pb_sidebar][\/et_pb_column][et_pb_column type=\u00a0\u00bb3_4&Prime; _builder_version=\u00a0\u00bb4.16&Prime; custom_padding=\u00a0\u00bb|||\u00a0\u00bb global_colors_info=\u00a0\u00bb{}\u00a0\u00bb custom_padding__hover=\u00a0\u00bb|||\u00a0\u00bb][et_pb_text admin_label=\u00a0\u00bbLiuto forte \u2013 die Laute des 21. Jahrhunderts\u00a0\u00bb _builder_version=\u00a0\u00bb4.20.0&Prime; hover_enabled=\u00a0\u00bb0&Prime; global_colors_info=\u00a0\u00bb{}\u00a0\u00bb sticky_enabled=\u00a0\u00bb0&Prime;]<\/p>\n<h1>Liuto forte \u2013 le luth du XXI<sup>e<\/sup> si\u00e8cle<\/h1>\n<p>Le Liuto forte est le r\u00e9sultat d\u2019efforts visant \u00e0 r\u00e9unir les points forts du luth historique (clart\u00e9 et noblesse) et de la guitare espagnole (richesse des couleurs et chaleur) en un instrument r\u00e9solument orient\u00e9 vers l\u2019avenir, ouvrant aux guitaristes comme aux luthistes de nouvelles possibilit\u00e9s. Le Liuto forte poss\u00e8de, d\u2019autre part, des qualit\u00e9s sonores qui lui sont propres et que l\u2019on ne retrouve sur aucun autre instrument \u00e0 cordes pinc\u00e9es ; elles font de cet instrument une cr\u00e9ation aussi nouvelle qu\u2019unique.<\/p>\n<p><img loading=\"lazy\" decoding=\"async\" class=\"alignnone size-full wp-image-4803\" src=\"https:\/\/liuto-forte.de\/wp-content\/uploads\/2019\/01\/image004.png\" alt=\"\" width=\"1000\" height=\"524\" srcset=\"https:\/\/liuto-forte.de\/wp-content\/uploads\/2019\/01\/image004.png 1000w, https:\/\/liuto-forte.de\/wp-content\/uploads\/2019\/01\/image004-300x157.png 300w, https:\/\/liuto-forte.de\/wp-content\/uploads\/2019\/01\/image004-768x402.png 768w\" sizes=\"(max-width: 1000px) 100vw, 1000px\" \/><\/p>\n<p>Dans sa capacit\u00e9 de s\u2019imposer en musique de chambre et en accompagnement du chant, le Liuto forte surpasse de loin non seulement le luth historique mais aussi la guitare espagnole. Il pr\u00e9sente de nombreuses innovations ainsi que diverses am\u00e9liorations dans sa construction. Un son qui porte loin dans les grandes salles et une r\u00e9sonance puissante constituent ses principales caract\u00e9ristiques. Toutes deux reposent en grande partie sur l\u2019art secret de l\u2019appariement des bois \u00e0 son apog\u00e9e dans la facture du luth et du violon, un art qu\u2019a r\u00e9ussi \u00e0 d\u00e9chiffrer Benno Streu.<\/p>\n<p>Lorsque l\u2019on a pour la premi\u00e8re fois un Liuto forte entre les mains, l\u2019interpr\u00e8te est d\u2019abord frapp\u00e9 par son poids r\u00e9duit puis, surtout, par sa r\u00e9ponse facile. Avec cet instrument, il est en effet possible d\u2019atteindre avec peu d\u2019efforts des volumes sonores qui n\u00e9cessiteraient beaucoup plus d\u2019\u00e9nergie sur la guitare et qui sont totalement hors d\u2019atteinte avec un luth. En outre, avec une guitare et un luth historique, on a l\u2019impression qu\u2019apr\u00e8s l\u2019attaque, le son reste dans un premier temps \u00e0 l\u2019int\u00e9rieur de l\u2019instrument. Avec le Liuto forte, en revanche, c\u2019est comme s\u2019il n\u2019y avait plus rien qui s\u00e9parait l\u2019air \u00e0 l\u2019int\u00e9rieur du corps de l\u2019air \u00e0 l\u2019ext\u00e9rieur. L\u2019instrument lib\u00e8re imm\u00e9diatement le son qui dispose d\u2019une tr\u00e8s grande clart\u00e9 dans tous les registres et d\u2019une bonne tenue.<\/p>\n<p>Parce qu\u2019ils sont d\u2019un maniement ais\u00e9 et \u00e9quip\u00e9s de cordes de tension moyenne, tous les mod\u00e8les de Liuto forte sont aussi bien accessibles aux guitaristes qu\u2019aux luthistes. Ils ne les mettent pas face au choix d\u2019abandonner d\u00e9finitivement leur instrument au profit d\u2019un autre ou de faire un choix arr\u00eat\u00e9 et d\u00e9cisif entre un jeu avec la pulpe et un jeu avec les ongles.<\/p>\n<p>En outre, le Liuto forte repr\u00e9sente quelque chose de compl\u00e8tement original, comme le fut le violoncelle par rapport \u00e0 la viole de gambe. Ses possibilit\u00e9s consid\u00e9rables, notamment dans le domaine de la musique de chambre, commencent \u00e0 peine \u00e0 \u00eatre d\u00e9couvertes. Nous ne doutons pas un instant que, \u00e0 moyen terme, la convergence entre les richesses pass\u00e9es de la guitare et du luth, possible gr\u00e2ce \u00e0 cet instrument, ne soit un atout pour l\u2019ensemble du monde des cordes pinc\u00e9es.[\/et_pb_text][\/et_pb_column][\/et_pb_row][\/et_pb_section]<\/p>\n","protected":false},"excerpt":{"rendered":"<p>Liuto forte \u2013 le luth du XXIe si\u00e8cle Le Liuto forte est le r\u00e9sultat d\u2019efforts visant \u00e0 r\u00e9unir les points forts du luth historique (clart\u00e9 et noblesse) et de la guitare espagnole (richesse des couleurs et chaleur) en un instrument r\u00e9solument orient\u00e9 vers l\u2019avenir, ouvrant aux guitaristes comme aux luthistes de nouvelles possibilit\u00e9s. Le Liuto [&hellip;]<\/p>\n","protected":false},"author":1,"featured_media":0,"parent":4471,"menu_order":0,"comment_status":"closed","ping_status":"closed","template":"","meta":{"_et_pb_use_builder":"on","_et_pb_old_content":"","_et_gb_content_width":"","_exactmetrics_skip_tracking":false,"_exactmetrics_sitenote_active":false,"_exactmetrics_sitenote_note":"","_exactmetrics_sitenote_category":0,"footnotes":""},"class_list":["post-4361","page","type-page","status-publish","hentry"],"_links":{"self":[{"href":"https:\/\/liuto-forte.de\/fr\/wp-json\/wp\/v2\/pages\/4361","targetHints":{"allow":["GET"]}}],"collection":[{"href":"https:\/\/liuto-forte.de\/fr\/wp-json\/wp\/v2\/pages"}],"about":[{"href":"https:\/\/liuto-forte.de\/fr\/wp-json\/wp\/v2\/types\/page"}],"author":[{"embeddable":true,"href":"https:\/\/liuto-forte.de\/fr\/wp-json\/wp\/v2\/users\/1"}],"replies":[{"embeddable":true,"href":"https:\/\/liuto-forte.de\/fr\/wp-json\/wp\/v2\/comments?post=4361"}],"version-history":[{"count":3,"href":"https:\/\/liuto-forte.de\/fr\/wp-json\/wp\/v2\/pages\/4361\/revisions"}],"predecessor-version":[{"id":4724,"href":"https:\/\/liuto-forte.de\/fr\/wp-json\/wp\/v2\/pages\/4361\/revisions\/4724"}],"up":[{"embeddable":true,"href":"https:\/\/liuto-forte.de\/fr\/wp-json\/wp\/v2\/pages\/4471"}],"wp:attachment":[{"href":"https:\/\/liuto-forte.de\/fr\/wp-json\/wp\/v2\/media?parent=4361"}],"curies":[{"name":"wp","href":"https:\/\/api.w.org\/{rel}","templated":true}]}}