{"id":4366,"date":"2023-02-09T16:52:21","date_gmt":"2023-02-09T15:52:21","guid":{"rendered":"https:\/\/liuto-forte.de\/?page_id=4366"},"modified":"2023-04-19T15:14:42","modified_gmt":"2023-04-19T13:14:42","slug":"historische-liuti-forti","status":"publish","type":"page","link":"https:\/\/liuto-forte.de\/fr\/willkommen\/laute-und-gitarre-ein-dilemma\/historische-liuti-forti\/","title":{"rendered":"Historische Liuti forti"},"content":{"rendered":"<p>[et_pb_section fb_built=\u00a0\u00bb1&Prime; _builder_version=\u00a0\u00bb4.16&Prime; global_colors_info=\u00a0\u00bb{}\u00a0\u00bb][et_pb_row column_structure=\u00a0\u00bb1_4,3_4&Prime; _builder_version=\u00a0\u00bb4.16&Prime; background_size=\u00a0\u00bbinitial\u00a0\u00bb background_position=\u00a0\u00bbtop_left\u00a0\u00bb background_repeat=\u00a0\u00bbrepeat\u00a0\u00bb global_colors_info=\u00a0\u00bb{}\u00a0\u00bb][et_pb_column type=\u00a0\u00bb1_4&Prime; _builder_version=\u00a0\u00bb4.16&Prime; custom_padding=\u00a0\u00bb|||\u00a0\u00bb global_colors_info=\u00a0\u00bb{}\u00a0\u00bb custom_padding__hover=\u00a0\u00bb|||\u00a0\u00bb][et_pb_sidebar area=\u00a0\u00bbet_pb_widget_area_3&Prime; admin_label=\u00a0\u00bbSeitenleiste: \u00dcber den LF\u00a0\u00bb _builder_version=\u00a0\u00bb4.16&Prime; saved_tabs=\u00a0\u00bball\u00a0\u00bb global_colors_info=\u00a0\u00bb{}\u00a0\u00bb][\/et_pb_sidebar][\/et_pb_column][et_pb_column type=\u00a0\u00bb3_4&Prime; _builder_version=\u00a0\u00bb4.16&Prime; custom_padding=\u00a0\u00bb|||\u00a0\u00bb global_colors_info=\u00a0\u00bb{}\u00a0\u00bb custom_padding__hover=\u00a0\u00bb|||\u00a0\u00bb][et_pb_text admin_label=\u00a0\u00bbHistorische Liuti forti\u00a0\u00bb _builder_version=\u00a0\u00bb4.20.4&Prime; global_colors_info=\u00a0\u00bb{}\u00a0\u00bb]<\/p>\n<h1>Liuti forti historiques<\/h1>\n<p>Th\u00e9orbe, archiluth et gallichon peuvent \u00eatre consid\u00e9r\u00e9s comme \u00e9tant les premiers \u00ab luths forts \u00bb (Liuti forti). Ils font partie d\u2019une longue tradition d\u2019instruments \u00e0 cordes simples, qui en passant par l\u2019Ang\u00e9lique et le luth de Johann S\u00e9bastian Bach m\u00e8nent directement au Liuto forte du XXI<sup>e<\/sup> si\u00e8cle.<\/p>\n<p>[\/et_pb_text][et_pb_image src=\u00a0\u00bbhttps:\/\/liuto-forte.de\/wp-content\/uploads\/2019\/02\/18-JosephIIWerner.jpg\u00a0\u00bb title_text=\u00a0\u00bb18-JosephIIWerner\u00a0\u00bb force_fullwidth=\u00a0\u00bbon\u00a0\u00bb _builder_version=\u00a0\u00bb4.20.2&Prime; _module_preset=\u00a0\u00bbdefault\u00a0\u00bb global_colors_info=\u00a0\u00bb{}\u00a0\u00bb][\/et_pb_image][et_pb_text _builder_version=\u00a0\u00bb4.20.4&Prime; _module_preset=\u00a0\u00bbdefault\u00a0\u00bb hover_enabled=\u00a0\u00bb0&Prime; global_colors_info=\u00a0\u00bb{}\u00a0\u00bb sticky_enabled=\u00a0\u00bb0&Prime;]<\/p>\n<p><em><strong>Illustration :<\/strong> peinture fran\u00e7aise anonyme du 17e si\u00e8cle, Metropolitan Museum of Art, New York :<\/em><br \/><em>Arciliuto avec 6 cordes de touche et 7 cordes de bourdon<\/em><\/p>\n<p>[\/et_pb_text][et_pb_image src=\u00a0\u00bbhttps:\/\/upload.wikimedia.org\/wikipedia\/commons\/3\/31\/Louis_Finson_-_Musical_company.jpg\u00a0\u00bb title_text=\u00a0\u00bbLouis_Finson_-_Musical_company\u00a0\u00bb url=\u00a0\u00bbhttps:\/\/de.wikipedia.org\/wiki\/Louis_Finson\u00a0\u00bb url_new_window=\u00a0\u00bbon\u00a0\u00bb force_fullwidth=\u00a0\u00bbon\u00a0\u00bb _builder_version=\u00a0\u00bb4.20.2&Prime; _module_preset=\u00a0\u00bbdefault\u00a0\u00bb global_colors_info=\u00a0\u00bb{}\u00a0\u00bb][\/et_pb_image][et_pb_text _builder_version=\u00a0\u00bb4.20.4&Prime; _module_preset=\u00a0\u00bbdefault\u00a0\u00bb link_option_url=\u00a0\u00bbhttps:\/\/de.wikipedia.org\/wiki\/Louis_Finson\u00a0\u00bb link_option_url_new_window=\u00a0\u00bbon\u00a0\u00bb hover_enabled=\u00a0\u00bb0&Prime; global_colors_info=\u00a0\u00bb{}\u00a0\u00bb sticky_enabled=\u00a0\u00bb0&Prime;]<\/p>\n<p><em><strong>Illustration :<\/strong> Louis Finson (entre 1574 et 1580 &#8211; 1617) : \u00ab\u00a0Soci\u00e9t\u00e9 musicale\u00a0\u00bb<\/em><br \/><em>Arciliuto avec 6 cordes sur la touche et 6 cordes de bourdon<\/em><\/p>\n<p>[\/et_pb_text][et_pb_image src=\u00a0\u00bbhttps:\/\/upload.wikimedia.org\/wikipedia\/commons\/4\/41\/Bellerofonte_Castaldi.png\u00a0\u00bb url=\u00a0\u00bbhttps:\/\/de.wikipedia.org\/wiki\/Bellerofonte_Castaldi\u00a0\u00bb url_new_window=\u00a0\u00bbon\u00a0\u00bb force_fullwidth=\u00a0\u00bbon\u00a0\u00bb _builder_version=\u00a0\u00bb4.20.2&Prime; _module_preset=\u00a0\u00bbdefault\u00a0\u00bb global_colors_info=\u00a0\u00bb{}\u00a0\u00bb][\/et_pb_image][et_pb_text _builder_version=\u00a0\u00bb4.20.4&Prime; _module_preset=\u00a0\u00bbdefault\u00a0\u00bb link_option_url=\u00a0\u00bbhttps:\/\/de.wikipedia.org\/wiki\/Bellerofonte_Castaldi\u00a0\u00bb link_option_url_new_window=\u00a0\u00bbon\u00a0\u00bb hover_enabled=\u00a0\u00bb0&Prime; global_colors_info=\u00a0\u00bb{}\u00a0\u00bb sticky_enabled=\u00a0\u00bb0&Prime;]<\/p>\n<p><em><strong>Illustration :<\/strong> Bellerofonte Castaldi (vers 1580 &#8211; 1649) de son livre Capricci a Due Stromenti, 1622<\/em><br \/><em>Arciliuto avec 6 cordes sur la touche et 6 cordes de bourdon<\/em><\/p>\n<p>[\/et_pb_text][et_pb_image src=\u00a0\u00bbhttps:\/\/upload.wikimedia.org\/wikipedia\/commons\/3\/36\/Lady_Mary_Wroth.jpg\u00a0\u00bb url=\u00a0\u00bbhttps:\/\/de.wikipedia.org\/wiki\/Mary_Wroth\u00a0\u00bb url_new_window=\u00a0\u00bbon\u00a0\u00bb force_fullwidth=\u00a0\u00bbon\u00a0\u00bb _builder_version=\u00a0\u00bb4.20.2&Prime; _module_preset=\u00a0\u00bbdefault\u00a0\u00bb global_colors_info=\u00a0\u00bb{}\u00a0\u00bb][\/et_pb_image][et_pb_text _builder_version=\u00a0\u00bb4.20.4&Prime; _module_preset=\u00a0\u00bbdefault\u00a0\u00bb link_option_url=\u00a0\u00bbhttps:\/\/de.wikipedia.org\/wiki\/Mary_Wroth\u00a0\u00bb link_option_url_new_window=\u00a0\u00bbon\u00a0\u00bb hover_enabled=\u00a0\u00bb0&Prime; global_colors_info=\u00a0\u00bb{}\u00a0\u00bb sticky_enabled=\u00a0\u00bb0&Prime;]<\/p>\n<p><em><strong>Illustration :<\/strong> John de Criz (attribu\u00e9 \u00e0 1551 ou 52 &#8211; 1641) : \u00ab\u00a0Lady Mary Wroth\u00a0\u00bb.<\/em><br \/><em>Th\u00e9orbe \u00e0 6 cordes sur la touche et 8 cordes de bourdon<\/em><\/p>\n<p>[\/et_pb_text][et_pb_image src=\u00a0\u00bbhttps:\/\/liuto-forte.de\/wp-content\/uploads\/2019\/01\/angelique.jpg\u00a0\u00bb title_text=\u00a0\u00bbangelique\u00a0\u00bb force_fullwidth=\u00a0\u00bbon\u00a0\u00bb _builder_version=\u00a0\u00bb4.20.2&Prime; _module_preset=\u00a0\u00bbdefault\u00a0\u00bb global_colors_info=\u00a0\u00bb{}\u00a0\u00bb][\/et_pb_image][et_pb_text _builder_version=\u00a0\u00bb4.20.4&Prime; _module_preset=\u00a0\u00bbdefault\u00a0\u00bb hover_enabled=\u00a0\u00bb0&Prime; global_colors_info=\u00a0\u00bb{}\u00a0\u00bb sticky_enabled=\u00a0\u00bb0&Prime;]<\/p>\n<p><em><strong>Illustration :<\/strong> Ang\u00e9lique avec 10 cordes sur la touche et 6 cordes de bourdon de Johann Christoph Fleischer, Hambourg, vers 1700,<\/em><br \/><em>Biblioth\u00e8que de Mecklembourg-Pom\u00e9ranie occidentale (Schwerin) Source : Fotodesign Klose, Schwerin<\/em><\/p>\n<p>[\/et_pb_text][\/et_pb_column][\/et_pb_row][\/et_pb_section]<\/p>\n","protected":false},"excerpt":{"rendered":"<p>Liuti forti historiques Th\u00e9orbe, archiluth et gallichon peuvent \u00eatre consid\u00e9r\u00e9s comme \u00e9tant les premiers \u00ab luths forts \u00bb (Liuti forti). Ils font partie d\u2019une longue tradition d\u2019instruments \u00e0 cordes simples, qui en passant par l\u2019Ang\u00e9lique et le luth de Johann S\u00e9bastian Bach m\u00e8nent directement au Liuto forte du XXIe si\u00e8cle.Illustration : peinture fran\u00e7aise anonyme du [&hellip;]<\/p>\n","protected":false},"author":1,"featured_media":0,"parent":4471,"menu_order":0,"comment_status":"closed","ping_status":"closed","template":"","meta":{"_et_pb_use_builder":"on","_et_pb_old_content":"","_et_gb_content_width":"","_exactmetrics_skip_tracking":false,"_exactmetrics_sitenote_active":false,"_exactmetrics_sitenote_note":"","_exactmetrics_sitenote_category":0,"footnotes":""},"class_list":["post-4366","page","type-page","status-publish","hentry"],"_links":{"self":[{"href":"https:\/\/liuto-forte.de\/fr\/wp-json\/wp\/v2\/pages\/4366","targetHints":{"allow":["GET"]}}],"collection":[{"href":"https:\/\/liuto-forte.de\/fr\/wp-json\/wp\/v2\/pages"}],"about":[{"href":"https:\/\/liuto-forte.de\/fr\/wp-json\/wp\/v2\/types\/page"}],"author":[{"embeddable":true,"href":"https:\/\/liuto-forte.de\/fr\/wp-json\/wp\/v2\/users\/1"}],"replies":[{"embeddable":true,"href":"https:\/\/liuto-forte.de\/fr\/wp-json\/wp\/v2\/comments?post=4366"}],"version-history":[{"count":6,"href":"https:\/\/liuto-forte.de\/fr\/wp-json\/wp\/v2\/pages\/4366\/revisions"}],"predecessor-version":[{"id":4943,"href":"https:\/\/liuto-forte.de\/fr\/wp-json\/wp\/v2\/pages\/4366\/revisions\/4943"}],"up":[{"embeddable":true,"href":"https:\/\/liuto-forte.de\/fr\/wp-json\/wp\/v2\/pages\/4471"}],"wp:attachment":[{"href":"https:\/\/liuto-forte.de\/fr\/wp-json\/wp\/v2\/media?parent=4366"}],"curies":[{"name":"wp","href":"https:\/\/api.w.org\/{rel}","templated":true}]}}