{"id":4371,"date":"2023-02-09T19:21:18","date_gmt":"2023-02-09T18:21:18","guid":{"rendered":"https:\/\/liuto-forte.de\/?page_id=4371"},"modified":"2023-06-13T09:21:08","modified_gmt":"2023-06-13T07:21:08","slug":"forschung","status":"publish","type":"page","link":"https:\/\/liuto-forte.de\/fr\/willkommen\/laute-und-gitarre-ein-dilemma\/forschung\/","title":{"rendered":"Forschung"},"content":{"rendered":"<p>[et_pb_section fb_built=\u00a0\u00bb1&Prime; _builder_version=\u00a0\u00bb4.16&Prime; global_colors_info=\u00a0\u00bb{}\u00a0\u00bb][et_pb_row column_structure=\u00a0\u00bb1_4,3_4&Prime; _builder_version=\u00a0\u00bb4.16&Prime; background_size=\u00a0\u00bbinitial\u00a0\u00bb background_position=\u00a0\u00bbtop_left\u00a0\u00bb background_repeat=\u00a0\u00bbrepeat\u00a0\u00bb global_colors_info=\u00a0\u00bb{}\u00a0\u00bb][et_pb_column type=\u00a0\u00bb1_4&Prime; _builder_version=\u00a0\u00bb4.16&Prime; custom_padding=\u00a0\u00bb|||\u00a0\u00bb global_colors_info=\u00a0\u00bb{}\u00a0\u00bb custom_padding__hover=\u00a0\u00bb|||\u00a0\u00bb][et_pb_sidebar area=\u00a0\u00bbet_pb_widget_area_3&Prime; admin_label=\u00a0\u00bbSeitenleiste: \u00dcber den LF\u00a0\u00bb _builder_version=\u00a0\u00bb4.16&Prime; body_line_height=\u00a0\u00bb1.5em\u00a0\u00bb max_width=\u00a0\u00bb100%\u00a0\u00bb custom_css_after=\u00a0\u00bbfont-weight: bold;\u00a0\u00bb saved_tabs=\u00a0\u00bball\u00a0\u00bb global_colors_info=\u00a0\u00bb{}\u00a0\u00bb][\/et_pb_sidebar][\/et_pb_column][et_pb_column type=\u00a0\u00bb3_4&Prime; _builder_version=\u00a0\u00bb4.16&Prime; custom_padding=\u00a0\u00bb|||\u00a0\u00bb global_colors_info=\u00a0\u00bb{}\u00a0\u00bb custom_padding__hover=\u00a0\u00bb|||\u00a0\u00bb][et_pb_text admin_label=\u00a0\u00bbForschung\u00a0\u00bb _builder_version=\u00a0\u00bb4.19.5&Prime; global_colors_info=\u00a0\u00bb{}\u00a0\u00bb]<\/p>\n<h1>Recherche<\/h1>\n<h2>Artisanat et science<\/h2>\n<p>Depuis de longues ann\u00e9es, une collaboration f\u00e9conde s\u2019est install\u00e9e avec la Technische Universit\u00e4t de Dresde, qui apporte une aide essentielle \u00e0 l\u2019optimisation constante des Liuti forti. Sous la direction du professeur Rolf Schmidt, les \u00e9tudiants de la section M\u00e9canique des Solides analysent les vibrations de nos instruments. Dans les instruments \u00e0 cordes pinc\u00e9es en particulier, on a observ\u00e9 la tr\u00e8s importante production de sons transitoires au niveau du chevalet, ainsi que l\u2019influence du barrage sur la vibration de la table.<\/p>\n<p>Les r\u00e9sultats de ces recherches n\u2019aident pas seulement \u00e0 mieux comprendre des m\u00e9canismes de bases du luth, mais permettent \u00e9galement une meilleure compr\u00e9hension de la facture des luths anciens, ainsi que la r\u00e9solution de probl\u00e8mes acoustiques pouvant appara\u00eetre lors de la construction d\u2019un luth. Les mesures effectu\u00e9es sur des machines de laboratoire tr\u00e8s modernes apportent un compl\u00e9ment \u00e0 l\u2019intuition et \u00e0 l\u2019exp\u00e9rience de nos luthiers.<\/p>\n<p>Les images ci-dessous des vibrations d\u2019un Liuto forte \u00e0 diff\u00e9rentes fr\u00e9quences vous donneront un petit aper\u00e7u des r\u00e9sultats de ces recherches.<\/p>\n<p>[\/et_pb_text][et_pb_video src=\u00a0\u00bbhttps:\/\/youtu.be\/yQY7ZqKmGuw\u00a0\u00bb module_id=\u00a0\u00bbVideo1&Prime; _builder_version=\u00a0\u00bb4.21.0&Prime; global_colors_info=\u00a0\u00bb{}\u00a0\u00bb][\/et_pb_video][et_pb_text admin_label=\u00a0\u00bbText Qualit\u00e4tskontrolle\u00a0\u00bb _builder_version=\u00a0\u00bb4.21.0&Prime; hover_enabled=\u00a0\u00bb0&Prime; global_colors_info=\u00a0\u00bb{}\u00a0\u00bb sticky_enabled=\u00a0\u00bb0&Prime;]<\/p>\n<p>En ce qui concerne la qualit\u00e9 du son, rien n\u2019est laiss\u00e9 au hasard chez Liuto forte. Nos clients peuvent \u00eatre s\u00fbrs que l\u2019instrument qu\u2019ils ont command\u00e9 ne diff\u00e9rera nullement, sur le plan de la qualit\u00e9, de l\u2019instrument qu\u2019ils ont test\u00e9 en d\u00e9monstration.<\/p>\n<p>En 1998, trois Liuti forti de m\u00eame facture ont \u00e9t\u00e9 soumis \u00e0 une analyse modale \u00e0 l\u2019Institut de facture d\u2019instruments de musique de Zwota (<a href=\"https:\/\/www.ifm-zwota.de\" target=\"_blank\" rel=\"noopener\">www.ifm-zwota.de<\/a>). Les instruments ont affich\u00e9 des pics de r\u00e9sonance presque \u00e9quivalents.<\/p>\n<p>Voici repr\u00e9sent\u00e9es les vibrations de la table d\u2019un de ces instruments \u00e0 diff\u00e9rentes fr\u00e9quences. Par comparaison, on peut voir les vibrations de la table d\u2019un luth historique de Sebastian Schelle, Nuremberg 1744 (auparavant propri\u00e9t\u00e9 d\u2019 Andr\u00e9 Burguete).<\/p>\n<p>[\/et_pb_text][et_pb_text admin_label=\u00a0\u00bbTabelle Modalanalyse\u00a0\u00bb module_id=\u00a0\u00bbVideo2&Prime; _builder_version=\u00a0\u00bb4.21.0&Prime; global_colors_info=\u00a0\u00bb{}\u00a0\u00bb]<\/p>\n<table border=\"0\" width=\"100%\" cellspacing=\"0\" cellpadding=\"0\">\n<tbody>\n<tr>\n<td>\n<h4>Analyse modale du Liuto forte<\/h4>\n<p>Liuto forte en r\u00e9 mineur \u00e0 15 cordes (double head)<br \/>de G\u00fcnter Mark, Elsa 1998<\/p>\n<\/td>\n<td>\n<h4>Analyse modale du luth historique<\/h4>\n<p>Luth baroque \u00e0 13 ch\u0153urs, Sebastian Schelle, 1744<br \/>Germanisches Nationalmuseum N\u00fcrnberg<\/p>\n<\/td>\n<\/tr>\n<tr>\n<td>Liuto forte 107Hz<\/td>\n<td><\/td>\n<\/tr>\n<tr>\n<td><img loading=\"lazy\" decoding=\"async\" class=\"alignnone size-full wp-image-4378\" src=\"https:\/\/liuto-forte.de\/wp-content\/uploads\/2019\/02\/m107Hz.gif\" alt=\"\" width=\"400\" height=\"300\" \/><\/td>\n<td><\/td>\n<\/tr>\n<tr>\n<td>Liuto forte 258Hz<\/td>\n<td>Luth historique 269Hz<\/td>\n<\/tr>\n<tr>\n<td><img loading=\"lazy\" decoding=\"async\" class=\"alignnone size-full wp-image-4377\" src=\"https:\/\/liuto-forte.de\/wp-content\/uploads\/2019\/02\/m258Hz.gif\" alt=\"\" width=\"400\" height=\"300\" \/><\/td>\n<td><img loading=\"lazy\" decoding=\"async\" class=\"alignnone size-full wp-image-4379\" src=\"https:\/\/liuto-forte.de\/wp-content\/uploads\/2019\/02\/l6_269Hz.gif\" alt=\"\" width=\"400\" height=\"300\" \/><\/td>\n<\/tr>\n<tr>\n<td>Liuto forte 368Hz<\/td>\n<td>Luth historique 318Hz<\/td>\n<\/tr>\n<tr>\n<td><img loading=\"lazy\" decoding=\"async\" class=\"alignnone size-full wp-image-4376\" src=\"https:\/\/liuto-forte.de\/wp-content\/uploads\/2019\/02\/m368Hz.gif\" alt=\"\" width=\"400\" height=\"300\" \/><\/td>\n<td><img loading=\"lazy\" decoding=\"async\" class=\"alignnone size-full wp-image-4380\" src=\"https:\/\/liuto-forte.de\/wp-content\/uploads\/2019\/02\/l6_318Hz.gif\" alt=\"\" width=\"400\" height=\"300\" \/><\/td>\n<\/tr>\n<tr>\n<td>Liuto forte 421Hz<\/td>\n<td>Luth historique 433Hz<\/td>\n<\/tr>\n<tr>\n<td><img loading=\"lazy\" decoding=\"async\" class=\"alignnone size-full wp-image-4375\" src=\"https:\/\/liuto-forte.de\/wp-content\/uploads\/2019\/02\/m421Hz.gif\" alt=\"\" width=\"400\" height=\"300\" \/><\/td>\n<td><img loading=\"lazy\" decoding=\"async\" class=\"alignnone size-full wp-image-4381\" src=\"https:\/\/liuto-forte.de\/wp-content\/uploads\/2019\/02\/L6_433HZ.gif\" alt=\"\" width=\"400\" height=\"300\" \/><\/td>\n<\/tr>\n<tr>\n<td>Liuto forte 610Hz<\/td>\n<td>Luth historique 673Hz<\/td>\n<\/tr>\n<tr>\n<td><img loading=\"lazy\" decoding=\"async\" class=\"alignnone size-full wp-image-4373\" src=\"https:\/\/liuto-forte.de\/wp-content\/uploads\/2019\/02\/m610Hz.gif\" alt=\"\" width=\"400\" height=\"300\" \/><\/td>\n<td><img loading=\"lazy\" decoding=\"async\" class=\"alignnone size-full wp-image-4382\" src=\"https:\/\/liuto-forte.de\/wp-content\/uploads\/2019\/02\/L6_673HZ.gif\" alt=\"\" width=\"400\" height=\"300\" \/><\/td>\n<\/tr>\n<tr>\n<td>Liuto forte 710Hz<\/td>\n<td>Luth historique 796Hz<\/td>\n<\/tr>\n<tr>\n<td><img loading=\"lazy\" decoding=\"async\" class=\"alignnone size-full wp-image-4374\" src=\"https:\/\/liuto-forte.de\/wp-content\/uploads\/2019\/02\/m710Hz.gif\" alt=\"\" width=\"400\" height=\"300\" \/><\/td>\n<td><img loading=\"lazy\" decoding=\"async\" class=\"alignnone size-full wp-image-4383\" src=\"https:\/\/liuto-forte.de\/wp-content\/uploads\/2019\/02\/L6_796HZ.gif\" alt=\"\" width=\"400\" height=\"300\" \/><\/td>\n<\/tr>\n<\/tbody>\n<\/table>\n<p>[\/et_pb_text][\/et_pb_column][\/et_pb_row][\/et_pb_section]<\/p>\n","protected":false},"excerpt":{"rendered":"<p>Recherche Artisanat et science Depuis de longues ann\u00e9es, une collaboration f\u00e9conde s\u2019est install\u00e9e avec la Technische Universit\u00e4t de Dresde, qui apporte une aide essentielle \u00e0 l\u2019optimisation constante des Liuti forti. Sous la direction du professeur Rolf Schmidt, les \u00e9tudiants de la section M\u00e9canique des Solides analysent les vibrations de nos instruments. Dans les instruments \u00e0 [&hellip;]<\/p>\n","protected":false},"author":1,"featured_media":0,"parent":4471,"menu_order":0,"comment_status":"closed","ping_status":"closed","template":"","meta":{"_et_pb_use_builder":"on","_et_pb_old_content":"<p>[et_pb_section fb_built=\"1\" _builder_version=\"3.22\"][et_pb_row column_structure=\"1_4,3_4\" _builder_version=\"3.25\" background_size=\"initial\" background_position=\"top_left\" background_repeat=\"repeat\"][et_pb_column type=\"1_4\" _builder_version=\"3.25\" custom_padding=\"|||\" custom_padding__hover=\"|||\"][et_pb_sidebar area=\"et_pb_widget_area_3\" admin_label=\"Seitenleiste: \u00dcber den LF\" _builder_version=\"3.19.11\" body_line_height=\"1.5em\" max_width=\"100%\" custom_css_after=\"font-weight: bold;\" global_module=\"994\" saved_tabs=\"all\"][\/et_pb_sidebar][\/et_pb_column][et_pb_column type=\"3_4\" _builder_version=\"3.25\" custom_padding=\"|||\" custom_padding__hover=\"|||\"][et_pb_text admin_label=\"Forschung\" _builder_version=\"3.27.4\"]<\/p><h1>Forschung<\/h1><h2>Handwerk und Wissenschaft<\/h2><p>Eine wesentliche Unterst\u00fctzung bei der st\u00e4ndigen Optimierung der Klangqualit\u00e4t von Liuto forti ist die langj\u00e4hrige, fruchtbare Zusammenarbeit mit der Technischen Universit\u00e4t Dresden. Unter der Leitung von Prof. Dr. Dr. habil. Rolf Schmidt analysieren Studenten des dortigen Instituts f\u00fcr Festk\u00f6rpermechanik im Rahmen von Belegarbeiten das Schwingungsverhalten unserer Instrumente. Dabei findet insbesondere der bei Zupfinstrumenten sehr wesentliche Einschwingvorgang am Steg Beachtung, ebenso wie der Einflu\u00df der Beleistung auf das Schwingungsverhalten der Decke.<\/p><p>Die Ergebnisse dieser Untersuchungen liefern nicht nur wertvolle Aufschl\u00fcsse \u00fcber die grunds\u00e4tzliche Wirkungsweise von Lauteninstrumenten. Sie tragen auch zum besseren Verst\u00e4ndnis des historischen Lautenbaus sowie zur L\u00f6sung akustischer Probleme bei, die w\u00e4hrend der Herstellung von Lauteninstrumenten auftreten k\u00f6nnen. Die an modernsten Ger\u00e4ten im Labor durchgef\u00fchrten Messungen erg\u00e4nzen sich dabei zunehmend mit der Intuition und Erfahrung unserer Lautenbauer.<\/p><p>Einen kleinen Einblick in die Ergebnisse dieser Forschungen gibt Ihnen die nachfolgende aufschlu\u00dfreiche Sichtbarmachung von Eigenschwingungen eines Liuto forte innerhalb verschiedener Frequenzbereiche.<\/p><p>[\/et_pb_text][et_pb_video src=\"https:\/\/youtu.be\/qD-AsFrpJL4\" _builder_version=\"3.19.11\"][\/et_pb_video][et_pb_text admin_label=\"Text Qualit\u00e4tskontrolle\" _builder_version=\"3.27.4\"]<\/p><p>Hinsichtlich der Klangqualit\u00e4t wird bei Liuto forte nichts dem Zufall \u00fcberlassen. Kunden k\u00f6nnen sich darauf verlassen, dass das von ihnen in Auftrag gegebene Instrument in keiner Weise von der Qualit\u00e4t des zum Probespiel benutzten Demonstrationsistrumentes abweicht.<\/p><p>1998 wurden drei baugleiche Liuti forti im Institut f\u00fcr Musikinstrumentenbau Zwota (<a href=\"http:\/\/www.ifm-zwota.de\/\">www.ifm-zwota.de<\/a>) einer Modalanalyse unterzogen. Die Instrumente zeigen nahezu deckungsgleiche Resonanzspitzen.<\/p><p>Im Folgenden sind die Deckenschwingungen eines dieser Instrumente bei unterschiedlichen Frequenzen abgebildet. Im Vergleich dazu sind die Deckenschwingungen einer historischen Laute von Sebastian Schelle, N\u00fcrnberg 1744 (vorher im Besitz von Andr\u00e9 Burguete), zu sehen.<\/p><p>[\/et_pb_text][et_pb_text admin_label=\"Tabelle Modalanalyse\" _builder_version=\"3.27.4\"]<\/p><table border=\"0\" width=\"100%\" cellspacing=\"0\" cellpadding=\"0\"><tbody><tr><td><h4>Modalanalyse Liuto forte<\/h4><p>15 saitiger Liuto forte in d (double head)<br \/>von G\u00fcnter Mark, Elsa 1998<\/p><\/td><td><h4>Modalanalyse historische Laute<\/h4><p>13 ch\u00f6rige Barocklaute, Sebastian Schelle, 1744<br \/>Germanisches Nationalmuseum N\u00fcrnberg<\/p><\/td><\/tr><tr><td>Liuto forte 107Hz<\/td><td>\u00a0<\/td><\/tr><tr><td><img class=\"alignnone size-full wp-image-4378\" src=\"https:\/\/liuto-forte.de\/wp-content\/uploads\/2019\/02\/m107Hz.gif\" alt=\"\" width=\"400\" height=\"300\" \/><\/td><td>\u00a0<\/td><\/tr><tr><td>Liuto forte 258Hz<\/td><td>Historische Laute 269Hz<\/td><\/tr><tr><td><img class=\"alignnone size-full wp-image-4377\" src=\"https:\/\/liuto-forte.de\/wp-content\/uploads\/2019\/02\/m258Hz.gif\" alt=\"\" width=\"400\" height=\"300\" \/><\/td><td><img class=\"alignnone size-full wp-image-4379\" src=\"https:\/\/liuto-forte.de\/wp-content\/uploads\/2019\/02\/l6_269Hz.gif\" alt=\"\" width=\"400\" height=\"300\" \/><\/td><\/tr><tr><td>Liuto forte 368Hz<\/td><td>Historische Laute 318Hz<\/td><\/tr><tr><td><img class=\"alignnone size-full wp-image-4376\" src=\"https:\/\/liuto-forte.de\/wp-content\/uploads\/2019\/02\/m368Hz.gif\" alt=\"\" width=\"400\" height=\"300\" \/><\/td><td><img class=\"alignnone size-full wp-image-4380\" src=\"https:\/\/liuto-forte.de\/wp-content\/uploads\/2019\/02\/l6_318Hz.gif\" alt=\"\" width=\"400\" height=\"300\" \/><\/td><\/tr><tr><td>Liuto forte 421Hz<\/td><td>Historische Laute 433Hz<\/td><\/tr><tr><td><img class=\"alignnone size-full wp-image-4375\" src=\"https:\/\/liuto-forte.de\/wp-content\/uploads\/2019\/02\/m421Hz.gif\" alt=\"\" width=\"400\" height=\"300\" \/><\/td><td><img class=\"alignnone size-full wp-image-4381\" src=\"https:\/\/liuto-forte.de\/wp-content\/uploads\/2019\/02\/L6_433HZ.gif\" alt=\"\" width=\"400\" height=\"300\" \/><\/td><\/tr><tr><td>Liuto forte 610Hz<\/td><td>Historische Laute 673Hz<\/td><\/tr><tr><td><img class=\"alignnone size-full wp-image-4373\" src=\"https:\/\/liuto-forte.de\/wp-content\/uploads\/2019\/02\/m610Hz.gif\" alt=\"\" width=\"400\" height=\"300\" \/><\/td><td><img class=\"alignnone size-full wp-image-4382\" src=\"https:\/\/liuto-forte.de\/wp-content\/uploads\/2019\/02\/L6_673HZ.gif\" alt=\"\" width=\"400\" height=\"300\" \/><\/td><\/tr><tr><td>Liuto forte 710Hz<\/td><td>Historische Laute 796Hz<\/td><\/tr><tr><td><img class=\"alignnone size-full wp-image-4374\" src=\"https:\/\/liuto-forte.de\/wp-content\/uploads\/2019\/02\/m710Hz.gif\" alt=\"\" width=\"400\" height=\"300\" \/><\/td><td><img class=\"alignnone size-full wp-image-4383\" src=\"https:\/\/liuto-forte.de\/wp-content\/uploads\/2019\/02\/L6_796HZ.gif\" alt=\"\" width=\"400\" height=\"300\" \/><\/td><\/tr><\/tbody><\/table><p>[\/et_pb_text][\/et_pb_column][\/et_pb_row][\/et_pb_section]<\/p>","_et_gb_content_width":"","_exactmetrics_skip_tracking":false,"_exactmetrics_sitenote_active":false,"_exactmetrics_sitenote_note":"","_exactmetrics_sitenote_category":0,"footnotes":""},"class_list":["post-4371","page","type-page","status-publish","hentry"],"_links":{"self":[{"href":"https:\/\/liuto-forte.de\/fr\/wp-json\/wp\/v2\/pages\/4371","targetHints":{"allow":["GET"]}}],"collection":[{"href":"https:\/\/liuto-forte.de\/fr\/wp-json\/wp\/v2\/pages"}],"about":[{"href":"https:\/\/liuto-forte.de\/fr\/wp-json\/wp\/v2\/types\/page"}],"author":[{"embeddable":true,"href":"https:\/\/liuto-forte.de\/fr\/wp-json\/wp\/v2\/users\/1"}],"replies":[{"embeddable":true,"href":"https:\/\/liuto-forte.de\/fr\/wp-json\/wp\/v2\/comments?post=4371"}],"version-history":[{"count":7,"href":"https:\/\/liuto-forte.de\/fr\/wp-json\/wp\/v2\/pages\/4371\/revisions"}],"predecessor-version":[{"id":5203,"href":"https:\/\/liuto-forte.de\/fr\/wp-json\/wp\/v2\/pages\/4371\/revisions\/5203"}],"up":[{"embeddable":true,"href":"https:\/\/liuto-forte.de\/fr\/wp-json\/wp\/v2\/pages\/4471"}],"wp:attachment":[{"href":"https:\/\/liuto-forte.de\/fr\/wp-json\/wp\/v2\/media?parent=4371"}],"curies":[{"name":"wp","href":"https:\/\/api.w.org\/{rel}","templated":true}]}}