{"id":4401,"date":"2023-02-10T13:34:29","date_gmt":"2023-02-10T12:34:29","guid":{"rendered":"https:\/\/liuto-forte.de\/?page_id=4401"},"modified":"2023-04-13T16:13:19","modified_gmt":"2023-04-13T14:13:19","slug":"besaitung-des-liuto-forte","status":"publish","type":"page","link":"https:\/\/liuto-forte.de\/fr\/willkommen\/laute-und-gitarre-ein-dilemma\/besaitung-des-liuto-forte\/","title":{"rendered":"Besaitung des Liuto forte"},"content":{"rendered":"<p>[et_pb_section fb_built=\u00a0\u00bb1&Prime; _builder_version=\u00a0\u00bb4.16&Prime; global_colors_info=\u00a0\u00bb{}\u00a0\u00bb][et_pb_row column_structure=\u00a0\u00bb1_4,3_4&Prime; _builder_version=\u00a0\u00bb4.16&Prime; background_size=\u00a0\u00bbinitial\u00a0\u00bb background_position=\u00a0\u00bbtop_left\u00a0\u00bb background_repeat=\u00a0\u00bbrepeat\u00a0\u00bb global_colors_info=\u00a0\u00bb{}\u00a0\u00bb][et_pb_column type=\u00a0\u00bb1_4&Prime; _builder_version=\u00a0\u00bb4.16&Prime; custom_padding=\u00a0\u00bb|||\u00a0\u00bb global_colors_info=\u00a0\u00bb{}\u00a0\u00bb custom_padding__hover=\u00a0\u00bb|||\u00a0\u00bb][et_pb_sidebar area=\u00a0\u00bbet_pb_widget_area_3&Prime; admin_label=\u00a0\u00bbSeitenleiste: \u00dcber den LF\u00a0\u00bb _builder_version=\u00a0\u00bb4.16&Prime; saved_tabs=\u00a0\u00bball\u00a0\u00bb global_colors_info=\u00a0\u00bb{}\u00a0\u00bb][\/et_pb_sidebar][\/et_pb_column][et_pb_column type=\u00a0\u00bb3_4&Prime; _builder_version=\u00a0\u00bb4.16&Prime; custom_padding=\u00a0\u00bb|||\u00a0\u00bb global_colors_info=\u00a0\u00bb{}\u00a0\u00bb custom_padding__hover=\u00a0\u00bb|||\u00a0\u00bb][et_pb_text admin_label=\u00a0\u00bbBesaitung des Liuto forte\u00a0\u00bb _builder_version=\u00a0\u00bb4.20.4&Prime; hover_enabled=\u00a0\u00bb0&Prime; global_colors_info=\u00a0\u00bb{}\u00a0\u00bb sticky_enabled=\u00a0\u00bb0&Prime;]<\/p>\n<h1>Les cordes du Liuto forte<\/h1>\n<p>Les filaments multiples en nylon, utilis\u00e9s de nos jours comme \u00e2me des cordes de basse fil\u00e9es, sont un produit de l\u2019industrie des fibres textiles tandis que les fils simples en nylon ou en carbone, utilis\u00e9s comme cordes pleines sur les guitares et les luths, proviennent de l\u2019industrie du fil de p\u00eache.<\/p>\n<p><img loading=\"lazy\" decoding=\"async\" class=\"alignleft size-full wp-image-4403\" src=\"https:\/\/liuto-forte.de\/wp-content\/uploads\/2019\/02\/14-CIMG0389.jpg\" alt=\"\" width=\"367\" height=\"367\" srcset=\"https:\/\/liuto-forte.de\/wp-content\/uploads\/2019\/02\/14-CIMG0389.jpg 367w, https:\/\/liuto-forte.de\/wp-content\/uploads\/2019\/02\/14-CIMG0389-150x150.jpg 150w, https:\/\/liuto-forte.de\/wp-content\/uploads\/2019\/02\/14-CIMG0389-300x300.jpg 300w\" sizes=\"(max-width: 367px) 100vw, 367px\" \/><\/p>\n<p>Les fibres textiles, tout comme les fils de p\u00eache, ne sont toutefois pas con\u00e7ues pour une utilisation optimale en tant que corde musicale. Sur ce point, quelques am\u00e9liorations seraient encore possibles, notamment si un fabricant de cordes musicales parvenait \u00e0 obtenir la collaboration d\u2019une entreprise de chimie. En attendant ce moment, il est n\u00e9cessaire de faire le meilleur choix possible parmi les mat\u00e9riaux disponibles.<\/p>\n<p>Un jeu de cordes pour Liuto forte se compose de cordes pleines en nylon ou carbone (PVF) et de cordes fil\u00e9es pour les basses. Pour chaque type d\u2019instrument, ces cordes sont s\u00e9lectionn\u00e9es avec beaucoup de soin. Les cordes fil\u00e9es sont des fabrications sp\u00e9ciales, con\u00e7ues sp\u00e9cialement pour les instruments de la famille du Liuto forte. Elles ne sont pas disponibles dans le commerce, le client les commande directement aupr\u00e8s du fabricant \u00e0 l\u2019aide de la liste de cordes qui lui est fournie avec son instrument <a href=\"https:\/\/liuto-forte.de\/fr\/saiten-zubehoer\/\">(cordes \/ accessoires)<\/a>.<\/p>\n<p>En ce qui concerne la composition des jeux de cordes, on veille, pour chaque mod\u00e8le, \u00e0 un \u00e9quilibre parfait des registres. Le degr\u00e9 de fusion entre grave et aigu est tr\u00e8s \u00e9lev\u00e9, m\u00eame pour des instruments qui descendent tr\u00e8s loin dans les graves. Pour le filetage de certaines basses, on utilise de nouveaux mat\u00e9riaux qui ont un poids sp\u00e9cifique plus \u00e9lev\u00e9. Ils permettent d\u2019\u00e9claircir sensiblement le son des cordes graves pour des longueurs vibrantes r\u00e9duites.<\/p>\n<p>[\/et_pb_text][\/et_pb_column][\/et_pb_row][\/et_pb_section]<\/p>\n","protected":false},"excerpt":{"rendered":"<p>Les cordes du Liuto forte Les filaments multiples en nylon, utilis\u00e9s de nos jours comme \u00e2me des cordes de basse fil\u00e9es, sont un produit de l\u2019industrie des fibres textiles tandis que les fils simples en nylon ou en carbone, utilis\u00e9s comme cordes pleines sur les guitares et les luths, proviennent de l\u2019industrie du fil de [&hellip;]<\/p>\n","protected":false},"author":1,"featured_media":0,"parent":4471,"menu_order":0,"comment_status":"closed","ping_status":"closed","template":"","meta":{"_et_pb_use_builder":"on","_et_pb_old_content":"<p>[et_pb_section bb_built=\"1\"][et_pb_row][et_pb_column type=\"1_4\"][et_pb_sidebar admin_label=\"Seitenleiste: \u00dcber den LF\" _builder_version=\"3.19.11\" area=\"et_pb_widget_area_3\" saved_tabs=\"all\" global_module=\"994\" \/][\/et_pb_column][et_pb_column type=\"3_4\"][et_pb_text admin_label=\"Besaitung des Liuto forte\" _builder_version=\"3.19.11\"]<\/p><h1>Besaitung des Liuto forte<\/h1><p>Die heute f\u00fcr den Kern der umsponnenen Ba\u00dfsaiten verwendeten Nylonmultifilamente sind Produkte der Textilfaserhersteller, Nylon- oder Carbon-Monofile, die als blanke Saiten auf Gitarren und Lauten verwendet werden, Produkte der Angelschnurindustrie.<\/p><p><img class=\"alignleft size-full wp-image-4403\" src=\"https:\/\/liuto-forte.de\/wp-content\/uploads\/2019\/02\/14-CIMG0389.jpg\" alt=\"\" width=\"367\" height=\"367\" \/>Textilfasern sind ebensowenig wie Angelschn\u00fcre auf eine optimale Eignung als Musiksaite ausgelegt. Insofern st\u00fcnden hier noch Entwicklungsm\u00f6glichkeiten offen, sofern es einem Musiksaitenhersteller gel\u00e4nge, einen Chemiekonzern als Partner zu gewinnen. Bis es soweit ist, mu\u00df man unter den derzeit verf\u00fcgbaren Materialien die bestm\u00f6gliche Auswahl treffen.<\/p><p>Die Besaitung des Liuto forte besteht aus blanken Nylon- und Carbonsaiten (PVF) sowie umsponnenen Saiten f\u00fcr die B\u00e4sse. Diese Saiten sind sehr sorgf\u00e4ltig auf den jeweiligen Instrumententyp abgestimmt. Bei den umsponnenen Saiten handelt es sich um Sonderanfertigungen, die speziell f\u00fcr die Instrumente der Liuto forte-Familie entwickelt wurden. Liuto forte-Saiten sind nicht im Handel erh\u00e4ltlich, sondern werden von den Kunden anhand der mitgelieferten Besaitungsliste ihres Instruments direkt beim Hersteller bestellt <a href=\"https:\/\/liuto-forte.de\/saiten-zubehoer\/\">(Saiten\/Zubeh\u00f6r)<\/a><\/p><p>Hinsichtlich der Saitenzusammenstellung wird bei allen Modellen auf eine perfekte Ausgewogenheit der Register geachtet. Der Verschmelzungsgrad zwischen Ba\u00df und Diskant ist selbst bei Instrumenten, die bis in die Kontraoktave hinabreichen, sehr hoch. F\u00fcr die Umspinnung der Ba\u00dfsaiten kommen beim Liuto forte teilweise neue Materialien mit h\u00f6herem spezifischen Gewicht zum Einsatz. Sie verm\u00f6gen den Klang tiefer Saiten auf kleineren Mensuren wesentlich aufzuhellen.<\/p><p>[\/et_pb_text][\/et_pb_column][\/et_pb_row][\/et_pb_section]<\/p>","_et_gb_content_width":"","_exactmetrics_skip_tracking":false,"_exactmetrics_sitenote_active":false,"_exactmetrics_sitenote_note":"","_exactmetrics_sitenote_category":0,"footnotes":""},"class_list":["post-4401","page","type-page","status-publish","hentry"],"_links":{"self":[{"href":"https:\/\/liuto-forte.de\/fr\/wp-json\/wp\/v2\/pages\/4401","targetHints":{"allow":["GET"]}}],"collection":[{"href":"https:\/\/liuto-forte.de\/fr\/wp-json\/wp\/v2\/pages"}],"about":[{"href":"https:\/\/liuto-forte.de\/fr\/wp-json\/wp\/v2\/types\/page"}],"author":[{"embeddable":true,"href":"https:\/\/liuto-forte.de\/fr\/wp-json\/wp\/v2\/users\/1"}],"replies":[{"embeddable":true,"href":"https:\/\/liuto-forte.de\/fr\/wp-json\/wp\/v2\/comments?post=4401"}],"version-history":[{"count":4,"href":"https:\/\/liuto-forte.de\/fr\/wp-json\/wp\/v2\/pages\/4401\/revisions"}],"predecessor-version":[{"id":4923,"href":"https:\/\/liuto-forte.de\/fr\/wp-json\/wp\/v2\/pages\/4401\/revisions\/4923"}],"up":[{"embeddable":true,"href":"https:\/\/liuto-forte.de\/fr\/wp-json\/wp\/v2\/pages\/4471"}],"wp:attachment":[{"href":"https:\/\/liuto-forte.de\/fr\/wp-json\/wp\/v2\/media?parent=4401"}],"curies":[{"name":"wp","href":"https:\/\/api.w.org\/{rel}","templated":true}]}}