{"id":4411,"date":"2023-02-10T13:39:46","date_gmt":"2023-02-10T12:39:46","guid":{"rendered":"https:\/\/liuto-forte.de\/?page_id=4411"},"modified":"2023-02-10T13:39:46","modified_gmt":"2023-02-10T12:39:46","slug":"resonanzdecke","status":"publish","type":"page","link":"https:\/\/liuto-forte.de\/fr\/willkommen\/laute-und-gitarre-ein-dilemma\/resonanzdecke\/","title":{"rendered":"Resonanzdecke"},"content":{"rendered":"<p>[et_pb_section fb_built=\u00a0\u00bb1&Prime; _builder_version=\u00a0\u00bb4.16&Prime; global_colors_info=\u00a0\u00bb{}\u00a0\u00bb][et_pb_row column_structure=\u00a0\u00bb1_4,3_4&Prime; _builder_version=\u00a0\u00bb4.16&Prime; background_size=\u00a0\u00bbinitial\u00a0\u00bb background_position=\u00a0\u00bbtop_left\u00a0\u00bb background_repeat=\u00a0\u00bbrepeat\u00a0\u00bb global_colors_info=\u00a0\u00bb{}\u00a0\u00bb][et_pb_column type=\u00a0\u00bb1_4&Prime; _builder_version=\u00a0\u00bb4.16&Prime; custom_padding=\u00a0\u00bb|||\u00a0\u00bb global_colors_info=\u00a0\u00bb{}\u00a0\u00bb custom_padding__hover=\u00a0\u00bb|||\u00a0\u00bb][et_pb_sidebar area=\u00a0\u00bbet_pb_widget_area_3&Prime; admin_label=\u00a0\u00bbSeitenleiste: \u00dcber den LF\u00a0\u00bb _builder_version=\u00a0\u00bb4.16&Prime; saved_tabs=\u00a0\u00bball\u00a0\u00bb global_colors_info=\u00a0\u00bb{}\u00a0\u00bb][\/et_pb_sidebar][\/et_pb_column][et_pb_column type=\u00a0\u00bb3_4&Prime; _builder_version=\u00a0\u00bb4.16&Prime; custom_padding=\u00a0\u00bb|||\u00a0\u00bb global_colors_info=\u00a0\u00bb{}\u00a0\u00bb custom_padding__hover=\u00a0\u00bb|||\u00a0\u00bb][et_pb_text admin_label=\u00a0\u00bbResonanzdecke\u00a0\u00bb _builder_version=\u00a0\u00bb4.19.5&Prime; hover_enabled=\u00a0\u00bb0&Prime; global_colors_info=\u00a0\u00bb{}\u00a0\u00bb sticky_enabled=\u00a0\u00bb0&Prime;]<\/p>\n<div class=\"inh_2_re\">\n<h1>La table d\u2019harmonie<\/h1>\n<p>Les luths historiques ont habituellement une table plane. D\u00e8s la premi\u00e8re mise sous tension des cordes, la table s\u2019incline en avant du chevalet. Ce ph\u00e9nom\u00e8ne est acoustiquement tr\u00e8s d\u00e9savantageux, notamment pour les positions m\u00e9dianes. Le l\u00e9ger bomb\u00e9 (doming) de la table du Liuto forte suffit \u00e0 emp\u00eacher cet affaissement. Les guitares espagnoles centenaires, dont la cambrure de la table fut alors correctement r\u00e9alis\u00e9e, ne pr\u00e9sentent, aujourd\u2019hui encore, aucune tendance \u00e0 un affaissement dans la r\u00e9gion du chevalet.<\/p>\n<p><img loading=\"lazy\" decoding=\"async\" class=\"alignnone size-full wp-image-4413\" src=\"https:\/\/liuto-forte.de\/wp-content\/uploads\/2019\/02\/16-5123.jpg\" alt=\"\" width=\"570\" height=\"380\" srcset=\"https:\/\/liuto-forte.de\/wp-content\/uploads\/2019\/02\/16-5123.jpg 570w, https:\/\/liuto-forte.de\/wp-content\/uploads\/2019\/02\/16-5123-300x200.jpg 300w\" sizes=\"(max-width: 570px) 100vw, 570px\" \/><\/p>\n<\/div>\n<p>[\/et_pb_text][\/et_pb_column][\/et_pb_row][\/et_pb_section]<\/p>\n","protected":false},"excerpt":{"rendered":"<p>La table d\u2019harmonie Les luths historiques ont habituellement une table plane. D\u00e8s la premi\u00e8re mise sous tension des cordes, la table s\u2019incline en avant du chevalet. Ce ph\u00e9nom\u00e8ne est acoustiquement tr\u00e8s d\u00e9savantageux, notamment pour les positions m\u00e9dianes. Le l\u00e9ger bomb\u00e9 (doming) de la table du Liuto forte suffit \u00e0 emp\u00eacher cet affaissement. Les guitares espagnoles [&hellip;]<\/p>\n","protected":false},"author":1,"featured_media":0,"parent":4471,"menu_order":0,"comment_status":"closed","ping_status":"closed","template":"","meta":{"_et_pb_use_builder":"on","_et_pb_old_content":"<p>[et_pb_section bb_built=\"1\"][et_pb_row][et_pb_column type=\"1_4\"][et_pb_sidebar admin_label=\"Seitenleiste: \u00dcber den LF\" _builder_version=\"3.19.11\" area=\"et_pb_widget_area_3\" saved_tabs=\"all\" global_module=\"994\" \/][\/et_pb_column][et_pb_column type=\"3_4\"][et_pb_text admin_label=\"Resonanzdecke\" _builder_version=\"3.19.11\"]<\/p><div class=\"inh_2_re\"><h1>Resonanzdecke<\/h1><p>Historische Lauten haben gew\u00f6hnlich plane Decken. Schon beim ersten Aufziehen der Saiten sinkt die Decke als Folge der Saitenspannung vor dem Steg ein. Das ist insbesondere f\u00fcr die Mittellagen des Instrumentes akustisch sehr von Nachteil. Schon eine schwache W\u00f6lbung (Doming) der Decke des Liuto forte gen\u00fcgt, um dieses Einsinken zu verhindern. Hundert Jahre alte spanische Gitarren mit korrekt ausgef\u00fchrter Deckenw\u00f6lbung zeigen bis heute keine Tendenz zum Einsinken im Bereich des Stegs.<\/p><p><img class=\"alignnone size-full wp-image-4413\" src=\"https:\/\/liuto-forte.de\/wp-content\/uploads\/2019\/02\/16-5123.jpg\" alt=\"\" width=\"570\" height=\"380\" \/><\/p><\/div><p>[\/et_pb_text][\/et_pb_column][\/et_pb_row][\/et_pb_section]<\/p>","_et_gb_content_width":"","_exactmetrics_skip_tracking":false,"_exactmetrics_sitenote_active":false,"_exactmetrics_sitenote_note":"","_exactmetrics_sitenote_category":0,"footnotes":""},"class_list":["post-4411","page","type-page","status-publish","hentry"],"_links":{"self":[{"href":"https:\/\/liuto-forte.de\/fr\/wp-json\/wp\/v2\/pages\/4411","targetHints":{"allow":["GET"]}}],"collection":[{"href":"https:\/\/liuto-forte.de\/fr\/wp-json\/wp\/v2\/pages"}],"about":[{"href":"https:\/\/liuto-forte.de\/fr\/wp-json\/wp\/v2\/types\/page"}],"author":[{"embeddable":true,"href":"https:\/\/liuto-forte.de\/fr\/wp-json\/wp\/v2\/users\/1"}],"replies":[{"embeddable":true,"href":"https:\/\/liuto-forte.de\/fr\/wp-json\/wp\/v2\/comments?post=4411"}],"version-history":[{"count":3,"href":"https:\/\/liuto-forte.de\/fr\/wp-json\/wp\/v2\/pages\/4411\/revisions"}],"predecessor-version":[{"id":4415,"href":"https:\/\/liuto-forte.de\/fr\/wp-json\/wp\/v2\/pages\/4411\/revisions\/4415"}],"up":[{"embeddable":true,"href":"https:\/\/liuto-forte.de\/fr\/wp-json\/wp\/v2\/pages\/4471"}],"wp:attachment":[{"href":"https:\/\/liuto-forte.de\/fr\/wp-json\/wp\/v2\/media?parent=4411"}],"curies":[{"name":"wp","href":"https:\/\/api.w.org\/{rel}","templated":true}]}}