{"id":4416,"date":"2023-02-10T13:42:24","date_gmt":"2023-02-10T12:42:24","guid":{"rendered":"https:\/\/liuto-forte.de\/?page_id=4416"},"modified":"2023-06-13T09:22:45","modified_gmt":"2023-06-13T07:22:45","slug":"feinabstimmung","status":"publish","type":"page","link":"https:\/\/liuto-forte.de\/fr\/willkommen\/laute-und-gitarre-ein-dilemma\/feinabstimmung\/","title":{"rendered":"Feinabstimmung"},"content":{"rendered":"<p>[et_pb_section fb_built=\u00a0\u00bb1&Prime; _builder_version=\u00a0\u00bb4.16&Prime; global_colors_info=\u00a0\u00bb{}\u00a0\u00bb][et_pb_row column_structure=\u00a0\u00bb1_4,3_4&Prime; _builder_version=\u00a0\u00bb4.16&Prime; background_size=\u00a0\u00bbinitial\u00a0\u00bb background_position=\u00a0\u00bbtop_left\u00a0\u00bb background_repeat=\u00a0\u00bbrepeat\u00a0\u00bb global_colors_info=\u00a0\u00bb{}\u00a0\u00bb][et_pb_column type=\u00a0\u00bb1_4&Prime; _builder_version=\u00a0\u00bb4.16&Prime; custom_padding=\u00a0\u00bb|||\u00a0\u00bb global_colors_info=\u00a0\u00bb{}\u00a0\u00bb custom_padding__hover=\u00a0\u00bb|||\u00a0\u00bb][et_pb_sidebar area=\u00a0\u00bbet_pb_widget_area_3&Prime; admin_label=\u00a0\u00bbSeitenleiste: \u00dcber den LF\u00a0\u00bb _builder_version=\u00a0\u00bb4.16&Prime; saved_tabs=\u00a0\u00bball\u00a0\u00bb global_colors_info=\u00a0\u00bb{}\u00a0\u00bb][\/et_pb_sidebar][\/et_pb_column][et_pb_column type=\u00a0\u00bb3_4&Prime; _builder_version=\u00a0\u00bb4.16&Prime; custom_padding=\u00a0\u00bb|||\u00a0\u00bb global_colors_info=\u00a0\u00bb{}\u00a0\u00bb custom_padding__hover=\u00a0\u00bb|||\u00a0\u00bb][et_pb_text admin_label=\u00a0\u00bbFeinabstimmung\u00a0\u00bb _builder_version=\u00a0\u00bb4.21.0&Prime; hover_enabled=\u00a0\u00bb0&Prime; global_colors_info=\u00a0\u00bb{}\u00a0\u00bb sticky_enabled=\u00a0\u00bb0&Prime;]<\/p>\n<h1>Contr\u00f4le final<\/h1>\n<p>Pour de nombreux luthiers, apr\u00e8s avoir assembl\u00e9 la table et le corps le travail acoustique est termin\u00e9. Lors de la construction d\u2019un Liuto forte, le travail ne fait alors au contraire que commencer.<\/p>\n<p>Un grand ma\u00eetre de cet art pratiquement disparu qu\u2019est l\u2019harmonisation (ajustement ult\u00e9rieure du son de l\u2019instrument) \u00e9tait Benno Streu de Freiburg.<br \/>Les m\u00e9thodes qu\u2019il a exp\u00e9riment\u00e9es pendant des ann\u00e9es ont \u00e9t\u00e9 transmises int\u00e9gralement \u00e0 nos luthiers et sont mises en \u0153uvre sur chaque Liuto forte.<\/p>\n<p><img loading=\"lazy\" decoding=\"async\" class=\"alignnone size-full wp-image-4418\" src=\"https:\/\/liuto-forte.de\/wp-content\/uploads\/2019\/02\/16-5992.jpg\" alt=\"\" width=\"570\" height=\"395\" srcset=\"https:\/\/liuto-forte.de\/wp-content\/uploads\/2019\/02\/16-5992.jpg 570w, https:\/\/liuto-forte.de\/wp-content\/uploads\/2019\/02\/16-5992-300x208.jpg 300w\" sizes=\"(max-width: 570px) 100vw, 570px\" \/><\/p>\n<p>[\/et_pb_text][\/et_pb_column][\/et_pb_row][\/et_pb_section]<\/p>\n","protected":false},"excerpt":{"rendered":"<p>Contr\u00f4le final Pour de nombreux luthiers, apr\u00e8s avoir assembl\u00e9 la table et le corps le travail acoustique est termin\u00e9. Lors de la construction d\u2019un Liuto forte, le travail ne fait alors au contraire que commencer. Un grand ma\u00eetre de cet art pratiquement disparu qu\u2019est l\u2019harmonisation (ajustement ult\u00e9rieure du son de l\u2019instrument) \u00e9tait Benno Streu de [&hellip;]<\/p>\n","protected":false},"author":1,"featured_media":0,"parent":4471,"menu_order":0,"comment_status":"closed","ping_status":"closed","template":"","meta":{"_et_pb_use_builder":"on","_et_pb_old_content":"<p>[et_pb_section bb_built=\"1\"][et_pb_row][et_pb_column type=\"1_4\"][et_pb_sidebar admin_label=\"Seitenleiste: \u00dcber den LF\" _builder_version=\"3.19.11\" area=\"et_pb_widget_area_3\" saved_tabs=\"all\" global_module=\"994\" \/][\/et_pb_column][et_pb_column type=\"3_4\"][et_pb_text admin_label=\"Feinabstimmung\" _builder_version=\"3.19.11\"]<\/p><h1>Feinabstimmung<\/h1><p>F\u00fcr viele Zupfinstrumentenbauer ist nach dem Zusammenf\u00fcgen von Decke und Korpus die Arbeit am Klang abgeschlossen. Beim Bau von Liuti forti beginnt sie dort.<\/p><p>Ein unbestrittener Meister dieser beinahe ausgestorbenen Kunst der nachtr\u00e4glichen Beeinflussung des Instrumentenklanges war Benno Streu in Freiburg. Die von ihm \u00fcber Jahre hinweg erprobten Methoden wurden vollst\u00e4ndig an unsere Instrumentenbauer weitergegeben und kommen bei jedem Liuto forte zur Anwendung.<\/p><p><img class=\"alignnone size-full wp-image-4418\" src=\"https:\/\/liuto-forte.de\/wp-content\/uploads\/2019\/02\/16-5992.jpg\" alt=\"\" width=\"570\" height=\"395\" \/><\/p><p>[\/et_pb_text][\/et_pb_column][\/et_pb_row][\/et_pb_section]<\/p>","_et_gb_content_width":"","_exactmetrics_skip_tracking":false,"_exactmetrics_sitenote_active":false,"_exactmetrics_sitenote_note":"","_exactmetrics_sitenote_category":0,"footnotes":""},"class_list":["post-4416","page","type-page","status-publish","hentry"],"_links":{"self":[{"href":"https:\/\/liuto-forte.de\/fr\/wp-json\/wp\/v2\/pages\/4416","targetHints":{"allow":["GET"]}}],"collection":[{"href":"https:\/\/liuto-forte.de\/fr\/wp-json\/wp\/v2\/pages"}],"about":[{"href":"https:\/\/liuto-forte.de\/fr\/wp-json\/wp\/v2\/types\/page"}],"author":[{"embeddable":true,"href":"https:\/\/liuto-forte.de\/fr\/wp-json\/wp\/v2\/users\/1"}],"replies":[{"embeddable":true,"href":"https:\/\/liuto-forte.de\/fr\/wp-json\/wp\/v2\/comments?post=4416"}],"version-history":[{"count":4,"href":"https:\/\/liuto-forte.de\/fr\/wp-json\/wp\/v2\/pages\/4416\/revisions"}],"predecessor-version":[{"id":5204,"href":"https:\/\/liuto-forte.de\/fr\/wp-json\/wp\/v2\/pages\/4416\/revisions\/5204"}],"up":[{"embeddable":true,"href":"https:\/\/liuto-forte.de\/fr\/wp-json\/wp\/v2\/pages\/4471"}],"wp:attachment":[{"href":"https:\/\/liuto-forte.de\/fr\/wp-json\/wp\/v2\/media?parent=4416"}],"curies":[{"name":"wp","href":"https:\/\/api.w.org\/{rel}","templated":true}]}}