{"id":4421,"date":"2023-02-10T13:44:22","date_gmt":"2023-02-10T12:44:22","guid":{"rendered":"https:\/\/liuto-forte.de\/?page_id=4421"},"modified":"2023-04-13T16:14:57","modified_gmt":"2023-04-13T14:14:57","slug":"rosette","status":"publish","type":"page","link":"https:\/\/liuto-forte.de\/fr\/willkommen\/laute-und-gitarre-ein-dilemma\/rosette\/","title":{"rendered":"Rosette"},"content":{"rendered":"<p>[et_pb_section fb_built=\u00a0\u00bb1&Prime; _builder_version=\u00a0\u00bb4.16&Prime; global_colors_info=\u00a0\u00bb{}\u00a0\u00bb][et_pb_row column_structure=\u00a0\u00bb1_4,3_4&Prime; _builder_version=\u00a0\u00bb4.16&Prime; background_size=\u00a0\u00bbinitial\u00a0\u00bb background_position=\u00a0\u00bbtop_left\u00a0\u00bb background_repeat=\u00a0\u00bbrepeat\u00a0\u00bb global_colors_info=\u00a0\u00bb{}\u00a0\u00bb][et_pb_column type=\u00a0\u00bb1_4&Prime; _builder_version=\u00a0\u00bb4.16&Prime; custom_padding=\u00a0\u00bb|||\u00a0\u00bb global_colors_info=\u00a0\u00bb{}\u00a0\u00bb custom_padding__hover=\u00a0\u00bb|||\u00a0\u00bb][et_pb_sidebar area=\u00a0\u00bbet_pb_widget_area_3&Prime; admin_label=\u00a0\u00bbSeitenleiste: \u00dcber den LF\u00a0\u00bb _builder_version=\u00a0\u00bb4.16&Prime; saved_tabs=\u00a0\u00bball\u00a0\u00bb global_colors_info=\u00a0\u00bb{}\u00a0\u00bb][\/et_pb_sidebar][\/et_pb_column][et_pb_column type=\u00a0\u00bb3_4&Prime; _builder_version=\u00a0\u00bb4.16&Prime; custom_padding=\u00a0\u00bb|||\u00a0\u00bb global_colors_info=\u00a0\u00bb{}\u00a0\u00bb custom_padding__hover=\u00a0\u00bb|||\u00a0\u00bb][et_pb_text admin_label=\u00a0\u00bbRosette\u00a0\u00bb _builder_version=\u00a0\u00bb4.20.4&Prime; hover_enabled=\u00a0\u00bb0&Prime; global_colors_info=\u00a0\u00bb{}\u00a0\u00bb sticky_enabled=\u00a0\u00bb0&Prime;]<\/p>\n<h1>Les rosaces<\/h1>\n<p>Les rosaces du luth ont, selon le motif, diff\u00e9rents degr\u00e9s de perm\u00e9abilit\u00e9 \u00e0 l\u2019air. Le degr\u00e9 d\u2019ouverture influe sur la fr\u00e9quence propre de l\u2019air enferm\u00e9 dans le corps de l\u2019instrument, qui devrait avoir une relation harmonique avec la fr\u00e9quence propre de la table. Une petite ouverture abaisse la fr\u00e9quence propre de l\u2019air int\u00e9rieur tandis qu\u2019une plus grande l\u2019\u00e9l\u00e8ve. Les motifs de rosaces utilis\u00e9s pour les Liuti forti sont choisis avec soin en se basant sur cette relation entre les fr\u00e9quences propres de l\u2019air et de la table. Les mod\u00e8les furent pour commencer uniquement des motifs de rosaces du XVI<sup>e<\/sup> et XVII<sup>e<\/sup> si\u00e8cle.<\/p>\n<p>Il existe depuis 2007 un motif propre aux rosaces des Liuti forti, con\u00e7u par le ma\u00eetre luthier G\u00fcnter Mark qui a alors cherch\u00e9 \u00e0 cr\u00e9er un motif d\u2019une beaut\u00e9 intemporelle. <a href=\"https:\/\/liuto-forte.de\/fr\/details\/#Rosette\">(Voir aussi D\u00e9tails \/ Les rosaces)<\/a><\/p>\n<p><img loading=\"lazy\" decoding=\"async\" class=\"alignnone wp-image-4425 size-full\" src=\"https:\/\/liuto-forte.de\/wp-content\/uploads\/2019\/02\/rosette-1.jpg\" alt=\"\" width=\"775\" height=\"427\" srcset=\"https:\/\/liuto-forte.de\/wp-content\/uploads\/2019\/02\/rosette-1.jpg 775w, https:\/\/liuto-forte.de\/wp-content\/uploads\/2019\/02\/rosette-1-300x165.jpg 300w, https:\/\/liuto-forte.de\/wp-content\/uploads\/2019\/02\/rosette-1-768x423.jpg 768w\" sizes=\"(max-width: 775px) 100vw, 775px\" \/><\/p>\n<p>[\/et_pb_text][\/et_pb_column][\/et_pb_row][\/et_pb_section]<\/p>\n","protected":false},"excerpt":{"rendered":"<p>Les rosaces Les rosaces du luth ont, selon le motif, diff\u00e9rents degr\u00e9s de perm\u00e9abilit\u00e9 \u00e0 l\u2019air. Le degr\u00e9 d\u2019ouverture influe sur la fr\u00e9quence propre de l\u2019air enferm\u00e9 dans le corps de l\u2019instrument, qui devrait avoir une relation harmonique avec la fr\u00e9quence propre de la table. Une petite ouverture abaisse la fr\u00e9quence propre de l\u2019air int\u00e9rieur [&hellip;]<\/p>\n","protected":false},"author":1,"featured_media":0,"parent":4471,"menu_order":0,"comment_status":"closed","ping_status":"closed","template":"","meta":{"_et_pb_use_builder":"on","_et_pb_old_content":"<p>[et_pb_section bb_built=\"1\"][et_pb_row][et_pb_column type=\"1_4\"][et_pb_sidebar admin_label=\"Seitenleiste: \u00dcber den LF\" _builder_version=\"3.19.11\" area=\"et_pb_widget_area_3\" saved_tabs=\"all\" global_module=\"994\" \/][\/et_pb_column][et_pb_column type=\"3_4\"][et_pb_text admin_label=\"Rosette\" _builder_version=\"3.19.11\"]<\/p><h1>Rosette<\/h1><p>Lautenrosetten haben \u2013 je nach Muster \u2013 eine unterschiedliche Luftdurchl\u00e4ssigkeit. Der Grad der \u00d6ffnung beeinflusst den Eigenton der im Korpus eingeschlossenen Luft, der wiederum zum Eigenton der Decke in harmonischer Beziehung stehen sollte. Eine geringere \u00d6ffnung l\u00e4\u00dft den Luftton sinken, w\u00e4hrend eine gr\u00f6\u00dfere ihn erh\u00f6ht. Die f\u00fcr Liuti forti verwendeten Rosettenmuster werden aufgrund der angestrebten harmonischen Relation zwischen Luftton und Deckeneigenton sorgf\u00e4ltig ausgew\u00e4hlt. Als Vorlage dienten vormals ausschlie\u00dflich Rosettenmuster des 16. und 17. Jahrhunderts.<\/p><p>Seit 2007 gibt es eine eigene, von Lautenbaumeister G\u00fcnter Mark entworfene Liuto Forte-Rosette von zeitloser Sch\u00f6nheit. Siehe auch\u00a0<a href=\"https:\/\/liuto-forte.de\/details\/#Rosette\">Details \/ Rosette<\/a>.<\/p><p><img class=\"alignnone wp-image-4425 size-full\" src=\"https:\/\/liuto-forte.de\/wp-content\/uploads\/2019\/02\/rosette-1.jpg\" alt=\"\" width=\"775\" height=\"427\" \/><\/p><p>[\/et_pb_text][\/et_pb_column][\/et_pb_row][\/et_pb_section]<\/p>","_et_gb_content_width":"","_exactmetrics_skip_tracking":false,"_exactmetrics_sitenote_active":false,"_exactmetrics_sitenote_note":"","_exactmetrics_sitenote_category":0,"footnotes":""},"class_list":["post-4421","page","type-page","status-publish","hentry"],"_links":{"self":[{"href":"https:\/\/liuto-forte.de\/fr\/wp-json\/wp\/v2\/pages\/4421","targetHints":{"allow":["GET"]}}],"collection":[{"href":"https:\/\/liuto-forte.de\/fr\/wp-json\/wp\/v2\/pages"}],"about":[{"href":"https:\/\/liuto-forte.de\/fr\/wp-json\/wp\/v2\/types\/page"}],"author":[{"embeddable":true,"href":"https:\/\/liuto-forte.de\/fr\/wp-json\/wp\/v2\/users\/1"}],"replies":[{"embeddable":true,"href":"https:\/\/liuto-forte.de\/fr\/wp-json\/wp\/v2\/comments?post=4421"}],"version-history":[{"count":5,"href":"https:\/\/liuto-forte.de\/fr\/wp-json\/wp\/v2\/pages\/4421\/revisions"}],"predecessor-version":[{"id":4924,"href":"https:\/\/liuto-forte.de\/fr\/wp-json\/wp\/v2\/pages\/4421\/revisions\/4924"}],"up":[{"embeddable":true,"href":"https:\/\/liuto-forte.de\/fr\/wp-json\/wp\/v2\/pages\/4471"}],"wp:attachment":[{"href":"https:\/\/liuto-forte.de\/fr\/wp-json\/wp\/v2\/media?parent=4421"}],"curies":[{"name":"wp","href":"https:\/\/api.w.org\/{rel}","templated":true}]}}