{"id":4435,"date":"2023-02-10T13:50:54","date_gmt":"2023-02-10T12:50:54","guid":{"rendered":"https:\/\/liuto-forte.de\/?page_id=4435"},"modified":"2023-02-10T13:50:54","modified_gmt":"2023-02-10T12:50:54","slug":"klassische-und-mechanische-wirbel","status":"publish","type":"page","link":"https:\/\/liuto-forte.de\/fr\/willkommen\/laute-und-gitarre-ein-dilemma\/klassische-und-mechanische-wirbel\/","title":{"rendered":"Klassische und mechanische Wirbel"},"content":{"rendered":"<p>[et_pb_section fb_built=\u00a0\u00bb1&Prime; _builder_version=\u00a0\u00bb4.16&Prime; global_colors_info=\u00a0\u00bb{}\u00a0\u00bb][et_pb_row column_structure=\u00a0\u00bb1_4,3_4&Prime; _builder_version=\u00a0\u00bb4.16&Prime; background_size=\u00a0\u00bbinitial\u00a0\u00bb background_position=\u00a0\u00bbtop_left\u00a0\u00bb background_repeat=\u00a0\u00bbrepeat\u00a0\u00bb global_colors_info=\u00a0\u00bb{}\u00a0\u00bb][et_pb_column type=\u00a0\u00bb1_4&Prime; _builder_version=\u00a0\u00bb4.16&Prime; custom_padding=\u00a0\u00bb|||\u00a0\u00bb global_colors_info=\u00a0\u00bb{}\u00a0\u00bb custom_padding__hover=\u00a0\u00bb|||\u00a0\u00bb][et_pb_sidebar area=\u00a0\u00bbet_pb_widget_area_3&Prime; admin_label=\u00a0\u00bbSeitenleiste: \u00dcber den LF\u00a0\u00bb _builder_version=\u00a0\u00bb4.16&Prime; saved_tabs=\u00a0\u00bball\u00a0\u00bb global_colors_info=\u00a0\u00bb{}\u00a0\u00bb][\/et_pb_sidebar][\/et_pb_column][et_pb_column type=\u00a0\u00bb3_4&Prime; _builder_version=\u00a0\u00bb4.16&Prime; custom_padding=\u00a0\u00bb|||\u00a0\u00bb global_colors_info=\u00a0\u00bb{}\u00a0\u00bb custom_padding__hover=\u00a0\u00bb|||\u00a0\u00bb][et_pb_text admin_label=\u00a0\u00bbKlassische und mechanische Wirbel\u00a0\u00bb _builder_version=\u00a0\u00bb4.19.5&Prime; hover_enabled=\u00a0\u00bb0&Prime; global_colors_info=\u00a0\u00bb{}\u00a0\u00bb sticky_enabled=\u00a0\u00bb0&Prime;]<\/p>\n<h1>Chevilles classiques et m\u00e9caniques<\/h1>\n<p>Les cordes du Liuto forte, comme les cordes du luth ancien, sont accord\u00e9es au moyen de chevilles. Celles-ci repr\u00e9sentent peut-\u00eatre la partie de l\u2019instrument \u00e0 laquelle les guitaristes devront le plus s\u2019adapter. Les chevilles transmettent le mouvement de rotation dans un rapport de 1 \u00e0 1 tandis qu\u2019il est de 1 \u00e0 16 pour les m\u00e9caniques d\u2019une guitare. Des consid\u00e9rations esth\u00e9tiques ne justifient pas seules la conservation des chevilles. Une m\u00e9canique telle que celle de la guitare rendrait la t\u00eate de ces instruments \u00e0 cordes multiples trop lourde.<\/p>\n<p>Au contraire des chevilles des luths anciens, souvent tr\u00e8s minces, proches les unes des autres, souvent mal ajust\u00e9es et qui constituent de v\u00e9ritables \u00ab casse-doigt \u00bb, les chevilles du Liuto forte ont une forme et une taille confortables, sont parfaitement r\u00e9gl\u00e9es et peuvent s\u2019utiliser aussi ais\u00e9ment que celles des instruments \u00e0 cordes frott\u00e9es, \u00e0 condition d\u2019\u00eatre r\u00e9guli\u00e8rement entretenues. L\u2019exp\u00e9rience de ces derni\u00e8res ann\u00e9es nous a permis de constater que, gr\u00e2ce \u00e0 ses cordes plus fines, le Liuto forte garde mieux son accord que la guitare d\u2019aujourd\u2019hui.<\/p>\n<p><img loading=\"lazy\" decoding=\"async\" class=\"alignnone size-full wp-image-3181\" src=\"https:\/\/liuto-forte.de\/wp-content\/uploads\/2019\/01\/19-6365.jpg\" alt=\"\" width=\"570\" height=\"359\" srcset=\"https:\/\/liuto-forte.de\/wp-content\/uploads\/2019\/01\/19-6365.jpg 570w, https:\/\/liuto-forte.de\/wp-content\/uploads\/2019\/01\/19-6365-300x189.jpg 300w\" sizes=\"(max-width: 570px) 100vw, 570px\" \/><\/p>\n<p>En 2015, la firme Wittner a mis au point un nouveau mod\u00e8le de cheville m\u00e9canique. Cette cheville ne se distingue pas des chevilles classiques sur le plan optique, mais poss\u00e8de \u00e0 l\u2019int\u00e9rieur un m\u00e9canisme qui permet un accordage fin comme \u00e0 la guitare, et emp\u00eache que la cheville ressorte lorsqu\u2019on l\u2019accorde. Sur demande, tous nos mod\u00e8les de Liuto forte peuvent \u00eatre \u00e9quip\u00e9s de ces chevilles m\u00e9caniques sp\u00e9cialement adapt\u00e9es aux n\u00e9cessit\u00e9s de nos instruments, moyennant un petit suppl\u00e9ment.<\/p>\n<p>[\/et_pb_text][\/et_pb_column][\/et_pb_row][\/et_pb_section]<\/p>\n","protected":false},"excerpt":{"rendered":"<p>Chevilles classiques et m\u00e9caniques Les cordes du Liuto forte, comme les cordes du luth ancien, sont accord\u00e9es au moyen de chevilles. Celles-ci repr\u00e9sentent peut-\u00eatre la partie de l\u2019instrument \u00e0 laquelle les guitaristes devront le plus s\u2019adapter. Les chevilles transmettent le mouvement de rotation dans un rapport de 1 \u00e0 1 tandis qu\u2019il est de 1 [&hellip;]<\/p>\n","protected":false},"author":1,"featured_media":0,"parent":4471,"menu_order":0,"comment_status":"closed","ping_status":"closed","template":"","meta":{"_et_pb_use_builder":"on","_et_pb_old_content":"<p>[et_pb_section bb_built=\"1\"][et_pb_row][et_pb_column type=\"1_4\"][et_pb_sidebar admin_label=\"Seitenleiste: \u00dcber den LF\" _builder_version=\"3.19.11\" area=\"et_pb_widget_area_3\" saved_tabs=\"all\" global_module=\"994\" \/][\/et_pb_column][et_pb_column type=\"3_4\"][et_pb_text admin_label=\"Klassische und mechanische Wirbel\" _builder_version=\"3.19.11\"]<\/p><h1>Klassische und mechanische Wirbel<\/h1><p>Die Saiten des Liuto forte werden \u2013 wie die der alten Laute \u2013 auch weiterhin mit Wirbeln gestimmt. F\u00fcr Gitarristen ist das der vielleicht gew\u00f6hnungsbed\u00fcrftigste Teil an diesem Instrument. Steckwirbel \u00fcbersetzen das Drehmoment im Verh\u00e4ltnis 1:1, die Gitarrenmechanik im Verh\u00e4ltnis 1:16. F\u00fcr die Beibehaltung der Wirbel sprechen nicht nur \u00e4sthetische Gr\u00fcnde. Eine Mechanik wie die der Gitarre w\u00fcrde mehrsaitige Instrumente zu kopflastig machen.<\/p><p>Im Gegensatz zu den sehr schmalen, eng beieinander stehenden Wirbeln alter Lauten, die oft genug schlecht eingepa\u00dft und wahre Fingerbrecher sind, haben die Wirbel des Liuto forte ein bequemes Format, sind perfekt reguliert und bei turnusm\u00e4\u00dfiger Pflege genauso problemlos zu bedienen wie die Wirbel eines Streichinstrumentes. Nach den Erfahrungen der letzten Jahre ist die Stimmhaltung eines Liuto forte aufgrund der schlankeren Saiten sogar besser als die der heutigen Gitarre.<\/p><p><img class=\"alignnone size-full wp-image-3181\" src=\"https:\/\/liuto-forte.de\/wp-content\/uploads\/2019\/01\/19-6365.jpg\" alt=\"\" width=\"570\" height=\"359\" \/><\/p><p>Seit 2015 liegt eine Neuentwicklung eines mechanischen Wirbels der Firma Wittner vor. Dieser Wirbel unterscheidet sich optisch nicht von klassischen Wirbeln, verf\u00fcgt im Inneren jedoch \u00fcber eine Mechanik, die ein Feinstimmen \u00e4hnlich wie bei der Gitarre erm\u00f6glicht und ein Herausspringen des Wirbels beim Stimmen ausschlie\u00dft. Auf Wunsch k\u00f6nnen alle Liuto forte-Modelle gegen Aufpreis mit diesen speziell f\u00fcr den Bedarf unserer Instrumente angepassten, mechanischen Wirbeln ausgestattet werden.<\/p><p>[\/et_pb_text][\/et_pb_column][\/et_pb_row][\/et_pb_section]<\/p>","_et_gb_content_width":"","_exactmetrics_skip_tracking":false,"_exactmetrics_sitenote_active":false,"_exactmetrics_sitenote_note":"","_exactmetrics_sitenote_category":0,"footnotes":""},"class_list":["post-4435","page","type-page","status-publish","hentry"],"_links":{"self":[{"href":"https:\/\/liuto-forte.de\/fr\/wp-json\/wp\/v2\/pages\/4435","targetHints":{"allow":["GET"]}}],"collection":[{"href":"https:\/\/liuto-forte.de\/fr\/wp-json\/wp\/v2\/pages"}],"about":[{"href":"https:\/\/liuto-forte.de\/fr\/wp-json\/wp\/v2\/types\/page"}],"author":[{"embeddable":true,"href":"https:\/\/liuto-forte.de\/fr\/wp-json\/wp\/v2\/users\/1"}],"replies":[{"embeddable":true,"href":"https:\/\/liuto-forte.de\/fr\/wp-json\/wp\/v2\/comments?post=4435"}],"version-history":[{"count":3,"href":"https:\/\/liuto-forte.de\/fr\/wp-json\/wp\/v2\/pages\/4435\/revisions"}],"predecessor-version":[{"id":4439,"href":"https:\/\/liuto-forte.de\/fr\/wp-json\/wp\/v2\/pages\/4435\/revisions\/4439"}],"up":[{"embeddable":true,"href":"https:\/\/liuto-forte.de\/fr\/wp-json\/wp\/v2\/pages\/4471"}],"wp:attachment":[{"href":"https:\/\/liuto-forte.de\/fr\/wp-json\/wp\/v2\/media?parent=4435"}],"curies":[{"name":"wp","href":"https:\/\/api.w.org\/{rel}","templated":true}]}}