{"id":4440,"date":"2023-02-10T13:56:10","date_gmt":"2023-02-10T12:56:10","guid":{"rendered":"https:\/\/liuto-forte.de\/?page_id=4440"},"modified":"2023-02-10T13:56:10","modified_gmt":"2023-02-10T12:56:10","slug":"sattel","status":"publish","type":"page","link":"https:\/\/liuto-forte.de\/fr\/willkommen\/laute-und-gitarre-ein-dilemma\/sattel\/","title":{"rendered":"Sattel"},"content":{"rendered":"<p>[et_pb_section fb_built=\u00a0\u00bb1&Prime; _builder_version=\u00a0\u00bb4.16&Prime; global_colors_info=\u00a0\u00bb{}\u00a0\u00bb][et_pb_row column_structure=\u00a0\u00bb1_4,3_4&Prime; _builder_version=\u00a0\u00bb4.16&Prime; background_size=\u00a0\u00bbinitial\u00a0\u00bb background_position=\u00a0\u00bbtop_left\u00a0\u00bb background_repeat=\u00a0\u00bbrepeat\u00a0\u00bb global_colors_info=\u00a0\u00bb{}\u00a0\u00bb][et_pb_column type=\u00a0\u00bb1_4&Prime; _builder_version=\u00a0\u00bb4.16&Prime; custom_padding=\u00a0\u00bb|||\u00a0\u00bb global_colors_info=\u00a0\u00bb{}\u00a0\u00bb custom_padding__hover=\u00a0\u00bb|||\u00a0\u00bb][et_pb_sidebar area=\u00a0\u00bbet_pb_widget_area_3&Prime; admin_label=\u00a0\u00bbSeitenleiste: \u00dcber den LF\u00a0\u00bb _builder_version=\u00a0\u00bb4.16&Prime; saved_tabs=\u00a0\u00bball\u00a0\u00bb global_colors_info=\u00a0\u00bb{}\u00a0\u00bb][\/et_pb_sidebar][\/et_pb_column][et_pb_column type=\u00a0\u00bb3_4&Prime; _builder_version=\u00a0\u00bb4.16&Prime; custom_padding=\u00a0\u00bb|||\u00a0\u00bb global_colors_info=\u00a0\u00bb{}\u00a0\u00bb custom_padding__hover=\u00a0\u00bb|||\u00a0\u00bb][et_pb_text admin_label=\u00a0\u00bbSattel\u00a0\u00bb _builder_version=\u00a0\u00bb4.19.5&Prime; hover_enabled=\u00a0\u00bb0&Prime; global_colors_info=\u00a0\u00bb{}\u00a0\u00bb sticky_enabled=\u00a0\u00bb0&Prime;]<\/p>\n<h1>Le sillet<\/h1>\n<p>Compar\u00e9es \u00e0 la guitare, les cordes du Liuto forte \u00e0 manche renvers\u00e9 d\u00e9crivent un angle plus prononc\u00e9 au passage vers le chevillier. Pour \u00e9viter des frottements et des bruits pendant l\u2019accordage, les rainures du sillet destin\u00e9es aux cordes fil\u00e9es sont incrust\u00e9es de laiton dor\u00e9 ou d\u2019acier inoxydable.<\/p>\n<p><img loading=\"lazy\" decoding=\"async\" class=\"alignnone size-full wp-image-3803\" src=\"https:\/\/liuto-forte.de\/wp-content\/uploads\/2019\/02\/20-5315-1.jpg\" alt=\"\" width=\"570\" height=\"420\" srcset=\"https:\/\/liuto-forte.de\/wp-content\/uploads\/2019\/02\/20-5315-1.jpg 570w, https:\/\/liuto-forte.de\/wp-content\/uploads\/2019\/02\/20-5315-1-300x221.jpg 300w\" sizes=\"(max-width: 570px) 100vw, 570px\" \/><\/p>\n<p>[\/et_pb_text][\/et_pb_column][\/et_pb_row][\/et_pb_section]<\/p>\n","protected":false},"excerpt":{"rendered":"<p>Le sillet Compar\u00e9es \u00e0 la guitare, les cordes du Liuto forte \u00e0 manche renvers\u00e9 d\u00e9crivent un angle plus prononc\u00e9 au passage vers le chevillier. Pour \u00e9viter des frottements et des bruits pendant l\u2019accordage, les rainures du sillet destin\u00e9es aux cordes fil\u00e9es sont incrust\u00e9es de laiton dor\u00e9 ou d\u2019acier inoxydable.<\/p>\n","protected":false},"author":1,"featured_media":0,"parent":4471,"menu_order":0,"comment_status":"closed","ping_status":"closed","template":"","meta":{"_et_pb_use_builder":"on","_et_pb_old_content":"<p>[et_pb_section bb_built=\"1\"][et_pb_row][et_pb_column type=\"1_4\"][et_pb_sidebar admin_label=\"Seitenleiste: \u00dcber den LF\" _builder_version=\"3.19.11\" area=\"et_pb_widget_area_3\" saved_tabs=\"all\" global_module=\"994\" \/][\/et_pb_column][et_pb_column type=\"3_4\"][et_pb_text admin_label=\"Sattel\" _builder_version=\"3.19.11\"]<\/p><h1>Sattel<\/h1><p>Im Vergleich zur Gitarre sind die Saiten der Liuto forte-Modelle mit Knickhals am \u00dcbergang zum Wirbelkasten st\u00e4rker abgewinkelt. Um Widerst\u00e4nde oder Ger\u00e4usche beim Stimmen zu vermeiden, werden die Sattelrillen der umsponnenen Saiten bei diesen Modellen mit Goldmessing oder Edelstahl ausgelegt.<\/p><p><img class=\"alignnone size-full wp-image-3803\" src=\"https:\/\/liuto-forte.de\/wp-content\/uploads\/2019\/02\/20-5315-1.jpg\" alt=\"\" width=\"570\" height=\"420\" \/><\/p><p>[\/et_pb_text][\/et_pb_column][\/et_pb_row][\/et_pb_section]<\/p>","_et_gb_content_width":"","_exactmetrics_skip_tracking":false,"_exactmetrics_sitenote_active":false,"_exactmetrics_sitenote_note":"","_exactmetrics_sitenote_category":0,"footnotes":""},"class_list":["post-4440","page","type-page","status-publish","hentry"],"_links":{"self":[{"href":"https:\/\/liuto-forte.de\/fr\/wp-json\/wp\/v2\/pages\/4440","targetHints":{"allow":["GET"]}}],"collection":[{"href":"https:\/\/liuto-forte.de\/fr\/wp-json\/wp\/v2\/pages"}],"about":[{"href":"https:\/\/liuto-forte.de\/fr\/wp-json\/wp\/v2\/types\/page"}],"author":[{"embeddable":true,"href":"https:\/\/liuto-forte.de\/fr\/wp-json\/wp\/v2\/users\/1"}],"replies":[{"embeddable":true,"href":"https:\/\/liuto-forte.de\/fr\/wp-json\/wp\/v2\/comments?post=4440"}],"version-history":[{"count":3,"href":"https:\/\/liuto-forte.de\/fr\/wp-json\/wp\/v2\/pages\/4440\/revisions"}],"predecessor-version":[{"id":4444,"href":"https:\/\/liuto-forte.de\/fr\/wp-json\/wp\/v2\/pages\/4440\/revisions\/4444"}],"up":[{"embeddable":true,"href":"https:\/\/liuto-forte.de\/fr\/wp-json\/wp\/v2\/pages\/4471"}],"wp:attachment":[{"href":"https:\/\/liuto-forte.de\/fr\/wp-json\/wp\/v2\/media?parent=4440"}],"curies":[{"name":"wp","href":"https:\/\/api.w.org\/{rel}","templated":true}]}}