{"id":4445,"date":"2023-02-10T13:59:20","date_gmt":"2023-02-10T12:59:20","guid":{"rendered":"https:\/\/liuto-forte.de\/?page_id=4445"},"modified":"2023-02-10T13:59:20","modified_gmt":"2023-02-10T12:59:20","slug":"griffbrett","status":"publish","type":"page","link":"https:\/\/liuto-forte.de\/fr\/willkommen\/laute-und-gitarre-ein-dilemma\/griffbrett\/","title":{"rendered":"Griffbrett"},"content":{"rendered":"<p>[et_pb_section fb_built=\u00a0\u00bb1&Prime; _builder_version=\u00a0\u00bb4.16&Prime; global_colors_info=\u00a0\u00bb{}\u00a0\u00bb][et_pb_row column_structure=\u00a0\u00bb1_4,3_4&Prime; _builder_version=\u00a0\u00bb4.16&Prime; background_size=\u00a0\u00bbinitial\u00a0\u00bb background_position=\u00a0\u00bbtop_left\u00a0\u00bb background_repeat=\u00a0\u00bbrepeat\u00a0\u00bb global_colors_info=\u00a0\u00bb{}\u00a0\u00bb][et_pb_column type=\u00a0\u00bb1_4&Prime; _builder_version=\u00a0\u00bb4.16&Prime; custom_padding=\u00a0\u00bb|||\u00a0\u00bb global_colors_info=\u00a0\u00bb{}\u00a0\u00bb custom_padding__hover=\u00a0\u00bb|||\u00a0\u00bb][et_pb_sidebar area=\u00a0\u00bbet_pb_widget_area_3&Prime; admin_label=\u00a0\u00bbSeitenleiste: \u00dcber den LF\u00a0\u00bb _builder_version=\u00a0\u00bb4.16&Prime; saved_tabs=\u00a0\u00bball\u00a0\u00bb global_colors_info=\u00a0\u00bb{}\u00a0\u00bb][\/et_pb_sidebar][\/et_pb_column][et_pb_column type=\u00a0\u00bb3_4&Prime; _builder_version=\u00a0\u00bb4.16&Prime; custom_padding=\u00a0\u00bb|||\u00a0\u00bb global_colors_info=\u00a0\u00bb{}\u00a0\u00bb custom_padding__hover=\u00a0\u00bb|||\u00a0\u00bb][et_pb_text admin_label=\u00a0\u00bbGriffbrett\u00a0\u00bb _builder_version=\u00a0\u00bb4.19.5&Prime; hover_enabled=\u00a0\u00bb0&Prime; global_colors_info=\u00a0\u00bb{}\u00a0\u00bb sticky_enabled=\u00a0\u00bb0&Prime;]<\/p>\n<h1>Le manche<\/h1>\n<p>Les manches de tous les Liuti forti sont plus ou moins bomb\u00e9s. Cette vo\u00fbte se fond progressivement dans le talon du corps et doit faciliter avant tout l\u2019ex\u00e9cution de barr\u00e9s entre la premi\u00e8re et la cinqui\u00e8me frette. Les instruments en r\u00e9 mineur n\u00e9cessitent une vo\u00fbte plus prononc\u00e9e que le Liuto forte en mi, par exemple.<\/p>\n<p><img loading=\"lazy\" decoding=\"async\" class=\"alignnone size-full wp-image-4447\" src=\"https:\/\/liuto-forte.de\/wp-content\/uploads\/2019\/02\/21-6123.jpg\" alt=\"\" width=\"570\" height=\"420\" srcset=\"https:\/\/liuto-forte.de\/wp-content\/uploads\/2019\/02\/21-6123.jpg 570w, https:\/\/liuto-forte.de\/wp-content\/uploads\/2019\/02\/21-6123-300x221.jpg 300w\" sizes=\"(max-width: 570px) 100vw, 570px\" \/><\/p>\n<p>[\/et_pb_text][\/et_pb_column][\/et_pb_row][\/et_pb_section]<\/p>\n","protected":false},"excerpt":{"rendered":"<p>Le manche Les manches de tous les Liuti forti sont plus ou moins bomb\u00e9s. Cette vo\u00fbte se fond progressivement dans le talon du corps et doit faciliter avant tout l\u2019ex\u00e9cution de barr\u00e9s entre la premi\u00e8re et la cinqui\u00e8me frette. Les instruments en r\u00e9 mineur n\u00e9cessitent une vo\u00fbte plus prononc\u00e9e que le Liuto forte en mi, [&hellip;]<\/p>\n","protected":false},"author":1,"featured_media":0,"parent":4471,"menu_order":0,"comment_status":"closed","ping_status":"closed","template":"","meta":{"_et_pb_use_builder":"on","_et_pb_old_content":"<p>[et_pb_section bb_built=\"1\"][et_pb_row][et_pb_column type=\"1_4\"][et_pb_sidebar admin_label=\"Seitenleiste: \u00dcber den LF\" _builder_version=\"3.19.11\" area=\"et_pb_widget_area_3\" saved_tabs=\"all\" global_module=\"994\" \/][\/et_pb_column][et_pb_column type=\"3_4\"][et_pb_text admin_label=\"Griffbrett\" _builder_version=\"3.19.11\"]<\/p><h1>Griffbrett<\/h1><p>Die Griffbretter aller Liuto forte-Modelle sind mehr oder weniger stark gew\u00f6lbt. Diese W\u00f6lbung l\u00e4uft zum Korpusansatz hin gleichm\u00e4\u00dfig aus und soll vor allem Barr\u00e9egriffe innerhalb des ersten bis f\u00fcnften Bundes erleichtern. Instrumente in d-moll-Stimmung verlangen eine st\u00e4rkere W\u00f6lbung als beispielsweise der Liuto forte in e.<\/p><p><img class=\"alignnone size-full wp-image-4447\" src=\"https:\/\/liuto-forte.de\/wp-content\/uploads\/2019\/02\/21-6123.jpg\" alt=\"\" width=\"570\" height=\"420\" \/><\/p><p>[\/et_pb_text][\/et_pb_column][\/et_pb_row][\/et_pb_section]<\/p>","_et_gb_content_width":"","_exactmetrics_skip_tracking":false,"_exactmetrics_sitenote_active":false,"_exactmetrics_sitenote_note":"","_exactmetrics_sitenote_category":0,"footnotes":""},"class_list":["post-4445","page","type-page","status-publish","hentry"],"_links":{"self":[{"href":"https:\/\/liuto-forte.de\/fr\/wp-json\/wp\/v2\/pages\/4445","targetHints":{"allow":["GET"]}}],"collection":[{"href":"https:\/\/liuto-forte.de\/fr\/wp-json\/wp\/v2\/pages"}],"about":[{"href":"https:\/\/liuto-forte.de\/fr\/wp-json\/wp\/v2\/types\/page"}],"author":[{"embeddable":true,"href":"https:\/\/liuto-forte.de\/fr\/wp-json\/wp\/v2\/users\/1"}],"replies":[{"embeddable":true,"href":"https:\/\/liuto-forte.de\/fr\/wp-json\/wp\/v2\/comments?post=4445"}],"version-history":[{"count":3,"href":"https:\/\/liuto-forte.de\/fr\/wp-json\/wp\/v2\/pages\/4445\/revisions"}],"predecessor-version":[{"id":4449,"href":"https:\/\/liuto-forte.de\/fr\/wp-json\/wp\/v2\/pages\/4445\/revisions\/4449"}],"up":[{"embeddable":true,"href":"https:\/\/liuto-forte.de\/fr\/wp-json\/wp\/v2\/pages\/4471"}],"wp:attachment":[{"href":"https:\/\/liuto-forte.de\/fr\/wp-json\/wp\/v2\/media?parent=4445"}],"curies":[{"name":"wp","href":"https:\/\/api.w.org\/{rel}","templated":true}]}}