{"id":4450,"date":"2023-02-10T14:01:55","date_gmt":"2023-02-10T13:01:55","guid":{"rendered":"https:\/\/liuto-forte.de\/?page_id=4450"},"modified":"2023-02-10T14:01:55","modified_gmt":"2023-02-10T13:01:55","slug":"steg-saitenhalter","status":"publish","type":"page","link":"https:\/\/liuto-forte.de\/fr\/willkommen\/laute-und-gitarre-ein-dilemma\/steg-saitenhalter\/","title":{"rendered":"Steg (Saitenhalter)"},"content":{"rendered":"<p>[et_pb_section fb_built=\u00a0\u00bb1&Prime; _builder_version=\u00a0\u00bb4.16&Prime; global_colors_info=\u00a0\u00bb{}\u00a0\u00bb][et_pb_row column_structure=\u00a0\u00bb1_4,3_4&Prime; _builder_version=\u00a0\u00bb4.16&Prime; background_size=\u00a0\u00bbinitial\u00a0\u00bb background_position=\u00a0\u00bbtop_left\u00a0\u00bb background_repeat=\u00a0\u00bbrepeat\u00a0\u00bb global_colors_info=\u00a0\u00bb{}\u00a0\u00bb][et_pb_column type=\u00a0\u00bb1_4&Prime; _builder_version=\u00a0\u00bb4.16&Prime; custom_padding=\u00a0\u00bb|||\u00a0\u00bb global_colors_info=\u00a0\u00bb{}\u00a0\u00bb custom_padding__hover=\u00a0\u00bb|||\u00a0\u00bb][et_pb_sidebar area=\u00a0\u00bbet_pb_widget_area_3&Prime; admin_label=\u00a0\u00bbSeitenleiste: \u00dcber den LF\u00a0\u00bb _builder_version=\u00a0\u00bb4.16&Prime; saved_tabs=\u00a0\u00bball\u00a0\u00bb global_colors_info=\u00a0\u00bb{}\u00a0\u00bb][\/et_pb_sidebar][\/et_pb_column][et_pb_column type=\u00a0\u00bb3_4&Prime; _builder_version=\u00a0\u00bb4.16&Prime; custom_padding=\u00a0\u00bb|||\u00a0\u00bb global_colors_info=\u00a0\u00bb{}\u00a0\u00bb custom_padding__hover=\u00a0\u00bb|||\u00a0\u00bb][et_pb_text admin_label=\u00a0\u00bbSteg (Saitenhalter)\u00a0\u00bb _builder_version=\u00a0\u00bb4.19.5&Prime; hover_enabled=\u00a0\u00bb0&Prime; global_colors_info=\u00a0\u00bb{}\u00a0\u00bb sticky_enabled=\u00a0\u00bb0&Prime;]<\/p>\n<h1>Le chevalet<\/h1>\n<p>Le chevalet du Liuto forte a \u00e9t\u00e9 con\u00e7u par l\u2019ing\u00e9nieur Benno Streu ( Fribourg ) et est un mod\u00e8le d\u00e9pos\u00e9. Il ne se distingue du chevalet du luth classique ni par son apparence ni par son poids, mais dispose d\u2019un point d\u2019appui d\u00e9fini pour chaque corde. Gr\u00e2ce \u00e0 cette construction, la vibration de la corde est ainsi mieux transmise \u00e0 la table. Il y a beaucoup moins de d\u00e9perdition d\u2019\u00e9nergie qu\u2019avec un chevalet de luth ancien, pour lesquels les cordes reposent sur une boucle souple.<\/p>\n<p><img loading=\"lazy\" decoding=\"async\" class=\"alignnone size-full wp-image-4452\" src=\"https:\/\/liuto-forte.de\/wp-content\/uploads\/2019\/02\/Lautenbau-6188.jpg\" alt=\"\" width=\"570\" height=\"380\" srcset=\"https:\/\/liuto-forte.de\/wp-content\/uploads\/2019\/02\/Lautenbau-6188.jpg 570w, https:\/\/liuto-forte.de\/wp-content\/uploads\/2019\/02\/Lautenbau-6188-300x200.jpg 300w\" sizes=\"(max-width: 570px) 100vw, 570px\" \/><\/p>\n<p>[\/et_pb_text][\/et_pb_column][\/et_pb_row][\/et_pb_section]<\/p>\n","protected":false},"excerpt":{"rendered":"<p>Le chevalet Le chevalet du Liuto forte a \u00e9t\u00e9 con\u00e7u par l\u2019ing\u00e9nieur Benno Streu ( Fribourg ) et est un mod\u00e8le d\u00e9pos\u00e9. Il ne se distingue du chevalet du luth classique ni par son apparence ni par son poids, mais dispose d\u2019un point d\u2019appui d\u00e9fini pour chaque corde. Gr\u00e2ce \u00e0 cette construction, la vibration de [&hellip;]<\/p>\n","protected":false},"author":1,"featured_media":0,"parent":4471,"menu_order":0,"comment_status":"closed","ping_status":"closed","template":"","meta":{"_et_pb_use_builder":"on","_et_pb_old_content":"<p>[et_pb_section bb_built=\"1\"][et_pb_row][et_pb_column type=\"1_4\"][et_pb_sidebar admin_label=\"Seitenleiste: \u00dcber den LF\" _builder_version=\"3.19.11\" area=\"et_pb_widget_area_3\" saved_tabs=\"all\" global_module=\"994\" \/][\/et_pb_column][et_pb_column type=\"3_4\"][et_pb_text admin_label=\"Steg (Saitenhalter)\" _builder_version=\"3.19.11\"]<\/p><h1>Steg (Saitenhalter)<\/h1><p>Der Saitenhalter des Liuto forte wurde von Ing. Benno Streu (Freiburg) entwickelt. Er unterscheidet sich weder \u00e4u\u00dferlich noch im Gewicht von klassischen Lautenstegen, verf\u00fcgt jedoch \u00fcber einen definierten harten Auflagepunkt f\u00fcr jede einzelne Saite. Dank dieser Konstruktion kann die Saitenschwingung besser auf die Decke \u00fcbertragen werden. Es treten wesentlich geringere Energieverluste auf als an Stegen alter Lauten, bei denen die Saite in einer weichen Schlinge liegt.<\/p><p><img class=\"alignnone size-full wp-image-4452\" src=\"https:\/\/liuto-forte.de\/wp-content\/uploads\/2019\/02\/Lautenbau-6188.jpg\" alt=\"\" width=\"570\" height=\"380\" \/><\/p><p>[\/et_pb_text][\/et_pb_column][\/et_pb_row][\/et_pb_section]<\/p>","_et_gb_content_width":"","_exactmetrics_skip_tracking":false,"_exactmetrics_sitenote_active":false,"_exactmetrics_sitenote_note":"","_exactmetrics_sitenote_category":0,"footnotes":""},"class_list":["post-4450","page","type-page","status-publish","hentry"],"_links":{"self":[{"href":"https:\/\/liuto-forte.de\/fr\/wp-json\/wp\/v2\/pages\/4450","targetHints":{"allow":["GET"]}}],"collection":[{"href":"https:\/\/liuto-forte.de\/fr\/wp-json\/wp\/v2\/pages"}],"about":[{"href":"https:\/\/liuto-forte.de\/fr\/wp-json\/wp\/v2\/types\/page"}],"author":[{"embeddable":true,"href":"https:\/\/liuto-forte.de\/fr\/wp-json\/wp\/v2\/users\/1"}],"replies":[{"embeddable":true,"href":"https:\/\/liuto-forte.de\/fr\/wp-json\/wp\/v2\/comments?post=4450"}],"version-history":[{"count":3,"href":"https:\/\/liuto-forte.de\/fr\/wp-json\/wp\/v2\/pages\/4450\/revisions"}],"predecessor-version":[{"id":4454,"href":"https:\/\/liuto-forte.de\/fr\/wp-json\/wp\/v2\/pages\/4450\/revisions\/4454"}],"up":[{"embeddable":true,"href":"https:\/\/liuto-forte.de\/fr\/wp-json\/wp\/v2\/pages\/4471"}],"wp:attachment":[{"href":"https:\/\/liuto-forte.de\/fr\/wp-json\/wp\/v2\/media?parent=4450"}],"curies":[{"name":"wp","href":"https:\/\/api.w.org\/{rel}","templated":true}]}}