{"id":4455,"date":"2023-02-10T14:05:47","date_gmt":"2023-02-10T13:05:47","guid":{"rendered":"https:\/\/liuto-forte.de\/?page_id=4455"},"modified":"2023-02-21T10:40:42","modified_gmt":"2023-02-21T09:40:42","slug":"spielhaltung-des-liuto-forte","status":"publish","type":"page","link":"https:\/\/liuto-forte.de\/fr\/willkommen\/laute-und-gitarre-ein-dilemma\/spielhaltung-des-liuto-forte\/","title":{"rendered":"Spielhaltung des Liuto forte"},"content":{"rendered":"<p>[et_pb_section fb_built=\u00a0\u00bb1&Prime; _builder_version=\u00a0\u00bb4.16&Prime; global_colors_info=\u00a0\u00bb{}\u00a0\u00bb][et_pb_row column_structure=\u00a0\u00bb1_4,3_4&Prime; _builder_version=\u00a0\u00bb4.16&Prime; background_size=\u00a0\u00bbinitial\u00a0\u00bb background_position=\u00a0\u00bbtop_left\u00a0\u00bb background_repeat=\u00a0\u00bbrepeat\u00a0\u00bb global_colors_info=\u00a0\u00bb{}\u00a0\u00bb][et_pb_column type=\u00a0\u00bb1_4&Prime; _builder_version=\u00a0\u00bb4.16&Prime; custom_padding=\u00a0\u00bb|||\u00a0\u00bb global_colors_info=\u00a0\u00bb{}\u00a0\u00bb custom_padding__hover=\u00a0\u00bb|||\u00a0\u00bb][et_pb_sidebar area=\u00a0\u00bbet_pb_widget_area_3&Prime; admin_label=\u00a0\u00bbSeitenleiste: \u00dcber den LF\u00a0\u00bb _builder_version=\u00a0\u00bb4.16&Prime; saved_tabs=\u00a0\u00bball\u00a0\u00bb global_colors_info=\u00a0\u00bb{}\u00a0\u00bb][\/et_pb_sidebar][\/et_pb_column][et_pb_column type=\u00a0\u00bb3_4&Prime; _builder_version=\u00a0\u00bb4.16&Prime; custom_padding=\u00a0\u00bb|||\u00a0\u00bb global_colors_info=\u00a0\u00bb{}\u00a0\u00bb custom_padding__hover=\u00a0\u00bb|||\u00a0\u00bb][et_pb_text admin_label=\u00a0\u00bbSpielhaltung des Liuto forte\u00a0\u00bb _builder_version=\u00a0\u00bb4.20.0&Prime; hover_enabled=\u00a0\u00bb0&Prime; global_colors_info=\u00a0\u00bb{}\u00a0\u00bb sticky_enabled=\u00a0\u00bb0&Prime;]<\/p>\n<h1>La tenue du Liuto forte<\/h1>\n<p>D\u00e9j\u00e0 au XIX<sup>e<\/sup> si\u00e8cle, on argumentait que le luth \u00e9tait plus difficile \u00e0 tenir qu\u2019une guitare. Ceci n\u2019est qu\u2019un pr\u00e9jug\u00e9 que l\u2019exp\u00e9rience d\u00e9ment facilement. Si l\u2019on ne se sert d\u2019aucun autre dispositif d\u2019appui que l\u2019habituel tabouret, la guitare pos\u00e9e sur la cuisse gauche se trouve certes bien fix\u00e9e par l\u2019incurvation de l\u2019\u00e9clisse mais dans une position par rapport au centre du corps nettement plus mauvaise pour la sant\u00e9 que ne l\u2019est le luth. En effet, dans la m\u00eame position avec tabouret, la premi\u00e8re case se situe, par rapport au corps, \u00e0 peu pr\u00e8s au niveau de la troisi\u00e8me case de la guitare. Cette position de jeu d\u00e9tendue ne se d\u00e9couvre pas d\u2019embl\u00e9e, mais n\u00e9cessite, comme pour les instruments \u00e0 archet, une certaine p\u00e9riode d\u2019initiation et de familiarisation.<\/p>\n<p><img loading=\"lazy\" decoding=\"async\" class=\"size-full wp-image-4310 alignnone\" src=\"https:\/\/liuto-forte.de\/wp-content\/uploads\/2019\/01\/image012.jpg\" alt=\"\" width=\"640\" height=\"360\" srcset=\"https:\/\/liuto-forte.de\/wp-content\/uploads\/2019\/01\/image012.jpg 640w, https:\/\/liuto-forte.de\/wp-content\/uploads\/2019\/01\/image012-300x169.jpg 300w\" sizes=\"(max-width: 640px) 100vw, 640px\" \/><\/p>\n<p>Les luthistes anciens utilisaient, eux aussi, toute une panoplie d\u2019aides pour mieux fixer leur instrument. Il \u00e9tait ainsi possible de se servir du bord d\u2019une table pour soutenir le luth (ce que Fernando Sor recommandait aussi pour la guitare) ou encore d\u2019utiliser une bandouli\u00e8re ou une lani\u00e8re tendue par le milieu du corps du luth et qui avait au centre une boucle pour attacher l\u2019instrument \u00e0 un bouton du v\u00eatement.<\/p>\n<p>Pour le Liuto forte, il existe \u00e9galement des dispositifs d\u2019appui modernes, tels que les connaissent les guitaristes.<\/p>\n<p>Pour de plus amples informations, voir le site : <a href=\"http:\/\/www.tappert.de\/liuto-forte.html\" target=\"_blank\" rel=\"noopener\">www.tappert.de\/liuto-forte<\/a><\/p>\n<p>L\u2019utilisation de bandouli\u00e8res pour fixer le luth est expliqu\u00e9e en d\u00e9tails dans les deux vid\u00e9os suivantes. Les instruments utilis\u00e9s pour la d\u00e9monstration ne sont pas des Liuti forti, mais des reproductions de luths historiques :[\/et_pb_text][et_pb_video src=\u00a0\u00bbhttps:\/\/youtu.be\/C03fsBh5IUg\u00a0\u00bb _builder_version=\u00a0\u00bb4.16&Prime; global_colors_info=\u00a0\u00bb{}\u00a0\u00bb][\/et_pb_video][et_pb_video src=\u00a0\u00bbhttps:\/\/youtu.be\/0J7Bw-9MjEw\u00a0\u00bb _builder_version=\u00a0\u00bb4.16&Prime; global_colors_info=\u00a0\u00bb{}\u00a0\u00bb][\/et_pb_video][\/et_pb_column][\/et_pb_row][\/et_pb_section]<\/p>\n","protected":false},"excerpt":{"rendered":"<p>La tenue du Liuto forte D\u00e9j\u00e0 au XIXe si\u00e8cle, on argumentait que le luth \u00e9tait plus difficile \u00e0 tenir qu\u2019une guitare. Ceci n\u2019est qu\u2019un pr\u00e9jug\u00e9 que l\u2019exp\u00e9rience d\u00e9ment facilement. Si l\u2019on ne se sert d\u2019aucun autre dispositif d\u2019appui que l\u2019habituel tabouret, la guitare pos\u00e9e sur la cuisse gauche se trouve certes bien fix\u00e9e par l\u2019incurvation [&hellip;]<\/p>\n","protected":false},"author":1,"featured_media":0,"parent":4471,"menu_order":0,"comment_status":"closed","ping_status":"closed","template":"","meta":{"_et_pb_use_builder":"on","_et_pb_old_content":"<p>[et_pb_section bb_built=\"1\"][et_pb_row][et_pb_column type=\"1_4\"][et_pb_sidebar admin_label=\"Seitenleiste: \u00dcber den LF\" _builder_version=\"3.19.11\" area=\"et_pb_widget_area_3\" saved_tabs=\"all\" global_module=\"994\" \/][\/et_pb_column][et_pb_column type=\"3_4\"][et_pb_text admin_label=\"Spielhaltung des Liuto forte\" _builder_version=\"3.19.11\"]<\/p><h1>Spielhaltung des Liuto forte<\/h1><p>Bereits im 19. Jahrhundert wurde argumentiert, da\u00df eine Laute \u2013 im Vergleich zur Gitarre \u2013 schwieriger zu halten sei. Dies ist ein Vorurteil, das durch die Erfahrung nicht best\u00e4tigt wird. Wenn man sich \u2013 au\u00dfer der \u00fcblichen Fu\u00dfbank \u2013 keiner zus\u00e4tzlichen St\u00fctzvorrichtung bedient, mag die Gitarre durch Auflage der Zargeneinbuchtung am linken Oberschenkel zwar gut fixiert sein, befindet sich im Bezug zur K\u00f6rpermitte jedoch in wesentlich unges\u00fcnderer Position als eine Laute, bei der in derselben Haltung mit Fu\u00dfb\u00e4nkchen der erste Bund etwa dort ist, wo bei einer Gitarre der dritte liegt. Diese entspannte Spielhaltung der Laute erschlie\u00dft sich allerdings nicht ohne weiteres beim Herumprobieren, sondern bedarf \u2013 wie bei Streichinstrumenten \u2013 der Einweisung und Gew\u00f6hnung.<\/p><p><img class=\"size-full wp-image-4310 alignnone\" src=\"https:\/\/liuto-forte.de\/wp-content\/uploads\/2019\/01\/image012.jpg\" alt=\"\" width=\"640\" height=\"360\" \/><\/p><p>Auch die alten Lautenisten bedienten sich einer Reihe von Hilfsmitteln zur besseren Fixierung ihres Instruments. Diese reichten vom Abst\u00fctzen der Laute an einer Tischkante (was auch Fernando Sor f\u00fcr die Gitarre empfahl) bis hin zu Schulterb\u00e4ndern oder einer \u00fcber dem Mittelspan des Lautenkorpus gespannten Schnur, die in der Mitte eine Schleife hatte, um das Instrument an einem Knopf der Kleidung zu befestigen.<\/p><p>F\u00fcr den Liuto forte sind auch moderne St\u00fctzen erh\u00e4ltlich, wie sie Gitarristen kennen:<\/p><p><a href=\"http:\/\/www.tappert.de\/liuto-forte.html\">www.tappert.de\/liuto-forte.html<\/a>\u00a0<\/p><p>Die Benutzung von Haltegurten f\u00fcr die Fixierung einer Laute wird in den folgenden beiden Videos ausf\u00fchrlich erl\u00e4utert. Bei den zur Demonstration benutzten Instrumenten handelt es sich nicht um Liuti forti sondern um Nachbauten historischer Lauten:<\/p><p>[\/et_pb_text][et_pb_video _builder_version=\"3.19.11\" src=\"https:\/\/youtu.be\/C03fsBh5IUg\" \/][et_pb_video _builder_version=\"3.19.11\" src=\"https:\/\/youtu.be\/0J7Bw-9MjEw\" \/][\/et_pb_column][\/et_pb_row][\/et_pb_section]<\/p>","_et_gb_content_width":"","_exactmetrics_skip_tracking":false,"_exactmetrics_sitenote_active":false,"_exactmetrics_sitenote_note":"","_exactmetrics_sitenote_category":0,"footnotes":""},"class_list":["post-4455","page","type-page","status-publish","hentry"],"_links":{"self":[{"href":"https:\/\/liuto-forte.de\/fr\/wp-json\/wp\/v2\/pages\/4455","targetHints":{"allow":["GET"]}}],"collection":[{"href":"https:\/\/liuto-forte.de\/fr\/wp-json\/wp\/v2\/pages"}],"about":[{"href":"https:\/\/liuto-forte.de\/fr\/wp-json\/wp\/v2\/types\/page"}],"author":[{"embeddable":true,"href":"https:\/\/liuto-forte.de\/fr\/wp-json\/wp\/v2\/users\/1"}],"replies":[{"embeddable":true,"href":"https:\/\/liuto-forte.de\/fr\/wp-json\/wp\/v2\/comments?post=4455"}],"version-history":[{"count":4,"href":"https:\/\/liuto-forte.de\/fr\/wp-json\/wp\/v2\/pages\/4455\/revisions"}],"predecessor-version":[{"id":4709,"href":"https:\/\/liuto-forte.de\/fr\/wp-json\/wp\/v2\/pages\/4455\/revisions\/4709"}],"up":[{"embeddable":true,"href":"https:\/\/liuto-forte.de\/fr\/wp-json\/wp\/v2\/pages\/4471"}],"wp:attachment":[{"href":"https:\/\/liuto-forte.de\/fr\/wp-json\/wp\/v2\/media?parent=4455"}],"curies":[{"name":"wp","href":"https:\/\/api.w.org\/{rel}","templated":true}]}}