{"id":4459,"date":"2023-02-10T14:08:50","date_gmt":"2023-02-10T13:08:50","guid":{"rendered":"https:\/\/liuto-forte.de\/?page_id=4459"},"modified":"2023-02-10T14:08:50","modified_gmt":"2023-02-10T13:08:50","slug":"spieltechnik-des-liuto-forte","status":"publish","type":"page","link":"https:\/\/liuto-forte.de\/fr\/willkommen\/laute-und-gitarre-ein-dilemma\/spieltechnik-des-liuto-forte\/","title":{"rendered":"Spieltechnik des Liuto forte"},"content":{"rendered":"<p>[et_pb_section fb_built=\u00a0\u00bb1&Prime; _builder_version=\u00a0\u00bb4.16&Prime; global_colors_info=\u00a0\u00bb{}\u00a0\u00bb][et_pb_row column_structure=\u00a0\u00bb1_4,3_4&Prime; _builder_version=\u00a0\u00bb4.16&Prime; background_size=\u00a0\u00bbinitial\u00a0\u00bb background_position=\u00a0\u00bbtop_left\u00a0\u00bb background_repeat=\u00a0\u00bbrepeat\u00a0\u00bb global_colors_info=\u00a0\u00bb{}\u00a0\u00bb][et_pb_column type=\u00a0\u00bb1_4&Prime; _builder_version=\u00a0\u00bb4.16&Prime; custom_padding=\u00a0\u00bb|||\u00a0\u00bb global_colors_info=\u00a0\u00bb{}\u00a0\u00bb custom_padding__hover=\u00a0\u00bb|||\u00a0\u00bb][et_pb_sidebar area=\u00a0\u00bbet_pb_widget_area_3&Prime; admin_label=\u00a0\u00bbSeitenleiste: \u00dcber den LF\u00a0\u00bb _builder_version=\u00a0\u00bb4.16&Prime; saved_tabs=\u00a0\u00bball\u00a0\u00bb global_colors_info=\u00a0\u00bb{}\u00a0\u00bb][\/et_pb_sidebar][\/et_pb_column][et_pb_column type=\u00a0\u00bb3_4&Prime; _builder_version=\u00a0\u00bb4.16&Prime; custom_padding=\u00a0\u00bb|||\u00a0\u00bb global_colors_info=\u00a0\u00bb{}\u00a0\u00bb custom_padding__hover=\u00a0\u00bb|||\u00a0\u00bb][et_pb_text admin_label=\u00a0\u00bbSpieltechnik des Liuto forte\u00a0\u00bb _builder_version=\u00a0\u00bb4.19.5&Prime; hover_enabled=\u00a0\u00bb0&Prime; global_colors_info=\u00a0\u00bb{}\u00a0\u00bb sticky_enabled=\u00a0\u00bb0&Prime;]<\/p>\n<h1>La technique de jeu du Liuto forte<\/h1>\n<p>Les guitaristes et les luthistes sont capables, sans avoir re\u00e7u d\u2019instruction pr\u00e9alable, d\u2019obtenir des r\u00e9sultats impressionnants sur le Liuto forte. Moi-m\u00eame, je me suis efforc\u00e9, ces derni\u00e8res ann\u00e9es, de d\u00e9velopper une technique de jeu pour cet instrument qui unit des \u00e9l\u00e9ments emprunt\u00e9s au jeu du luth historique \u00e0 une technique de la guitare moderne tout en exploitant le potentiel du nouveau luth. Au fur et \u00e0 mesure que le cercle des joueurs du Liuto forte s\u2019accro\u00eet, de nouveaux aspects et de nouvelles possibilit\u00e9s de jeu enrichissent constamment le r\u00e9pertoire existant et vont conduire \u00e0 la publication d\u2019une m\u00e9thode. Toutes suggestions et id\u00e9es r\u00e9sultant de l\u2019utilisation du nouvel instrument sont les bienvenues.<\/p>\n<p><img loading=\"lazy\" decoding=\"async\" class=\"alignnone size-full wp-image-4461\" src=\"https:\/\/liuto-forte.de\/wp-content\/uploads\/2019\/02\/24-6082.jpg\" alt=\"\" width=\"570\" height=\"380\" srcset=\"https:\/\/liuto-forte.de\/wp-content\/uploads\/2019\/02\/24-6082.jpg 570w, https:\/\/liuto-forte.de\/wp-content\/uploads\/2019\/02\/24-6082-300x200.jpg 300w\" sizes=\"(max-width: 570px) 100vw, 570px\" \/><\/p>\n<p>[\/et_pb_text][\/et_pb_column][\/et_pb_row][\/et_pb_section]<\/p>\n","protected":false},"excerpt":{"rendered":"<p>La technique de jeu du Liuto forte Les guitaristes et les luthistes sont capables, sans avoir re\u00e7u d\u2019instruction pr\u00e9alable, d\u2019obtenir des r\u00e9sultats impressionnants sur le Liuto forte. Moi-m\u00eame, je me suis efforc\u00e9, ces derni\u00e8res ann\u00e9es, de d\u00e9velopper une technique de jeu pour cet instrument qui unit des \u00e9l\u00e9ments emprunt\u00e9s au jeu du luth historique \u00e0 [&hellip;]<\/p>\n","protected":false},"author":1,"featured_media":0,"parent":4471,"menu_order":0,"comment_status":"closed","ping_status":"closed","template":"","meta":{"_et_pb_use_builder":"on","_et_pb_old_content":"<p>[et_pb_section bb_built=\"1\"][et_pb_row][et_pb_column type=\"1_4\"][et_pb_sidebar admin_label=\"Seitenleiste: \u00dcber den LF\" _builder_version=\"3.19.11\" area=\"et_pb_widget_area_3\" saved_tabs=\"all\" global_module=\"994\" \/][\/et_pb_column][et_pb_column type=\"3_4\"][et_pb_text admin_label=\"Spieltechnik des Liuto forte\" _builder_version=\"3.19.11\"]<\/p><h1>Spieltechnik des Liuto forte<\/h1><p>Gitarristen und Lautenisten sind auch ohne Anleitung imstande, auf dem Liuto forte erstaunliche Ergebnisse zu erzielen. Ich selbst habe mich in den vergangenen Jahren bem\u00fcht, eine Spieltechnik f\u00fcr dieses Instrument zu entwickeln, die Elemente des historischen Lautenspiels mit denen moderner Gitarrentechnik verbindet und das Potential der Neuen Laute erschlie\u00dft. Im selben Ma\u00dfe, wie sich der Kreis der Liuto forte-Spieler erweitert, treten st\u00e4ndig neue Aspekte und Anregungen hinzu, die in die Ver\u00f6ffentlichung einer Schule m\u00fcnden werden. Alle Ideen und Anregungen, die sich aus der Benutzung des neuen Instruments ergeben, sind willkommen.<\/p><p><img class=\"alignnone size-full wp-image-4461\" src=\"https:\/\/liuto-forte.de\/wp-content\/uploads\/2019\/02\/24-6082.jpg\" alt=\"\" width=\"570\" height=\"380\" \/><\/p><p>[\/et_pb_text][\/et_pb_column][\/et_pb_row][\/et_pb_section]<\/p>","_et_gb_content_width":"","_exactmetrics_skip_tracking":false,"_exactmetrics_sitenote_active":false,"_exactmetrics_sitenote_note":"","_exactmetrics_sitenote_category":0,"footnotes":""},"class_list":["post-4459","page","type-page","status-publish","hentry"],"_links":{"self":[{"href":"https:\/\/liuto-forte.de\/fr\/wp-json\/wp\/v2\/pages\/4459","targetHints":{"allow":["GET"]}}],"collection":[{"href":"https:\/\/liuto-forte.de\/fr\/wp-json\/wp\/v2\/pages"}],"about":[{"href":"https:\/\/liuto-forte.de\/fr\/wp-json\/wp\/v2\/types\/page"}],"author":[{"embeddable":true,"href":"https:\/\/liuto-forte.de\/fr\/wp-json\/wp\/v2\/users\/1"}],"replies":[{"embeddable":true,"href":"https:\/\/liuto-forte.de\/fr\/wp-json\/wp\/v2\/comments?post=4459"}],"version-history":[{"count":3,"href":"https:\/\/liuto-forte.de\/fr\/wp-json\/wp\/v2\/pages\/4459\/revisions"}],"predecessor-version":[{"id":4463,"href":"https:\/\/liuto-forte.de\/fr\/wp-json\/wp\/v2\/pages\/4459\/revisions\/4463"}],"up":[{"embeddable":true,"href":"https:\/\/liuto-forte.de\/fr\/wp-json\/wp\/v2\/pages\/4471"}],"wp:attachment":[{"href":"https:\/\/liuto-forte.de\/fr\/wp-json\/wp\/v2\/media?parent=4459"}],"curies":[{"name":"wp","href":"https:\/\/api.w.org\/{rel}","templated":true}]}}