{"id":4467,"date":"2023-02-10T17:02:29","date_gmt":"2023-02-10T16:02:29","guid":{"rendered":"https:\/\/liuto-forte.de\/?page_id=4467"},"modified":"2023-02-21T10:42:12","modified_gmt":"2023-02-21T09:42:12","slug":"ausblick","status":"publish","type":"page","link":"https:\/\/liuto-forte.de\/fr\/willkommen\/laute-und-gitarre-ein-dilemma\/ausblick\/","title":{"rendered":"Ausblick"},"content":{"rendered":"<p>[et_pb_section fb_built=\u00a0\u00bb1&Prime; _builder_version=\u00a0\u00bb4.16&Prime; global_colors_info=\u00a0\u00bb{}\u00a0\u00bb][et_pb_row column_structure=\u00a0\u00bb1_4,3_4&Prime; _builder_version=\u00a0\u00bb4.16&Prime; background_size=\u00a0\u00bbinitial\u00a0\u00bb background_position=\u00a0\u00bbtop_left\u00a0\u00bb background_repeat=\u00a0\u00bbrepeat\u00a0\u00bb global_colors_info=\u00a0\u00bb{}\u00a0\u00bb][et_pb_column type=\u00a0\u00bb1_4&Prime; _builder_version=\u00a0\u00bb4.16&Prime; custom_padding=\u00a0\u00bb|||\u00a0\u00bb global_colors_info=\u00a0\u00bb{}\u00a0\u00bb custom_padding__hover=\u00a0\u00bb|||\u00a0\u00bb][et_pb_sidebar area=\u00a0\u00bbet_pb_widget_area_3&Prime; admin_label=\u00a0\u00bbSeitenleiste: \u00dcber den LF\u00a0\u00bb _builder_version=\u00a0\u00bb4.16&Prime; body_line_height=\u00a0\u00bb1.5em\u00a0\u00bb max_width=\u00a0\u00bb100%\u00a0\u00bb custom_css_after=\u00a0\u00bbfont-weight: bold;\u00a0\u00bb saved_tabs=\u00a0\u00bball\u00a0\u00bb global_colors_info=\u00a0\u00bb{}\u00a0\u00bb][\/et_pb_sidebar][\/et_pb_column][et_pb_column type=\u00a0\u00bb3_4&Prime; _builder_version=\u00a0\u00bb4.16&Prime; custom_padding=\u00a0\u00bb|||\u00a0\u00bb global_colors_info=\u00a0\u00bb{}\u00a0\u00bb custom_padding__hover=\u00a0\u00bb|||\u00a0\u00bb][et_pb_text admin_label=\u00a0\u00bbAusblick: \u00a0\u00bb _builder_version=\u00a0\u00bb4.20.0&Prime; hover_enabled=\u00a0\u00bb0&Prime; global_colors_info=\u00a0\u00bb{}\u00a0\u00bb sticky_enabled=\u00a0\u00bb0&Prime;]<\/p>\n<h1>Perspectives\u00a0: le Liuto forte doit-il remplacer le luth historique et la guitare classique ?<\/h1>\n<p>Il est vrai que le Liuto forte avec ses trois accords principaux mi, r\u00e9 mineur et sol, couvre pratiquement la totalit\u00e9 du r\u00e9pertoire traditionnel pour luth et guitare. Malgr\u00e9 ces capacit\u00e9s consid\u00e9rables, cet instrument n\u2019est pas con\u00e7u comme un affront \u00e0 l\u2019ensemble des instruments existants ; nous souhaitons au contraire qu\u2019il devienne un \u00e9l\u00e9ment central int\u00e9grateur \u00e0 l\u2019int\u00e9rieur du vaste \u00e9ventail des instruments \u00e0 cordes pinc\u00e9es, comme le fut le luth \u00e0 une \u00e9poque de l\u2019histoire de la musique europ\u00e9enne.<\/p>\n<p><img loading=\"lazy\" decoding=\"async\" class=\"alignnone size-full wp-image-4465\" src=\"https:\/\/liuto-forte.de\/wp-content\/uploads\/2019\/02\/26-DSC00991.jpg\" alt=\"\" width=\"570\" height=\"428\" srcset=\"https:\/\/liuto-forte.de\/wp-content\/uploads\/2019\/02\/26-DSC00991.jpg 570w, https:\/\/liuto-forte.de\/wp-content\/uploads\/2019\/02\/26-DSC00991-300x225.jpg 300w, https:\/\/liuto-forte.de\/wp-content\/uploads\/2019\/02\/26-DSC00991-510x382.jpg 510w\" sizes=\"(max-width: 570px) 100vw, 570px\" \/><\/p>\n<p>Le Liuto forte est au luth historique et \u00e0 la guitare romantique ce que le piano \u00e0 queue moderne fut au clavecin et au piano forte. M\u00eame si le piano \u00e0 queue permet d\u2019interpr\u00e9ter une plus grande diversit\u00e9 de styles musicaux, personne n\u2019oserait aujourd\u2019hui affirmer qu\u2019il est vou\u00e9 \u00e0 remplacer le clavecin et le piano forte. De m\u00eame, il ne serait ni opportun ni souhaitable qu\u2019un unique mod\u00e8le s\u2019impose irr\u00e9sistiblement car il nuirait \u00e0 l\u2019heureuse diversification des instruments historiques \u00e0 cordes pinc\u00e9es intervenue ces derni\u00e8res ann\u00e9es.<\/p>\n<p>Que les joueurs de luth historique se rassurent, il ne s\u2019agit pas, avec cette nouveaut\u00e9, de r\u00e9duire leur champ d\u2019action mais au contraire de l\u2019\u00e9largir. \u00c0 long terme, choyer un h\u00e9ritage historique impressionnant ne suffira pas. Si le luth doit avoir un avenir, il doit tout d\u2019abord prendre pied dans le pr\u00e9sent.<\/p>\n<p>Les possibilit\u00e9s du Liuto forte esquiss\u00e9es ici sont peut-\u00eatre suffisamment stimulantes pour encourager les guitaristes \u00e0 essayer s\u00e9rieusement de jouer de cet instrument. D\u2019autre part, la perspective d\u2019\u00eatre \u00e0 nouveau universellement utilisable et d\u2019\u00e9galer au XXI<sup>e<\/sup> si\u00e8cle la \u00ab\u00a0success story\u00a0\u00bb de la guitare au XX<sup>e<\/sup> si\u00e8cle devrait donner des ailes aux luthistes.<\/p>\n<p>Parmi les joueurs actuels de Liuto forte, on compte autant d\u2019\u00e9minents guitaristes que de c\u00e9l\u00e8bres luthistes. Il se pourrait que cet instrument ait devant lui un avenir semblable \u00e0 celui qu\u2019eurent l\u2019archiluth vers 1600 ou le violoncelle un si\u00e8cle plus tard. Plusieurs \u00e9l\u00e9ments parlent en sa faveur : d\u2019une part, le Liuto forte peut \u00eatre employ\u00e9 aussi bien en solo qu\u2019en ensemble ; d\u2019autre part, il peut s\u2019appuyer sur deux traditions extr\u00eamement riches, celle du luth et celle de la guitare, ainsi que sur un h\u00e9ritage musical de cinq si\u00e8cles.<\/p>\n<p>Dans le meilleur des cas, cette fusion de toutes les forces viables du r\u00e9pertoire pour luth et pour guitare conduira \u00e0 la r\u00e9int\u00e9gration \u00e0 part enti\u00e8re d\u2019un instrument \u00e0 cordes pinc\u00e9es dans la musique d\u2019ensemble du XXI<sup>e<\/sup> si\u00e8cle. L\u2019\u00e9volution actuelle ne semble pas d\u00e9mentir de tels espoirs.[\/et_pb_text][\/et_pb_column][\/et_pb_row][\/et_pb_section]<\/p>\n","protected":false},"excerpt":{"rendered":"<p>Perspectives\u00a0: le Liuto forte doit-il remplacer le luth historique et la guitare classique ? Il est vrai que le Liuto forte avec ses trois accords principaux mi, r\u00e9 mineur et sol, couvre pratiquement la totalit\u00e9 du r\u00e9pertoire traditionnel pour luth et guitare. Malgr\u00e9 ces capacit\u00e9s consid\u00e9rables, cet instrument n\u2019est pas con\u00e7u comme un affront \u00e0 [&hellip;]<\/p>\n","protected":false},"author":1,"featured_media":0,"parent":4471,"menu_order":0,"comment_status":"closed","ping_status":"closed","template":"","meta":{"_et_pb_use_builder":"on","_et_pb_old_content":"<p>[et_pb_section fb_built=\"1\" _builder_version=\"4.16\" global_colors_info=\"{}\"][et_pb_row _builder_version=\"4.16\" background_size=\"initial\" background_position=\"top_left\" background_repeat=\"repeat\" global_colors_info=\"{}\" column_structure=\"1_4,3_4\"][et_pb_column type=\"1_4\" _builder_version=\"4.16\" custom_padding=\"|||\" global_colors_info=\"{}\" custom_padding__hover=\"|||\"][et_pb_sidebar area=\"et_pb_widget_area_3\" admin_label=\"Seitenleiste: \u00dcber den LF\" _builder_version=\"4.4.3\" body_line_height=\"1.5em\" max_width=\"100%\" custom_css_after=\"font-weight: bold;\" global_module=\"994\" saved_tabs=\"all\" global_colors_info=\"{}\"][\/et_pb_sidebar][\/et_pb_column][et_pb_column type=\"3_4\" _builder_version=\"4.16\" custom_padding=\"|||\" global_colors_info=\"{}\" custom_padding__hover=\"|||\"][et_pb_text admin_label=\"Ausblick: \" _builder_version=\"4.16\" global_colors_info=\"{}\"]<\/p><h1>Ausblick: Soll der Liuto forte historische Laute und klassische Gitarre ersetzen?<\/h1><p>Es ist wahr, da\u00df sich mit dem Liuto forte in seinen drei Grundstimmungen e, d und g nahezu das gesamte \u00fcberlieferte Repertoire f\u00fcr Laute und Gitarre wiedergeben l\u00e4\u00dft. Trotz dieser enormen M\u00f6glichkeiten versteht er sich jedoch nicht als Affront gegen das vorhandene Instrumentarium, sondern m\u00f6chte zu einer integrierenden Mitte im breiten Spektrum der Zupfinstrumente werden, wie es die Laute in der europ\u00e4ischen Kulturgeschichte schon einmal war.<\/p><p><img class=\"alignnone size-full wp-image-4465\" src=\"https:\/\/liuto-forte.de\/wp-content\/uploads\/2019\/02\/26-DSC00991.jpg\" alt=\"\" width=\"570\" height=\"428\" \/><\/p><p>Der Liuto forte verh\u00e4lt sich zur historischen Laute und zur Biedermeiergitarre etwa wie ein moderner Konzertfl\u00fcgel zu Cembalo und Hammerklavier. Auch wenn auf dem Fl\u00fcgel eine wesentlich gr\u00f6\u00dfere Bandbreite musikalischer Stile darstellbar ist, w\u00fcrde doch heutzutage niemand mehr behaupten, da\u00df es seine Aufgabe sei, Cembalo oder Hammerklavier zu ersetzen. Ebenso w\u00e4re es weder sinnvoll noch w\u00fcnschenswert, die in den vergangenen Jahren wiedergewonnene Vielfalt der historischen Zupfinstrumente durch ein \u00fcberm\u00e4chtiges Exemplar in ihrer weiteren Verbreitung einzuschr\u00e4nken.<\/p><p>Verunsicherte Spieler der historischen Laute seien darauf hingewiesen, da\u00df es bei dieser Neuerung nicht darum geht, ihr T\u00e4tigkeitsfeld einzuengen, sondern zu erweitern. Es gen\u00fcgt auf Dauer nicht, sich mit der Pflege einer eindrucksvollen Historie zu begn\u00fcgen. Wenn die Laute eine Zukunft haben soll, mu\u00df sie zun\u00e4chst erst einmal in der Gegenwart ankommen.<\/p><p>Vielleicht sind die hier nur in Umrissen angedeuteten M\u00f6glichkeiten des Liuto forte schon Anreiz genug, um Gitarristen zu einem ernsthaften Versuch mit einem solchen Instrument zu ermutigen. Lautenisten indessen k\u00f6nnte die Aussicht befl\u00fcgeln, jenseits historischer Begrenzungen wieder universell einsetzbar zu sein und es im 21. Jahrhundert der Erfolgsgeschichte der Gitarre im 20. Jahrhundert gleichzutun.<\/p><p>Zu den Spielern des Liuto forte z\u00e4hlen inzwischen gleicherma\u00dfen prominente Gitarristen wie bekannte Lautenspieler. Es k\u00f6nnte sein, da\u00df dieses Instrument eine \u00e4hnliche Zukunft vor sich hat, wie der Arciliuto um 1600 oder das Cello knapp 100 Jahre sp\u00e4ter. Daf\u00fcr spricht, da\u00df der Liuto forte sowohl als Solo- wie als Ensembleinstrument uneingeschr\u00e4nkt verwendbar ist und sich auf zwei au\u00dferordentlich reiche Traditionen \u2013 die lautenistische und die gitarristische \u2013 sowie ein musikalisches Erbe aus f\u00fcnf Jahrhunderten st\u00fctzen kann.<\/p><p>Im besten Fall wird diese Zusammenfassung aller lebensf\u00e4higen Potenzen der Lauten- und Gitarren\u00fcberlieferung zur wirklichen Reintegration eines Zupfinstrumentes in die Ensemblemusik des 21. Jahrhunderts f\u00fchren. Die bisherige Entwicklung schlie\u00dft solche Hoffnungen nicht aus.<\/p><p>[\/et_pb_text][\/et_pb_column][\/et_pb_row][\/et_pb_section]<\/p>","_et_gb_content_width":"","_exactmetrics_skip_tracking":false,"_exactmetrics_sitenote_active":false,"_exactmetrics_sitenote_note":"","_exactmetrics_sitenote_category":0,"footnotes":""},"class_list":["post-4467","page","type-page","status-publish","hentry"],"_links":{"self":[{"href":"https:\/\/liuto-forte.de\/fr\/wp-json\/wp\/v2\/pages\/4467","targetHints":{"allow":["GET"]}}],"collection":[{"href":"https:\/\/liuto-forte.de\/fr\/wp-json\/wp\/v2\/pages"}],"about":[{"href":"https:\/\/liuto-forte.de\/fr\/wp-json\/wp\/v2\/types\/page"}],"author":[{"embeddable":true,"href":"https:\/\/liuto-forte.de\/fr\/wp-json\/wp\/v2\/users\/1"}],"replies":[{"embeddable":true,"href":"https:\/\/liuto-forte.de\/fr\/wp-json\/wp\/v2\/comments?post=4467"}],"version-history":[{"count":4,"href":"https:\/\/liuto-forte.de\/fr\/wp-json\/wp\/v2\/pages\/4467\/revisions"}],"predecessor-version":[{"id":4710,"href":"https:\/\/liuto-forte.de\/fr\/wp-json\/wp\/v2\/pages\/4467\/revisions\/4710"}],"up":[{"embeddable":true,"href":"https:\/\/liuto-forte.de\/fr\/wp-json\/wp\/v2\/pages\/4471"}],"wp:attachment":[{"href":"https:\/\/liuto-forte.de\/fr\/wp-json\/wp\/v2\/media?parent=4467"}],"curies":[{"name":"wp","href":"https:\/\/api.w.org\/{rel}","templated":true}]}}