{"id":4471,"date":"2023-02-10T17:06:09","date_gmt":"2023-02-10T16:06:09","guid":{"rendered":"https:\/\/liuto-forte.de\/?page_id=4471"},"modified":"2023-06-13T11:30:52","modified_gmt":"2023-06-13T09:30:52","slug":"laute-und-gitarre-ein-dilemma","status":"publish","type":"page","link":"https:\/\/liuto-forte.de\/fr\/willkommen\/laute-und-gitarre-ein-dilemma\/","title":{"rendered":"Laute und Gitarre \u2013 ein Dilemma?"},"content":{"rendered":"<p>[et_pb_section fb_built=\u00a0\u00bb1&Prime; _builder_version=\u00a0\u00bb4.16&Prime; global_colors_info=\u00a0\u00bb{}\u00a0\u00bb][et_pb_row column_structure=\u00a0\u00bb1_4,3_4&Prime; _builder_version=\u00a0\u00bb4.16&Prime; background_size=\u00a0\u00bbinitial\u00a0\u00bb background_position=\u00a0\u00bbtop_left\u00a0\u00bb background_repeat=\u00a0\u00bbrepeat\u00a0\u00bb global_colors_info=\u00a0\u00bb{}\u00a0\u00bb][et_pb_column type=\u00a0\u00bb1_4&Prime; _builder_version=\u00a0\u00bb4.16&Prime; custom_padding=\u00a0\u00bb|||\u00a0\u00bb global_colors_info=\u00a0\u00bb{}\u00a0\u00bb custom_padding__hover=\u00a0\u00bb|||\u00a0\u00bb][et_pb_sidebar area=\u00a0\u00bbet_pb_widget_area_3&Prime; admin_label=\u00a0\u00bbSeitenleiste: \u00dcber den LF\u00a0\u00bb _builder_version=\u00a0\u00bb4.16&Prime; body_line_height=\u00a0\u00bb1.5em\u00a0\u00bb max_width=\u00a0\u00bb100%\u00a0\u00bb custom_css_after=\u00a0\u00bbfont-weight: bold;\u00a0\u00bb saved_tabs=\u00a0\u00bball\u00a0\u00bb global_colors_info=\u00a0\u00bb{}\u00a0\u00bb][\/et_pb_sidebar][\/et_pb_column][et_pb_column type=\u00a0\u00bb3_4&Prime; _builder_version=\u00a0\u00bb4.16&Prime; custom_padding=\u00a0\u00bb|||\u00a0\u00bb global_colors_info=\u00a0\u00bb{}\u00a0\u00bb custom_padding__hover=\u00a0\u00bb|||\u00a0\u00bb][et_pb_text admin_label=\u00a0\u00bbLaute und Gitarre \u2013 ein Dilemma?\u00a0\u00bb _builder_version=\u00a0\u00bb4.21.0&Prime; hover_enabled=\u00a0\u00bb0&Prime; global_colors_info=\u00a0\u00bb{}\u00a0\u00bb sticky_enabled=\u00a0\u00bb0&Prime;]<\/p>\n<h1>Luth et guitare \u2013 un dilemme ?<\/h1>\n<p>La guitare espagnole<sup class=\"redbold\">1<\/sup> fait partie des instruments de musique qui ont remport\u00e9 le plus de succ\u00e8s au XX<sup>e<\/sup> si\u00e8cle, mais pourtant cette popularit\u00e9 ne lui a pas permis de combler le vide cr\u00e9\u00e9 par la disparition du luth dans les ensembles de l\u2019apr\u00e8s-baroque. Le r\u00eave d\u2019Andres Segovia de la voir occuper un r\u00f4le \u00e9gal au violoncelle et au basson dans les orchestres contemporains ne se r\u00e9alisa pas.<\/p>\n<p><img loading=\"lazy\" decoding=\"async\" class=\"alignnone size-full wp-image-4305\" src=\"https:\/\/liuto-forte.de\/wp-content\/uploads\/2019\/01\/Carlo-Hilsdorf.jpg\" alt=\"\" width=\"640\" height=\"480\" srcset=\"https:\/\/liuto-forte.de\/wp-content\/uploads\/2019\/01\/Carlo-Hilsdorf.jpg 640w, https:\/\/liuto-forte.de\/wp-content\/uploads\/2019\/01\/Carlo-Hilsdorf-300x225.jpg 300w, https:\/\/liuto-forte.de\/wp-content\/uploads\/2019\/01\/Carlo-Hilsdorf-510x382.jpg 510w\" sizes=\"(max-width: 640px) 100vw, 640px\" \/><\/p>\n<p>De son c\u00f4t\u00e9, le luth historique, qui a fait l\u2019objet d\u2019une renaissance au cours des derni\u00e8res d\u00e9cennies, n\u2019a r\u00e9ussi jusqu\u2019ici \u2013 en dehors du domaine prot\u00e9g\u00e9 de la musique ancienne \u2013 ni \u00e0 faire r\u00e9viser le jugement que porte sur lui l\u2019histoire, ni \u00e0 atteindre une diffusion un tant soit peu comparable \u00e0 celle de la guitare espagnole. Au lieu de cela, il se heurte, \u00e0 nouveau, aux m\u00eames limites acoustiques qu\u2019au XVIII<sup>e<\/sup> si\u00e8cle.<\/p>\n<p>\u00c9tant donn\u00e9 le nombre restreint de ses adeptes, on ne peut rendre responsable le luth, et l\u2019int\u00e9r\u00eat croissant qu\u2019il suscite, d\u2019avoir priv\u00e9 la guitare espagnole d\u2019un triomphe complet.<\/p>\n<p>Les raisons se trouvent davantage dans la difficult\u00e9 \u00e0 s\u2019imposer de la guitare dans la musique de chambre. N\u00e9anmoins, alors que les guitaristes se plaisaient autrefois \u00e0 jouer une grande partie du r\u00e9pertoire pour luth, sa restitution sans contrepartie aux luthistes dans la deuxi\u00e8me moiti\u00e9 du XX<sup>e<\/sup> si\u00e8cle contribua ind\u00e9niablement \u00e0 l\u2019affaiblissement de la position de la guitare.<\/p>\n<p style=\"padding-left: 30px;\"><sup class=\"redbold\">1<\/sup> Trouver une d\u00e9signation correcte pour cet instrument appel\u00e9 aujourd\u2019hui \u00ab guitare classique \u00bb s\u2019av\u00e8re difficile. Du point de vue de l\u2019histoire de la musique, le terme \u00ab guitare classique \u00bb convient davantage \u00e0 l\u2019instrument de l\u2019\u00e9poque romantique. La d\u00e9signation \u00ab guitare de concert \u00bb apparue dans les ann\u00e9es 1920 repose sur le souhait de distinguer celle-ci de l\u2019instrument populaire fabriqu\u00e9 en masse et utilis\u00e9 surtout pour accompagner le chant. Dans la mesure o\u00f9 la guitare contemporaine doit sa forme et ses principales caract\u00e9ristiques de construction aux luthiers espagnols du XIX<sup>e<\/sup> si\u00e8cle, nous l\u2019appellerons ici \u00ab guitare espagnole \u00bb et non guitare \u00ab classique \u00bb ou \u00ab de concert \u00bb.<\/p>\n<p>[\/et_pb_text][\/et_pb_column][\/et_pb_row][\/et_pb_section]<\/p>\n","protected":false},"excerpt":{"rendered":"<p>Luth et guitare \u2013 un dilemme ? La guitare espagnole1 fait partie des instruments de musique qui ont remport\u00e9 le plus de succ\u00e8s au XXe si\u00e8cle, mais pourtant cette popularit\u00e9 ne lui a pas permis de combler le vide cr\u00e9\u00e9 par la disparition du luth dans les ensembles de l\u2019apr\u00e8s-baroque. Le r\u00eave d\u2019Andres Segovia de [&hellip;]<\/p>\n","protected":false},"author":1,"featured_media":0,"parent":2982,"menu_order":0,"comment_status":"closed","ping_status":"closed","template":"","meta":{"_et_pb_use_builder":"on","_et_pb_old_content":"<p>[et_pb_section fb_built=\"1\" _builder_version=\"3.22\"][et_pb_row column_structure=\"1_4,3_4\" _builder_version=\"3.25\" background_size=\"initial\" background_position=\"top_left\" background_repeat=\"repeat\"][et_pb_column type=\"1_4\" _builder_version=\"3.25\" custom_padding=\"|||\" custom_padding__hover=\"|||\"][et_pb_sidebar area=\"et_pb_widget_area_3\" admin_label=\"Seitenleiste: \u00dcber den LF\" _builder_version=\"4.4.3\" body_line_height=\"1.5em\" max_width=\"100%\" hover_enabled=\"0\" custom_css_after=\"font-weight: bold;\" global_module=\"994\" saved_tabs=\"all\"][\/et_pb_sidebar][\/et_pb_column][et_pb_column type=\"3_4\" _builder_version=\"3.25\" custom_padding=\"|||\" custom_padding__hover=\"|||\"][et_pb_text admin_label=\"Laute und Gitarre \u2013 ein Dilemma?\" _builder_version=\"3.27.4\"]<\/p><h1>Laute und Gitarre \u2013 ein Dilemma?<\/h1><p>Die spanische Gitarre<sup>1<\/sup>\u00a0geh\u00f6rt zu den erfolgreichsten Musikinstrumenten des 20. Jahrhunderts. Ungeachtet aller Popularit\u00e4t gelang es ihr jedoch nicht, die L\u00fccke zu schlie\u00dfen, die das Verschwinden der Laute im nachbarocken Ensemble hinterlie\u00df. Andres Segovias Hoffnung, da\u00df sie einmal gleichberechtigt neben Cello und Fagott einen Platz im zeitgen\u00f6ssischen Orchester einnehmen w\u00fcrde, blieb leider nur ein Traum.<\/p><p><img class=\"alignnone size-full wp-image-4305\" src=\"https:\/\/liuto-forte.de\/wp-content\/uploads\/2019\/01\/Carlo-Hilsdorf.jpg\" alt=\"\" width=\"640\" height=\"480\" \/><\/p><p>Der in den vergangenen Jahrzehnten reanimierten historischen Laute wiederum ist es \u2013 au\u00dferhalb des gesch\u00fctzten Bereiches Alter Musik \u2013 bis heute nicht gegl\u00fcckt, das \u00fcber sie verh\u00e4ngte grausame Urteil der Geschichte zu revidieren und eine Verbreitung zu erlangen, die der der spanischen Gitarre auch nur ann\u00e4hernd vergleichbar w\u00e4re. Sie st\u00f6\u00dft stattdessen aufs Neue an jene akustischen Grenzen, vor denen sie im 18. Jahrhundert schon einmal stand.<\/p><p>Das wiedererwachte Interesse am Spiel der Lauteninstrumente kann schon der geringen Anzahl seiner Anh\u00e4nger wegen kaum daf\u00fcr verantwortlich gemacht werden, da\u00df der spanischen Gitarre ein vollst\u00e4ndiger Triumph versagt blieb.<\/p><p>Die Gr\u00fcnde daf\u00fcr liegen eher im unzureichenden Durchsetzungsverm\u00f6gen der Gitarre in der Kammermusik. Allerdings trug die entsch\u00e4digungslose R\u00fcckgabe gro\u00dfer Teile des fr\u00fcher auch von Gitarristen gepflegten Lautenrepertoires an die Lautenisten in der zweiten H\u00e4lfte des 20. Jahrhunderts klar zu einer Schw\u00e4chung der Position der Gitarre bei.<\/p><p style=\"padding-left: 30px;\"><sup>1\u00a0<\/sup>Eine korrekte Bezeichnung f\u00fcr dieses heute \u201eklassische Gitarre\u201d oder \u201eKonzertgitarre\u201d genannte Instrument zu finden erweist sich als schwierig. Musikgeschichtlich geb\u00fchrt der Begriff \u201eklassische Gitarre\u201d eher dem Instrument der Biedermeierzeit. Die in den 1920er Jahren aufgekommene Bezeichnung \u201eKonzertgitarre\u201d wiederum beruhte auf dem Wunsch nach Abgrenzung gegen\u00fcber dem vorwiegend zur Liedbegleitung benutzten volkst\u00fcmlichen Instrument aus Massenfabrikation. Da die heutige Gitarre ihre Form und ihre wesentlichen konstruktiven Merkmale spanischen Gitarrenbauern des 19. Jahrhunderts verdankt, wird sie im Folgenden nicht als \u201eklassische\u201d oder \u201eKonzertgitarre\u201d sondern als spanische Gitarre bezeichnet werden.<\/p><p>[\/et_pb_text][\/et_pb_column][\/et_pb_row][\/et_pb_section]<\/p>","_et_gb_content_width":"","_exactmetrics_skip_tracking":false,"_exactmetrics_sitenote_active":false,"_exactmetrics_sitenote_note":"","_exactmetrics_sitenote_category":0,"footnotes":""},"class_list":["post-4471","page","type-page","status-publish","hentry"],"_links":{"self":[{"href":"https:\/\/liuto-forte.de\/fr\/wp-json\/wp\/v2\/pages\/4471","targetHints":{"allow":["GET"]}}],"collection":[{"href":"https:\/\/liuto-forte.de\/fr\/wp-json\/wp\/v2\/pages"}],"about":[{"href":"https:\/\/liuto-forte.de\/fr\/wp-json\/wp\/v2\/types\/page"}],"author":[{"embeddable":true,"href":"https:\/\/liuto-forte.de\/fr\/wp-json\/wp\/v2\/users\/1"}],"replies":[{"embeddable":true,"href":"https:\/\/liuto-forte.de\/fr\/wp-json\/wp\/v2\/comments?post=4471"}],"version-history":[{"count":6,"href":"https:\/\/liuto-forte.de\/fr\/wp-json\/wp\/v2\/pages\/4471\/revisions"}],"predecessor-version":[{"id":5235,"href":"https:\/\/liuto-forte.de\/fr\/wp-json\/wp\/v2\/pages\/4471\/revisions\/5235"}],"up":[{"embeddable":true,"href":"https:\/\/liuto-forte.de\/fr\/wp-json\/wp\/v2\/pages\/2982"}],"wp:attachment":[{"href":"https:\/\/liuto-forte.de\/fr\/wp-json\/wp\/v2\/media?parent=4471"}],"curies":[{"name":"wp","href":"https:\/\/api.w.org\/{rel}","templated":true}]}}