{"id":4487,"date":"2023-02-10T17:37:30","date_gmt":"2023-02-10T16:37:30","guid":{"rendered":"https:\/\/liuto-forte.de\/?page_id=4487"},"modified":"2023-02-22T08:39:38","modified_gmt":"2023-02-22T07:39:38","slug":"originalinstrumente-originaler-klang","status":"publish","type":"page","link":"https:\/\/liuto-forte.de\/fr\/willkommen\/laute-und-gitarre-ein-dilemma\/originalinstrumente-originaler-klang\/","title":{"rendered":"Originalinstrumente \u2013 originaler Klang?"},"content":{"rendered":"<p>[et_pb_section fb_built=\u00a0\u00bb1&Prime; _builder_version=\u00a0\u00bb4.16&Prime; global_colors_info=\u00a0\u00bb{}\u00a0\u00bb][et_pb_row column_structure=\u00a0\u00bb1_4,3_4&Prime; _builder_version=\u00a0\u00bb4.16&Prime; background_size=\u00a0\u00bbinitial\u00a0\u00bb background_position=\u00a0\u00bbtop_left\u00a0\u00bb background_repeat=\u00a0\u00bbrepeat\u00a0\u00bb global_colors_info=\u00a0\u00bb{}\u00a0\u00bb][et_pb_column type=\u00a0\u00bb1_4&Prime; _builder_version=\u00a0\u00bb4.16&Prime; custom_padding=\u00a0\u00bb|||\u00a0\u00bb global_colors_info=\u00a0\u00bb{}\u00a0\u00bb custom_padding__hover=\u00a0\u00bb|||\u00a0\u00bb][et_pb_sidebar area=\u00a0\u00bbet_pb_widget_area_3&Prime; admin_label=\u00a0\u00bbSeitenleiste: \u00dcber den LF\u00a0\u00bb _builder_version=\u00a0\u00bb4.16&Prime; saved_tabs=\u00a0\u00bball\u00a0\u00bb global_colors_info=\u00a0\u00bb{}\u00a0\u00bb][\/et_pb_sidebar][\/et_pb_column][et_pb_column type=\u00a0\u00bb3_4&Prime; _builder_version=\u00a0\u00bb4.16&Prime; custom_padding=\u00a0\u00bb|||\u00a0\u00bb global_colors_info=\u00a0\u00bb{}\u00a0\u00bb custom_padding__hover=\u00a0\u00bb|||\u00a0\u00bb][et_pb_text admin_label=\u00a0\u00bbOriginalinstrumente \u2013 originaler Klang?\u00a0\u00bb _builder_version=\u00a0\u00bb4.20.0&Prime; hover_enabled=\u00a0\u00bb0&Prime; global_colors_info=\u00a0\u00bb{}\u00a0\u00bb sticky_enabled=\u00a0\u00bb0&Prime;]<\/p>\n<h1>Instrument original \u2013 sonorit\u00e9 originale?<\/h1>\n<p>L\u2019indication \u00ab son original \u00bb ou l\u2019utilisation \u00ab d\u2019instruments originaux \u00bb comptent actuellement parmi les outils les plus utilis\u00e9s du marketing musical. Si cela peut se justifier dans le cas d\u2019instruments qui n\u2019ont cess\u00e9 d\u2019\u00eatre jou\u00e9s, cette \u00e9tiquette doit, en revanche, \u00eatre appr\u00e9hend\u00e9e avec la plus grande m\u00e9fiance dans le cas du luth.<\/p>\n<p><img loading=\"lazy\" decoding=\"async\" class=\"alignleft size-full wp-image-4489\" src=\"https:\/\/liuto-forte.de\/wp-content\/uploads\/2019\/02\/04_stradivari.jpg\" alt=\"\" width=\"464\" height=\"301\" srcset=\"https:\/\/liuto-forte.de\/wp-content\/uploads\/2019\/02\/04_stradivari.jpg 464w, https:\/\/liuto-forte.de\/wp-content\/uploads\/2019\/02\/04_stradivari-300x195.jpg 300w\" sizes=\"(max-width: 464px) 100vw, 464px\" \/><\/p>\n<p>Dans la mesure o\u00f9 les quelque 1000 luths des XVI<sup>e<\/sup>, XVII<sup>e<\/sup> et XVIII<sup>e<\/sup> si\u00e8cles conserv\u00e9s aujourd\u2019hui<sup class=\"redbold\">1<\/sup> sont presque tous morts ou semi-morts du point de vue sonore<sup class=\"redbold\">2<\/sup>, les luthiers charg\u00e9s de copier ces instruments pour leurs clients ne savent gu\u00e8re ce qu\u2019ils doivent vraiment copier.<\/p>\n<p>Chaque facteur d\u2019instrument sait que des instruments identiques au millim\u00e8tre pr\u00e8s et faits avec le bois du m\u00eame tronc peuvent sonner de mani\u00e8re compl\u00e8tement diff\u00e9rente, alors que deux instruments de facture dissemblable peuvent \u00eatre de sonorit\u00e9 tr\u00e8s proche, voire identique. Ainsi, puisque le timbre, que l\u2019on pourrait consid\u00e9rer comme le seul crit\u00e8re fiable pour juger de la valeur d\u2019une copie d\u2019un instrument, n\u2019est plus analysable dans 98% des luths d\u2019\u00e9poque, luthistes et luthiers se trouvent d\u00e8s lors priv\u00e9s de rep\u00e8res. La reconstitution du son original d\u2019un instrument \u00e0 partir d\u2019une copie conforme est une illusion.<\/p>\n<p>En d\u00e9pit des transformations apport\u00e9es \u00e0 ces instruments, nous sommes aujourd\u2019hui capables de d\u00e9terminer les diff\u00e9rences caract\u00e9ristiques entre les violons de Stradivarius et ceux de Guadagnini. Mais qui peut nous dire ce qui diff\u00e9rencie les luths de Leonardo Tieffenbrucker de ceux de Vendelio V\u00e9n\u00e8re ?<\/p>\n<p>Dans leurs catalogues, les luthiers contemporains proposent \u00e0 leurs clients des copies d\u2019instruments de luthiers du XVII<sup>e<\/sup> si\u00e8cle comme Frey, Tieffenbrucker, V\u00e9n\u00e8re et d\u2019autres. Cette offre donne \u00e0 l\u2019acheteur l\u2019impression d\u2019avoir le choix entre divers timbres qui seraient la marque personnelle d\u2019instruments con\u00e7us par l\u2019un des fabricants historiques cit\u00e9s. Pour \u00eatre correcte, cette offre devrait \u00eatre compl\u00e9t\u00e9e par la mention : \u00ab Nous d\u00e9clinons toute responsabilit\u00e9 quant \u00e0 la similitude de timbre entre l\u2019original et la copie \u00bb, puisque le son de l\u2019original reste malheureusement totalement inconnu tant du fabricant que de l\u2019acheteur.<\/p>\n<p>\u00c0 la diff\u00e9rence des violons, la quantit\u00e9 infime des luths historiques encore jouables de nos jours rend impossible la description, m\u00eame partielle, des caract\u00e9ristiques sonores d\u00e9velopp\u00e9es par les diverses dynasties florissantes de luthiers du XVI<sup>e<\/sup> si\u00e8cle, ni m\u00eame la connaissance de l\u2019id\u00e9al vers lequel elles tendaient.<sup class=\"redbold\">3<\/sup> Les commanditaires d\u2019un mod\u00e8le \u00ab Frey \u00bb, \u00ab Tieffenbrucker \u00bb ou \u00ab V\u00e9n\u00e8re \u00bb acqui\u00e8rent ainsi la r\u00e9plique d\u2019une carrosserie historique, dans laquelle le luthier aura install\u00e9, dans le meilleur des cas, l\u2019id\u00e9e qu\u2019il se fait du timbre original de ces instruments.<\/p>\n<p>Il nous faut donc admettre que nous ne pouvons que \u00ab r\u00e9inventer \u00bb le luth, du moins si l\u2019on consid\u00e8re l\u2019aspect acoustique.<\/p>\n<p>En ce qui concerne la reconstitution de la \u00ab technique originale de jeu \u00bb sur luth ancien, ce sont peut-\u00eatre actuellement les joueurs de luths de la Renaissance qui s\u2019en approchent le plus. Les luthistes baroques contemporains adoptent, en revanche, une position de la main droite tr\u00e8s diff\u00e9rente de celle visible sur les repr\u00e9sentations d\u2019\u00e9poques. Il semble que la position de la main droite d\u00e9crite dans les trait\u00e9s des XVII<sup>e<\/sup> et XVIII<sup>e<\/sup> si\u00e8cles et d\u2019apr\u00e8s lesquels l\u2019auriculaire prend appui juste devant ou derri\u00e8re le chevalet ait des cons\u00e9quences sonores que m\u00eame les d\u00e9fenseurs du son original les plus intransigeants ne supporteraient pas.<sup class=\"redbold\">4<\/sup> En effet, ce point d\u2019appui est \u00e0 mettre en relation avec la nature m\u00eame des cordes alors utilis\u00e9es, qui se distingue consid\u00e9rablement des cordes contemporaines.<\/p>\n<p class=\"fn\" style=\"padding-left: 30px;\"><sup class=\"redbold\">1<\/sup> Les luths connus aujourd\u2019hui sont r\u00e9pertori\u00e9s de mani\u00e8re la plus compl\u00e8te dans le \u00ab Lautenweltadressbuch \u00bb de Klaus Martius : <a href=\"https:\/\/home.dartmouth.edu\/?gcsQuery=lute\" target=\"_blank\" rel=\"noopener\">www.cs.dartmouth.edu<\/a><\/p>\n<p class=\"fn\" style=\"padding-left: 30px;\"><sup class=\"redbold\">2<\/sup> M\u00eame pour les luths encore jouables aujourd\u2019hui, le fait de ne pas avoir \u00e9t\u00e9 jou\u00e9s pendant deux ou trois cents ans, rend impossible de dire si leur son correspond encore \u00e0 ce qu\u2019il \u00e9tait autrefois.<\/p>\n<p class=\"fn\" style=\"padding-left: 30px;\"><sup class=\"redbold\">3<\/sup> Les constations d\u2019ordre g\u00e9n\u00e9ral, comme la diff\u00e9rence de son entre les corps bomb\u00e9s et les corps aplatis, et qui valent \u00e9galement pour les instruments historiques, font ici exception.<\/p>\n<p class=\"fn\" style=\"padding-left: 30px;\"><sup class=\"redbold\">4<\/sup> Le fait que les luthistes d\u2019autrefois fixaient leur main droite au chevalet peut se v\u00e9rifier non seulement sur les illustrations d\u2019\u00e9poque mais aussi d\u2019apr\u00e8s les traces d\u2019usure sur la table. Le petit doigt d\u2019un joueur prenant appui derri\u00e8re le chevalet a laiss\u00e9 un v\u00e9ritable creux sur un instrument de Hans Frey conserv\u00e9 au Kunsthistorisches Museum de Vienne.<\/p>\n<p>[\/et_pb_text][\/et_pb_column][\/et_pb_row][\/et_pb_section]<\/p>\n","protected":false},"excerpt":{"rendered":"<p>Instrument original \u2013 sonorit\u00e9 originale? L\u2019indication \u00ab son original \u00bb ou l\u2019utilisation \u00ab d\u2019instruments originaux \u00bb comptent actuellement parmi les outils les plus utilis\u00e9s du marketing musical. Si cela peut se justifier dans le cas d\u2019instruments qui n\u2019ont cess\u00e9 d\u2019\u00eatre jou\u00e9s, cette \u00e9tiquette doit, en revanche, \u00eatre appr\u00e9hend\u00e9e avec la plus grande m\u00e9fiance dans le [&hellip;]<\/p>\n","protected":false},"author":1,"featured_media":0,"parent":4471,"menu_order":0,"comment_status":"closed","ping_status":"closed","template":"","meta":{"_et_pb_use_builder":"on","_et_pb_old_content":"<p>[et_pb_section bb_built=\"1\"][et_pb_row][et_pb_column type=\"1_4\"][et_pb_sidebar admin_label=\"Seitenleiste: \u00dcber den LF\" _builder_version=\"3.19.11\" area=\"et_pb_widget_area_3\" saved_tabs=\"all\" global_module=\"994\" \/][\/et_pb_column][et_pb_column type=\"3_4\"][et_pb_text admin_label=\"Originalinstrumente \u2013 originaler Klang?\" _builder_version=\"3.19.11\"]<\/p><h1>Originalinstrumente \u2013 originaler Klang?<\/h1><p>Der Verweis auf \u201eOriginalklang\u201d oder die Verwendung von \u201eOriginalinstrumenten\u201d z\u00e4hlt zu den erprobtesten Werkzeugen heutigen Musikmarketings. Er mag bei Instrumenten, die immer in Gebrauch gewesen sind, eine gewisse Berechtigung haben, im Fall der Laute ist gegen\u00fcber diesem Etikett jedoch gr\u00f6\u00dftes Mi\u00dftrauen angebracht.<\/p><p><img class=\"alignleft size-full wp-image-4489\" src=\"https:\/\/liuto-forte.de\/wp-content\/uploads\/2019\/02\/04_stradivari.jpg\" alt=\"\" width=\"464\" height=\"301\" \/>Da beinahe alle der etwa 1000 heute noch erhaltenen Lauten des 16. bis 18. Jahrhunderts<sup id=\"fn\">1<\/sup>\u00a0klanglich tot oder zumindest halbtot sind,<sup id=\"fn\">2<\/sup>\u00a0wissen Lautenbauer, die von Kunden um Kopien solcher Instrumente ersucht werden, im Grunde genommen nicht, was sie eigentlich kopieren sollen.<\/p><p>Jedem Hersteller ist bekannt, da\u00df Instrumente selbst bei milimetergenauer identischer Abmessung und H\u00f6lzern vom gleichen Stamm v\u00f6llig verschieden zu klingen verm\u00f6gen, w\u00e4hrend der Klang von Instrumenten abweichender Bauart sich bis zur Ununterscheidbarkeit \u00e4hneln kann. Da der Klang als allein verl\u00e4\u00dfliches Kriterium des Gelingens der Kopie eines Musikinstrumentes bei 98% der \u00fcberlieferten Lauten nicht mehr zu beurteilen ist, verf\u00fcgen weder Lautenspieler noch Lautenbauer des 20. Jahrhunderts \u00fcber Ma\u00dfst\u00e4be, an denen sie sich orientieren k\u00f6nnten. Die Rekonstruktion des urspr\u00fcnglichen Klanges eines Instrumentes durch ma\u00dfstabsgetreuen Nachbau der Vorlage ist eine Illusion.<\/p><p>Wir verm\u00f6gen \u2013 trotz erfolgter Umbauten \u2013 auch heute noch festzustellen, was die charakteristischen Unterschiede der Violinen Stradivaris gegen\u00fcber denen Guadagninis sind. Wer aber vermag zu sagen, worin sich die Lauten Leonardo Tieffenbruckers von denen Vendelio Veneres unterscheiden?<\/p><p>In Angebotslisten heutiger Lautenbauer werden den Kunden Kopien der Instrumente von Lautenmachern des 16. Jahrhunderts wie Frey, Tieffenbrucker, Venere oder anderen offeriert. Das Angebot erweckt den Eindruck, als h\u00e4tte der K\u00e4ufer die Wahl zwischen Klangrichtungen, die das pers\u00f6nliche Merkmal der Instrumente eines des jeweils genannten historischen Lautenmachers sind. Die Offerte m\u00fc\u00dfte korrekterweise den Zusatz enthalten \u201ef\u00fcr die \u00c4hnlichkeit des Klanges der Kopie mit dem des Originals wird keine Haftung \u00fcbernommen\u201d, da der Klang des Originals sowohl dem Hersteller wie dem K\u00e4ufer vollkommen unbekannt ist.<\/p><p>Es l\u00e4\u00dft sich aufgrund der gegen\u00fcber alten Streichinstrumenten verschwindend geringen Anzahl noch spielbarer historischer Lauten heute nicht einmal mehr ansatzweise beschreiben, welche Klangrichtungen f\u00fcr die einzelnen, im 16. Jahrhundert bl\u00fchenden Lautenmacherdynastien charakteristisch waren oder nach welchem Ideal sie strebten.<sup id=\"fn\">3<\/sup>\u00a0Besteller eines Modells \u201eFrey\u201d, \u201eTieffenbrucker\u201d oder \u201eVenere\u201d erwerben den Nachbau einer historischen Karosserie, in der bestenfalls die Vorstellungen des heutigen Herstellers vom Klang dieser Instrumente untergebracht sind.<\/p><p>Wir sollten uns deshalb eingestehen, da\u00df wir die Laute zumindest in akustischer Hinsicht nur \u201enoch einmal erfinden\u201d k\u00f6nnen.<\/p><p>Was die Rekonstruktion der \u201eoriginalen Spieltechnik\u201d alter Lauteninstrumente angeht, so d\u00fcrften heutige Spieler der Renaissancelaute ihr vielleicht am n\u00e4chsten gekommen sein. Barocklautenisten der Gegenwart hingegen halten ihre Anschlagshand ganz anders, als das auf alten Abbildungen zu sehen ist. Es scheint, da\u00df die in Traktaten des 17. und 18. Jahrhunderts unzweifelhaft beschriebene Spielposition der rechten Hand mit aufgest\u00fctztem kleinem Finger unmittelbar vor oder hinter dem Steg hinsichtlich der klanglichen Konsequenzen heute nicht einmal mehr den h\u00e4rtesten Verfechtern des originalen Klanges zuzumuten ist.<sup id=\"fn\">4<\/sup>Allerdings hat diese Anschlagsposition auch etwas mit der Beschaffenheit des fr\u00fcher verwendeten Saitenmaterials zu tun, das sich vom heutigen betr\u00e4chtlich unterschied.<\/p><p class=\"fn\" style=\"padding-left: 30px;\"><sup id=\"fn\">1<\/sup>\u00a0Die heute bekannten Lauteninstrumente sind am vollst\u00e4ndigsten in dem von Klaus Martius zusammengestellten \u201eLautenweltadressbuch\u201d aufgelistet:\u00a0<a href=\"http:\/\/www.cs.dartmouth.edu\/~lsa\/associated\/database\/dbsearch.php\" target=\"_blank\" rel=\"noopener noreferrer\">www.cs.dartmouth.edu\/~lsa\/associated\/database\/dbsearch.php<\/a><\/p><p class=\"fn\" style=\"padding-left: 30px;\"><sup id=\"fn\">2<\/sup>\u00a0Selbst bei den wenigen heute noch spielbaren Lauten l\u00e4\u00dft sich nicht sagen, ob ihr Klang nach \u00fcber zwei- oder dreihundert Jahren der Nichtbenutzung des Instrumentes noch in allen Punkten dem entspricht, was er einmal war.<\/p><p class=\"fn\" style=\"padding-left: 30px;\"><sup id=\"fn\">3<\/sup>\u00a0Ausgenommen sind nat\u00fcrlich allgemeine Feststellungen wie die \u00fcber den unterschiedlichen Klang tiefgew\u00f6lbter oder abgeflachter Korpora, die auch an Nachbauten historischer Instrumente getroffen werden k\u00f6nnen.<\/p><p class=\"fn\" style=\"padding-left: 30px;\"><sup id=\"fn\">4<\/sup>\u00a0Da\u00df Lautenspieler fr\u00fcherer Zeit ihre Anschlagshand tats\u00e4chlich am Steg fixierten, ist nicht nur auf alten Darstellungen, sondern teilweise auch an den Gebrauchsspuren auf Decken historischer Lauten zu sehen. Auf einem Instrument von Hans Frey im Kunsthistorischen Museum Wien hat der hinter dem Steg aufgest\u00fctzte kleine Finger des Spielers einen regelrechten Graben hinterlassen.<\/p><p>[\/et_pb_text][\/et_pb_column][\/et_pb_row][\/et_pb_section]<\/p>","_et_gb_content_width":"","_exactmetrics_skip_tracking":false,"_exactmetrics_sitenote_active":false,"_exactmetrics_sitenote_note":"","_exactmetrics_sitenote_category":0,"footnotes":""},"class_list":["post-4487","page","type-page","status-publish","hentry"],"_links":{"self":[{"href":"https:\/\/liuto-forte.de\/fr\/wp-json\/wp\/v2\/pages\/4487","targetHints":{"allow":["GET"]}}],"collection":[{"href":"https:\/\/liuto-forte.de\/fr\/wp-json\/wp\/v2\/pages"}],"about":[{"href":"https:\/\/liuto-forte.de\/fr\/wp-json\/wp\/v2\/types\/page"}],"author":[{"embeddable":true,"href":"https:\/\/liuto-forte.de\/fr\/wp-json\/wp\/v2\/users\/1"}],"replies":[{"embeddable":true,"href":"https:\/\/liuto-forte.de\/fr\/wp-json\/wp\/v2\/comments?post=4487"}],"version-history":[{"count":5,"href":"https:\/\/liuto-forte.de\/fr\/wp-json\/wp\/v2\/pages\/4487\/revisions"}],"predecessor-version":[{"id":4734,"href":"https:\/\/liuto-forte.de\/fr\/wp-json\/wp\/v2\/pages\/4487\/revisions\/4734"}],"up":[{"embeddable":true,"href":"https:\/\/liuto-forte.de\/fr\/wp-json\/wp\/v2\/pages\/4471"}],"wp:attachment":[{"href":"https:\/\/liuto-forte.de\/fr\/wp-json\/wp\/v2\/media?parent=4487"}],"curies":[{"name":"wp","href":"https:\/\/api.w.org\/{rel}","templated":true}]}}