{"id":4525,"date":"2023-02-10T18:27:21","date_gmt":"2023-02-10T17:27:21","guid":{"rendered":"https:\/\/liuto-forte.de\/?page_id=4525"},"modified":"2023-04-13T16:56:20","modified_gmt":"2023-04-13T14:56:20","slug":"franz-bathioli","status":"publish","type":"page","link":"https:\/\/liuto-forte.de\/fr\/willkommen\/laute-und-gitarre-ein-dilemma\/franz-bathioli\/","title":{"rendered":"Franz Bathioli"},"content":{"rendered":"<p>[et_pb_section fb_built=\u00a0\u00bb1&Prime; _builder_version=\u00a0\u00bb4.16&Prime; global_colors_info=\u00a0\u00bb{}\u00a0\u00bb][et_pb_row column_structure=\u00a0\u00bb1_4,3_4&Prime; _builder_version=\u00a0\u00bb4.16&Prime; global_colors_info=\u00a0\u00bb{}\u00a0\u00bb][et_pb_column type=\u00a0\u00bb1_4&Prime; _builder_version=\u00a0\u00bb4.16&Prime; custom_padding=\u00a0\u00bb|||\u00a0\u00bb global_colors_info=\u00a0\u00bb{}\u00a0\u00bb custom_padding__hover=\u00a0\u00bb|||\u00a0\u00bb][et_pb_sidebar area=\u00a0\u00bbet_pb_widget_area_3&Prime; admin_label=\u00a0\u00bbSeitenleiste: \u00dcber den LF\u00a0\u00bb _builder_version=\u00a0\u00bb4.16&Prime; body_line_height=\u00a0\u00bb1.5em\u00a0\u00bb saved_tabs=\u00a0\u00bball\u00a0\u00bb global_colors_info=\u00a0\u00bb{}\u00a0\u00bb][\/et_pb_sidebar][\/et_pb_column][et_pb_column type=\u00a0\u00bb3_4&Prime; _builder_version=\u00a0\u00bb4.16&Prime; custom_padding=\u00a0\u00bb|||\u00a0\u00bb global_colors_info=\u00a0\u00bb{}\u00a0\u00bb custom_padding__hover=\u00a0\u00bb|||\u00a0\u00bb][et_pb_text admin_label=\u00a0\u00bbTitel: \u00a0\u00bb _builder_version=\u00a0\u00bb4.20.4&Prime; hover_enabled=\u00a0\u00bb0&Prime; global_colors_info=\u00a0\u00bb{}\u00a0\u00bb sticky_enabled=\u00a0\u00bb0&Prime;]<\/p>\n<h2>Extrait de : l\u2019Ecole des sons harmoniques \u00e0 la guitare, augment\u00e9 de remarques sur la facture de l\u2019instrument. Vienne, Diabelli, 1832.<\/h2>\n<p>\u00ab De toutes les formes de corps possibles, la meilleure et la plus avantageuse est celle qui conf\u00e8re \u00e0 l\u2019instrument la sonorit\u00e9 la plus puissante et la plus agr\u00e9able, outre une plus grande facilit\u00e9 de jeu. Mais l\u2019exp\u00e9rience montre que le son des guitares est d\u2019autant plus agr\u00e9able et ample que la table est plus bomb\u00e9e et la forme plus allong\u00e9e. La forme la plus riche d\u2019effets serait donc incontestablement celle des anciens luths, th\u00e9orbes, mandores, mandolines et autres instruments semblables, si la courbe de leur corps avait en m\u00eame temps le dessin r\u00e9gulier d\u2019une parabole ou d\u2019une ellipse. Cette forme aurait de plus l\u2019avantage de supprimer toute incertitude sur la hauteur de l\u2019\u00e9clisse, puisque les \u00e9clisses n\u2019existent pas mais forment un tout avec le corps de l\u2019instrument \u00bb.<\/p>\n<p>Voir aussi l\u2019article \u00ab\u00a0<a href=\"https:\/\/liuto-forte.de\/fr\/bauweise-von-gitarre-und-laute\/\">Construction de la guitare et du luth<\/a>\u00a0\u00bb sur ce site Web<\/p>\n<p>[\/et_pb_text][\/et_pb_column][\/et_pb_row][\/et_pb_section]<\/p>\n","protected":false},"excerpt":{"rendered":"<p>Extrait de : l\u2019Ecole des sons harmoniques \u00e0 la guitare, augment\u00e9 de remarques sur la facture de l\u2019instrument. Vienne, Diabelli, 1832. \u00ab De toutes les formes de corps possibles, la meilleure et la plus avantageuse est celle qui conf\u00e8re \u00e0 l\u2019instrument la sonorit\u00e9 la plus puissante et la plus agr\u00e9able, outre une plus grande facilit\u00e9 [&hellip;]<\/p>\n","protected":false},"author":1,"featured_media":0,"parent":4471,"menu_order":0,"comment_status":"closed","ping_status":"closed","template":"","meta":{"_et_pb_use_builder":"on","_et_pb_old_content":"<p>[et_pb_section bb_built=\"1\"][et_pb_row _builder_version=\"3.19.11\"][et_pb_column type=\"1_4\"][et_pb_sidebar admin_label=\"Seitenleiste: \u00dcber den LF\" _builder_version=\"3.19.11\" area=\"et_pb_widget_area_3\" saved_tabs=\"all\" body_line_height=\"1.5em\" global_module=\"994\" \/][\/et_pb_column][et_pb_column type=\"3_4\"][et_pb_text admin_label=\"Titel: \" _builder_version=\"3.19.11\"]<\/p><h2>Guitarre-Flageolett-Schule mit Bemerkungen \u00fcber den Guitarebau,<br \/>Wien: Diabelli 1832<\/h2><p>\u201eVon den m\u00f6glichen Formen des K\u00f6rpers ist jene die beste und vorteilhafteste, welche den st\u00e4rksten und angenehmsten Klang nebst der m\u00f6glichsten Bequemlichkeit im Spiele gew\u00e4hrt. Die Erfahrung lehrt aber, dass die Guitaren umso angenehmer und st\u00e4rker klingen, je mehr W\u00f6lbung der Boden hat, und je l\u00e4nglicher die Form im Ganzen ist. Die effectreichste Form w\u00e4re daher unstreitig jene der ehemaligen Lauten, Theorben, Mandoren, Mandolinen u.d.g.l., wenn zugleich deren W\u00f6lbung nach der regelm\u00e4ssigen Figur einer Parabel oder Elipsis eingerichtet w\u00fcrde. Diese Gestalt h\u00e4tte noch den Vortheil, dass jeder Zweifel \u00fcber die H\u00f6he der Zarge beseitigt w\u00e4re, weil es dabei keine Zargen gibt, sondern diese mit dem Boden in Eines zusammen fallen.\u201c<\/p><p>Siehe auch im Beitrag <a href=\"https:\/\/liuto-forte.de\/bauweise-von-gitarre-und-laute\/\">\"Bauweise von Gitarre und Laute\"<\/a> in dieser Webseite.<\/p><p>[\/et_pb_text][\/et_pb_column][\/et_pb_row][\/et_pb_section]<\/p>","_et_gb_content_width":"","_exactmetrics_skip_tracking":false,"_exactmetrics_sitenote_active":false,"_exactmetrics_sitenote_note":"","_exactmetrics_sitenote_category":0,"footnotes":""},"class_list":["post-4525","page","type-page","status-publish","hentry"],"_links":{"self":[{"href":"https:\/\/liuto-forte.de\/fr\/wp-json\/wp\/v2\/pages\/4525","targetHints":{"allow":["GET"]}}],"collection":[{"href":"https:\/\/liuto-forte.de\/fr\/wp-json\/wp\/v2\/pages"}],"about":[{"href":"https:\/\/liuto-forte.de\/fr\/wp-json\/wp\/v2\/types\/page"}],"author":[{"embeddable":true,"href":"https:\/\/liuto-forte.de\/fr\/wp-json\/wp\/v2\/users\/1"}],"replies":[{"embeddable":true,"href":"https:\/\/liuto-forte.de\/fr\/wp-json\/wp\/v2\/comments?post=4525"}],"version-history":[{"count":4,"href":"https:\/\/liuto-forte.de\/fr\/wp-json\/wp\/v2\/pages\/4525\/revisions"}],"predecessor-version":[{"id":4927,"href":"https:\/\/liuto-forte.de\/fr\/wp-json\/wp\/v2\/pages\/4525\/revisions\/4927"}],"up":[{"embeddable":true,"href":"https:\/\/liuto-forte.de\/fr\/wp-json\/wp\/v2\/pages\/4471"}],"wp:attachment":[{"href":"https:\/\/liuto-forte.de\/fr\/wp-json\/wp\/v2\/media?parent=4525"}],"curies":[{"name":"wp","href":"https:\/\/api.w.org\/{rel}","templated":true}]}}