{"id":4794,"date":"2023-03-23T09:28:43","date_gmt":"2023-03-23T08:28:43","guid":{"rendered":"https:\/\/liuto-forte.de\/?page_id=4794"},"modified":"2023-03-24T11:36:16","modified_gmt":"2023-03-24T10:36:16","slug":"sieben-gruende-einen-liuto-forte-zu-spielen","status":"publish","type":"page","link":"https:\/\/liuto-forte.de\/fr\/willkommen\/auswahl-kauf\/sieben-gruende-einen-liuto-forte-zu-spielen\/","title":{"rendered":"Sieben Gr\u00fcnde einen Liuto forte zu spielen"},"content":{"rendered":"<p>[et_pb_section fb_built=\u00a0\u00bb1&Prime; _builder_version=\u00a0\u00bb4.16&Prime; global_colors_info=\u00a0\u00bb{}\u00a0\u00bb][et_pb_row column_structure=\u00a0\u00bb1_4,3_4&Prime; _builder_version=\u00a0\u00bb4.16&Prime; background_size=\u00a0\u00bbinitial\u00a0\u00bb background_position=\u00a0\u00bbtop_left\u00a0\u00bb background_repeat=\u00a0\u00bbrepeat\u00a0\u00bb global_colors_info=\u00a0\u00bb{}\u00a0\u00bb][et_pb_column type=\u00a0\u00bb1_4&Prime; _builder_version=\u00a0\u00bb4.16&Prime; custom_padding=\u00a0\u00bb|||\u00a0\u00bb global_colors_info=\u00a0\u00bb{}\u00a0\u00bb custom_padding__hover=\u00a0\u00bb|||\u00a0\u00bb][et_pb_sidebar area=\u00a0\u00bbet_pb_widget_area_1&Prime; admin_label=\u00a0\u00bbSeitenleiste:\u00a0\u00bb _builder_version=\u00a0\u00bb4.16&Prime; header_line_height=\u00a0\u00bb1.7em\u00a0\u00bb body_font=\u00a0\u00bb||||||||\u00a0\u00bb body_line_height=\u00a0\u00bb1.3em\u00a0\u00bb max_width=\u00a0\u00bb100%\u00a0\u00bb custom_margin=\u00a0\u00bb||\u00a0\u00bb custom_padding=\u00a0\u00bb||\u00a0\u00bb saved_tabs=\u00a0\u00bball\u00a0\u00bb global_colors_info=\u00a0\u00bb{}\u00a0\u00bb][\/et_pb_sidebar][et_pb_image src=\u00a0\u00bbhttps:\/\/liuto-forte.de\/wp-content\/uploads\/2019\/02\/vitrine_1.jpg\u00a0\u00bb align_tablet=\u00a0\u00bbcenter\u00a0\u00bb align_phone=\u00a0\u00bb\u00a0\u00bb align_last_edited=\u00a0\u00bbon|desktop\u00a0\u00bb _builder_version=\u00a0\u00bb4.16&Prime; global_colors_info=\u00a0\u00bb{}\u00a0\u00bb][\/et_pb_image][\/et_pb_column][et_pb_column type=\u00a0\u00bb3_4&Prime; _builder_version=\u00a0\u00bb4.16&Prime; custom_padding=\u00a0\u00bb|||\u00a0\u00bb global_colors_info=\u00a0\u00bb{}\u00a0\u00bb custom_padding__hover=\u00a0\u00bb|||\u00a0\u00bb][et_pb_text admin_label=\u00a0\u00bbTitel: Sieben Gr\u00fcnde\u00a0\u00bb _builder_version=\u00a0\u00bb4.20.2&Prime; hover_enabled=\u00a0\u00bb0&Prime; saved_tabs=\u00a0\u00bball\u00a0\u00bb global_colors_info=\u00a0\u00bb{}\u00a0\u00bb sticky_enabled=\u00a0\u00bb0&Prime;]<\/p>\n<h1>Sept bonnes raisons de jouer du Liuto forte<\/h1>\n<p>[\/et_pb_text][et_pb_text admin_label=\u00a0\u00bbText: Wenn Sie Gitarrist sind\u00a0\u00bb _builder_version=\u00a0\u00bb4.20.2&Prime; hover_enabled=\u00a0\u00bb0&Prime; saved_tabs=\u00a0\u00bball\u00a0\u00bb global_colors_info=\u00a0\u00bb{}\u00a0\u00bb sticky_enabled=\u00a0\u00bb0&Prime;]<\/p>\n<h3>Si vous \u00eates guitariste :<\/h3>\n<ol>\n<li>Il est beaucoup plus facile de jouer du Liuto forte que de la guitare. Le Liuto forte donne plus de son pour moins d\u2019effort et ne pr\u00e9suppose pas un changement fondamental de technique. Gr\u00e2ce \u00e0 sa tension de cordes moyenne, il convient tout aussi bien \u00e0 ceux qui pr\u00e9f\u00e8rent jouer avec la pulpe qu\u2019\u00e0 ceux qui privil\u00e9gient le jeu avec les ongles. Il permet une tenue de l\u2019instrument tout \u00e0 fait d\u00e9tendue, mais aussi extr\u00eamement esth\u00e9tique.<\/li>\n<li>Les Liuti forti vous offrent l\u2019acc\u00e8s \u00e0 un immense r\u00e9pertoire d\u2019\u0153uvres de qualit\u00e9, encore inexplor\u00e9, qu\u2019il est impossible ou tr\u00e8s peu satisfaisant d\u2019interpr\u00e9ter \u00e0 la guitare. Ce r\u00e9pertoire se joue aussi bien \u00e0 partir des tablatures originales que de partitions.<\/li>\n<li>Qu\u2019il s\u2019agisse de musique pour guitare ou de musique pour luth : avec un Liuto forte, vous pouvez sans probl\u00e8me balayer toutes les limites que vous impose une guitare 6 cordes dans les graves. Plus besoin de chercher refuge aupr\u00e8s des guitares aux cordes plus nombreuses, qui sont massives, difficiles \u00e0 tenir et \u00e0 jouer, et dont les graves manquent de clart\u00e9.<\/li>\n<li>La capacit\u00e9 \u00e0 s\u2019imposer du Liuto forte vous permet de participer \u00e0 de grands projets musicaux \u00e0 l\u2019op\u00e9ra et \u00e0 l\u2019\u00e9glise. Elle vous offre en outre de bien meilleures conditions pour participer \u00e0 tout type de musique de chambre.<\/li>\n<li>Avec un instrument de la famille du luth, vous jouissez d\u2019embl\u00e9e d\u2019une meilleure acceptation dans le monde de la musique classique.<\/li>\n<li>C\u2019est un v\u00e9ritable avantage sur le march\u00e9 de pouvoir proposer des interpr\u00e9tations aussi bien au luth qu\u2019\u00e0 la guitare, ainsi qu\u2019un \u00e9l\u00e9ment bien plus attrayant pour le public \u2013 et d\u2019autant plus avec un luth qui fait d\u00e9couvrir des univers sonores totalement neufs.<\/li>\n<li>Vous misez sur un instrument en plein essor, \u00e9volutif et \u00e0 haute valeur de revente.<\/li>\n<\/ol>\n<p>[\/et_pb_text][et_pb_divider color=\u00a0\u00bb#d0b17a\u00a0\u00bb _builder_version=\u00a0\u00bb4.16&Prime; custom_margin=\u00a0\u00bb50px|||\u00a0\u00bb saved_tabs=\u00a0\u00bball\u00a0\u00bb global_colors_info=\u00a0\u00bb{}\u00a0\u00bb][\/et_pb_divider][et_pb_text admin_label=\u00a0\u00bbText: Wenn Sie Spieler der historischen Laute sind\u00a0\u00bb _builder_version=\u00a0\u00bb4.20.2&Prime; hover_enabled=\u00a0\u00bb0&Prime; saved_tabs=\u00a0\u00bball\u00a0\u00bb global_colors_info=\u00a0\u00bb{}\u00a0\u00bb sticky_enabled=\u00a0\u00bb0&Prime;]<\/p>\n<h3>Si vous jouez du luth historique :<\/h3>\n<ol>\n<li>Un Liuto forte vous lib\u00e8re de la limitation \u00e0 certaines \u00e9poques musicales.<\/li>\n<li>Les Liuti forti vous ouvrent \u2013 loin de toute nostalgie \u2013 un nouveau champ de possibilit\u00e9s sonores et de techniques de jeu qui enrichissent de mani\u00e8re insoup\u00e7onn\u00e9e toutes les pi\u00e8ces que vous interpr\u00e9tez \u2013 y compris la musique pour luth traditionnelle.<\/li>\n<li>Avec un Liuto forte en mi ou un luth \u00e0 manche col de cygne en mi, vous pourrez \u2013 en plus de la musique pour luth \u2013 explorer tout le r\u00e9pertoire de la guitare \u00e0 six cordes ou plus, sans devoir passer \u00e0 l\u2019un de ces instruments ni renoncer \u00e0 l\u2019attaque avec la pulpe dont vous avez l\u2019habitude.<\/li>\n<li>Vous pouvez participer de mani\u00e8re bien audible \u00e0 l\u2019ex\u00e9cution de tous les styles de musique, m\u00eame dans les grandes salles et en-dehors du domaine de la pratique historique. Et avec le Liuto forte, fini le cauchemar de l\u2019accord du luth historique.<\/li>\n<li>Les compositions pour luth de Johann Sebastian Bach, qui avaient \u00e9t\u00e9 con\u00e7ues pour un instrument muni de cordes simples, peuvent toutes \u00eatre restitu\u00e9es note pour note et dans leur forme originelle sur un <a href=\"https:\/\/liuto-forte.de\/fr\/project\/liuto-forte-in-d-bachlaute\/\" target=\"_blank\" rel=\"noopener\">Liuto forte en r\u00e9 mineur (luth mod\u00e8le Bach)<\/a> sp\u00e9cialement inspir\u00e9 de cet instrument (voir aussi <a href=\"http:\/\/www.bach-lautenwerke.de\/\" target=\"_blank\" rel=\"noopener\">www.bach-lautenwerke.de<\/a>.<\/li>\n<li>Il est beaucoup plus facile de motiver des compositeurs contemporains \u00e0 \u00e9crire pour le Liuto forte que de susciter leur enthousiasme pour le luth historique.<\/li>\n<li>Vous misez sur un instrument d\u2019avenir, qui n\u2019est plus soumis \u00e0 aucune limitation dans son r\u00e9pertoire et s\u2019adresse \u00e0 un public beaucoup plus vaste et aussi plus jeune que celui du luth historique.<\/li>\n<\/ol>\n<p>[\/et_pb_text][\/et_pb_column][\/et_pb_row][\/et_pb_section]<\/p>\n","protected":false},"excerpt":{"rendered":"<p>Sept bonnes raisons de jouer du Liuto forteSi vous \u00eates guitariste : Il est beaucoup plus facile de jouer du Liuto forte que de la guitare. Le Liuto forte donne plus de son pour moins d\u2019effort et ne pr\u00e9suppose pas un changement fondamental de technique. Gr\u00e2ce \u00e0 sa tension de cordes moyenne, il convient tout [&hellip;]<\/p>\n","protected":false},"author":1,"featured_media":0,"parent":4059,"menu_order":0,"comment_status":"closed","ping_status":"closed","template":"","meta":{"_et_pb_use_builder":"on","_et_pb_old_content":"[et_pb_section fb_built=\"1\" _builder_version=\"3.22\"][et_pb_row _builder_version=\"3.25\" background_size=\"initial\" background_position=\"top_left\" background_repeat=\"repeat\" column_structure=\"1_4,3_4\"][et_pb_column type=\"1_4\" _builder_version=\"3.25\" custom_padding=\"|||\" custom_padding__hover=\"|||\"][et_pb_sidebar area=\"et_pb_widget_area_1\" admin_label=\"Seitenleiste:\" _builder_version=\"4.4.1\" header_line_height=\"1.7em\" body_font=\"||||||||\" body_line_height=\"1.3em\" max_width=\"100%\" custom_margin=\"||\" custom_padding=\"||\" global_module=\"248\" saved_tabs=\"all\"][\/et_pb_sidebar][et_pb_image src=\"https:\/\/liuto-forte.de\/wp-content\/uploads\/2019\/02\/vitrine_1.jpg\" align_tablet=\"center\" align_last_edited=\"on|desktop\" _builder_version=\"3.23\"]\r\n[\/et_pb_image][\/et_pb_column][et_pb_column type=\"3_4\" _builder_version=\"3.25\" custom_padding=\"|||\" custom_padding__hover=\"|||\"][et_pb_text admin_label=\"Titel: Sieben Gr\u00fcnde\" _builder_version=\"4.4.3\" hover_enabled=\"0\" global_module=\"2847\" saved_tabs=\"all\"]<h1>Sieben Gr\u00fcnde einen Liuto forte zu spielen<\/h1>\r\n[\/et_pb_text][et_pb_text admin_label=\"Text: Wenn Sie Gitarrist sind\" _builder_version=\"4.4.3\" hover_enabled=\"0\" global_module=\"2848\" saved_tabs=\"all\"]<h3>Wenn Sie Gitarrist sind:<\/h3>\r\n<ol>\r\n\t<li>Liuti forti spielen sich wesentlich leichter als Gitarren. Sie geben mehr Klang bei weniger Anstrengung und setzen keine fundamentale \u00c4nderung der Spieltechnik voraus. Aufgrund ihrer mittleren Saitenspannung sind sie ebenso f\u00fcr Kuppen- wie f\u00fcr Nagelspieler geeignet.<\/li>\r\n\t<li>Liuti forti er\u00f6ffnen ihnen den Zugang zu einem immensen, noch unverbrauchten Repertoire hochwertiger Lautenmusik, das sich auf der Gitarre gar nicht oder nur unbefriedigend wiedergeben l\u00e4\u00dft. Es kann sowohl aus den originalen Tabulaturen gespielt wie auch nach Noten wiedergegeben werden.<\/li>\r\n\t<li>Ob Gitarren- oder Lautenmusik: mit einem Liuto forte k\u00f6nnen Sie alle Beschr\u00e4nkungen, die Ihnen eine 6-saitige Gitarre im Ba\u00df auferlegt, beliebig \u00fcberschreiten. Sie m\u00fcssen nicht mehr Zuflucht zu massiven, schwer zu haltenden und zu spielenden mehrsaitigen Gitarren nehmen, deren tiefen B\u00e4ssen es sehr an Helligkeit mangelt.<\/li>\r\n\t<li>Die Durchsetzungskraft des Liuto forte gestattet Ihnen die Mitwirkung an gro\u00dfen Musikauff\u00fchrungen in Oper und Kirche. Sie verschafft Ihnen dar\u00fcber hinaus weit bessere Voraussetzungen f\u00fcr die Teilnahme an jeglicher Art von Kammermusik.<\/li>\r\n\t<li>Mit einem Lauteninstrument haben Sie von vornherein eine h\u00f6here Akzeptanz im Bereich der Klassik.<\/li>\r\n\t<li>Es ist ein klarer Marktvorteil und f\u00fcr das Publikum wesentlich attraktiver, Auff\u00fchrungen sowohl mit Gitarre als auch mit Laute anbieten zu k\u00f6nnen, zumal mit einer Laute, die v\u00f6llig neue Klangwelten er\u00f6ffnet.<\/li>\r\n\t<li>Sie setzen auf ein aufsteigendes, entwicklungsf\u00e4higes Instrument, das nicht denselben Prestigeverlusten unterworfen ist, wie die klassische Gitarre in den vergangenen beiden Jahrzehnten.<\/li>\r\n<\/ol>[\/et_pb_text][et_pb_divider color=\"#d0b17a\" _builder_version=\"3.19.6\" custom_margin=\"50px|||\" global_module=\"242\" saved_tabs=\"all\"][\/et_pb_divider][et_pb_text admin_label=\"Text: Wenn Sie Spieler der historischen Laute sind\" _builder_version=\"4.4.3\" hover_enabled=\"0\" global_module=\"2849\" saved_tabs=\"all\"]<h3>Wenn Sie Spieler der historischen Laute sind:<\/h3>\r\n<ol>\r\n<li>Ein Liuto forte befreit Sie von der Beschr\u00e4nkung auf bestimmte musikalische Epochen.<\/li>\r\n<li>Liuti forti er\u00f6ffnen Ihnen \u2013 jenseits der Nostalgie \u2013 ein weites Feld neuer Klangm\u00f6glichkeiten und Spieltechniken, die alle von Ihnen interpretierten Werke \u2013 einschlie\u00dflich der \u00fcberlieferten Lautenmusik \u2013 in ungeahnter Weise bereichern.<\/li>\r\n<li>Mit einem Liuto forte in e oder einer Schwanenhalslaute in e k\u00f6nnen Sie sich \u2013 zus\u00e4tzlich zur Lautenmusik \u2013 das gesamte Repertoire f\u00fcr sechs- und mehrsaitige Gitarren erschlie\u00dfen, ohne zu diesen Instrumenten wechseln oder auf Ihren gewohnten Kuppenanschlag verzichten zu m\u00fcssen.<\/li>\r\n<li>Sie bekommen die M\u00f6glichkeit, in gr\u00f6\u00dferen Auditorien und auch au\u00dferhalb des Bereiches der historischen Auff\u00fchrungspraxis gut h\u00f6rbar an s\u00e4mtlichen Arten von Musik teilzunehmen. Das alptraumartige Stimmen der historischen Laute hat beim Liuto forte ein Ende.<\/li>\r\n<li>Johann Sebastian Bachs Lautenkompositionen, f\u00fcr ein mit Einzelsaiten bezogenes Instrument komponiert, k\u00f6nnen s\u00e4mtlich auf einem speziell aus diesem Instument abgeleiteten <a href=\"https:\/\/liuto-forte.de\/project\/liuto-forte-in-d-bachlaute\/\" target=\"_blank\" rel=\"noopener noreferrer\">Liuto forte in d (Bach-Laute)<\/a> in ihrer urspr\u00fcnglichen Gestalt absolut notengetreu wiedergegeben werden (<a href=\"http:\/\/www.bach-lautenwerke.de\/\">siehe auch www.bach-lautenwerke.de<\/a>).<\/li>\r\n<li>Es ist wesentlich leichter, zeitgen\u00f6ssische Komponisten zum Schreiben f\u00fcr den Liuto forte zu bewegen, als sie f\u00fcr die historische Laute zu begeistern.<\/li>\r\n<li>Sie setzen auf ein zukunftstr\u00e4chtiges Instrument, das keinen Repertoirebeschr\u00e4nkungen mehr unterliegt und sich an ein viel breiteres und j\u00fcngeres Publikum wendet als das der historischen Laute.<\/li>\r\n<\/ol>\r\n[\/et_pb_text][\/et_pb_column][\/et_pb_row][\/et_pb_section]","_et_gb_content_width":"","_exactmetrics_skip_tracking":false,"_exactmetrics_sitenote_active":false,"_exactmetrics_sitenote_note":"","_exactmetrics_sitenote_category":0,"footnotes":""},"class_list":["post-4794","page","type-page","status-publish","hentry"],"_links":{"self":[{"href":"https:\/\/liuto-forte.de\/fr\/wp-json\/wp\/v2\/pages\/4794","targetHints":{"allow":["GET"]}}],"collection":[{"href":"https:\/\/liuto-forte.de\/fr\/wp-json\/wp\/v2\/pages"}],"about":[{"href":"https:\/\/liuto-forte.de\/fr\/wp-json\/wp\/v2\/types\/page"}],"author":[{"embeddable":true,"href":"https:\/\/liuto-forte.de\/fr\/wp-json\/wp\/v2\/users\/1"}],"replies":[{"embeddable":true,"href":"https:\/\/liuto-forte.de\/fr\/wp-json\/wp\/v2\/comments?post=4794"}],"version-history":[{"count":3,"href":"https:\/\/liuto-forte.de\/fr\/wp-json\/wp\/v2\/pages\/4794\/revisions"}],"predecessor-version":[{"id":4898,"href":"https:\/\/liuto-forte.de\/fr\/wp-json\/wp\/v2\/pages\/4794\/revisions\/4898"}],"up":[{"embeddable":true,"href":"https:\/\/liuto-forte.de\/fr\/wp-json\/wp\/v2\/pages\/4059"}],"wp:attachment":[{"href":"https:\/\/liuto-forte.de\/fr\/wp-json\/wp\/v2\/media?parent=4794"}],"curies":[{"name":"wp","href":"https:\/\/api.w.org\/{rel}","templated":true}]}}